{"id":1287,"date":"2025-02-12T12:28:38","date_gmt":"2025-02-12T12:28:38","guid":{"rendered":"https:\/\/www.bird.ca\/?page_id=1287"},"modified":"2025-06-17T19:02:46","modified_gmt":"2025-06-17T19:02:46","slug":"espaces-publics","status":"publish","type":"page","link":"http:\/\/www.bird.ca\/fr\/project-experience\/public-spaces\/","title":{"rendered":"Espaces publics"},"content":{"rendered":"<div class=\"wp-block-create-block-hero-static\">\n\t<div class=\"hero-banner\">\n\t\t\t\t\t<img loading=\"lazy\" decoding=\"async\" width=\"2560\" height=\"900\" src=\"http:\/\/cdn.bird.ca\/2025\/02\/20211812\/bird_market-sector_banner_public-spaces-2560x900.jpg\" class=\"attachment-banner-size size-banner-size\" alt=\"L&#039;int\u00e9rieur d&#039;un b\u00e2timent moderne avec de grandes fen\u00eatres g\u00e9om\u00e9triques et des si\u00e8ges sur la gauche, passe en diagonale \u00e0 une patinoire de hockey sur glace int\u00e9rieure vide sur la droite.\" sizes=\"auto, 100vw\" \/>\n\t\t\t\t\t\t\t<div class=\"hero-banner__overlay\"><\/div>\n\t\t\t\n\t\t\t\t\t\t\t<div class=\"hero-banner__content\">\n\t\t\t\t\t<h1 class=\"hero-banner__title\">Espaces publics<\/h1>\n\t\t\t\t<\/div>\n\t\t\t\t\t\t<\/div>\n<\/div>\n\n\n<div style=\"height:100px\" aria-hidden=\"true\" class=\"wp-block-spacer is-style-entry-space\"><\/div>\n\n\n<div class=\"breadcrumb-block wp-block-create-block-breadcrumb-block\">\n\t\t\t\t\t<nav class=\"breadcrumb\" aria-label=\"Fil d&#039;Ariane\">\n\t\t\t<ol class=\"breadcrumb-list\">\n\t\t\t\t\t\t\t\t\t<li class=\"breadcrumb-item\"><a href=\"http:\/\/www.bird.ca\/fr\/\">Accueil<\/a><\/li>\t\t\t\t\t\t\t<\/ol>\n\t\t<\/nav>\n\t<\/div>\n\n\n<div class=\"wp-block-group is-layout-constrained wp-block-group-is-layout-constrained\" style=\"margin-top:var(--wp--preset--spacing--50)\">\n<div class=\"wp-block-columns gap: 100px; is-style-card-column is-layout-flex wp-container-core-columns-is-layout-28f84493 wp-block-columns-is-layout-flex\">\n<div class=\"wp-block-column is-vertically-aligned-top is-layout-flow wp-block-column-is-layout-flow\">\n<h1 class=\"wp-block-heading has-text-align-left is-style-bird-h2\">Espaces publics<\/h1>\n\n\n\n<p class=\"has-text-align-left is-style-bird-body\" style=\"font-size:1rem\">Nous croyons en des espaces communautaires dynamiques et accessibles qui r\u00e9pondent aux besoins du public de mani\u00e8re responsable et imaginative. Nos \u00e9quipes ont livr\u00e9 d'innombrables b\u00e2timents permettant aux communaut\u00e9s de se r\u00e9unir pour se connecter, jouer, apprendre et se d\u00e9velopper. Chez Bird, nous nous engageons \u00e0 \u00eatre un bon voisin - \u00e0 la fois dans la mani\u00e8re dont nous op\u00e9rons et dans le travail que nous accomplissons. Les b\u00e2timents que nous cr\u00e9ons fonctionnent comme pr\u00e9vu, sont efficaces et r\u00e9sistent \u00e0 l'\u00e9preuve du temps.<\/p>\n<\/div>\n\n\n\n<div class=\"wp-block-column is-layout-flow wp-block-column-is-layout-flow\">\n<figure class=\"wp-block-image size-full is-style-image-shadow-right\"><img loading=\"lazy\" decoding=\"async\" width=\"1000\" height=\"666\" src=\"https:\/\/cdn.bird.ca\/2025\/02\/20211834\/dd5_6756.jpg\" alt=\"Piscine int\u00e9rieure avec une eau bleue, une rampe en m\u00e9tal, des postes de rin\u00e7age turquoise, des chaises longues et un toboggan aquatique rouge en arri\u00e8re-plan. De grandes fen\u00eatres et des plafonniers \u00e9clairent cet espace moderne.\" class=\"wp-image-1186\" srcset=\"http:\/\/cdn.bird.ca\/2025\/02\/20211834\/dd5_6756.jpg 1000w, http:\/\/cdn.bird.ca\/2025\/02\/20211834\/dd5_6756-300x200.jpg 300w, http:\/\/cdn.bird.ca\/2025\/02\/20211834\/dd5_6756-768x511.jpg 768w\" sizes=\"auto, (max-width: 1000px) 100vw, 1000px\" \/><\/figure>\n<\/div>\n<\/div>\n<\/div>\n\n\n\n<div style=\"height:100px\" aria-hidden=\"true\" class=\"wp-block-spacer is-style-entry-space\"><\/div>\n\n\n\n<h2 class=\"wp-block-heading is-style-bird-h3\" id=\"h-explore-our-public-spaces-projects\">D\u00e9couvrez nos projets d'espaces publics<\/h2>\n\n\n<div class=\"post-list-filters-block wp-block-create-block-post-list-filters\"\tdata-post-type=\"projects\" data-button-taxonomy=\"market\"\n\tdata-button-parent-term=\"124\">\n\t<div class=\"filter-buttons\"><button class=\"filter-button all\" data-term-id=\"\" data-taxonomy=\"market\">Tous<\/button><button class=\"filter-button disabled\" data-term-id=\"363\" data-taxonomy=\"market\" disabled>Arts et divertissements<\/button><button class=\"filter-button disabled\" data-term-id=\"364\" data-taxonomy=\"market\" disabled>Centre communautaire<\/button><button class=\"filter-button disabled\" data-term-id=\"365\" data-taxonomy=\"market\" disabled>Biblioth\u00e8ques<\/button><button class=\"filter-button disabled\" data-term-id=\"366\" data-taxonomy=\"market\" disabled>Mus\u00e9e<\/button><button class=\"filter-button disabled\" data-term-id=\"367\" data-taxonomy=\"market\" disabled>Lieux de culte<\/button><button class=\"filter-button\" data-term-id=\"368\" data-taxonomy=\"market\">Sports et loisirs<\/button><\/div><div class=\"dropdown-filters\"><div class=\"dropdown-filter\"><div class=\"dropdown-group\"><select class=\"filter-dropdown\" id=\"filter-dropdown-0\" data-filter-index=\"0\" data-taxonomy=\"location\"  title=\"Filtrer par provinces\" aria-label=\"Filtrer par provinces\"><option value=\"\" disabled selected>Provinces<\/option><option value=\"\">Tous<\/option><option value=\"135\">Alberta<\/option><option value=\"141\">Colombie-Britannique<\/option><option value=\"145\">Manitoba<\/option><option value=\"148\">Nouveau-Brunswick<\/option><option value=\"149\">Terre-Neuve et Labrador<\/option><option value=\"158\">Nord<\/option><option value=\"150\">Nouvelle-\u00c9cosse<\/option><option value=\"151\">Ontario<\/option><option value=\"155\">Qu\u00e9bec<\/option><option value=\"156\">Saskatchewan<\/option><option value=\"157\">Territoires<\/option><option value=\"458\">Divers sites, Alberta<\/option><\/select><\/div><\/div><div class=\"dropdown-filter\"><div class=\"dropdown-group\"><select class=\"filter-dropdown\" id=\"filter-dropdown-1\" data-filter-index=\"1\" data-taxonomy=\"delivery_model\"  title=\"Filtrer par mod\u00e8les\" aria-label=\"Filtrer par mod\u00e8les\"><option value=\"\" disabled selected>Mod\u00e8les<\/option><option value=\"\">Tous<\/option><option value=\"163\">Gestion de la construction<\/option><option value=\"164\">Conception-construction\/ing\u00e9nierie, approvisionnement, construction<\/option><option value=\"165\">Entreprise g\u00e9n\u00e9rale<\/option><option value=\"166\">Entreprise g\u00e9n\u00e9rale industrielle<\/option><option value=\"167\">Ex\u00e9cution int\u00e9gr\u00e9e des projets<\/option><option value=\"168\">Partenariat public-priv\u00e9<\/option><option value=\"169\">Projets sp\u00e9ciaux<\/option><option value=\"170\">Somme stipul\u00e9e<\/option><option value=\"448\">Prix unitaire<\/option><\/select><\/div><\/div><div class=\"dropdown-filter\"><div class=\"dropdown-group\"><select class=\"filter-dropdown\" id=\"filter-dropdown-2\" data-filter-index=\"2\" data-taxonomy=\"service\"  title=\"Filtrer par tous les services\" aria-label=\"Filtrer par tous les services\"><option value=\"\" disabled selected>Tous les services<\/option><option value=\"\">Tous<\/option><option value=\"172\">BIM\/VDC<\/option><option value=\"173\">Fonds propres<\/option><option value=\"174\">Fabrication<\/option><option value=\"175\">Maintenance industrielle<\/option><option value=\"176\">LEED<sup aria-hidden=\"true\">\u00ae<\/sup><span class=\"screen-reader-text\">enregistr\u00e9<\/span>\/Construction durable<\/option><option value=\"177\">Bois de masse<\/option><option value=\"178\">B\u00e2timents modulaires<\/option><option value=\"179\">Participation des entrepreneurs avant la construction\/au d\u00e9but de la construction<\/option><option value=\"180\">Auto-ex\u00e9cution : Civil<\/option><option value=\"181\">Auto-ex\u00e9cution : Processus<\/option><option value=\"182\">Projets sp\u00e9ciaux<\/option><\/select><\/div><\/div><\/div><div class=\"filtered-posts\"><div class=\"post-grid\"><p>Chargement des projets...<\/p><\/div><\/div><\/div>\n\n\n<div style=\"height:100px\" aria-hidden=\"true\" class=\"wp-block-spacer is-style-entry-space\"><\/div>","protected":false},"excerpt":{"rendered":"<p>Public Spaces We believe in vibrant and accessible community spaces that meet the needs of the public in responsible and imaginative ways. Our teams have delivered countless buildings for communities to come together to connect, play, learn, and grow. At Bird, we are committed to being a good neighbor &#8211; both in how we operate, [&hellip;]<\/p>\n","protected":false},"author":1,"featured_media":1249,"parent":20,"menu_order":0,"comment_status":"closed","ping_status":"closed","template":"","meta":{"_acf_changed":false,"footnotes":""},"class_list":["post-1287","page","type-page","status-publish","has-post-thumbnail","hentry"],"acf":[],"yoast_head":"<!-- This site is optimized with the Yoast SEO Premium plugin v24.6 (Yoast SEO v27.3) - https:\/\/yoast.com\/product\/yoast-seo-premium-wordpress\/ -->\n<title>Public Spaces | Bird Construction<\/title>\n<meta name=\"description\" content=\"Public Spaces We believe in vibrant and accessible community spaces that meet the needs of the public in responsible and imaginative ways. Our teams have\" \/>\n<meta name=\"robots\" content=\"index, follow, max-snippet:-1, max-image-preview:large, max-video-preview:-1\" \/>\n<link rel=\"canonical\" href=\"https:\/\/www.bird.ca\/fr\/experience-du-projet\/espaces-publics\/\" \/>\n<meta property=\"og:locale\" content=\"fr_CA\" \/>\n<meta property=\"og:type\" content=\"article\" \/>\n<meta property=\"og:title\" content=\"Public Spaces | Bird Construction\" \/>\n<meta property=\"og:description\" content=\"Bird Construction has been providing construction services to a long list of new and repeat clients since 1920.\" \/>\n<meta property=\"og:url\" content=\"https:\/\/www.bird.ca\/fr\/experience-du-projet\/espaces-publics\/\" \/>\n<meta property=\"og:site_name\" content=\"Bird Construction\" \/>\n<meta property=\"article:publisher\" content=\"https:\/\/www.facebook.com\/people\/Bird-Construction-Inc\/100064108594609\/\" \/>\n<meta property=\"article:modified_time\" content=\"2025-06-17T19:02:46+00:00\" \/>\n<meta property=\"og:image\" content=\"https:\/\/cdn.bird.ca\/2025\/02\/20211812\/bird_market-sector_banner_public-spaces.jpg\" \/>\n\t<meta property=\"og:image:width\" content=\"2560\" \/>\n\t<meta property=\"og:image:height\" content=\"933\" \/>\n\t<meta property=\"og:image:type\" content=\"image\/jpeg\" \/>\n<meta name=\"twitter:card\" content=\"summary_large_image\" \/>\n<meta name=\"twitter:label1\" content=\"Estimation du temps de lecture\" \/>\n\t<meta name=\"twitter:data1\" content=\"1 minute\" \/>\n<script type=\"application\/ld+json\" class=\"yoast-schema-graph\">{\"@context\":\"https:\\\/\\\/schema.org\",\"@graph\":[{\"@type\":\"WebPage\",\"@id\":\"https:\\\/\\\/www.bird.ca\\\/project-experience\\\/public-spaces\\\/\",\"url\":\"https:\\\/\\\/www.bird.ca\\\/project-experience\\\/public-spaces\\\/\",\"name\":\"Public Spaces | Bird Construction\",\"isPartOf\":{\"@id\":\"https:\\\/\\\/www.bird.ca\\\/#website\"},\"primaryImageOfPage\":{\"@id\":\"https:\\\/\\\/www.bird.ca\\\/project-experience\\\/public-spaces\\\/#primaryimage\"},\"image\":{\"@id\":\"https:\\\/\\\/www.bird.ca\\\/project-experience\\\/public-spaces\\\/#primaryimage\"},\"thumbnailUrl\":\"http:\\\/\\\/cdn.bird.ca\\\/2025\\\/02\\\/20211812\\\/bird_market-sector_banner_public-spaces.jpg\",\"datePublished\":\"2025-02-12T12:28:38+00:00\",\"dateModified\":\"2025-06-17T19:02:46+00:00\",\"description\":\"Public Spaces We believe in vibrant and accessible community spaces that meet the needs of the public in responsible and imaginative ways. Our teams have\",\"breadcrumb\":{\"@id\":\"https:\\\/\\\/www.bird.ca\\\/project-experience\\\/public-spaces\\\/#breadcrumb\"},\"inLanguage\":\"fr-CA\",\"potentialAction\":[{\"@type\":\"ReadAction\",\"target\":[\"https:\\\/\\\/www.bird.ca\\\/project-experience\\\/public-spaces\\\/\"]}]},{\"@type\":\"ImageObject\",\"inLanguage\":\"fr-CA\",\"@id\":\"https:\\\/\\\/www.bird.ca\\\/project-experience\\\/public-spaces\\\/#primaryimage\",\"url\":\"http:\\\/\\\/cdn.bird.ca\\\/2025\\\/02\\\/20211812\\\/bird_market-sector_banner_public-spaces.jpg\",\"contentUrl\":\"http:\\\/\\\/cdn.bird.ca\\\/2025\\\/02\\\/20211812\\\/bird_market-sector_banner_public-spaces.jpg\",\"width\":2560,\"height\":933,\"caption\":\"A modern building interior with large geometric windows and seating on the left, transitions diagonally to an empty indoor ice hockey rink on the right.\"},{\"@type\":\"BreadcrumbList\",\"@id\":\"https:\\\/\\\/www.bird.ca\\\/project-experience\\\/public-spaces\\\/#breadcrumb\",\"itemListElement\":[{\"@type\":\"ListItem\",\"position\":1,\"name\":\"Home\",\"item\":\"https:\\\/\\\/www.bird.ca\\\/\"},{\"@type\":\"ListItem\",\"position\":2,\"name\":\"Project Experience\",\"item\":\"https:\\\/\\\/www.bird.ca\\\/project-experience\\\/\"},{\"@type\":\"ListItem\",\"position\":3,\"name\":\"Public Spaces\"}]},{\"@type\":\"WebSite\",\"@id\":\"https:\\\/\\\/www.bird.ca\\\/#website\",\"url\":\"https:\\\/\\\/www.bird.ca\\\/\",\"name\":\"Bird Construction\",\"description\":\"\",\"publisher\":{\"@id\":\"https:\\\/\\\/www.bird.ca\\\/#organization\"},\"potentialAction\":[{\"@type\":\"SearchAction\",\"target\":{\"@type\":\"EntryPoint\",\"urlTemplate\":\"https:\\\/\\\/www.bird.ca\\\/?s={search_term_string}\"},\"query-input\":{\"@type\":\"PropertyValueSpecification\",\"valueRequired\":true,\"valueName\":\"search_term_string\"}}],\"inLanguage\":\"fr-CA\"},{\"@type\":\"Organization\",\"@id\":\"https:\\\/\\\/www.bird.ca\\\/#organization\",\"name\":\"Bird Construction\",\"url\":\"https:\\\/\\\/www.bird.ca\\\/\",\"logo\":{\"@type\":\"ImageObject\",\"inLanguage\":\"fr-CA\",\"@id\":\"https:\\\/\\\/www.bird.ca\\\/#\\\/schema\\\/logo\\\/image\\\/\",\"url\":\"http:\\\/\\\/cdn.bird.ca\\\/2025\\\/01\\\/20212041\\\/bird-logo-RGB-e1739411338652.png\",\"contentUrl\":\"http:\\\/\\\/cdn.bird.ca\\\/2025\\\/01\\\/20212041\\\/bird-logo-RGB-e1739411338652.png\",\"width\":865,\"height\":366,\"caption\":\"Bird Construction\"},\"image\":{\"@id\":\"https:\\\/\\\/www.bird.ca\\\/#\\\/schema\\\/logo\\\/image\\\/\"},\"sameAs\":[\"https:\\\/\\\/www.facebook.com\\\/people\\\/Bird-Construction-Inc\\\/100064108594609\\\/\",\"https:\\\/\\\/www.instagram.com\\\/birdconstructioninc\\\/\",\"https:\\\/\\\/ca.linkedin.com\\\/company\\\/bird-construction-inc\"]}]}<\/script>\n<!-- \/ Yoast SEO Premium plugin. -->","yoast_head_json":{"title":"Espaces publics | Construction d'oiseaux","description":"Espaces publics Nous croyons en des espaces communautaires dynamiques et accessibles qui r\u00e9pondent aux besoins du public de mani\u00e8re responsable et imaginative. Nos \u00e9quipes ont","robots":{"index":"index","follow":"follow","max-snippet":"max-snippet:-1","max-image-preview":"max-image-preview:large","max-video-preview":"max-video-preview:-1"},"canonical":"https:\/\/www.bird.ca\/fr\/experience-du-projet\/espaces-publics\/","og_locale":"fr_CA","og_type":"article","og_title":"Public Spaces | Bird Construction","og_description":"Bird Construction has been providing construction services to a long list of new and repeat clients since 1920.","og_url":"https:\/\/www.bird.ca\/fr\/experience-du-projet\/espaces-publics\/","og_site_name":"Bird Construction","article_publisher":"https:\/\/www.facebook.com\/people\/Bird-Construction-Inc\/100064108594609\/","article_modified_time":"2025-06-17T19:02:46+00:00","og_image":[{"width":2560,"height":933,"url":"https:\/\/cdn.bird.ca\/2025\/02\/20211812\/bird_market-sector_banner_public-spaces.jpg","type":"image\/jpeg"}],"twitter_card":"summary_large_image","twitter_misc":{"Estimation du temps de lecture":"1 minute"},"schema":{"@context":"https:\/\/schema.org","@graph":[{"@type":"WebPage","@id":"https:\/\/www.bird.ca\/project-experience\/public-spaces\/","url":"https:\/\/www.bird.ca\/project-experience\/public-spaces\/","name":"Espaces publics | Construction d'oiseaux","isPartOf":{"@id":"https:\/\/www.bird.ca\/#website"},"primaryImageOfPage":{"@id":"https:\/\/www.bird.ca\/project-experience\/public-spaces\/#primaryimage"},"image":{"@id":"https:\/\/www.bird.ca\/project-experience\/public-spaces\/#primaryimage"},"thumbnailUrl":"http:\/\/cdn.bird.ca\/2025\/02\/20211812\/bird_market-sector_banner_public-spaces.jpg","datePublished":"2025-02-12T12:28:38+00:00","dateModified":"2025-06-17T19:02:46+00:00","description":"Espaces publics Nous croyons en des espaces communautaires dynamiques et accessibles qui r\u00e9pondent aux besoins du public de mani\u00e8re responsable et imaginative. Nos \u00e9quipes ont","breadcrumb":{"@id":"https:\/\/www.bird.ca\/project-experience\/public-spaces\/#breadcrumb"},"inLanguage":"fr-CA","potentialAction":[{"@type":"ReadAction","target":["https:\/\/www.bird.ca\/project-experience\/public-spaces\/"]}]},{"@type":"ImageObject","inLanguage":"fr-CA","@id":"https:\/\/www.bird.ca\/project-experience\/public-spaces\/#primaryimage","url":"http:\/\/cdn.bird.ca\/2025\/02\/20211812\/bird_market-sector_banner_public-spaces.jpg","contentUrl":"http:\/\/cdn.bird.ca\/2025\/02\/20211812\/bird_market-sector_banner_public-spaces.jpg","width":2560,"height":933,"caption":"A modern building interior with large geometric windows and seating on the left, transitions diagonally to an empty indoor ice hockey rink on the right."},{"@type":"BreadcrumbList","@id":"https:\/\/www.bird.ca\/project-experience\/public-spaces\/#breadcrumb","itemListElement":[{"@type":"ListItem","position":1,"name":"Home","item":"https:\/\/www.bird.ca\/"},{"@type":"ListItem","position":2,"name":"Project Experience","item":"https:\/\/www.bird.ca\/project-experience\/"},{"@type":"ListItem","position":3,"name":"Public Spaces"}]},{"@type":"WebSite","@id":"https:\/\/www.bird.ca\/#website","url":"https:\/\/www.bird.ca\/","name":"Bird Construction","description":"","publisher":{"@id":"https:\/\/www.bird.ca\/#organization"},"potentialAction":[{"@type":"SearchAction","target":{"@type":"EntryPoint","urlTemplate":"https:\/\/www.bird.ca\/?s={search_term_string}"},"query-input":{"@type":"PropertyValueSpecification","valueRequired":true,"valueName":"search_term_string"}}],"inLanguage":"fr-CA"},{"@type":"Organization","@id":"https:\/\/www.bird.ca\/#organization","name":"Bird Construction","url":"https:\/\/www.bird.ca\/","logo":{"@type":"ImageObject","inLanguage":"fr-CA","@id":"https:\/\/www.bird.ca\/#\/schema\/logo\/image\/","url":"http:\/\/cdn.bird.ca\/2025\/01\/20212041\/bird-logo-RGB-e1739411338652.png","contentUrl":"http:\/\/cdn.bird.ca\/2025\/01\/20212041\/bird-logo-RGB-e1739411338652.png","width":865,"height":366,"caption":"Bird Construction"},"image":{"@id":"https:\/\/www.bird.ca\/#\/schema\/logo\/image\/"},"sameAs":["https:\/\/www.facebook.com\/people\/Bird-Construction-Inc\/100064108594609\/","https:\/\/www.instagram.com\/birdconstructioninc\/","https:\/\/ca.linkedin.com\/company\/bird-construction-inc"]}]}},"_links":{"self":[{"href":"http:\/\/www.bird.ca\/fr\/wp-json\/wp\/v2\/pages\/1287","targetHints":{"allow":["GET"]}}],"collection":[{"href":"http:\/\/www.bird.ca\/fr\/wp-json\/wp\/v2\/pages"}],"about":[{"href":"http:\/\/www.bird.ca\/fr\/wp-json\/wp\/v2\/types\/page"}],"author":[{"embeddable":true,"href":"http:\/\/www.bird.ca\/fr\/wp-json\/wp\/v2\/users\/1"}],"replies":[{"embeddable":true,"href":"http:\/\/www.bird.ca\/fr\/wp-json\/wp\/v2\/comments?post=1287"}],"version-history":[{"count":9,"href":"http:\/\/www.bird.ca\/fr\/wp-json\/wp\/v2\/pages\/1287\/revisions"}],"predecessor-version":[{"id":9160,"href":"http:\/\/www.bird.ca\/fr\/wp-json\/wp\/v2\/pages\/1287\/revisions\/9160"}],"up":[{"embeddable":true,"href":"http:\/\/www.bird.ca\/fr\/wp-json\/wp\/v2\/pages\/20"}],"wp:featuredmedia":[{"embeddable":true,"href":"http:\/\/www.bird.ca\/fr\/wp-json\/wp\/v2\/media\/1249"}],"wp:attachment":[{"href":"http:\/\/www.bird.ca\/fr\/wp-json\/wp\/v2\/media?parent=1287"}],"curies":[{"name":"wp","href":"https:\/\/api.w.org\/{rel}","templated":true}]}}