{"id":1294,"date":"2025-02-12T13:10:12","date_gmt":"2025-02-12T13:10:12","guid":{"rendered":"https:\/\/www.bird.ca\/?page_id=1294"},"modified":"2025-09-29T16:11:32","modified_gmt":"2025-09-29T16:11:32","slug":"lenvironnement-aquatique","status":"publish","type":"page","link":"http:\/\/www.bird.ca\/fr\/project-experience\/water-environment\/","title":{"rendered":"Eau et environnement"},"content":{"rendered":"<div class=\"wp-block-create-block-hero-static\">\n\t<div class=\"hero-banner\">\n\t\t\t\t\t<img loading=\"lazy\" decoding=\"async\" width=\"2560\" height=\"900\" src=\"http:\/\/cdn.bird.ca\/2025\/02\/20211807\/bird_market-sector_banners_water-2560x900.jpg\" class=\"attachment-banner-size size-banner-size\" alt=\"Image fractionn\u00e9e montrant l&#039;ext\u00e9rieur d&#039;une installation de traitement des eaux avec, \u00e0 gauche, des bassins d&#039;a\u00e9ration ouverts et, \u00e0 droite, l&#039;int\u00e9rieur d&#039;une usine industrielle avec de gros tuyaux et des machines.\" sizes=\"auto, 100vw\" \/>\n\t\t\t\t\t\t\t<div class=\"hero-banner__overlay\"><\/div>\n\t\t\t\n\t\t\t\t\t\t\t<div class=\"hero-banner__content\">\n\t\t\t\t\t<h1 class=\"hero-banner__title\">Eau et environnement<\/h1>\n\t\t\t\t<\/div>\n\t\t\t\t\t\t<\/div>\n<\/div>\n\n\n<div style=\"height:100px\" aria-hidden=\"true\" class=\"wp-block-spacer is-style-entry-space\"><\/div>\n\n\n<div class=\"breadcrumb-block wp-block-create-block-breadcrumb-block\">\n\t\t\t\t\t<nav class=\"breadcrumb\" aria-label=\"Fil d&#039;Ariane\">\n\t\t\t<ol class=\"breadcrumb-list\">\n\t\t\t\t\t\t\t\t\t<li class=\"breadcrumb-item\"><a href=\"http:\/\/www.bird.ca\/fr\/\">Accueil<\/a><\/li>\t\t\t\t\t\t\t<\/ol>\n\t\t<\/nav>\n\t<\/div>\n\n\n<div class=\"wp-block-group is-layout-constrained wp-block-group-is-layout-constrained\" style=\"margin-top:var(--wp--preset--spacing--50)\">\n<div class=\"wp-block-columns gap: 100px; is-style-card-column is-layout-flex wp-container-core-columns-is-layout-28f84493 wp-block-columns-is-layout-flex\">\n<div class=\"wp-block-column is-vertically-aligned-top is-layout-flow wp-block-column-is-layout-flow\">\n<h1 class=\"wp-block-heading has-text-align-left is-style-bird-h2\" id=\"h-water-amp-environment\">Eau et environnement<\/h1>\n\n\n\n<p class=\"has-text-align-left is-style-bird-body\" style=\"font-size:1rem\">Notre engagement en faveur du d\u00e9veloppement durable repose sur une compr\u00e9hension approfondie du lien entre l'eau, les d\u00e9chets et l'\u00e9nergie. Nous excellons dans la combinaison de solutions dans des domaines vitaux tels que l'eau et les eaux us\u00e9es, le traitement des d\u00e9chets organiques, le biogaz et le GNR, l'hydrog\u00e8ne vert, le recyclage, la r\u00e9cup\u00e9ration de la chaleur des d\u00e9chets, la transformation des d\u00e9chets en \u00e9nergie et la g\u00e9othermie. Notre m\u00e9thode synchronise les cycles de vie de l'eau et des d\u00e9chets, transformant les obstacles en perspectives.<br><br>Gr\u00e2ce \u00e0 des avanc\u00e9es pionni\u00e8res dans les technologies de traitement et de recyclage, les infrastructures d'eau et d'assainissement contribuent \u00e0 la fois au bien-\u00eatre des communaut\u00e9s et \u00e0 la sant\u00e9 des \u00e9cosyst\u00e8mes. Nos strat\u00e9gies inventives de gestion des d\u00e9chets organiques et des biosolides prot\u00e8gent non seulement l'environnement, mais exploitent \u00e9galement de nouvelles voies pour la production d'\u00e9nergie renouvelable gr\u00e2ce au biogaz et au GNR. Dans notre qu\u00eate de l'hydrog\u00e8ne vert, nous menons la charge vers des transitions \u00e9nerg\u00e9tiques propres, tandis que nos efforts de recyclage aident \u00e0 boucler la boucle de l'utilisation des ressources.<\/p>\n\n\n\n<p class=\"has-text-align-left is-style-bird-body\" style=\"font-size:1rem\">Notre volont\u00e9 de convertir la chaleur r\u00e9siduelle en \u00e9nergie et d'explorer le potentiel des projets de valorisation \u00e9nerg\u00e9tique des d\u00e9chets illustre notre engagement en faveur de l'efficacit\u00e9 \u00e9nerg\u00e9tique et du d\u00e9veloppement durable. En outre, en exploitant la chaleur naturelle de la terre gr\u00e2ce \u00e0 la technologie g\u00e9othermique, nous \u00e9tablissons de nouvelles normes en mati\u00e8re de production d'\u00e9nergie propre et fiable.<br><br>Dans chaque projet, notre objectif est de fournir des solutions qui sont non seulement \u00e9conomiquement viables, mais aussi \u00e9cologiquement r\u00e9paratrices, afin de garantir une plan\u00e8te plus saine aux g\u00e9n\u00e9rations futures.<\/p>\n<\/div>\n\n\n\n<div class=\"wp-block-column is-layout-flow wp-block-column-is-layout-flow\">\n<figure class=\"wp-block-image size-full is-style-image-shadow-right\"><img decoding=\"async\" src=\"https:\/\/cdn.bird.ca\/2025\/09\/29161056\/water-and-enviroment.jpg\" alt=\"\" class=\"wp-image-10037\"\/><\/figure>\n<\/div>\n<\/div>\n<\/div>\n\n\n\n<div style=\"height:100px\" aria-hidden=\"true\" class=\"wp-block-spacer is-style-entry-space\"><\/div>\n\n\n\n<h2 class=\"wp-block-heading is-style-bird-h3\" id=\"h-explore-our-water-amp-environment-projects\">D\u00e9couvrez nos projets dans le domaine de l'eau et de l'environnement<\/h2>\n\n\n<div class=\"post-list-filters-block wp-block-create-block-post-list-filters\"\tdata-post-type=\"projects\" data-button-taxonomy=\"market\"\n\tdata-button-parent-term=\"132\">\n\t<div class=\"filter-buttons\"><button class=\"filter-button all\" data-term-id=\"\" data-taxonomy=\"market\">Tous<\/button><button class=\"filter-button\" data-term-id=\"133\" data-taxonomy=\"market\">Biogaz et GNR<\/button><button class=\"filter-button disabled\" data-term-id=\"320\" data-taxonomy=\"market\" disabled>Biosolides<\/button><button class=\"filter-button disabled\" data-term-id=\"321\" data-taxonomy=\"market\" disabled>G\u00e9othermie<\/button><button class=\"filter-button disabled\" data-term-id=\"322\" data-taxonomy=\"market\" disabled>D\u00e9chets organiques<\/button><button class=\"filter-button disabled\" data-term-id=\"323\" data-taxonomy=\"market\" disabled>Recyclage<\/button><button class=\"filter-button disabled\" data-term-id=\"324\" data-taxonomy=\"market\" disabled>Transformation de la chaleur perdue en \u00e9nergie<\/button><button class=\"filter-button disabled\" data-term-id=\"325\" data-taxonomy=\"market\" disabled>Des d\u00e9chets \u00e0 l'\u00e9nergie<\/button><button class=\"filter-button\" data-term-id=\"134\" data-taxonomy=\"market\">Eau et eaux us\u00e9es<\/button><\/div><div class=\"dropdown-filters\"><div class=\"dropdown-filter\"><div class=\"dropdown-group\"><select class=\"filter-dropdown\" id=\"filter-dropdown-0\" data-filter-index=\"0\" data-taxonomy=\"location\"  title=\"Filtrer par provinces\" aria-label=\"Filtrer par provinces\"><option value=\"\" disabled selected>Provinces<\/option><option value=\"\">Tous<\/option><option value=\"135\">Alberta<\/option><option value=\"141\">Colombie-Britannique<\/option><option value=\"145\">Manitoba<\/option><option value=\"148\">Nouveau-Brunswick<\/option><option value=\"149\">Terre-Neuve et Labrador<\/option><option value=\"158\">Nord<\/option><option value=\"150\">Nouvelle-\u00c9cosse<\/option><option value=\"151\">Ontario<\/option><option value=\"155\">Qu\u00e9bec<\/option><option value=\"156\">Saskatchewan<\/option><option value=\"157\">Territoires<\/option><option value=\"458\">Divers sites, Alberta<\/option><\/select><\/div><\/div><div class=\"dropdown-filter\"><div class=\"dropdown-group\"><select class=\"filter-dropdown\" id=\"filter-dropdown-1\" data-filter-index=\"1\" data-taxonomy=\"delivery_model\"  title=\"Filtrer par mod\u00e8les\" aria-label=\"Filtrer par mod\u00e8les\"><option value=\"\" disabled selected>Mod\u00e8les<\/option><option value=\"\">Tous<\/option><option value=\"163\">Gestion de la construction<\/option><option value=\"164\">Conception-construction\/ing\u00e9nierie, approvisionnement, construction<\/option><option value=\"165\">Entreprise g\u00e9n\u00e9rale<\/option><option value=\"166\">Entreprise g\u00e9n\u00e9rale industrielle<\/option><option value=\"167\">Ex\u00e9cution int\u00e9gr\u00e9e des projets<\/option><option value=\"168\">Partenariat public-priv\u00e9<\/option><option value=\"169\">Projets sp\u00e9ciaux<\/option><option value=\"170\">Somme stipul\u00e9e<\/option><option value=\"448\">Prix unitaire<\/option><\/select><\/div><\/div><div class=\"dropdown-filter\"><div class=\"dropdown-group\"><select class=\"filter-dropdown\" id=\"filter-dropdown-2\" data-filter-index=\"2\" data-taxonomy=\"service\"  title=\"Filtrer par tous les services\" aria-label=\"Filtrer par tous les services\"><option value=\"\" disabled selected>Tous les services<\/option><option value=\"\">Tous<\/option><option value=\"172\">BIM\/VDC<\/option><option value=\"173\">Fonds propres<\/option><option value=\"174\">Fabrication<\/option><option value=\"175\">Maintenance industrielle<\/option><option value=\"176\">LEED<sup aria-hidden=\"true\">\u00ae<\/sup><span class=\"screen-reader-text\">enregistr\u00e9<\/span>\/Construction durable<\/option><option value=\"177\">Bois de masse<\/option><option value=\"178\">B\u00e2timents modulaires<\/option><option value=\"179\">Participation des entrepreneurs avant la construction\/au d\u00e9but de la construction<\/option><option value=\"180\">Auto-ex\u00e9cution : Civil<\/option><option value=\"181\">Auto-ex\u00e9cution : Processus<\/option><option value=\"182\">Projets sp\u00e9ciaux<\/option><\/select><\/div><\/div><\/div><div class=\"filtered-posts\"><div class=\"post-grid\"><p>Chargement des projets...<\/p><\/div><\/div><\/div>\n\n\n<div style=\"height:100px\" aria-hidden=\"true\" class=\"wp-block-spacer is-style-entry-space\"><\/div>","protected":false},"excerpt":{"rendered":"<p>Water &amp; Environment Central to our sustainability pledge is a profound grasp of the connection between water, waste, and energy. We excel in blending solutions across vital domains such as Water &amp; Wastewater, Organic Waste Processing, Biogas &amp; RNG, Green Hydrogen, Recycling, Waste Heat Recovery, Waste-to-Energy, and Geothermal. Our method synchronizes the lifecycles of water [&hellip;]<\/p>\n","protected":false},"author":1,"featured_media":1251,"parent":20,"menu_order":0,"comment_status":"closed","ping_status":"closed","template":"","meta":{"_acf_changed":false,"footnotes":""},"class_list":["post-1294","page","type-page","status-publish","has-post-thumbnail","hentry"],"acf":[],"yoast_head":"<!-- This site is optimized with the Yoast SEO Premium plugin v24.6 (Yoast SEO v27.3) - https:\/\/yoast.com\/product\/yoast-seo-premium-wordpress\/ -->\n<title>Water &amp; Environment | Bird Construction<\/title>\n<meta name=\"description\" content=\"Water &amp; Environment Central to our sustainability pledge is a profound grasp of the connection between water, waste, and energy. We excel in blending\" \/>\n<meta name=\"robots\" content=\"index, follow, max-snippet:-1, max-image-preview:large, max-video-preview:-1\" \/>\n<link rel=\"canonical\" href=\"https:\/\/www.bird.ca\/fr\/experience-du-projet\/lenvironnement-aquatique\/\" \/>\n<meta property=\"og:locale\" content=\"fr_CA\" \/>\n<meta property=\"og:type\" content=\"article\" \/>\n<meta property=\"og:title\" content=\"Water &amp; Environment | Bird Construction\" \/>\n<meta property=\"og:description\" content=\"Bird Construction has been providing construction services to a long list of new and repeat clients since 1920.\" \/>\n<meta property=\"og:url\" content=\"https:\/\/www.bird.ca\/fr\/experience-du-projet\/lenvironnement-aquatique\/\" \/>\n<meta property=\"og:site_name\" content=\"Bird Construction\" \/>\n<meta property=\"article:publisher\" content=\"https:\/\/www.facebook.com\/people\/Bird-Construction-Inc\/100064108594609\/\" \/>\n<meta property=\"article:modified_time\" content=\"2025-09-29T16:11:32+00:00\" \/>\n<meta property=\"og:image\" content=\"https:\/\/cdn.bird.ca\/2025\/02\/20211807\/bird_market-sector_banners_water.jpg\" \/>\n\t<meta property=\"og:image:width\" content=\"2560\" \/>\n\t<meta property=\"og:image:height\" content=\"933\" \/>\n\t<meta property=\"og:image:type\" content=\"image\/jpeg\" \/>\n<meta name=\"twitter:card\" content=\"summary_large_image\" \/>\n<meta name=\"twitter:label1\" content=\"Estimation du temps de lecture\" \/>\n\t<meta name=\"twitter:data1\" content=\"2 minutes\" \/>\n<script type=\"application\/ld+json\" class=\"yoast-schema-graph\">{\"@context\":\"https:\\\/\\\/schema.org\",\"@graph\":[{\"@type\":\"WebPage\",\"@id\":\"https:\\\/\\\/www.bird.ca\\\/project-experience\\\/water-environment\\\/\",\"url\":\"https:\\\/\\\/www.bird.ca\\\/project-experience\\\/water-environment\\\/\",\"name\":\"Water &amp; Environment | Bird Construction\",\"isPartOf\":{\"@id\":\"https:\\\/\\\/www.bird.ca\\\/#website\"},\"primaryImageOfPage\":{\"@id\":\"https:\\\/\\\/www.bird.ca\\\/project-experience\\\/water-environment\\\/#primaryimage\"},\"image\":{\"@id\":\"https:\\\/\\\/www.bird.ca\\\/project-experience\\\/water-environment\\\/#primaryimage\"},\"thumbnailUrl\":\"http:\\\/\\\/cdn.bird.ca\\\/2025\\\/02\\\/20211807\\\/bird_market-sector_banners_water.jpg\",\"datePublished\":\"2025-02-12T13:10:12+00:00\",\"dateModified\":\"2025-09-29T16:11:32+00:00\",\"description\":\"Water &amp; Environment Central to our sustainability pledge is a profound grasp of the connection between water, waste, and energy. We excel in blending\",\"breadcrumb\":{\"@id\":\"https:\\\/\\\/www.bird.ca\\\/project-experience\\\/water-environment\\\/#breadcrumb\"},\"inLanguage\":\"fr-CA\",\"potentialAction\":[{\"@type\":\"ReadAction\",\"target\":[\"https:\\\/\\\/www.bird.ca\\\/project-experience\\\/water-environment\\\/\"]}]},{\"@type\":\"ImageObject\",\"inLanguage\":\"fr-CA\",\"@id\":\"https:\\\/\\\/www.bird.ca\\\/project-experience\\\/water-environment\\\/#primaryimage\",\"url\":\"http:\\\/\\\/cdn.bird.ca\\\/2025\\\/02\\\/20211807\\\/bird_market-sector_banners_water.jpg\",\"contentUrl\":\"http:\\\/\\\/cdn.bird.ca\\\/2025\\\/02\\\/20211807\\\/bird_market-sector_banners_water.jpg\",\"width\":2560,\"height\":933,\"caption\":\"Split image showing the exterior of a water treatment facility with open aeration tanks on the left, and the interior of an industrial plant with large pipes and machinery on the right.\"},{\"@type\":\"BreadcrumbList\",\"@id\":\"https:\\\/\\\/www.bird.ca\\\/project-experience\\\/water-environment\\\/#breadcrumb\",\"itemListElement\":[{\"@type\":\"ListItem\",\"position\":1,\"name\":\"Home\",\"item\":\"https:\\\/\\\/www.bird.ca\\\/\"},{\"@type\":\"ListItem\",\"position\":2,\"name\":\"Project Experience\",\"item\":\"https:\\\/\\\/www.bird.ca\\\/project-experience\\\/\"},{\"@type\":\"ListItem\",\"position\":3,\"name\":\"Water &amp; Environment\"}]},{\"@type\":\"WebSite\",\"@id\":\"https:\\\/\\\/www.bird.ca\\\/#website\",\"url\":\"https:\\\/\\\/www.bird.ca\\\/\",\"name\":\"Bird Construction\",\"description\":\"\",\"publisher\":{\"@id\":\"https:\\\/\\\/www.bird.ca\\\/#organization\"},\"potentialAction\":[{\"@type\":\"SearchAction\",\"target\":{\"@type\":\"EntryPoint\",\"urlTemplate\":\"https:\\\/\\\/www.bird.ca\\\/?s={search_term_string}\"},\"query-input\":{\"@type\":\"PropertyValueSpecification\",\"valueRequired\":true,\"valueName\":\"search_term_string\"}}],\"inLanguage\":\"fr-CA\"},{\"@type\":\"Organization\",\"@id\":\"https:\\\/\\\/www.bird.ca\\\/#organization\",\"name\":\"Bird Construction\",\"url\":\"https:\\\/\\\/www.bird.ca\\\/\",\"logo\":{\"@type\":\"ImageObject\",\"inLanguage\":\"fr-CA\",\"@id\":\"https:\\\/\\\/www.bird.ca\\\/#\\\/schema\\\/logo\\\/image\\\/\",\"url\":\"http:\\\/\\\/cdn.bird.ca\\\/2025\\\/01\\\/20212041\\\/bird-logo-RGB-e1739411338652.png\",\"contentUrl\":\"http:\\\/\\\/cdn.bird.ca\\\/2025\\\/01\\\/20212041\\\/bird-logo-RGB-e1739411338652.png\",\"width\":865,\"height\":366,\"caption\":\"Bird Construction\"},\"image\":{\"@id\":\"https:\\\/\\\/www.bird.ca\\\/#\\\/schema\\\/logo\\\/image\\\/\"},\"sameAs\":[\"https:\\\/\\\/www.facebook.com\\\/people\\\/Bird-Construction-Inc\\\/100064108594609\\\/\",\"https:\\\/\\\/www.instagram.com\\\/birdconstructioninc\\\/\",\"https:\\\/\\\/ca.linkedin.com\\\/company\\\/bird-construction-inc\"]}]}<\/script>\n<!-- \/ Yoast SEO Premium plugin. -->","yoast_head_json":{"title":"Eau et environnement | Bird Construction","description":"Eau et environnement Au c\u0153ur de notre engagement en faveur du d\u00e9veloppement durable se trouve une compr\u00e9hension profonde du lien entre l'eau, les d\u00e9chets et l'\u00e9nergie. Nous excellons dans le m\u00e9lange","robots":{"index":"index","follow":"follow","max-snippet":"max-snippet:-1","max-image-preview":"max-image-preview:large","max-video-preview":"max-video-preview:-1"},"canonical":"https:\/\/www.bird.ca\/fr\/experience-du-projet\/lenvironnement-aquatique\/","og_locale":"fr_CA","og_type":"article","og_title":"Water &amp; Environment | Bird Construction","og_description":"Bird Construction has been providing construction services to a long list of new and repeat clients since 1920.","og_url":"https:\/\/www.bird.ca\/fr\/experience-du-projet\/lenvironnement-aquatique\/","og_site_name":"Bird Construction","article_publisher":"https:\/\/www.facebook.com\/people\/Bird-Construction-Inc\/100064108594609\/","article_modified_time":"2025-09-29T16:11:32+00:00","og_image":[{"width":2560,"height":933,"url":"https:\/\/cdn.bird.ca\/2025\/02\/20211807\/bird_market-sector_banners_water.jpg","type":"image\/jpeg"}],"twitter_card":"summary_large_image","twitter_misc":{"Estimation du temps de lecture":"2 minutes"},"schema":{"@context":"https:\/\/schema.org","@graph":[{"@type":"WebPage","@id":"https:\/\/www.bird.ca\/project-experience\/water-environment\/","url":"https:\/\/www.bird.ca\/project-experience\/water-environment\/","name":"Eau et environnement | Bird Construction","isPartOf":{"@id":"https:\/\/www.bird.ca\/#website"},"primaryImageOfPage":{"@id":"https:\/\/www.bird.ca\/project-experience\/water-environment\/#primaryimage"},"image":{"@id":"https:\/\/www.bird.ca\/project-experience\/water-environment\/#primaryimage"},"thumbnailUrl":"http:\/\/cdn.bird.ca\/2025\/02\/20211807\/bird_market-sector_banners_water.jpg","datePublished":"2025-02-12T13:10:12+00:00","dateModified":"2025-09-29T16:11:32+00:00","description":"Eau et environnement Au c\u0153ur de notre engagement en faveur du d\u00e9veloppement durable se trouve une compr\u00e9hension profonde du lien entre l'eau, les d\u00e9chets et l'\u00e9nergie. Nous excellons dans le m\u00e9lange","breadcrumb":{"@id":"https:\/\/www.bird.ca\/project-experience\/water-environment\/#breadcrumb"},"inLanguage":"fr-CA","potentialAction":[{"@type":"ReadAction","target":["https:\/\/www.bird.ca\/project-experience\/water-environment\/"]}]},{"@type":"ImageObject","inLanguage":"fr-CA","@id":"https:\/\/www.bird.ca\/project-experience\/water-environment\/#primaryimage","url":"http:\/\/cdn.bird.ca\/2025\/02\/20211807\/bird_market-sector_banners_water.jpg","contentUrl":"http:\/\/cdn.bird.ca\/2025\/02\/20211807\/bird_market-sector_banners_water.jpg","width":2560,"height":933,"caption":"Split image showing the exterior of a water treatment facility with open aeration tanks on the left, and the interior of an industrial plant with large pipes and machinery on the right."},{"@type":"BreadcrumbList","@id":"https:\/\/www.bird.ca\/project-experience\/water-environment\/#breadcrumb","itemListElement":[{"@type":"ListItem","position":1,"name":"Home","item":"https:\/\/www.bird.ca\/"},{"@type":"ListItem","position":2,"name":"Project Experience","item":"https:\/\/www.bird.ca\/project-experience\/"},{"@type":"ListItem","position":3,"name":"Water &amp; Environment"}]},{"@type":"WebSite","@id":"https:\/\/www.bird.ca\/#website","url":"https:\/\/www.bird.ca\/","name":"Bird Construction","description":"","publisher":{"@id":"https:\/\/www.bird.ca\/#organization"},"potentialAction":[{"@type":"SearchAction","target":{"@type":"EntryPoint","urlTemplate":"https:\/\/www.bird.ca\/?s={search_term_string}"},"query-input":{"@type":"PropertyValueSpecification","valueRequired":true,"valueName":"search_term_string"}}],"inLanguage":"fr-CA"},{"@type":"Organization","@id":"https:\/\/www.bird.ca\/#organization","name":"Bird Construction","url":"https:\/\/www.bird.ca\/","logo":{"@type":"ImageObject","inLanguage":"fr-CA","@id":"https:\/\/www.bird.ca\/#\/schema\/logo\/image\/","url":"http:\/\/cdn.bird.ca\/2025\/01\/20212041\/bird-logo-RGB-e1739411338652.png","contentUrl":"http:\/\/cdn.bird.ca\/2025\/01\/20212041\/bird-logo-RGB-e1739411338652.png","width":865,"height":366,"caption":"Bird Construction"},"image":{"@id":"https:\/\/www.bird.ca\/#\/schema\/logo\/image\/"},"sameAs":["https:\/\/www.facebook.com\/people\/Bird-Construction-Inc\/100064108594609\/","https:\/\/www.instagram.com\/birdconstructioninc\/","https:\/\/ca.linkedin.com\/company\/bird-construction-inc"]}]}},"_links":{"self":[{"href":"http:\/\/www.bird.ca\/fr\/wp-json\/wp\/v2\/pages\/1294","targetHints":{"allow":["GET"]}}],"collection":[{"href":"http:\/\/www.bird.ca\/fr\/wp-json\/wp\/v2\/pages"}],"about":[{"href":"http:\/\/www.bird.ca\/fr\/wp-json\/wp\/v2\/types\/page"}],"author":[{"embeddable":true,"href":"http:\/\/www.bird.ca\/fr\/wp-json\/wp\/v2\/users\/1"}],"replies":[{"embeddable":true,"href":"http:\/\/www.bird.ca\/fr\/wp-json\/wp\/v2\/comments?post=1294"}],"version-history":[{"count":11,"href":"http:\/\/www.bird.ca\/fr\/wp-json\/wp\/v2\/pages\/1294\/revisions"}],"predecessor-version":[{"id":10038,"href":"http:\/\/www.bird.ca\/fr\/wp-json\/wp\/v2\/pages\/1294\/revisions\/10038"}],"up":[{"embeddable":true,"href":"http:\/\/www.bird.ca\/fr\/wp-json\/wp\/v2\/pages\/20"}],"wp:featuredmedia":[{"embeddable":true,"href":"http:\/\/www.bird.ca\/fr\/wp-json\/wp\/v2\/media\/1251"}],"wp:attachment":[{"href":"http:\/\/www.bird.ca\/fr\/wp-json\/wp\/v2\/media?parent=1294"}],"curies":[{"name":"wp","href":"https:\/\/api.w.org\/{rel}","templated":true}]}}