{"id":13475,"date":"2026-04-08T19:20:09","date_gmt":"2026-04-08T19:20:09","guid":{"rendered":"https:\/\/www.bird.ca\/?page_id=13475"},"modified":"2026-04-15T20:57:32","modified_gmt":"2026-04-15T20:57:32","slug":"infrastructure-maritime","status":"publish","type":"page","link":"http:\/\/www.bird.ca\/fr\/what-we-do\/marine-infrastructure\/","title":{"rendered":"Infrastructures marines"},"content":{"rendered":"<div class=\"wp-block-create-block-hero-static\">\n\t<div class=\"hero-banner\">\n\t\t\t\t\t<img loading=\"lazy\" decoding=\"async\" width=\"1600\" height=\"895\" src=\"http:\/\/cdn.bird.ca\/2026\/02\/06172124\/Marine_Centerm.webp\" class=\"attachment-banner-size size-banner-size\" alt=\"Vue a\u00e9rienne d&#039;un port anim\u00e9 avec de grandes grues oranges et des conteneurs maritimes le long du front de mer, entour\u00e9 d&#039;eau, de b\u00e2timents de la ville et d&#039;un ciel bleu clair en arri\u00e8re-plan.\" sizes=\"auto, 100vw\" srcset=\"http:\/\/cdn.bird.ca\/2026\/02\/06172124\/Marine_Centerm.webp 1600w, http:\/\/cdn.bird.ca\/2026\/02\/06172124\/Marine_Centerm-300x168.webp 300w, http:\/\/cdn.bird.ca\/2026\/02\/06172124\/Marine_Centerm-1024x573.webp 1024w, http:\/\/cdn.bird.ca\/2026\/02\/06172124\/Marine_Centerm-768x430.webp 768w, http:\/\/cdn.bird.ca\/2026\/02\/06172124\/Marine_Centerm-1536x859.webp 1536w, http:\/\/cdn.bird.ca\/2026\/02\/06172124\/Marine_Centerm-18x10.webp 18w\" \/>\n\t\t\t\n\t\t\t\t\t\t<\/div>\n<\/div>\n\n\n<div style=\"height:100px\" aria-hidden=\"true\" class=\"wp-block-spacer is-style-entry-space\"><\/div>\n\n\n<div class=\"breadcrumb-block wp-block-create-block-breadcrumb-block\">\n\t\t\t\t\t<nav class=\"breadcrumb\" aria-label=\"Fil d&#039;Ariane\">\n\t\t\t<ol class=\"breadcrumb-list\">\n\t\t\t\t\t\t\t\t\t<li class=\"breadcrumb-item\"><a href=\"http:\/\/www.bird.ca\/fr\/\">Accueil<\/a><\/li>\t\t\t\t\t\t\t<\/ol>\n\t\t<\/nav>\n\t<\/div>\n\n\n<div style=\"height:30px\" aria-hidden=\"true\" class=\"wp-block-spacer\"><\/div>\n\n\n\n<div class=\"wp-block-group is-vertical is-layout-flex wp-container-core-group-is-layout-41fdfdc5 wp-block-group-is-layout-flex\">\n<h1 class=\"wp-block-heading has-text-align-left is-style-bird-h2\" id=\"h-marine-infrastructure\">Infrastructures marines<\/h1>\n\n\n\n<div class=\"wp-block-columns gap: 100px; is-style-card-column is-layout-flex wp-container-core-columns-is-layout-28f84493 wp-block-columns-is-layout-flex\">\n<div class=\"wp-block-column is-vertically-aligned-top is-layout-flow wp-block-column-is-layout-flow\">\n<p class=\"is-style-default\">Bird r\u00e9alise des projets d'infrastructure marine enti\u00e8rement int\u00e9gr\u00e9s \u00e0 travers le Canada par l'interm\u00e9diaire de sa filiale en propri\u00e9t\u00e9 exclusive, <a href=\"https:\/\/frpd.com\/our-services\/\">Fraser River Pile &amp; Dredge (FRPD)<\/a>, l'une des plus grandes entreprises de construction maritime, de battage de pieux et de dragage au Canada. En tirant parti d'une flotte polyvalente et moderne et d'\u00e9quipes exp\u00e9riment\u00e9es, nous pouvons offrir des solutions autog\u00e9r\u00e9es pour tous types, tailles et complexit\u00e9s de projets d'infrastructure maritime et de dragage.<\/p>\n\n\n\n<p class=\"is-style-default\">Notre travail sp\u00e9cialis\u00e9 nous donne les moyens de r\u00e9aliser pratiquement tout type de projet d'infrastructure maritime, y compris des terminaux \u00e0 conteneurs et \u00e0 ferries, des quais et des docks, des conduites d'\u00e9vacuation, des rampes, des pipelines sous-marins, des travers\u00e9es de c\u00e2bles, des protections littorales et des travaux de dragage. Nous y parvenons en combinant notre expertise de pointe dans le domaine des fondations sur pieux for\u00e9s et de grand diam\u00e8tre avec nos capacit\u00e9s de dragage. En utilisant notre flotte de dragues \u00e0 roue couteau, \u00e0 benne preneuse et \u00e0 succion tra\u00eenante, nous sommes en mesure de r\u00e9aliser tout type de travaux d'infrastructure maritime et de projets de dragage, des programmes locaux au dragage d'entretien des principaux chenaux de navigation.<\/p>\n\n\n\n<p class=\"has-text-align-left is-style-bird-body\">Gr\u00e2ce \u00e0 une offre int\u00e9gr\u00e9e marine, de fondation et de dragage, nous pouvons r\u00e9aliser des projets portuaires et maritimes complexes avec expertise, soutenir l'infrastructure maritime essentielle du Canada, obtenir des r\u00e9sultats durables gr\u00e2ce \u00e0 des partenariats autochtones significatifs et fournir des solutions innovantes cl\u00e9s en main.<\/p>\n<\/div>\n\n\n\n<div class=\"wp-block-column is-layout-flow wp-block-column-is-layout-flow\" style=\"flex-basis:40%\">\n<figure class=\"wp-block-image size-full is-style-image-shadow-right\"><img loading=\"lazy\" decoding=\"async\" width=\"2560\" height=\"1440\" src=\"https:\/\/cdn.bird.ca\/2026\/02\/06172115\/Marine_Patullo-scaled.jpg\" alt=\"Une grande grue sur une barge positionne des pieux en acier dans une rivi\u00e8re pour la construction, avec plusieurs pieux cylindriques dans l&#039;eau et un paysage urbain avec des arbres et des b\u00e2timents en arri\u00e8re-plan.\" class=\"wp-image-13476\" srcset=\"http:\/\/cdn.bird.ca\/2026\/02\/06172115\/Marine_Patullo-scaled.jpg 2560w, http:\/\/cdn.bird.ca\/2026\/02\/06172115\/Marine_Patullo-300x169.jpg 300w, http:\/\/cdn.bird.ca\/2026\/02\/06172115\/Marine_Patullo-1024x576.jpg 1024w, http:\/\/cdn.bird.ca\/2026\/02\/06172115\/Marine_Patullo-768x432.jpg 768w, http:\/\/cdn.bird.ca\/2026\/02\/06172115\/Marine_Patullo-1536x864.jpg 1536w, http:\/\/cdn.bird.ca\/2026\/02\/06172115\/Marine_Patullo-2048x1152.jpg 2048w, http:\/\/cdn.bird.ca\/2026\/02\/06172115\/Marine_Patullo-18x10.jpg 18w\" sizes=\"auto, (max-width: 2560px) 100vw, 2560px\" \/><\/figure>\n<\/div>\n<\/div>\n<\/div>\n\n\n\n<div style=\"height:100px\" aria-hidden=\"true\" class=\"wp-block-spacer is-style-entry-space\"><\/div>\n\n\n\n<div class=\"wp-block-buttons is-layout-flex wp-block-buttons-is-layout-flex\">\n<div class=\"wp-block-button is-style-bird-solid\"><a class=\"wp-block-button__link wp-element-button\" href=\"https:\/\/frpd.com\/our-services\/\" style=\"text-transform:none\" target=\"_blank\" rel=\"noreferrer noopener\">Apprenez-en plus sur le FRPD<\/a><\/div>\n<\/div>\n\n\n\n<div style=\"height:100px\" aria-hidden=\"true\" class=\"wp-block-spacer is-style-entry-space\"><\/div>\n\n\n\n<p><\/p>","protected":false},"excerpt":{"rendered":"<p>Marine Infrastructure Bird delivers fully integrated&nbsp;marine&nbsp;infrastructure projects across Canada through our wholly owned subsidiary, Fraser River Pile &amp; Dredge (FRPD), one of the largest&nbsp;marine&nbsp;construction, pile driving and dredging companies in Canada. By leveraging a versatile and modern fleet and experienced crews, we can offer self-perform solutions for all types, sizes and complexities of&nbsp;marine&nbsp;infrastructure and dredging [&hellip;]<\/p>\n","protected":false},"author":1,"featured_media":13477,"parent":18,"menu_order":0,"comment_status":"closed","ping_status":"closed","template":"","meta":{"_acf_changed":false,"footnotes":""},"class_list":["post-13475","page","type-page","status-publish","has-post-thumbnail","hentry"],"acf":[],"yoast_head":"<!-- This site is optimized with the Yoast SEO Premium plugin v24.6 (Yoast SEO v27.3) - https:\/\/yoast.com\/product\/yoast-seo-premium-wordpress\/ -->\n<title>Civil Infrastructure | Bird Construction<\/title>\n<meta name=\"description\" content=\"Bird delivers trusted civil infrastructure for urban and suburban communities from coast-to-coast.\" \/>\n<meta name=\"robots\" content=\"index, follow, max-snippet:-1, max-image-preview:large, max-video-preview:-1\" \/>\n<link rel=\"canonical\" href=\"https:\/\/www.bird.ca\/fr\/ce-que-nous-faisons\/infrastructure-maritime\/\" \/>\n<meta property=\"og:locale\" content=\"fr_CA\" \/>\n<meta property=\"og:type\" content=\"article\" \/>\n<meta property=\"og:title\" content=\"Marine Infrastructure | Bird Construction\" \/>\n<meta property=\"og:description\" content=\"Bird Construction has been providing construction services to a long list of new and repeat clients since 1920.\" \/>\n<meta property=\"og:url\" content=\"https:\/\/www.bird.ca\/fr\/ce-que-nous-faisons\/infrastructure-maritime\/\" \/>\n<meta property=\"og:site_name\" content=\"Bird Construction\" \/>\n<meta property=\"article:publisher\" content=\"https:\/\/www.facebook.com\/people\/Bird-Construction-Inc\/100064108594609\/\" \/>\n<meta property=\"article:modified_time\" content=\"2026-04-15T20:57:32+00:00\" \/>\n<meta property=\"og:image\" content=\"https:\/\/cdn.bird.ca\/2026\/02\/06172124\/Marine_Centerm.webp\" \/>\n\t<meta property=\"og:image:width\" content=\"1600\" \/>\n\t<meta property=\"og:image:height\" content=\"895\" \/>\n\t<meta property=\"og:image:type\" content=\"image\/webp\" \/>\n<meta name=\"twitter:card\" content=\"summary_large_image\" \/>\n<meta name=\"twitter:label1\" content=\"Estimation du temps de lecture\" \/>\n\t<meta name=\"twitter:data1\" content=\"2 minutes\" \/>\n<script type=\"application\/ld+json\" class=\"yoast-schema-graph\">{\"@context\":\"https:\\\/\\\/schema.org\",\"@graph\":[{\"@type\":\"WebPage\",\"@id\":\"https:\\\/\\\/www.bird.ca\\\/what-we-do\\\/marine-infrastructure\\\/\",\"url\":\"https:\\\/\\\/www.bird.ca\\\/what-we-do\\\/marine-infrastructure\\\/\",\"name\":\"Civil Infrastructure | Bird Construction\",\"isPartOf\":{\"@id\":\"https:\\\/\\\/www.bird.ca\\\/#website\"},\"primaryImageOfPage\":{\"@id\":\"https:\\\/\\\/www.bird.ca\\\/what-we-do\\\/marine-infrastructure\\\/#primaryimage\"},\"image\":{\"@id\":\"https:\\\/\\\/www.bird.ca\\\/what-we-do\\\/marine-infrastructure\\\/#primaryimage\"},\"thumbnailUrl\":\"http:\\\/\\\/cdn.bird.ca\\\/2026\\\/02\\\/06172124\\\/Marine_Centerm.webp\",\"datePublished\":\"2026-04-08T19:20:09+00:00\",\"dateModified\":\"2026-04-15T20:57:32+00:00\",\"description\":\"Bird delivers trusted civil infrastructure for urban and suburban communities from coast-to-coast.\",\"breadcrumb\":{\"@id\":\"https:\\\/\\\/www.bird.ca\\\/what-we-do\\\/marine-infrastructure\\\/#breadcrumb\"},\"inLanguage\":\"fr-CA\",\"potentialAction\":[{\"@type\":\"ReadAction\",\"target\":[\"https:\\\/\\\/www.bird.ca\\\/what-we-do\\\/marine-infrastructure\\\/\"]}]},{\"@type\":\"ImageObject\",\"inLanguage\":\"fr-CA\",\"@id\":\"https:\\\/\\\/www.bird.ca\\\/what-we-do\\\/marine-infrastructure\\\/#primaryimage\",\"url\":\"http:\\\/\\\/cdn.bird.ca\\\/2026\\\/02\\\/06172124\\\/Marine_Centerm.webp\",\"contentUrl\":\"http:\\\/\\\/cdn.bird.ca\\\/2026\\\/02\\\/06172124\\\/Marine_Centerm.webp\",\"width\":1600,\"height\":895,\"caption\":\"Aerial view of a busy port with large orange cranes and shipping containers along the waterfront, surrounded by water, city buildings, and a clear blue sky in the background.\"},{\"@type\":\"BreadcrumbList\",\"@id\":\"https:\\\/\\\/www.bird.ca\\\/what-we-do\\\/marine-infrastructure\\\/#breadcrumb\",\"itemListElement\":[{\"@type\":\"ListItem\",\"position\":1,\"name\":\"Home\",\"item\":\"https:\\\/\\\/www.bird.ca\\\/\"},{\"@type\":\"ListItem\",\"position\":2,\"name\":\"What We Do\",\"item\":\"https:\\\/\\\/www.bird.ca\\\/what-we-do\\\/\"},{\"@type\":\"ListItem\",\"position\":3,\"name\":\"Marine Infrastructure\"}]},{\"@type\":\"WebSite\",\"@id\":\"https:\\\/\\\/www.bird.ca\\\/#website\",\"url\":\"https:\\\/\\\/www.bird.ca\\\/\",\"name\":\"Bird Construction\",\"description\":\"\",\"publisher\":{\"@id\":\"https:\\\/\\\/www.bird.ca\\\/#organization\"},\"potentialAction\":[{\"@type\":\"SearchAction\",\"target\":{\"@type\":\"EntryPoint\",\"urlTemplate\":\"https:\\\/\\\/www.bird.ca\\\/?s={search_term_string}\"},\"query-input\":{\"@type\":\"PropertyValueSpecification\",\"valueRequired\":true,\"valueName\":\"search_term_string\"}}],\"inLanguage\":\"fr-CA\"},{\"@type\":\"Organization\",\"@id\":\"https:\\\/\\\/www.bird.ca\\\/#organization\",\"name\":\"Bird Construction\",\"url\":\"https:\\\/\\\/www.bird.ca\\\/\",\"logo\":{\"@type\":\"ImageObject\",\"inLanguage\":\"fr-CA\",\"@id\":\"https:\\\/\\\/www.bird.ca\\\/#\\\/schema\\\/logo\\\/image\\\/\",\"url\":\"http:\\\/\\\/cdn.bird.ca\\\/2025\\\/01\\\/20212041\\\/bird-logo-RGB-e1739411338652.png\",\"contentUrl\":\"http:\\\/\\\/cdn.bird.ca\\\/2025\\\/01\\\/20212041\\\/bird-logo-RGB-e1739411338652.png\",\"width\":865,\"height\":366,\"caption\":\"Bird Construction\"},\"image\":{\"@id\":\"https:\\\/\\\/www.bird.ca\\\/#\\\/schema\\\/logo\\\/image\\\/\"},\"sameAs\":[\"https:\\\/\\\/www.facebook.com\\\/people\\\/Bird-Construction-Inc\\\/100064108594609\\\/\",\"https:\\\/\\\/www.instagram.com\\\/birdconstructioninc\\\/\",\"https:\\\/\\\/ca.linkedin.com\\\/company\\\/bird-construction-inc\"]}]}<\/script>\n<!-- \/ Yoast SEO Premium plugin. -->","yoast_head_json":{"title":"Infrastructure civile | Construction d'oiseaux","description":"Bird fournit des infrastructures civiles fiables aux communaut\u00e9s urbaines et suburbaines d'un oc\u00e9an \u00e0 l'autre.","robots":{"index":"index","follow":"follow","max-snippet":"max-snippet:-1","max-image-preview":"max-image-preview:large","max-video-preview":"max-video-preview:-1"},"canonical":"https:\/\/www.bird.ca\/fr\/ce-que-nous-faisons\/infrastructure-maritime\/","og_locale":"fr_CA","og_type":"article","og_title":"Marine Infrastructure | Bird Construction","og_description":"Bird Construction has been providing construction services to a long list of new and repeat clients since 1920.","og_url":"https:\/\/www.bird.ca\/fr\/ce-que-nous-faisons\/infrastructure-maritime\/","og_site_name":"Bird Construction","article_publisher":"https:\/\/www.facebook.com\/people\/Bird-Construction-Inc\/100064108594609\/","article_modified_time":"2026-04-15T20:57:32+00:00","og_image":[{"width":1600,"height":895,"url":"https:\/\/cdn.bird.ca\/2026\/02\/06172124\/Marine_Centerm.webp","type":"image\/webp"}],"twitter_card":"summary_large_image","twitter_misc":{"Estimation du temps de lecture":"2 minutes"},"schema":{"@context":"https:\/\/schema.org","@graph":[{"@type":"WebPage","@id":"https:\/\/www.bird.ca\/what-we-do\/marine-infrastructure\/","url":"https:\/\/www.bird.ca\/what-we-do\/marine-infrastructure\/","name":"Infrastructure civile | Construction d'oiseaux","isPartOf":{"@id":"https:\/\/www.bird.ca\/#website"},"primaryImageOfPage":{"@id":"https:\/\/www.bird.ca\/what-we-do\/marine-infrastructure\/#primaryimage"},"image":{"@id":"https:\/\/www.bird.ca\/what-we-do\/marine-infrastructure\/#primaryimage"},"thumbnailUrl":"http:\/\/cdn.bird.ca\/2026\/02\/06172124\/Marine_Centerm.webp","datePublished":"2026-04-08T19:20:09+00:00","dateModified":"2026-04-15T20:57:32+00:00","description":"Bird fournit des infrastructures civiles fiables aux communaut\u00e9s urbaines et suburbaines d'un oc\u00e9an \u00e0 l'autre.","breadcrumb":{"@id":"https:\/\/www.bird.ca\/what-we-do\/marine-infrastructure\/#breadcrumb"},"inLanguage":"fr-CA","potentialAction":[{"@type":"ReadAction","target":["https:\/\/www.bird.ca\/what-we-do\/marine-infrastructure\/"]}]},{"@type":"ImageObject","inLanguage":"fr-CA","@id":"https:\/\/www.bird.ca\/what-we-do\/marine-infrastructure\/#primaryimage","url":"http:\/\/cdn.bird.ca\/2026\/02\/06172124\/Marine_Centerm.webp","contentUrl":"http:\/\/cdn.bird.ca\/2026\/02\/06172124\/Marine_Centerm.webp","width":1600,"height":895,"caption":"Aerial view of a busy port with large orange cranes and shipping containers along the waterfront, surrounded by water, city buildings, and a clear blue sky in the background."},{"@type":"BreadcrumbList","@id":"https:\/\/www.bird.ca\/what-we-do\/marine-infrastructure\/#breadcrumb","itemListElement":[{"@type":"ListItem","position":1,"name":"Home","item":"https:\/\/www.bird.ca\/"},{"@type":"ListItem","position":2,"name":"What We Do","item":"https:\/\/www.bird.ca\/what-we-do\/"},{"@type":"ListItem","position":3,"name":"Marine Infrastructure"}]},{"@type":"WebSite","@id":"https:\/\/www.bird.ca\/#website","url":"https:\/\/www.bird.ca\/","name":"Bird Construction","description":"","publisher":{"@id":"https:\/\/www.bird.ca\/#organization"},"potentialAction":[{"@type":"SearchAction","target":{"@type":"EntryPoint","urlTemplate":"https:\/\/www.bird.ca\/?s={search_term_string}"},"query-input":{"@type":"PropertyValueSpecification","valueRequired":true,"valueName":"search_term_string"}}],"inLanguage":"fr-CA"},{"@type":"Organization","@id":"https:\/\/www.bird.ca\/#organization","name":"Bird Construction","url":"https:\/\/www.bird.ca\/","logo":{"@type":"ImageObject","inLanguage":"fr-CA","@id":"https:\/\/www.bird.ca\/#\/schema\/logo\/image\/","url":"http:\/\/cdn.bird.ca\/2025\/01\/20212041\/bird-logo-RGB-e1739411338652.png","contentUrl":"http:\/\/cdn.bird.ca\/2025\/01\/20212041\/bird-logo-RGB-e1739411338652.png","width":865,"height":366,"caption":"Bird Construction"},"image":{"@id":"https:\/\/www.bird.ca\/#\/schema\/logo\/image\/"},"sameAs":["https:\/\/www.facebook.com\/people\/Bird-Construction-Inc\/100064108594609\/","https:\/\/www.instagram.com\/birdconstructioninc\/","https:\/\/ca.linkedin.com\/company\/bird-construction-inc"]}]}},"_links":{"self":[{"href":"http:\/\/www.bird.ca\/fr\/wp-json\/wp\/v2\/pages\/13475","targetHints":{"allow":["GET"]}}],"collection":[{"href":"http:\/\/www.bird.ca\/fr\/wp-json\/wp\/v2\/pages"}],"about":[{"href":"http:\/\/www.bird.ca\/fr\/wp-json\/wp\/v2\/types\/page"}],"author":[{"embeddable":true,"href":"http:\/\/www.bird.ca\/fr\/wp-json\/wp\/v2\/users\/1"}],"replies":[{"embeddable":true,"href":"http:\/\/www.bird.ca\/fr\/wp-json\/wp\/v2\/comments?post=13475"}],"version-history":[{"count":4,"href":"http:\/\/www.bird.ca\/fr\/wp-json\/wp\/v2\/pages\/13475\/revisions"}],"predecessor-version":[{"id":13717,"href":"http:\/\/www.bird.ca\/fr\/wp-json\/wp\/v2\/pages\/13475\/revisions\/13717"}],"up":[{"embeddable":true,"href":"http:\/\/www.bird.ca\/fr\/wp-json\/wp\/v2\/pages\/18"}],"wp:featuredmedia":[{"embeddable":true,"href":"http:\/\/www.bird.ca\/fr\/wp-json\/wp\/v2\/media\/13477"}],"wp:attachment":[{"href":"http:\/\/www.bird.ca\/fr\/wp-json\/wp\/v2\/media?parent=13475"}],"curies":[{"name":"wp","href":"https:\/\/api.w.org\/{rel}","templated":true}]}}