{"id":1661,"date":"2025-02-16T05:54:44","date_gmt":"2025-02-16T05:54:44","guid":{"rendered":"https:\/\/www.bird.ca\/?page_id=1661"},"modified":"2025-06-17T19:03:17","modified_gmt":"2025-06-17T19:03:17","slug":"partenariats-public-prive","status":"publish","type":"page","link":"http:\/\/www.bird.ca\/fr\/what-we-do\/delivery-models\/public-private-partnerships\/","title":{"rendered":"Partenariats public-priv\u00e9"},"content":{"rendered":"<div style=\"height:100px\" aria-hidden=\"true\" class=\"wp-block-spacer is-style-entry-space\"><\/div>\n\n\n<div class=\"breadcrumb-block wp-block-create-block-breadcrumb-block\">\n\t\t\t\t\t<nav class=\"breadcrumb\" aria-label=\"Fil d&#039;Ariane\">\n\t\t\t<ol class=\"breadcrumb-list\">\n\t\t\t\t\t\t\t\t\t<li class=\"breadcrumb-item\"><a href=\"http:\/\/www.bird.ca\/fr\/\">Accueil<\/a><\/li>\t\t\t\t\t\t\t<\/ol>\n\t\t<\/nav>\n\t<\/div>\n\n\n<div style=\"height:30px\" aria-hidden=\"true\" class=\"wp-block-spacer\"><\/div>\n\n\n\n<div class=\"wp-block-group is-vertical is-layout-flex wp-container-core-group-is-layout-fe9cc265 wp-block-group-is-layout-flex\">\n<h1 class=\"wp-block-heading has-text-align-left is-style-bird-h2\" id=\"h-public-private-partnerships\">Partenariats public-priv\u00e9<\/h1>\n\n\n\n<p class=\"has-text-align-left is-style-bird-body\">Bird jouit d'une performance exceptionnelle sur le march\u00e9 des partenariats public-priv\u00e9 (P3) et se classe parmi les meilleures entreprises au Canada en fonction du nombre de projets ayant atteint le stade de la cl\u00f4ture financi\u00e8re et de la livraison r\u00e9ussie. Nos initiatives en mati\u00e8re de PPP s'appuient sur notre exp\u00e9rience et nos forces fondamentales en mati\u00e8re de conception-construction ainsi que sur notre capacit\u00e9 \u00e0 g\u00e9rer efficacement les structures commerciales et juridiques uniques associ\u00e9es aux projets de PPP. Bird a organis\u00e9 le financement de la dette sur les march\u00e9s financiers et inject\u00e9 des capitaux dans des soci\u00e9t\u00e9s de projet et est bien connu et respect\u00e9 dans la communaut\u00e9 financi\u00e8re.<\/p>\n<\/div>\n\n\n<div class=\"post-list-filters-block wp-block-create-block-post-list-filters\"\tdata-post-type=\"projects\" data-button-taxonomy=\"delivery_model\"\n\tdata-button-parent-term=\"168\">\n\t<div class=\"filtered-posts\"><div class=\"post-grid\"><p>Chargement des projets...<\/p><\/div><\/div><\/div>\n\n\n<div style=\"height:100px\" aria-hidden=\"true\" class=\"wp-block-spacer\"><\/div>","protected":false},"excerpt":{"rendered":"<p>Public-Private Partnerships Bird has an exceptional record of performance in the public-private partnership (P3) market and is ranked among the top companies in Canada based on the number of projects reaching financial close and successful delivery. Supporting our P3 initiatives is our fundamental design-build experience and strength as well as our ability to efficiently manage [&hellip;]<\/p>\n","protected":false},"author":1,"featured_media":1615,"parent":910,"menu_order":0,"comment_status":"closed","ping_status":"closed","template":"","meta":{"_acf_changed":false,"footnotes":""},"class_list":["post-1661","page","type-page","status-publish","has-post-thumbnail","hentry"],"acf":[],"yoast_head":"<!-- This site is optimized with the Yoast SEO Premium plugin v24.6 (Yoast SEO v27.3) - https:\/\/yoast.com\/product\/yoast-seo-premium-wordpress\/ -->\n<title>Public-Private Partnerships | Projects | Bird Construction<\/title>\n<meta name=\"description\" content=\"Bird has an exceptional record of performance in the public-private partnership (P3) market and is ranked among the top companies in Canada.\" \/>\n<meta name=\"robots\" content=\"index, follow, max-snippet:-1, max-image-preview:large, max-video-preview:-1\" \/>\n<link rel=\"canonical\" href=\"https:\/\/www.bird.ca\/fr\/ce-que-nous-faisons\/modeles-de-distribution\/partenariats-public-prive\/\" \/>\n<meta property=\"og:locale\" content=\"fr_CA\" \/>\n<meta property=\"og:type\" content=\"article\" \/>\n<meta property=\"og:title\" content=\"Public-Private Partnerships | Bird Construction\" \/>\n<meta property=\"og:description\" content=\"Bird Construction has been providing construction services to a long list of new and repeat clients since 1920.\" \/>\n<meta property=\"og:url\" content=\"https:\/\/www.bird.ca\/fr\/ce-que-nous-faisons\/modeles-de-distribution\/partenariats-public-prive\/\" \/>\n<meta property=\"og:site_name\" content=\"Bird Construction\" \/>\n<meta property=\"article:publisher\" content=\"https:\/\/www.facebook.com\/people\/Bird-Construction-Inc\/100064108594609\/\" \/>\n<meta property=\"article:modified_time\" content=\"2025-06-17T19:03:17+00:00\" \/>\n<meta property=\"og:image\" content=\"https:\/\/cdn.bird.ca\/2025\/02\/20211624\/canon-canada-13-scaled.jpg\" \/>\n\t<meta property=\"og:image:width\" content=\"2560\" \/>\n\t<meta property=\"og:image:height\" content=\"591\" \/>\n\t<meta property=\"og:image:type\" content=\"image\/jpeg\" \/>\n<meta name=\"twitter:card\" content=\"summary_large_image\" \/>\n<meta name=\"twitter:label1\" content=\"Estimation du temps de lecture\" \/>\n\t<meta name=\"twitter:data1\" content=\"1 minute\" \/>\n<script type=\"application\/ld+json\" class=\"yoast-schema-graph\">{\"@context\":\"https:\\\/\\\/schema.org\",\"@graph\":[{\"@type\":\"WebPage\",\"@id\":\"https:\\\/\\\/www.bird.ca\\\/what-we-do\\\/delivery-models\\\/public-private-partnerships\\\/\",\"url\":\"https:\\\/\\\/www.bird.ca\\\/what-we-do\\\/delivery-models\\\/public-private-partnerships\\\/\",\"name\":\"Public-Private Partnerships | Projects | Bird Construction\",\"isPartOf\":{\"@id\":\"https:\\\/\\\/www.bird.ca\\\/#website\"},\"primaryImageOfPage\":{\"@id\":\"https:\\\/\\\/www.bird.ca\\\/what-we-do\\\/delivery-models\\\/public-private-partnerships\\\/#primaryimage\"},\"image\":{\"@id\":\"https:\\\/\\\/www.bird.ca\\\/what-we-do\\\/delivery-models\\\/public-private-partnerships\\\/#primaryimage\"},\"thumbnailUrl\":\"http:\\\/\\\/cdn.bird.ca\\\/2025\\\/02\\\/20211624\\\/canon-canada-13-scaled.jpg\",\"datePublished\":\"2025-02-16T05:54:44+00:00\",\"dateModified\":\"2025-06-17T19:03:17+00:00\",\"description\":\"Bird has an exceptional record of performance in the public-private partnership (P3) market and is ranked among the top companies in Canada.\",\"breadcrumb\":{\"@id\":\"https:\\\/\\\/www.bird.ca\\\/what-we-do\\\/delivery-models\\\/public-private-partnerships\\\/#breadcrumb\"},\"inLanguage\":\"fr-CA\",\"potentialAction\":[{\"@type\":\"ReadAction\",\"target\":[\"https:\\\/\\\/www.bird.ca\\\/what-we-do\\\/delivery-models\\\/public-private-partnerships\\\/\"]}]},{\"@type\":\"ImageObject\",\"inLanguage\":\"fr-CA\",\"@id\":\"https:\\\/\\\/www.bird.ca\\\/what-we-do\\\/delivery-models\\\/public-private-partnerships\\\/#primaryimage\",\"url\":\"http:\\\/\\\/cdn.bird.ca\\\/2025\\\/02\\\/20211624\\\/canon-canada-13-scaled.jpg\",\"contentUrl\":\"http:\\\/\\\/cdn.bird.ca\\\/2025\\\/02\\\/20211624\\\/canon-canada-13-scaled.jpg\",\"width\":2560,\"height\":591,\"caption\":\"A top-down view of a modern, spiral staircase with beige steps and a white handrail, surrounded by a polished floor and a row of small green plants on one side.\"},{\"@type\":\"BreadcrumbList\",\"@id\":\"https:\\\/\\\/www.bird.ca\\\/what-we-do\\\/delivery-models\\\/public-private-partnerships\\\/#breadcrumb\",\"itemListElement\":[{\"@type\":\"ListItem\",\"position\":1,\"name\":\"Home\",\"item\":\"https:\\\/\\\/www.bird.ca\\\/\"},{\"@type\":\"ListItem\",\"position\":2,\"name\":\"What We Do\",\"item\":\"https:\\\/\\\/www.bird.ca\\\/what-we-do\\\/\"},{\"@type\":\"ListItem\",\"position\":3,\"name\":\"Delivery Models\",\"item\":\"https:\\\/\\\/www.bird.ca\\\/what-we-do\\\/delivery-models\\\/\"},{\"@type\":\"ListItem\",\"position\":4,\"name\":\"Public-Private Partnerships\"}]},{\"@type\":\"WebSite\",\"@id\":\"https:\\\/\\\/www.bird.ca\\\/#website\",\"url\":\"https:\\\/\\\/www.bird.ca\\\/\",\"name\":\"Bird Construction\",\"description\":\"\",\"publisher\":{\"@id\":\"https:\\\/\\\/www.bird.ca\\\/#organization\"},\"potentialAction\":[{\"@type\":\"SearchAction\",\"target\":{\"@type\":\"EntryPoint\",\"urlTemplate\":\"https:\\\/\\\/www.bird.ca\\\/?s={search_term_string}\"},\"query-input\":{\"@type\":\"PropertyValueSpecification\",\"valueRequired\":true,\"valueName\":\"search_term_string\"}}],\"inLanguage\":\"fr-CA\"},{\"@type\":\"Organization\",\"@id\":\"https:\\\/\\\/www.bird.ca\\\/#organization\",\"name\":\"Bird Construction\",\"url\":\"https:\\\/\\\/www.bird.ca\\\/\",\"logo\":{\"@type\":\"ImageObject\",\"inLanguage\":\"fr-CA\",\"@id\":\"https:\\\/\\\/www.bird.ca\\\/#\\\/schema\\\/logo\\\/image\\\/\",\"url\":\"http:\\\/\\\/cdn.bird.ca\\\/2025\\\/01\\\/20212041\\\/bird-logo-RGB-e1739411338652.png\",\"contentUrl\":\"http:\\\/\\\/cdn.bird.ca\\\/2025\\\/01\\\/20212041\\\/bird-logo-RGB-e1739411338652.png\",\"width\":865,\"height\":366,\"caption\":\"Bird Construction\"},\"image\":{\"@id\":\"https:\\\/\\\/www.bird.ca\\\/#\\\/schema\\\/logo\\\/image\\\/\"},\"sameAs\":[\"https:\\\/\\\/www.facebook.com\\\/people\\\/Bird-Construction-Inc\\\/100064108594609\\\/\",\"https:\\\/\\\/www.instagram.com\\\/birdconstructioninc\\\/\",\"https:\\\/\\\/ca.linkedin.com\\\/company\\\/bird-construction-inc\"]}]}<\/script>\n<!-- \/ Yoast SEO Premium plugin. -->","yoast_head_json":{"title":"Partenariats public-priv\u00e9 | Projets | Construction d'oiseaux","description":"Bird a des r\u00e9sultats exceptionnels sur le march\u00e9 des partenariats public-priv\u00e9 (P3) et se classe parmi les meilleures entreprises au Canada.","robots":{"index":"index","follow":"follow","max-snippet":"max-snippet:-1","max-image-preview":"max-image-preview:large","max-video-preview":"max-video-preview:-1"},"canonical":"https:\/\/www.bird.ca\/fr\/ce-que-nous-faisons\/modeles-de-distribution\/partenariats-public-prive\/","og_locale":"fr_CA","og_type":"article","og_title":"Public-Private Partnerships | Bird Construction","og_description":"Bird Construction has been providing construction services to a long list of new and repeat clients since 1920.","og_url":"https:\/\/www.bird.ca\/fr\/ce-que-nous-faisons\/modeles-de-distribution\/partenariats-public-prive\/","og_site_name":"Bird Construction","article_publisher":"https:\/\/www.facebook.com\/people\/Bird-Construction-Inc\/100064108594609\/","article_modified_time":"2025-06-17T19:03:17+00:00","og_image":[{"width":2560,"height":591,"url":"https:\/\/cdn.bird.ca\/2025\/02\/20211624\/canon-canada-13-scaled.jpg","type":"image\/jpeg"}],"twitter_card":"summary_large_image","twitter_misc":{"Estimation du temps de lecture":"1 minute"},"schema":{"@context":"https:\/\/schema.org","@graph":[{"@type":"WebPage","@id":"https:\/\/www.bird.ca\/what-we-do\/delivery-models\/public-private-partnerships\/","url":"https:\/\/www.bird.ca\/what-we-do\/delivery-models\/public-private-partnerships\/","name":"Partenariats public-priv\u00e9 | Projets | Construction d'oiseaux","isPartOf":{"@id":"https:\/\/www.bird.ca\/#website"},"primaryImageOfPage":{"@id":"https:\/\/www.bird.ca\/what-we-do\/delivery-models\/public-private-partnerships\/#primaryimage"},"image":{"@id":"https:\/\/www.bird.ca\/what-we-do\/delivery-models\/public-private-partnerships\/#primaryimage"},"thumbnailUrl":"http:\/\/cdn.bird.ca\/2025\/02\/20211624\/canon-canada-13-scaled.jpg","datePublished":"2025-02-16T05:54:44+00:00","dateModified":"2025-06-17T19:03:17+00:00","description":"Bird a des r\u00e9sultats exceptionnels sur le march\u00e9 des partenariats public-priv\u00e9 (P3) et se classe parmi les meilleures entreprises au Canada.","breadcrumb":{"@id":"https:\/\/www.bird.ca\/what-we-do\/delivery-models\/public-private-partnerships\/#breadcrumb"},"inLanguage":"fr-CA","potentialAction":[{"@type":"ReadAction","target":["https:\/\/www.bird.ca\/what-we-do\/delivery-models\/public-private-partnerships\/"]}]},{"@type":"ImageObject","inLanguage":"fr-CA","@id":"https:\/\/www.bird.ca\/what-we-do\/delivery-models\/public-private-partnerships\/#primaryimage","url":"http:\/\/cdn.bird.ca\/2025\/02\/20211624\/canon-canada-13-scaled.jpg","contentUrl":"http:\/\/cdn.bird.ca\/2025\/02\/20211624\/canon-canada-13-scaled.jpg","width":2560,"height":591,"caption":"A top-down view of a modern, spiral staircase with beige steps and a white handrail, surrounded by a polished floor and a row of small green plants on one side."},{"@type":"BreadcrumbList","@id":"https:\/\/www.bird.ca\/what-we-do\/delivery-models\/public-private-partnerships\/#breadcrumb","itemListElement":[{"@type":"ListItem","position":1,"name":"Home","item":"https:\/\/www.bird.ca\/"},{"@type":"ListItem","position":2,"name":"What We Do","item":"https:\/\/www.bird.ca\/what-we-do\/"},{"@type":"ListItem","position":3,"name":"Delivery Models","item":"https:\/\/www.bird.ca\/what-we-do\/delivery-models\/"},{"@type":"ListItem","position":4,"name":"Public-Private Partnerships"}]},{"@type":"WebSite","@id":"https:\/\/www.bird.ca\/#website","url":"https:\/\/www.bird.ca\/","name":"Bird Construction","description":"","publisher":{"@id":"https:\/\/www.bird.ca\/#organization"},"potentialAction":[{"@type":"SearchAction","target":{"@type":"EntryPoint","urlTemplate":"https:\/\/www.bird.ca\/?s={search_term_string}"},"query-input":{"@type":"PropertyValueSpecification","valueRequired":true,"valueName":"search_term_string"}}],"inLanguage":"fr-CA"},{"@type":"Organization","@id":"https:\/\/www.bird.ca\/#organization","name":"Bird Construction","url":"https:\/\/www.bird.ca\/","logo":{"@type":"ImageObject","inLanguage":"fr-CA","@id":"https:\/\/www.bird.ca\/#\/schema\/logo\/image\/","url":"http:\/\/cdn.bird.ca\/2025\/01\/20212041\/bird-logo-RGB-e1739411338652.png","contentUrl":"http:\/\/cdn.bird.ca\/2025\/01\/20212041\/bird-logo-RGB-e1739411338652.png","width":865,"height":366,"caption":"Bird Construction"},"image":{"@id":"https:\/\/www.bird.ca\/#\/schema\/logo\/image\/"},"sameAs":["https:\/\/www.facebook.com\/people\/Bird-Construction-Inc\/100064108594609\/","https:\/\/www.instagram.com\/birdconstructioninc\/","https:\/\/ca.linkedin.com\/company\/bird-construction-inc"]}]}},"_links":{"self":[{"href":"http:\/\/www.bird.ca\/fr\/wp-json\/wp\/v2\/pages\/1661","targetHints":{"allow":["GET"]}}],"collection":[{"href":"http:\/\/www.bird.ca\/fr\/wp-json\/wp\/v2\/pages"}],"about":[{"href":"http:\/\/www.bird.ca\/fr\/wp-json\/wp\/v2\/types\/page"}],"author":[{"embeddable":true,"href":"http:\/\/www.bird.ca\/fr\/wp-json\/wp\/v2\/users\/1"}],"replies":[{"embeddable":true,"href":"http:\/\/www.bird.ca\/fr\/wp-json\/wp\/v2\/comments?post=1661"}],"version-history":[{"count":7,"href":"http:\/\/www.bird.ca\/fr\/wp-json\/wp\/v2\/pages\/1661\/revisions"}],"predecessor-version":[{"id":7122,"href":"http:\/\/www.bird.ca\/fr\/wp-json\/wp\/v2\/pages\/1661\/revisions\/7122"}],"up":[{"embeddable":true,"href":"http:\/\/www.bird.ca\/fr\/wp-json\/wp\/v2\/pages\/910"}],"wp:featuredmedia":[{"embeddable":true,"href":"http:\/\/www.bird.ca\/fr\/wp-json\/wp\/v2\/media\/1615"}],"wp:attachment":[{"href":"http:\/\/www.bird.ca\/fr\/wp-json\/wp\/v2\/media?parent=1661"}],"curies":[{"name":"wp","href":"https:\/\/api.w.org\/{rel}","templated":true}]}}