{"id":1269,"date":"2025-02-12T11:39:38","date_gmt":"2025-02-12T11:39:38","guid":{"rendered":"https:\/\/www.bird.ca\/?page_id=1269"},"modified":"2025-09-10T13:43:38","modified_gmt":"2025-09-10T13:43:38","slug":"produits-chimiques","status":"publish","type":"page","link":"https:\/\/www.bird.ca\/fr\/project-experience\/chemicals\/","title":{"rendered":"Produits chimiques et combustibles, P\u00e9trole et gaz"},"content":{"rendered":"<div class=\"wp-block-create-block-hero-static\">\n\t<div class=\"hero-banner\">\n\t\t\t\t\t<img loading=\"lazy\" decoding=\"async\" width=\"2560\" height=\"900\" src=\"https:\/\/cdn.bird.ca\/2025\/02\/20211751\/market_sector_website_banners_oil_gas_2-2560x900.jpg\" class=\"attachment-banner-size size-banner-size\" alt=\"Une installation industrielle avec des syst\u00e8mes de tuyauterie complexes, de grands r\u00e9servoirs m\u00e9talliques et des machines vertes reli\u00e9es par d&#039;\u00e9pais tuyaux blancs, avec un sol en caillebotis m\u00e9tallique et diverses vannes de contr\u00f4le.\" sizes=\"auto, 100vw\" \/>\n\t\t\t\t\t\t\t<div class=\"hero-banner__overlay\"><\/div>\n\t\t\t\n\t\t\t\t\t\t\t<div class=\"hero-banner__content\">\n\t\t\t\t\t<h1 class=\"hero-banner__title\">Produits chimiques et combustibles, P\u00e9trole et gaz<\/h1>\n\t\t\t\t<\/div>\n\t\t\t\t\t\t<\/div>\n<\/div>\n\n\n<div style=\"height:100px\" aria-hidden=\"true\" class=\"wp-block-spacer is-style-entry-space\"><\/div>\n\n\n<div class=\"breadcrumb-block wp-block-create-block-breadcrumb-block\">\n\t\t\t\t\t<nav class=\"breadcrumb\" aria-label=\"Fil d&#039;Ariane\">\n\t\t\t<ol class=\"breadcrumb-list\">\n\t\t\t\t\t\t\t\t\t<li class=\"breadcrumb-item\"><a href=\"https:\/\/www.bird.ca\/fr\/\">Accueil<\/a><\/li>\t\t\t\t\t\t\t<\/ol>\n\t\t<\/nav>\n\t<\/div>\n\n\n<div class=\"wp-block-group is-layout-constrained wp-block-group-is-layout-constrained\" style=\"margin-top:var(--wp--preset--spacing--50)\">\n<div class=\"wp-block-columns gap: 100px; is-style-card-column is-layout-flex wp-container-core-columns-is-layout-28f84493 wp-block-columns-is-layout-flex\">\n<div class=\"wp-block-column is-vertically-aligned-top is-layout-flow wp-block-column-is-layout-flow\">\n<h1 class=\"wp-block-heading has-text-align-left is-style-bird-h2\">Produits chimiques et combustibles, P\u00e9trole et gaz<\/h1>\n\n\n\n<p class=\"has-text-align-left is-style-bird-body\" style=\"font-size:1rem\">Dans le secteur amont, nous nous concentrons sur les processus d'extraction, en employant des techniques et des technologies de pointe pour optimiser l'extraction des ressources tout en minimisant l'impact sur l'environnement. Nos services interm\u00e9diaires englobent les solutions de transport et le stockage du carbone, en tirant parti d'une infrastructure de pointe pour assurer un transport efficace et respectueux de l'environnement des ressources. Dans le secteur Downstream, nous excellons dans le traitement, transformant les mati\u00e8res premi\u00e8res en produits finis de valeur avec pr\u00e9cision et soin.<\/p>\n\n\n\n<p class=\"is-style-bird-body\">Nos services s'\u00e9tendent \u00e0 l'industrie chimique, o\u00f9 nous appliquons nos connaissances approfondies dans la gestion de processus et d'op\u00e9rations chimiques complexes. Nous contribuons \u00e9galement aux initiatives en mati\u00e8re d'\u00e9nergie durable en participant aux projets Blue Hydrogen, qui soutiennent la transition vers des carburants alternatifs plus propres.<\/p>\n\n\n\n<p class=\"is-style-bird-body\">Nos comp\u00e9tences de base comprennent la fabrication, la tuyauterie, l'installation d'\u00e9quipements, la charpente m\u00e9tallique, le terrassement, le b\u00e9ton, l'\u00e9lectricit\u00e9, l'instrumentation et les syst\u00e8mes SCADA. Ces capacit\u00e9s nous permettent de fournir des solutions rentables et coh\u00e9rentes qui couvrent les phases de construction, d'exploitation et de maintenance.<\/p>\n\n\n\n<p class=\"is-style-bird-body\">Bird est fi\u00e8re de sa sp\u00e9cialisation dans le d\u00e9veloppement et le d\u00e9ploiement de services efficaces de creusement de tranch\u00e9es en une seule passe. Cela comprend l'installation de pipelines en composite et en acier, l'installation de conduites d'eau en PEHD, le forage directionnel horizontal et la mise en place de syst\u00e8mes de protection cathodique et de c\u00e2bles \u00e9lectriques.<\/p>\n\n\n\n<p class=\"has-text-align-left is-style-bird-body\" style=\"font-size:1rem\">Notre approche est collaborative et bas\u00e9e sur des solutions, adapt\u00e9es aux processus et proc\u00e9dures sp\u00e9cifiques de chaque client. Ce mod\u00e8le centr\u00e9 sur le client nous permet de mener \u00e0 bien des projets, de favoriser une \u00e9volution positive de l'industrie et d'\u00e9tablir de nouvelles r\u00e9f\u00e9rences dans les secteurs des produits chimiques et des carburants, ainsi que du p\u00e9trole et du gaz.<\/p>\n<\/div>\n\n\n\n<div class=\"wp-block-column is-layout-flow wp-block-column-is-layout-flow\">\n<figure class=\"wp-block-image size-full is-style-image-shadow-right\"><img decoding=\"async\" src=\"https:\/\/cdn.bird.ca\/2025\/09\/10134028\/chem-fuels-oil-and-gass-process.jpg\" alt=\"Un r\u00e9seau complexe de tuyaux et de vannes industriels en m\u00e9tal brillant en plein air, entour\u00e9 d&#039;arbres et sous un ciel partiellement nuageux. L&#039;\u00e9quipement semble faire partie d&#039;une installation de traitement ou de raffinage.\" class=\"wp-image-9854\"\/><\/figure>\n<\/div>\n<\/div>\n<\/div>\n\n\n\n<div style=\"height:100px\" aria-hidden=\"true\" class=\"wp-block-spacer is-style-entry-space\"><\/div>\n\n\n\n<h2 class=\"wp-block-heading is-style-bird-h3\" id=\"h-explore-our-oil-gas-lng-amp-chemicals-projects\">D\u00e9couvrez nos projets dans les domaines du p\u00e9trole, du gaz, du GNL et de la chimie<\/h2>\n\n\n<div class=\"post-list-filters-block wp-block-create-block-post-list-filters\"\tdata-post-type=\"projects\" data-button-taxonomy=\"market\"\n\tdata-button-parent-term=\"94\">\n\t<div class=\"filter-buttons\"><button class=\"filter-button all\" data-term-id=\"\" data-taxonomy=\"market\">Tous<\/button><button class=\"filter-button disabled\" data-term-id=\"316\" data-taxonomy=\"market\" disabled>Production de biocarburants<\/button><button class=\"filter-button disabled\" data-term-id=\"317\" data-taxonomy=\"market\" disabled>Hydrog\u00e8ne bleu<\/button><button class=\"filter-button disabled\" data-term-id=\"319\" data-taxonomy=\"market\" disabled>Capture, utilisation et stockage du carbone (CCUS)<\/button><button class=\"filter-button\" data-term-id=\"97\" data-taxonomy=\"market\">Produits chimiques, en amont (extraction)<\/button><button class=\"filter-button disabled\" data-term-id=\"95\" data-taxonomy=\"market\" disabled>En aval (traitement)<\/button><button class=\"filter-button\" data-term-id=\"318\" data-taxonomy=\"market\">Hydrog\u00e8ne vert<\/button><button class=\"filter-button\" data-term-id=\"96\" data-taxonomy=\"market\">Secteur interm\u00e9diaire (transport et stockage du carbone)<\/button><\/div><div class=\"dropdown-filters\"><div class=\"dropdown-filter\"><div class=\"dropdown-group\"><select class=\"filter-dropdown\" id=\"filter-dropdown-0\" data-filter-index=\"0\" data-taxonomy=\"location\"  title=\"Filtrer par provinces\" aria-label=\"Filtrer par provinces\"><option value=\"\" disabled selected>Provinces<\/option><option value=\"\">Tous<\/option><option value=\"135\">Alberta<\/option><option value=\"141\">Colombie-Britannique<\/option><option value=\"145\">Manitoba<\/option><option value=\"148\">Nouveau-Brunswick<\/option><option value=\"149\">Terre-Neuve et Labrador<\/option><option value=\"158\">Nord<\/option><option value=\"150\">Nouvelle-\u00c9cosse<\/option><option value=\"151\">Ontario<\/option><option value=\"155\">Qu\u00e9bec<\/option><option value=\"156\">Saskatchewan<\/option><option value=\"157\">Territoires<\/option><option value=\"458\">Divers sites, Alberta<\/option><\/select><\/div><\/div><div class=\"dropdown-filter\"><div class=\"dropdown-group\"><select class=\"filter-dropdown\" id=\"filter-dropdown-1\" data-filter-index=\"1\" data-taxonomy=\"delivery_model\"  title=\"Filtrer par mod\u00e8les\" aria-label=\"Filtrer par mod\u00e8les\"><option value=\"\" disabled selected>Mod\u00e8les<\/option><option value=\"\">Tous<\/option><option value=\"163\">Gestion de la construction<\/option><option value=\"164\">Conception-construction\/ing\u00e9nierie, approvisionnement, construction<\/option><option value=\"165\">Entreprise g\u00e9n\u00e9rale<\/option><option value=\"166\">Entreprise g\u00e9n\u00e9rale industrielle<\/option><option value=\"167\">Ex\u00e9cution int\u00e9gr\u00e9e des projets<\/option><option value=\"168\">Partenariat public-priv\u00e9<\/option><option value=\"169\">Projets sp\u00e9ciaux<\/option><option value=\"170\">Somme stipul\u00e9e<\/option><option value=\"448\">Prix unitaire<\/option><\/select><\/div><\/div><div class=\"dropdown-filter\"><div class=\"dropdown-group\"><select class=\"filter-dropdown\" id=\"filter-dropdown-2\" data-filter-index=\"2\" data-taxonomy=\"service\"  title=\"Filtrer par tous les services\" aria-label=\"Filtrer par tous les services\"><option value=\"\" disabled selected>Tous les services<\/option><option value=\"\">Tous<\/option><option value=\"172\">BIM\/VDC<\/option><option value=\"173\">Fonds propres<\/option><option value=\"174\">Fabrication<\/option><option value=\"175\">Maintenance industrielle<\/option><option value=\"176\">LEED<sup aria-hidden=\"true\">\u00ae<\/sup><span class=\"screen-reader-text\">enregistr\u00e9<\/span>\/Construction durable<\/option><option value=\"177\">Bois de masse<\/option><option value=\"178\">B\u00e2timents modulaires<\/option><option value=\"179\">Participation des entrepreneurs avant la construction\/au d\u00e9but de la construction<\/option><option value=\"180\">Auto-ex\u00e9cution : Civil<\/option><option value=\"181\">Auto-ex\u00e9cution : Processus<\/option><option value=\"182\">Projets sp\u00e9ciaux<\/option><\/select><\/div><\/div><\/div><div class=\"filtered-posts\"><div class=\"post-grid\"><p>Chargement des projets...<\/p><\/div><\/div><\/div>\n\n\n<div style=\"height:100px\" aria-hidden=\"true\" class=\"wp-block-spacer is-style-entry-space\"><\/div>","protected":false},"excerpt":{"rendered":"<p>Chemicals &amp; Fuels, Oil &amp; Gas In the Upstream sector, we focus on extraction processes, employing advanced techniques and technologies to optimize resource retrieval while minimizing environmental impact. Our Midstream services encompass conveyance solutions and carbon storage, leveraging state-of-the-art infrastructure to ensure efficient and eco-friendly transportation of resources. In the Downstream sector, we excel in [&hellip;]<\/p>\n","protected":false},"author":1,"featured_media":1255,"parent":20,"menu_order":0,"comment_status":"closed","ping_status":"closed","template":"","meta":{"_acf_changed":false,"footnotes":""},"class_list":["post-1269","page","type-page","status-publish","has-post-thumbnail","hentry"],"acf":[],"yoast_head":"<!-- This site is optimized with the Yoast SEO Premium plugin v24.6 (Yoast SEO v27.3) - https:\/\/yoast.com\/product\/yoast-seo-premium-wordpress\/ -->\n<title>Chemicals &amp; Fuels, Oil &amp; Gas | Bird Construction<\/title>\n<meta name=\"description\" content=\"Chemicals &amp; Fuels, Oil &amp; Gas In the Upstream sector, we focus on extraction processes, employing advanced techniques and technologies to optimize\" \/>\n<meta name=\"robots\" content=\"index, follow, max-snippet:-1, max-image-preview:large, max-video-preview:-1\" \/>\n<link rel=\"canonical\" href=\"https:\/\/www.bird.ca\/fr\/experience-du-projet\/produits-chimiques\/\" \/>\n<meta property=\"og:locale\" content=\"fr_CA\" \/>\n<meta property=\"og:type\" content=\"article\" \/>\n<meta property=\"og:title\" content=\"Chemicals &amp; Fuels, Oil &amp; Gas | Bird Construction\" \/>\n<meta property=\"og:description\" content=\"Bird Construction has been providing construction services to a long list of new and repeat clients since 1920.\" \/>\n<meta property=\"og:url\" content=\"https:\/\/www.bird.ca\/fr\/experience-du-projet\/produits-chimiques\/\" \/>\n<meta property=\"og:site_name\" content=\"Bird Construction\" \/>\n<meta property=\"article:publisher\" content=\"https:\/\/www.facebook.com\/people\/Bird-Construction-Inc\/100064108594609\/\" \/>\n<meta property=\"article:modified_time\" content=\"2025-09-10T13:43:38+00:00\" \/>\n<meta property=\"og:image\" content=\"https:\/\/cdn.bird.ca\/2025\/02\/20211751\/market_sector_website_banners_oil_gas_2.jpg\" \/>\n\t<meta property=\"og:image:width\" content=\"2560\" \/>\n\t<meta property=\"og:image:height\" content=\"933\" \/>\n\t<meta property=\"og:image:type\" content=\"image\/jpeg\" \/>\n<meta name=\"twitter:card\" content=\"summary_large_image\" \/>\n<meta name=\"twitter:label1\" content=\"Estimation du temps de lecture\" \/>\n\t<meta name=\"twitter:data1\" content=\"2 minutes\" \/>\n<script type=\"application\/ld+json\" class=\"yoast-schema-graph\">{\"@context\":\"https:\\\/\\\/schema.org\",\"@graph\":[{\"@type\":\"WebPage\",\"@id\":\"https:\\\/\\\/www.bird.ca\\\/project-experience\\\/chemicals\\\/\",\"url\":\"https:\\\/\\\/www.bird.ca\\\/project-experience\\\/chemicals\\\/\",\"name\":\"Chemicals &amp; Fuels, Oil &amp; Gas | Bird Construction\",\"isPartOf\":{\"@id\":\"https:\\\/\\\/www.bird.ca\\\/#website\"},\"primaryImageOfPage\":{\"@id\":\"https:\\\/\\\/www.bird.ca\\\/project-experience\\\/chemicals\\\/#primaryimage\"},\"image\":{\"@id\":\"https:\\\/\\\/www.bird.ca\\\/project-experience\\\/chemicals\\\/#primaryimage\"},\"thumbnailUrl\":\"https:\\\/\\\/cdn.bird.ca\\\/2025\\\/02\\\/20211751\\\/market_sector_website_banners_oil_gas_2.jpg\",\"datePublished\":\"2025-02-12T11:39:38+00:00\",\"dateModified\":\"2025-09-10T13:43:38+00:00\",\"description\":\"Chemicals &amp; Fuels, Oil &amp; Gas In the Upstream sector, we focus on extraction processes, employing advanced techniques and technologies to optimize\",\"breadcrumb\":{\"@id\":\"https:\\\/\\\/www.bird.ca\\\/project-experience\\\/chemicals\\\/#breadcrumb\"},\"inLanguage\":\"fr-CA\",\"potentialAction\":[{\"@type\":\"ReadAction\",\"target\":[\"https:\\\/\\\/www.bird.ca\\\/project-experience\\\/chemicals\\\/\"]}]},{\"@type\":\"ImageObject\",\"inLanguage\":\"fr-CA\",\"@id\":\"https:\\\/\\\/www.bird.ca\\\/project-experience\\\/chemicals\\\/#primaryimage\",\"url\":\"https:\\\/\\\/cdn.bird.ca\\\/2025\\\/02\\\/20211751\\\/market_sector_website_banners_oil_gas_2.jpg\",\"contentUrl\":\"https:\\\/\\\/cdn.bird.ca\\\/2025\\\/02\\\/20211751\\\/market_sector_website_banners_oil_gas_2.jpg\",\"width\":2560,\"height\":933,\"caption\":\"An industrial facility with complex piping systems, large metal tanks, and green machinery connected by thick white pipes, featuring a metal grated floor and various control valves.\"},{\"@type\":\"BreadcrumbList\",\"@id\":\"https:\\\/\\\/www.bird.ca\\\/project-experience\\\/chemicals\\\/#breadcrumb\",\"itemListElement\":[{\"@type\":\"ListItem\",\"position\":1,\"name\":\"Home\",\"item\":\"https:\\\/\\\/www.bird.ca\\\/\"},{\"@type\":\"ListItem\",\"position\":2,\"name\":\"Project Experience\",\"item\":\"https:\\\/\\\/www.bird.ca\\\/project-experience\\\/\"},{\"@type\":\"ListItem\",\"position\":3,\"name\":\"Chemicals &amp; Fuels, Oil &amp; Gas\"}]},{\"@type\":\"WebSite\",\"@id\":\"https:\\\/\\\/www.bird.ca\\\/#website\",\"url\":\"https:\\\/\\\/www.bird.ca\\\/\",\"name\":\"Bird Construction\",\"description\":\"\",\"publisher\":{\"@id\":\"https:\\\/\\\/www.bird.ca\\\/#organization\"},\"potentialAction\":[{\"@type\":\"SearchAction\",\"target\":{\"@type\":\"EntryPoint\",\"urlTemplate\":\"https:\\\/\\\/www.bird.ca\\\/?s={search_term_string}\"},\"query-input\":{\"@type\":\"PropertyValueSpecification\",\"valueRequired\":true,\"valueName\":\"search_term_string\"}}],\"inLanguage\":\"fr-CA\"},{\"@type\":\"Organization\",\"@id\":\"https:\\\/\\\/www.bird.ca\\\/#organization\",\"name\":\"Bird Construction\",\"url\":\"https:\\\/\\\/www.bird.ca\\\/\",\"logo\":{\"@type\":\"ImageObject\",\"inLanguage\":\"fr-CA\",\"@id\":\"https:\\\/\\\/www.bird.ca\\\/#\\\/schema\\\/logo\\\/image\\\/\",\"url\":\"https:\\\/\\\/cdn.bird.ca\\\/2025\\\/01\\\/20212041\\\/bird-logo-RGB-e1739411338652.png\",\"contentUrl\":\"https:\\\/\\\/cdn.bird.ca\\\/2025\\\/01\\\/20212041\\\/bird-logo-RGB-e1739411338652.png\",\"width\":865,\"height\":366,\"caption\":\"Bird Construction\"},\"image\":{\"@id\":\"https:\\\/\\\/www.bird.ca\\\/#\\\/schema\\\/logo\\\/image\\\/\"},\"sameAs\":[\"https:\\\/\\\/www.facebook.com\\\/people\\\/Bird-Construction-Inc\\\/100064108594609\\\/\",\"https:\\\/\\\/www.instagram.com\\\/birdconstructioninc\\\/\",\"https:\\\/\\\/ca.linkedin.com\\\/company\\\/bird-construction-inc\"]}]}<\/script>\n<!-- \/ Yoast SEO Premium plugin. -->","yoast_head_json":{"title":"Produits chimiques et combustibles, p\u00e9trole et gaz | Construction d'oiseaux","description":"Produits chimiques et combustibles, p\u00e9trole et gaz Dans le secteur amont, nous nous concentrons sur les processus d'extraction, en utilisant des techniques et des technologies de pointe pour optimiser les processus d'extraction.","robots":{"index":"index","follow":"follow","max-snippet":"max-snippet:-1","max-image-preview":"max-image-preview:large","max-video-preview":"max-video-preview:-1"},"canonical":"https:\/\/www.bird.ca\/fr\/experience-du-projet\/produits-chimiques\/","og_locale":"fr_CA","og_type":"article","og_title":"Chemicals &amp; Fuels, Oil &amp; Gas | Bird Construction","og_description":"Bird Construction has been providing construction services to a long list of new and repeat clients since 1920.","og_url":"https:\/\/www.bird.ca\/fr\/experience-du-projet\/produits-chimiques\/","og_site_name":"Bird Construction","article_publisher":"https:\/\/www.facebook.com\/people\/Bird-Construction-Inc\/100064108594609\/","article_modified_time":"2025-09-10T13:43:38+00:00","og_image":[{"width":2560,"height":933,"url":"https:\/\/cdn.bird.ca\/2025\/02\/20211751\/market_sector_website_banners_oil_gas_2.jpg","type":"image\/jpeg"}],"twitter_card":"summary_large_image","twitter_misc":{"Estimation du temps de lecture":"2 minutes"},"schema":{"@context":"https:\/\/schema.org","@graph":[{"@type":"WebPage","@id":"https:\/\/www.bird.ca\/project-experience\/chemicals\/","url":"https:\/\/www.bird.ca\/project-experience\/chemicals\/","name":"Produits chimiques et combustibles, p\u00e9trole et gaz | Construction d'oiseaux","isPartOf":{"@id":"https:\/\/www.bird.ca\/#website"},"primaryImageOfPage":{"@id":"https:\/\/www.bird.ca\/project-experience\/chemicals\/#primaryimage"},"image":{"@id":"https:\/\/www.bird.ca\/project-experience\/chemicals\/#primaryimage"},"thumbnailUrl":"https:\/\/cdn.bird.ca\/2025\/02\/20211751\/market_sector_website_banners_oil_gas_2.jpg","datePublished":"2025-02-12T11:39:38+00:00","dateModified":"2025-09-10T13:43:38+00:00","description":"Produits chimiques et combustibles, p\u00e9trole et gaz Dans le secteur amont, nous nous concentrons sur les processus d'extraction, en utilisant des techniques et des technologies de pointe pour optimiser les processus d'extraction.","breadcrumb":{"@id":"https:\/\/www.bird.ca\/project-experience\/chemicals\/#breadcrumb"},"inLanguage":"fr-CA","potentialAction":[{"@type":"ReadAction","target":["https:\/\/www.bird.ca\/project-experience\/chemicals\/"]}]},{"@type":"ImageObject","inLanguage":"fr-CA","@id":"https:\/\/www.bird.ca\/project-experience\/chemicals\/#primaryimage","url":"https:\/\/cdn.bird.ca\/2025\/02\/20211751\/market_sector_website_banners_oil_gas_2.jpg","contentUrl":"https:\/\/cdn.bird.ca\/2025\/02\/20211751\/market_sector_website_banners_oil_gas_2.jpg","width":2560,"height":933,"caption":"An industrial facility with complex piping systems, large metal tanks, and green machinery connected by thick white pipes, featuring a metal grated floor and various control valves."},{"@type":"BreadcrumbList","@id":"https:\/\/www.bird.ca\/project-experience\/chemicals\/#breadcrumb","itemListElement":[{"@type":"ListItem","position":1,"name":"Home","item":"https:\/\/www.bird.ca\/"},{"@type":"ListItem","position":2,"name":"Project Experience","item":"https:\/\/www.bird.ca\/project-experience\/"},{"@type":"ListItem","position":3,"name":"Chemicals &amp; Fuels, Oil &amp; Gas"}]},{"@type":"WebSite","@id":"https:\/\/www.bird.ca\/#website","url":"https:\/\/www.bird.ca\/","name":"Bird Construction","description":"","publisher":{"@id":"https:\/\/www.bird.ca\/#organization"},"potentialAction":[{"@type":"SearchAction","target":{"@type":"EntryPoint","urlTemplate":"https:\/\/www.bird.ca\/?s={search_term_string}"},"query-input":{"@type":"PropertyValueSpecification","valueRequired":true,"valueName":"search_term_string"}}],"inLanguage":"fr-CA"},{"@type":"Organization","@id":"https:\/\/www.bird.ca\/#organization","name":"Bird Construction","url":"https:\/\/www.bird.ca\/","logo":{"@type":"ImageObject","inLanguage":"fr-CA","@id":"https:\/\/www.bird.ca\/#\/schema\/logo\/image\/","url":"https:\/\/cdn.bird.ca\/2025\/01\/20212041\/bird-logo-RGB-e1739411338652.png","contentUrl":"https:\/\/cdn.bird.ca\/2025\/01\/20212041\/bird-logo-RGB-e1739411338652.png","width":865,"height":366,"caption":"Bird Construction"},"image":{"@id":"https:\/\/www.bird.ca\/#\/schema\/logo\/image\/"},"sameAs":["https:\/\/www.facebook.com\/people\/Bird-Construction-Inc\/100064108594609\/","https:\/\/www.instagram.com\/birdconstructioninc\/","https:\/\/ca.linkedin.com\/company\/bird-construction-inc"]}]}},"_links":{"self":[{"href":"https:\/\/www.bird.ca\/fr\/wp-json\/wp\/v2\/pages\/1269","targetHints":{"allow":["GET"]}}],"collection":[{"href":"https:\/\/www.bird.ca\/fr\/wp-json\/wp\/v2\/pages"}],"about":[{"href":"https:\/\/www.bird.ca\/fr\/wp-json\/wp\/v2\/types\/page"}],"author":[{"embeddable":true,"href":"https:\/\/www.bird.ca\/fr\/wp-json\/wp\/v2\/users\/1"}],"replies":[{"embeddable":true,"href":"https:\/\/www.bird.ca\/fr\/wp-json\/wp\/v2\/comments?post=1269"}],"version-history":[{"count":10,"href":"https:\/\/www.bird.ca\/fr\/wp-json\/wp\/v2\/pages\/1269\/revisions"}],"predecessor-version":[{"id":9856,"href":"https:\/\/www.bird.ca\/fr\/wp-json\/wp\/v2\/pages\/1269\/revisions\/9856"}],"up":[{"embeddable":true,"href":"https:\/\/www.bird.ca\/fr\/wp-json\/wp\/v2\/pages\/20"}],"wp:featuredmedia":[{"embeddable":true,"href":"https:\/\/www.bird.ca\/fr\/wp-json\/wp\/v2\/media\/1255"}],"wp:attachment":[{"href":"https:\/\/www.bird.ca\/fr\/wp-json\/wp\/v2\/media?parent=1269"}],"curies":[{"name":"wp","href":"https:\/\/api.w.org\/{rel}","templated":true}]}}