{"id":1280,"date":"2025-02-12T11:49:33","date_gmt":"2025-02-12T11:49:33","guid":{"rendered":"https:\/\/www.bird.ca\/?page_id=1280"},"modified":"2025-06-17T19:02:44","modified_gmt":"2025-06-17T19:02:44","slug":"lexploitation-miniere","status":"publish","type":"page","link":"https:\/\/www.bird.ca\/fr\/project-experience\/mining\/","title":{"rendered":"Exploitation mini\u00e8re et traitement des minerais"},"content":{"rendered":"<div class=\"wp-block-create-block-hero-static\">\n\t<div class=\"hero-banner\">\n\t\t\t\t\t<img loading=\"lazy\" decoding=\"async\" width=\"2560\" height=\"900\" src=\"https:\/\/cdn.bird.ca\/2025\/02\/20211756\/market-sector_website-banners_mining-2560x900.jpg\" class=\"attachment-banner-size size-banner-size\" alt=\"Deux travailleurs en tenue de s\u00e9curit\u00e9 observent une grande pelleteuse qui charge de la terre dans un camion-benne sur un chantier de construction ; \u00e0 c\u00f4t\u00e9 se trouve l&#039;int\u00e9rieur d&#039;un b\u00e2timent industriel avec des machines et des garde-corps jaunes.\" sizes=\"auto, 100vw\" \/>\n\t\t\t\t\t\t\t<div class=\"hero-banner__overlay\"><\/div>\n\t\t\t\n\t\t\t\t\t\t\t<div class=\"hero-banner__content\">\n\t\t\t\t\t<h1 class=\"hero-banner__title\">Exploitation mini\u00e8re et traitement des minerais<\/h1>\n\t\t\t\t<\/div>\n\t\t\t\t\t\t<\/div>\n<\/div>\n\n\n<div style=\"height:100px\" aria-hidden=\"true\" class=\"wp-block-spacer is-style-entry-space\"><\/div>\n\n\n<div class=\"breadcrumb-block wp-block-create-block-breadcrumb-block\">\n\t\t\t\t\t<nav class=\"breadcrumb\" aria-label=\"Fil d&#039;Ariane\">\n\t\t\t<ol class=\"breadcrumb-list\">\n\t\t\t\t\t\t\t\t\t<li class=\"breadcrumb-item\"><a href=\"https:\/\/www.bird.ca\/fr\/\">Accueil<\/a><\/li>\t\t\t\t\t\t\t<\/ol>\n\t\t<\/nav>\n\t<\/div>\n\n\n<div class=\"wp-block-group is-layout-constrained wp-block-group-is-layout-constrained\" style=\"margin-top:var(--wp--preset--spacing--50)\">\n<div class=\"wp-block-columns gap: 100px; is-style-card-column is-layout-flex wp-container-core-columns-is-layout-28f84493 wp-block-columns-is-layout-flex\">\n<div class=\"wp-block-column is-vertically-aligned-top is-layout-flow wp-block-column-is-layout-flow\">\n<h1 class=\"wp-block-heading has-text-align-left is-style-bird-h2\">Exploitation mini\u00e8re et traitement des minerais<\/h1>\n\n\n\n<p class=\"has-text-align-left is-style-bird-body\" style=\"font-size:1rem\">\u00c0 l'avant-garde de l'industrie mini\u00e8re et du traitement des minerais au Canada, notre entreprise se distingue par une expertise in\u00e9gal\u00e9e et une approche dynamique, au service d'une gamme vari\u00e9e de secteurs, notamment le charbon, les diamants, l'or, le minerai de fer, le cuivre, le nickel et la potasse. Forts d'une exp\u00e9rience pratique couvrant l'exploitation mini\u00e8re sous contrat, le d\u00e9veloppement d'usines de traitement et la construction et la gestion de digues \u00e0 r\u00e9sidus, nous nous effor\u00e7ons non seulement de remuer la terre, mais aussi de faire progresser les m\u00e9thodes d'extraction et de traitement des ressources, en accordant la priorit\u00e9 \u00e0 l'efficacit\u00e9 et \u00e0 la durabilit\u00e9 \u00e0 chaque \u00e9tape.<\/p>\n\n\n\n<p class=\"is-style-bird-body\">Notre engagement en faveur de l'excellence se traduit par une gestion pr\u00e9cise de processus complexes, allant du concassage et du broyage \u00e0 l'utilisation de cellules de flottation et d'\u00e9paississeurs de pointe, ce qui permet d'accro\u00eetre la valeur et la puret\u00e9 des min\u00e9raux destin\u00e9s aux march\u00e9s mondiaux.<\/p>\n\n\n\n<p class=\"is-style-bird-body\">Notre capacit\u00e9 d'adaptation et nos comp\u00e9tences \u00e9tendues s'illustrent dans diverses m\u00e9thodes d'exploitation mini\u00e8re, y compris le d\u00e9capage des morts-terrains, la construction de projets civils lourds et les services publics souterrains. Nous sommes fiers de proposer des solutions qui vont au-del\u00e0 de l'extraction de minerais et qui englobent le d\u00e9veloppement de l'infrastructure mini\u00e8re, les usines de pr\u00e9paration du minerai et les structures de contr\u00f4le de l'environnement. Cette vaste expertise souligne notre d\u00e9vouement au secteur minier et notre r\u00f4le dans le renforcement de la position du Canada dans le paysage minier mondial.<\/p>\n\n\n\n<p class=\"has-text-align-left is-style-bird-body\" style=\"font-size:1rem\">Gr\u00e2ce \u00e0 des partenariats de collaboration avec des clients miniers de premier plan, nous avons forg\u00e9 un h\u00e9ritage de succ\u00e8s, en encourageant l'innovation, la s\u00e9curit\u00e9 et la gestion de l'environnement pour fa\u00e7onner l'avenir de l'exploitation mini\u00e8re et du traitement des minerais.<\/p>\n<\/div>\n\n\n\n<div class=\"wp-block-column is-layout-flow wp-block-column-is-layout-flow\">\n<figure class=\"wp-block-image size-full is-style-image-shadow-right\"><img loading=\"lazy\" decoding=\"async\" width=\"1000\" height=\"666\" src=\"https:\/\/cdn.bird.ca\/2025\/02\/20211830\/pauls-peak-mine.jpg\" alt=\"Une grande mine \u00e0 ciel ouvert avec des pentes en terrasses et des couches de terre et de roche expos\u00e9es, pr\u00e9sentant diverses nuances de brun, de rouge et de gris sous un ciel partiellement nuageux.\" class=\"wp-image-1191\" srcset=\"https:\/\/cdn.bird.ca\/2025\/02\/20211830\/pauls-peak-mine.jpg 1000w, https:\/\/cdn.bird.ca\/2025\/02\/20211830\/pauls-peak-mine-300x200.jpg 300w, https:\/\/cdn.bird.ca\/2025\/02\/20211830\/pauls-peak-mine-768x511.jpg 768w\" sizes=\"auto, (max-width: 1000px) 100vw, 1000px\" \/><\/figure>\n<\/div>\n<\/div>\n<\/div>\n\n\n\n<div style=\"height:100px\" aria-hidden=\"true\" class=\"wp-block-spacer is-style-entry-space\"><\/div>\n\n\n\n<h2 class=\"wp-block-heading is-style-bird-h3\" id=\"h-explore-our-mining-amp-mineral-processing-projects\">D\u00e9couvrez nos projets d'exploitation mini\u00e8re et de traitement des minerais<\/h2>\n\n\n<div class=\"post-list-filters-block wp-block-create-block-post-list-filters\"\tdata-post-type=\"projects\" data-button-taxonomy=\"market\"\n\tdata-button-parent-term=\"112\">\n\t<div class=\"dropdown-filters\"><div class=\"dropdown-filter\"><div class=\"dropdown-group\"><select class=\"filter-dropdown\" id=\"filter-dropdown-0\" data-filter-index=\"0\" data-taxonomy=\"location\"  title=\"Filtrer par provinces\" aria-label=\"Filtrer par provinces\"><option value=\"\" disabled selected>Provinces<\/option><option value=\"\">Tous<\/option><option value=\"135\">Alberta<\/option><option value=\"141\">Colombie-Britannique<\/option><option value=\"145\">Manitoba<\/option><option value=\"148\">Nouveau-Brunswick<\/option><option value=\"149\">Terre-Neuve et Labrador<\/option><option value=\"158\">Nord<\/option><option value=\"150\">Nouvelle-\u00c9cosse<\/option><option value=\"151\">Ontario<\/option><option value=\"155\">Qu\u00e9bec<\/option><option value=\"156\">Saskatchewan<\/option><option value=\"157\">Territoires<\/option><option value=\"458\">Divers sites, Alberta<\/option><\/select><\/div><\/div><div class=\"dropdown-filter\"><div class=\"dropdown-group\"><select class=\"filter-dropdown\" id=\"filter-dropdown-1\" data-filter-index=\"1\" data-taxonomy=\"delivery_model\"  title=\"Filtrer par mod\u00e8les\" aria-label=\"Filtrer par mod\u00e8les\"><option value=\"\" disabled selected>Mod\u00e8les<\/option><option value=\"\">Tous<\/option><option value=\"163\">Gestion de la construction<\/option><option value=\"164\">Conception-construction\/ing\u00e9nierie, approvisionnement, construction<\/option><option value=\"165\">Entreprise g\u00e9n\u00e9rale<\/option><option value=\"166\">Entreprise g\u00e9n\u00e9rale industrielle<\/option><option value=\"167\">Ex\u00e9cution int\u00e9gr\u00e9e des projets<\/option><option value=\"168\">Partenariat public-priv\u00e9<\/option><option value=\"169\">Projets sp\u00e9ciaux<\/option><option value=\"170\">Somme stipul\u00e9e<\/option><option value=\"448\">Prix unitaire<\/option><\/select><\/div><\/div><div class=\"dropdown-filter\"><div class=\"dropdown-group\"><select class=\"filter-dropdown\" id=\"filter-dropdown-2\" data-filter-index=\"2\" data-taxonomy=\"service\"  title=\"Filtrer par tous les services\" aria-label=\"Filtrer par tous les services\"><option value=\"\" disabled selected>Tous les services<\/option><option value=\"\">Tous<\/option><option value=\"172\">BIM\/VDC<\/option><option value=\"173\">Fonds propres<\/option><option value=\"174\">Fabrication<\/option><option value=\"175\">Maintenance industrielle<\/option><option value=\"176\">LEED<sup aria-hidden=\"true\">\u00ae<\/sup><span class=\"screen-reader-text\">enregistr\u00e9<\/span>\/Construction durable<\/option><option value=\"177\">Bois de masse<\/option><option value=\"178\">B\u00e2timents modulaires<\/option><option value=\"179\">Participation des entrepreneurs avant la construction\/au d\u00e9but de la construction<\/option><option value=\"180\">Auto-ex\u00e9cution : Civil<\/option><option value=\"181\">Auto-ex\u00e9cution : Processus<\/option><option value=\"182\">Projets sp\u00e9ciaux<\/option><\/select><\/div><\/div><\/div><div class=\"filtered-posts\"><div class=\"post-grid\"><p>Chargement des projets...<\/p><\/div><\/div><\/div>\n\n\n<div style=\"height:100px\" aria-hidden=\"true\" class=\"wp-block-spacer is-style-entry-space\"><\/div>","protected":false},"excerpt":{"rendered":"<p>Mining &amp; Mineral Processing At the forefront of Canada&#8217;s mining and mineral processing industry, our company distinguishes itself with unparalleled expertise and a dynamic approach, serving a diverse range of sectors including coal, diamonds, gold, iron ore, copper, nickel, and potash. With hands-on experience spanning contract mining, processing plant development, and tailings dam construction and [&hellip;]<\/p>\n","protected":false},"author":1,"featured_media":1254,"parent":20,"menu_order":0,"comment_status":"closed","ping_status":"closed","template":"","meta":{"_acf_changed":false,"footnotes":""},"class_list":["post-1280","page","type-page","status-publish","has-post-thumbnail","hentry"],"acf":[],"yoast_head":"<!-- This site is optimized with the Yoast SEO Premium plugin v24.6 (Yoast SEO v27.3) - https:\/\/yoast.com\/product\/yoast-seo-premium-wordpress\/ -->\n<title>Mining &amp; Mineral Processing | Bird Construction<\/title>\n<meta name=\"description\" content=\"Mining &amp; Mineral Processing At the forefront of Canada&#039;s mining and mineral processing industry, our company distinguishes itself with unparalleled\" \/>\n<meta name=\"robots\" content=\"index, follow, max-snippet:-1, max-image-preview:large, max-video-preview:-1\" \/>\n<link rel=\"canonical\" href=\"https:\/\/www.bird.ca\/fr\/experience-du-projet\/lexploitation-miniere\/\" \/>\n<meta property=\"og:locale\" content=\"fr_CA\" \/>\n<meta property=\"og:type\" content=\"article\" \/>\n<meta property=\"og:title\" content=\"Mining &amp; Mineral Processing | Bird Construction\" \/>\n<meta property=\"og:description\" content=\"Bird Construction has been providing construction services to a long list of new and repeat clients since 1920.\" \/>\n<meta property=\"og:url\" content=\"https:\/\/www.bird.ca\/fr\/experience-du-projet\/lexploitation-miniere\/\" \/>\n<meta property=\"og:site_name\" content=\"Bird Construction\" \/>\n<meta property=\"article:publisher\" content=\"https:\/\/www.facebook.com\/people\/Bird-Construction-Inc\/100064108594609\/\" \/>\n<meta property=\"article:modified_time\" content=\"2025-06-17T19:02:44+00:00\" \/>\n<meta property=\"og:image\" content=\"https:\/\/cdn.bird.ca\/2025\/02\/20211756\/market-sector_website-banners_mining.jpg\" \/>\n\t<meta property=\"og:image:width\" content=\"2560\" \/>\n\t<meta property=\"og:image:height\" content=\"933\" \/>\n\t<meta property=\"og:image:type\" content=\"image\/jpeg\" \/>\n<meta name=\"twitter:card\" content=\"summary_large_image\" \/>\n<meta name=\"twitter:label1\" content=\"Estimation du temps de lecture\" \/>\n\t<meta name=\"twitter:data1\" content=\"2 minutes\" \/>\n<script type=\"application\/ld+json\" class=\"yoast-schema-graph\">{\"@context\":\"https:\\\/\\\/schema.org\",\"@graph\":[{\"@type\":\"WebPage\",\"@id\":\"https:\\\/\\\/www.bird.ca\\\/project-experience\\\/mining\\\/\",\"url\":\"https:\\\/\\\/www.bird.ca\\\/project-experience\\\/mining\\\/\",\"name\":\"Mining &amp; Mineral Processing | Bird Construction\",\"isPartOf\":{\"@id\":\"https:\\\/\\\/www.bird.ca\\\/#website\"},\"primaryImageOfPage\":{\"@id\":\"https:\\\/\\\/www.bird.ca\\\/project-experience\\\/mining\\\/#primaryimage\"},\"image\":{\"@id\":\"https:\\\/\\\/www.bird.ca\\\/project-experience\\\/mining\\\/#primaryimage\"},\"thumbnailUrl\":\"https:\\\/\\\/cdn.bird.ca\\\/2025\\\/02\\\/20211756\\\/market-sector_website-banners_mining.jpg\",\"datePublished\":\"2025-02-12T11:49:33+00:00\",\"dateModified\":\"2025-06-17T19:02:44+00:00\",\"description\":\"Mining &amp; Mineral Processing At the forefront of Canada's mining and mineral processing industry, our company distinguishes itself with unparalleled\",\"breadcrumb\":{\"@id\":\"https:\\\/\\\/www.bird.ca\\\/project-experience\\\/mining\\\/#breadcrumb\"},\"inLanguage\":\"fr-CA\",\"potentialAction\":[{\"@type\":\"ReadAction\",\"target\":[\"https:\\\/\\\/www.bird.ca\\\/project-experience\\\/mining\\\/\"]}]},{\"@type\":\"ImageObject\",\"inLanguage\":\"fr-CA\",\"@id\":\"https:\\\/\\\/www.bird.ca\\\/project-experience\\\/mining\\\/#primaryimage\",\"url\":\"https:\\\/\\\/cdn.bird.ca\\\/2025\\\/02\\\/20211756\\\/market-sector_website-banners_mining.jpg\",\"contentUrl\":\"https:\\\/\\\/cdn.bird.ca\\\/2025\\\/02\\\/20211756\\\/market-sector_website-banners_mining.jpg\",\"width\":2560,\"height\":933,\"caption\":\"Two workers in safety gear observe a large excavator loading dirt into a dump truck on a construction site; adjacent is the interior of an industrial building with machinery and yellow railings.\"},{\"@type\":\"BreadcrumbList\",\"@id\":\"https:\\\/\\\/www.bird.ca\\\/project-experience\\\/mining\\\/#breadcrumb\",\"itemListElement\":[{\"@type\":\"ListItem\",\"position\":1,\"name\":\"Home\",\"item\":\"https:\\\/\\\/www.bird.ca\\\/\"},{\"@type\":\"ListItem\",\"position\":2,\"name\":\"Project Experience\",\"item\":\"https:\\\/\\\/www.bird.ca\\\/project-experience\\\/\"},{\"@type\":\"ListItem\",\"position\":3,\"name\":\"Mining &amp; Mineral Processing\"}]},{\"@type\":\"WebSite\",\"@id\":\"https:\\\/\\\/www.bird.ca\\\/#website\",\"url\":\"https:\\\/\\\/www.bird.ca\\\/\",\"name\":\"Bird Construction\",\"description\":\"\",\"publisher\":{\"@id\":\"https:\\\/\\\/www.bird.ca\\\/#organization\"},\"potentialAction\":[{\"@type\":\"SearchAction\",\"target\":{\"@type\":\"EntryPoint\",\"urlTemplate\":\"https:\\\/\\\/www.bird.ca\\\/?s={search_term_string}\"},\"query-input\":{\"@type\":\"PropertyValueSpecification\",\"valueRequired\":true,\"valueName\":\"search_term_string\"}}],\"inLanguage\":\"fr-CA\"},{\"@type\":\"Organization\",\"@id\":\"https:\\\/\\\/www.bird.ca\\\/#organization\",\"name\":\"Bird Construction\",\"url\":\"https:\\\/\\\/www.bird.ca\\\/\",\"logo\":{\"@type\":\"ImageObject\",\"inLanguage\":\"fr-CA\",\"@id\":\"https:\\\/\\\/www.bird.ca\\\/#\\\/schema\\\/logo\\\/image\\\/\",\"url\":\"https:\\\/\\\/cdn.bird.ca\\\/2025\\\/01\\\/20212041\\\/bird-logo-RGB-e1739411338652.png\",\"contentUrl\":\"https:\\\/\\\/cdn.bird.ca\\\/2025\\\/01\\\/20212041\\\/bird-logo-RGB-e1739411338652.png\",\"width\":865,\"height\":366,\"caption\":\"Bird Construction\"},\"image\":{\"@id\":\"https:\\\/\\\/www.bird.ca\\\/#\\\/schema\\\/logo\\\/image\\\/\"},\"sameAs\":[\"https:\\\/\\\/www.facebook.com\\\/people\\\/Bird-Construction-Inc\\\/100064108594609\\\/\",\"https:\\\/\\\/www.instagram.com\\\/birdconstructioninc\\\/\",\"https:\\\/\\\/ca.linkedin.com\\\/company\\\/bird-construction-inc\"]}]}<\/script>\n<!-- \/ Yoast SEO Premium plugin. -->","yoast_head_json":{"title":"Exploitation mini\u00e8re et traitement des minerais | Bird Construction","description":"Exploitation mini\u00e8re et traitement des minerais \u00c0 l'avant-garde de l'industrie canadienne de l'exploitation mini\u00e8re et du traitement des minerais, notre entreprise se distingue par des services in\u00e9gal\u00e9s en mati\u00e8re d'exploitation mini\u00e8re et de traitement des minerais.","robots":{"index":"index","follow":"follow","max-snippet":"max-snippet:-1","max-image-preview":"max-image-preview:large","max-video-preview":"max-video-preview:-1"},"canonical":"https:\/\/www.bird.ca\/fr\/experience-du-projet\/lexploitation-miniere\/","og_locale":"fr_CA","og_type":"article","og_title":"Mining &amp; Mineral Processing | Bird Construction","og_description":"Bird Construction has been providing construction services to a long list of new and repeat clients since 1920.","og_url":"https:\/\/www.bird.ca\/fr\/experience-du-projet\/lexploitation-miniere\/","og_site_name":"Bird Construction","article_publisher":"https:\/\/www.facebook.com\/people\/Bird-Construction-Inc\/100064108594609\/","article_modified_time":"2025-06-17T19:02:44+00:00","og_image":[{"width":2560,"height":933,"url":"https:\/\/cdn.bird.ca\/2025\/02\/20211756\/market-sector_website-banners_mining.jpg","type":"image\/jpeg"}],"twitter_card":"summary_large_image","twitter_misc":{"Estimation du temps de lecture":"2 minutes"},"schema":{"@context":"https:\/\/schema.org","@graph":[{"@type":"WebPage","@id":"https:\/\/www.bird.ca\/project-experience\/mining\/","url":"https:\/\/www.bird.ca\/project-experience\/mining\/","name":"Exploitation mini\u00e8re et traitement des minerais | Bird Construction","isPartOf":{"@id":"https:\/\/www.bird.ca\/#website"},"primaryImageOfPage":{"@id":"https:\/\/www.bird.ca\/project-experience\/mining\/#primaryimage"},"image":{"@id":"https:\/\/www.bird.ca\/project-experience\/mining\/#primaryimage"},"thumbnailUrl":"https:\/\/cdn.bird.ca\/2025\/02\/20211756\/market-sector_website-banners_mining.jpg","datePublished":"2025-02-12T11:49:33+00:00","dateModified":"2025-06-17T19:02:44+00:00","description":"Exploitation mini\u00e8re et traitement des minerais \u00c0 l'avant-garde de l'industrie canadienne de l'exploitation mini\u00e8re et du traitement des minerais, notre entreprise se distingue par des services in\u00e9gal\u00e9s en mati\u00e8re d'exploitation mini\u00e8re et de traitement des minerais.","breadcrumb":{"@id":"https:\/\/www.bird.ca\/project-experience\/mining\/#breadcrumb"},"inLanguage":"fr-CA","potentialAction":[{"@type":"ReadAction","target":["https:\/\/www.bird.ca\/project-experience\/mining\/"]}]},{"@type":"ImageObject","inLanguage":"fr-CA","@id":"https:\/\/www.bird.ca\/project-experience\/mining\/#primaryimage","url":"https:\/\/cdn.bird.ca\/2025\/02\/20211756\/market-sector_website-banners_mining.jpg","contentUrl":"https:\/\/cdn.bird.ca\/2025\/02\/20211756\/market-sector_website-banners_mining.jpg","width":2560,"height":933,"caption":"Two workers in safety gear observe a large excavator loading dirt into a dump truck on a construction site; adjacent is the interior of an industrial building with machinery and yellow railings."},{"@type":"BreadcrumbList","@id":"https:\/\/www.bird.ca\/project-experience\/mining\/#breadcrumb","itemListElement":[{"@type":"ListItem","position":1,"name":"Home","item":"https:\/\/www.bird.ca\/"},{"@type":"ListItem","position":2,"name":"Project Experience","item":"https:\/\/www.bird.ca\/project-experience\/"},{"@type":"ListItem","position":3,"name":"Mining &amp; Mineral Processing"}]},{"@type":"WebSite","@id":"https:\/\/www.bird.ca\/#website","url":"https:\/\/www.bird.ca\/","name":"Bird Construction","description":"","publisher":{"@id":"https:\/\/www.bird.ca\/#organization"},"potentialAction":[{"@type":"SearchAction","target":{"@type":"EntryPoint","urlTemplate":"https:\/\/www.bird.ca\/?s={search_term_string}"},"query-input":{"@type":"PropertyValueSpecification","valueRequired":true,"valueName":"search_term_string"}}],"inLanguage":"fr-CA"},{"@type":"Organization","@id":"https:\/\/www.bird.ca\/#organization","name":"Bird Construction","url":"https:\/\/www.bird.ca\/","logo":{"@type":"ImageObject","inLanguage":"fr-CA","@id":"https:\/\/www.bird.ca\/#\/schema\/logo\/image\/","url":"https:\/\/cdn.bird.ca\/2025\/01\/20212041\/bird-logo-RGB-e1739411338652.png","contentUrl":"https:\/\/cdn.bird.ca\/2025\/01\/20212041\/bird-logo-RGB-e1739411338652.png","width":865,"height":366,"caption":"Bird Construction"},"image":{"@id":"https:\/\/www.bird.ca\/#\/schema\/logo\/image\/"},"sameAs":["https:\/\/www.facebook.com\/people\/Bird-Construction-Inc\/100064108594609\/","https:\/\/www.instagram.com\/birdconstructioninc\/","https:\/\/ca.linkedin.com\/company\/bird-construction-inc"]}]}},"_links":{"self":[{"href":"https:\/\/www.bird.ca\/fr\/wp-json\/wp\/v2\/pages\/1280","targetHints":{"allow":["GET"]}}],"collection":[{"href":"https:\/\/www.bird.ca\/fr\/wp-json\/wp\/v2\/pages"}],"about":[{"href":"https:\/\/www.bird.ca\/fr\/wp-json\/wp\/v2\/types\/page"}],"author":[{"embeddable":true,"href":"https:\/\/www.bird.ca\/fr\/wp-json\/wp\/v2\/users\/1"}],"replies":[{"embeddable":true,"href":"https:\/\/www.bird.ca\/fr\/wp-json\/wp\/v2\/comments?post=1280"}],"version-history":[{"count":10,"href":"https:\/\/www.bird.ca\/fr\/wp-json\/wp\/v2\/pages\/1280\/revisions"}],"predecessor-version":[{"id":9158,"href":"https:\/\/www.bird.ca\/fr\/wp-json\/wp\/v2\/pages\/1280\/revisions\/9158"}],"up":[{"embeddable":true,"href":"https:\/\/www.bird.ca\/fr\/wp-json\/wp\/v2\/pages\/20"}],"wp:featuredmedia":[{"embeddable":true,"href":"https:\/\/www.bird.ca\/fr\/wp-json\/wp\/v2\/media\/1254"}],"wp:attachment":[{"href":"https:\/\/www.bird.ca\/fr\/wp-json\/wp\/v2\/media?parent=1280"}],"curies":[{"name":"wp","href":"https:\/\/api.w.org\/{rel}","templated":true}]}}