{"id":1283,"date":"2025-02-12T11:53:03","date_gmt":"2025-02-12T11:53:03","guid":{"rendered":"https:\/\/www.bird.ca\/?page_id=1283"},"modified":"2025-09-15T22:11:02","modified_gmt":"2025-09-15T22:11:02","slug":"pouvoir","status":"publish","type":"page","link":"https:\/\/www.bird.ca\/fr\/project-experience\/power\/","title":{"rendered":"Puissance"},"content":{"rendered":"<div class=\"wp-block-create-block-hero-static\">\n\t<div class=\"hero-banner\">\n\t\t\t\t\t<img loading=\"lazy\" decoding=\"async\" width=\"2560\" height=\"900\" src=\"https:\/\/cdn.bird.ca\/2025\/02\/20211749\/market-sector_website-banners_power30d38eab7c0345398129814aeccd943b-2560x900.jpg\" class=\"attachment-banner-size size-banner-size\" alt=\"projet alternatif\" sizes=\"auto, 100vw\" \/>\n\t\t\t\t\t\t\t<div class=\"hero-banner__overlay\"><\/div>\n\t\t\t\n\t\t\t\t\t\t\t<div class=\"hero-banner__content\">\n\t\t\t\t\t<h1 class=\"hero-banner__title\">Puissance<\/h1>\n\t\t\t\t<\/div>\n\t\t\t\t\t\t<\/div>\n<\/div>\n\n\n<div style=\"height:100px\" aria-hidden=\"true\" class=\"wp-block-spacer is-style-entry-space\"><\/div>\n\n\n<div class=\"breadcrumb-block wp-block-create-block-breadcrumb-block\">\n\t\t\t\t\t<nav class=\"breadcrumb\" aria-label=\"Fil d&#039;Ariane\">\n\t\t\t<ol class=\"breadcrumb-list\">\n\t\t\t\t\t\t\t\t\t<li class=\"breadcrumb-item\"><a href=\"https:\/\/www.bird.ca\/fr\/\">Accueil<\/a><\/li>\t\t\t\t\t\t\t<\/ol>\n\t\t<\/nav>\n\t<\/div>\n\n\n<div class=\"wp-block-group is-layout-constrained wp-block-group-is-layout-constrained\" style=\"margin-top:var(--wp--preset--spacing--50)\">\n<div class=\"wp-block-columns gap: 100px; is-style-card-column is-layout-flex wp-container-core-columns-is-layout-28f84493 wp-block-columns-is-layout-flex\">\n<div class=\"wp-block-column is-vertically-aligned-top is-layout-flow wp-block-column-is-layout-flow\">\n<h1 class=\"wp-block-heading has-text-align-left is-style-bird-h2\">Puissance<\/h1>\n\n\n\n<p class=\"has-text-align-left is-style-bird-body\" style=\"font-size:1rem\">Bird est \u00e0 l'avant-garde de la fourniture de solutions \u00e9nerg\u00e9tiques innovantes et \u00e0 faible teneur en carbone dans un large \u00e9ventail de secteurs \u00e9nerg\u00e9tiques. Notre expertise couvre le large spectre de la production et de la distribution d'\u00e9nergie, y compris l'hydro\u00e9lectricit\u00e9, le nucl\u00e9aire, l'\u00e9nergie solaire et l'\u00e9nergie \u00e9olienne. En outre, nous sommes sp\u00e9cialis\u00e9s dans les domaines de la cog\u00e9n\u00e9ration et de l'\u00e9nergie de quartier, garantissant une distribution efficace et localis\u00e9e de l'\u00e9nergie.\u00a0<\/p>\n\n\n\n<p class=\"is-style-bird-body\">Notre engagement en faveur du d\u00e9veloppement durable est encore renforc\u00e9 par notre implication dans les sous-secteurs de la transmission, de la distribution et du stockage, o\u00f9 nous nous attachons \u00e0 am\u00e9liorer la fiabilit\u00e9 et l'efficacit\u00e9 de la fourniture d'\u00e9nergie. Chez Bird, nous croyons au pouvoir du partenariat et de la collaboration. En joignant nos forces \u00e0 celles de fournisseurs de technologies et d'ing\u00e9nieurs de premier plan, nous ne sommes pas seulement des participants, mais des leaders actifs du mouvement de transition \u00e9nerg\u00e9tique.<\/p>\n\n\n\n<p class=\"has-text-align-left is-style-bird-body\" style=\"font-size:1rem\">Notre voyage vers un changement positif dans l'industrie est d\u00e9j\u00e0 bien entam\u00e9. Nous nous engageons \u00e0 fournir des performances de premier ordre dans chaque projet, renfor\u00e7ant ainsi notre r\u00f4le de partenaire de confiance dans la recherche de solutions \u00e9nerg\u00e9tiques durables et innovantes.<\/p>\n<\/div>\n\n\n\n<div class=\"wp-block-column is-layout-flow wp-block-column-is-layout-flow\">\n<figure class=\"wp-block-image size-full is-style-image-shadow-right\"><img loading=\"lazy\" decoding=\"async\" width=\"1000\" height=\"585\" src=\"https:\/\/cdn.bird.ca\/2025\/02\/20211838\/4.-bipole-iii-hvdc.jpg\" alt=\"Vue a\u00e9rienne d&#039;une installation industrielle avec de nombreuses lignes \u00e9lectriques et \u00e9quipements au coucher du soleil, entour\u00e9e de v\u00e9hicules, de b\u00e2timents temporaires et d&#039;un paysage plat et \u00e9tendu sous un ciel partiellement nuageux.\" class=\"wp-image-1181\" srcset=\"https:\/\/cdn.bird.ca\/2025\/02\/20211838\/4.-bipole-iii-hvdc.jpg 1000w, https:\/\/cdn.bird.ca\/2025\/02\/20211838\/4.-bipole-iii-hvdc-300x176.jpg 300w, https:\/\/cdn.bird.ca\/2025\/02\/20211838\/4.-bipole-iii-hvdc-768x449.jpg 768w\" sizes=\"auto, (max-width: 1000px) 100vw, 1000px\" \/><\/figure>\n<\/div>\n<\/div>\n<\/div>\n\n\n\n<div style=\"height:100px\" aria-hidden=\"true\" class=\"wp-block-spacer is-style-entry-space\"><\/div>\n\n\n\n<h2 class=\"wp-block-heading is-style-bird-h3\" id=\"h-explore-our-power-projects\">D\u00e9couvrez nos projets dans le domaine de l'\u00e9nergie<\/h2>\n\n\n<div class=\"post-list-filters-block wp-block-create-block-post-list-filters\"\tdata-post-type=\"projects\" data-button-taxonomy=\"market\"\n\tdata-button-parent-term=\"113\">\n\t<div class=\"filter-buttons\"><button class=\"filter-button all\" data-term-id=\"\" data-taxonomy=\"market\">Tous<\/button><button class=\"filter-button disabled\" data-term-id=\"356\" data-taxonomy=\"market\" disabled>Stockage de la batterie<\/button><button class=\"filter-button disabled\" data-term-id=\"358\" data-taxonomy=\"market\" disabled>Cog\u00e9n\u00e9ration<\/button><button class=\"filter-button disabled\" data-term-id=\"357\" data-taxonomy=\"market\" disabled>\u00c9nergie de quartier<\/button><button class=\"filter-button\" data-term-id=\"114\" data-taxonomy=\"market\">Hydro\u00e9lectricit\u00e9<\/button><button class=\"filter-button\" data-term-id=\"116\" data-taxonomy=\"market\">Nucl\u00e9aire<\/button><button class=\"filter-button disabled\" data-term-id=\"117\" data-taxonomy=\"market\" disabled>Solaire<\/button><button class=\"filter-button disabled\" data-term-id=\"359\" data-taxonomy=\"market\" disabled>Stockage<\/button><button class=\"filter-button disabled\" data-term-id=\"360\" data-taxonomy=\"market\" disabled>Sous-stations et distribution d'\u00e9lectricit\u00e9<\/button><button class=\"filter-button disabled\" data-term-id=\"361\" data-taxonomy=\"market\" disabled>Thermique<\/button><button class=\"filter-button disabled\" data-term-id=\"362\" data-taxonomy=\"market\" disabled>Transmission et distribution<\/button><button class=\"filter-button\" data-term-id=\"118\" data-taxonomy=\"market\">Le vent<\/button><\/div><div class=\"dropdown-filters\"><div class=\"dropdown-filter\"><div class=\"dropdown-group\"><select class=\"filter-dropdown\" id=\"filter-dropdown-0\" data-filter-index=\"0\" data-taxonomy=\"location\"  title=\"Filtrer par provinces\" aria-label=\"Filtrer par provinces\"><option value=\"\" disabled selected>Provinces<\/option><option value=\"\">Tous<\/option><option value=\"135\">Alberta<\/option><option value=\"141\">Colombie-Britannique<\/option><option value=\"145\">Manitoba<\/option><option value=\"148\">Nouveau-Brunswick<\/option><option value=\"149\">Terre-Neuve et Labrador<\/option><option value=\"158\">Nord<\/option><option value=\"150\">Nouvelle-\u00c9cosse<\/option><option value=\"151\">Ontario<\/option><option value=\"155\">Qu\u00e9bec<\/option><option value=\"156\">Saskatchewan<\/option><option value=\"157\">Territoires<\/option><option value=\"458\">Divers sites, Alberta<\/option><\/select><\/div><\/div><div class=\"dropdown-filter\"><div class=\"dropdown-group\"><select class=\"filter-dropdown\" id=\"filter-dropdown-1\" data-filter-index=\"1\" data-taxonomy=\"delivery_model\"  title=\"Filtrer par mod\u00e8les\" aria-label=\"Filtrer par mod\u00e8les\"><option value=\"\" disabled selected>Mod\u00e8les<\/option><option value=\"\">Tous<\/option><option value=\"163\">Gestion de la construction<\/option><option value=\"164\">Conception-construction\/ing\u00e9nierie, approvisionnement, construction<\/option><option value=\"165\">Entreprise g\u00e9n\u00e9rale<\/option><option value=\"166\">Entreprise g\u00e9n\u00e9rale industrielle<\/option><option value=\"167\">Ex\u00e9cution int\u00e9gr\u00e9e des projets<\/option><option value=\"168\">Partenariat public-priv\u00e9<\/option><option value=\"169\">Projets sp\u00e9ciaux<\/option><option value=\"170\">Somme stipul\u00e9e<\/option><option value=\"448\">Prix unitaire<\/option><\/select><\/div><\/div><div class=\"dropdown-filter\"><div class=\"dropdown-group\"><select class=\"filter-dropdown\" id=\"filter-dropdown-2\" data-filter-index=\"2\" data-taxonomy=\"service\"  title=\"Filtrer par tous les services\" aria-label=\"Filtrer par tous les services\"><option value=\"\" disabled selected>Tous les services<\/option><option value=\"\">Tous<\/option><option value=\"172\">BIM\/VDC<\/option><option value=\"173\">Fonds propres<\/option><option value=\"174\">Fabrication<\/option><option value=\"175\">Maintenance industrielle<\/option><option value=\"176\">LEED<sup aria-hidden=\"true\">\u00ae<\/sup><span class=\"screen-reader-text\">enregistr\u00e9<\/span>\/Construction durable<\/option><option value=\"177\">Bois de masse<\/option><option value=\"178\">B\u00e2timents modulaires<\/option><option value=\"179\">Participation des entrepreneurs avant la construction\/au d\u00e9but de la construction<\/option><option value=\"180\">Auto-ex\u00e9cution : Civil<\/option><option value=\"181\">Auto-ex\u00e9cution : Processus<\/option><option value=\"182\">Projets sp\u00e9ciaux<\/option><\/select><\/div><\/div><\/div><div class=\"filtered-posts\"><div class=\"post-grid\"><p>Chargement des projets...<\/p><\/div><\/div><\/div>\n\n\n<div style=\"height:100px\" aria-hidden=\"true\" class=\"wp-block-spacer is-style-entry-space\"><\/div>","protected":false},"excerpt":{"rendered":"<p>Power Bird stands at the forefront of delivering innovative, low-carbon energy solutions across a diverse array of power sectors. Our expertise spans the broad spectrum of energy production and distribution, encompassing Hydro, Nuclear, Solar and Wind power generation. Additionally, we specialize in the areas of Cogeneration &amp; District Energy, ensuring efficient and localized energy distribution.\u00a0 [&hellip;]<\/p>\n","protected":false},"author":1,"featured_media":1256,"parent":20,"menu_order":0,"comment_status":"closed","ping_status":"closed","template":"","meta":{"_acf_changed":false,"footnotes":""},"class_list":["post-1283","page","type-page","status-publish","has-post-thumbnail","hentry"],"acf":[],"yoast_head":"<!-- This site is optimized with the Yoast SEO Premium plugin v24.6 (Yoast SEO v27.3) - https:\/\/yoast.com\/product\/yoast-seo-premium-wordpress\/ -->\n<title>Power | Bird Construction<\/title>\n<meta name=\"description\" content=\"Power Bird stands at the forefront of delivering innovative, low-carbon energy solutions across a diverse array of power sectors. Our expertise spans the\" \/>\n<meta name=\"robots\" content=\"index, follow, max-snippet:-1, max-image-preview:large, max-video-preview:-1\" \/>\n<link rel=\"canonical\" href=\"https:\/\/www.bird.ca\/fr\/experience-du-projet\/pouvoir\/\" \/>\n<meta property=\"og:locale\" content=\"fr_CA\" \/>\n<meta property=\"og:type\" content=\"article\" \/>\n<meta property=\"og:title\" content=\"Power | Bird Construction\" \/>\n<meta property=\"og:description\" content=\"Bird Construction has been providing construction services to a long list of new and repeat clients since 1920.\" \/>\n<meta property=\"og:url\" content=\"https:\/\/www.bird.ca\/fr\/experience-du-projet\/pouvoir\/\" \/>\n<meta property=\"og:site_name\" content=\"Bird Construction\" \/>\n<meta property=\"article:publisher\" content=\"https:\/\/www.facebook.com\/people\/Bird-Construction-Inc\/100064108594609\/\" \/>\n<meta property=\"article:modified_time\" content=\"2025-09-15T22:11:02+00:00\" \/>\n<meta property=\"og:image\" content=\"https:\/\/cdn.bird.ca\/2025\/02\/20211749\/market-sector_website-banners_power30d38eab7c0345398129814aeccd943b.jpg\" \/>\n\t<meta property=\"og:image:width\" content=\"2560\" \/>\n\t<meta property=\"og:image:height\" content=\"933\" \/>\n\t<meta property=\"og:image:type\" content=\"image\/jpeg\" \/>\n<meta name=\"twitter:card\" content=\"summary_large_image\" \/>\n<meta name=\"twitter:label1\" content=\"Estimation du temps de lecture\" \/>\n\t<meta name=\"twitter:data1\" content=\"2 minutes\" \/>\n<script type=\"application\/ld+json\" class=\"yoast-schema-graph\">{\"@context\":\"https:\\\/\\\/schema.org\",\"@graph\":[{\"@type\":\"WebPage\",\"@id\":\"https:\\\/\\\/www.bird.ca\\\/project-experience\\\/power\\\/\",\"url\":\"https:\\\/\\\/www.bird.ca\\\/project-experience\\\/power\\\/\",\"name\":\"Power | Bird Construction\",\"isPartOf\":{\"@id\":\"https:\\\/\\\/www.bird.ca\\\/#website\"},\"primaryImageOfPage\":{\"@id\":\"https:\\\/\\\/www.bird.ca\\\/project-experience\\\/power\\\/#primaryimage\"},\"image\":{\"@id\":\"https:\\\/\\\/www.bird.ca\\\/project-experience\\\/power\\\/#primaryimage\"},\"thumbnailUrl\":\"https:\\\/\\\/cdn.bird.ca\\\/2025\\\/02\\\/20211749\\\/market-sector_website-banners_power30d38eab7c0345398129814aeccd943b.jpg\",\"datePublished\":\"2025-02-12T11:53:03+00:00\",\"dateModified\":\"2025-09-15T22:11:02+00:00\",\"description\":\"Power Bird stands at the forefront of delivering innovative, low-carbon energy solutions across a diverse array of power sectors. Our expertise spans the\",\"breadcrumb\":{\"@id\":\"https:\\\/\\\/www.bird.ca\\\/project-experience\\\/power\\\/#breadcrumb\"},\"inLanguage\":\"fr-CA\",\"potentialAction\":[{\"@type\":\"ReadAction\",\"target\":[\"https:\\\/\\\/www.bird.ca\\\/project-experience\\\/power\\\/\"]}]},{\"@type\":\"ImageObject\",\"inLanguage\":\"fr-CA\",\"@id\":\"https:\\\/\\\/www.bird.ca\\\/project-experience\\\/power\\\/#primaryimage\",\"url\":\"https:\\\/\\\/cdn.bird.ca\\\/2025\\\/02\\\/20211749\\\/market-sector_website-banners_power30d38eab7c0345398129814aeccd943b.jpg\",\"contentUrl\":\"https:\\\/\\\/cdn.bird.ca\\\/2025\\\/02\\\/20211749\\\/market-sector_website-banners_power30d38eab7c0345398129814aeccd943b.jpg\",\"width\":2560,\"height\":933,\"caption\":\"alt project\"},{\"@type\":\"BreadcrumbList\",\"@id\":\"https:\\\/\\\/www.bird.ca\\\/project-experience\\\/power\\\/#breadcrumb\",\"itemListElement\":[{\"@type\":\"ListItem\",\"position\":1,\"name\":\"Home\",\"item\":\"https:\\\/\\\/www.bird.ca\\\/\"},{\"@type\":\"ListItem\",\"position\":2,\"name\":\"Project Experience\",\"item\":\"https:\\\/\\\/www.bird.ca\\\/project-experience\\\/\"},{\"@type\":\"ListItem\",\"position\":3,\"name\":\"Power\"}]},{\"@type\":\"WebSite\",\"@id\":\"https:\\\/\\\/www.bird.ca\\\/#website\",\"url\":\"https:\\\/\\\/www.bird.ca\\\/\",\"name\":\"Bird Construction\",\"description\":\"\",\"publisher\":{\"@id\":\"https:\\\/\\\/www.bird.ca\\\/#organization\"},\"potentialAction\":[{\"@type\":\"SearchAction\",\"target\":{\"@type\":\"EntryPoint\",\"urlTemplate\":\"https:\\\/\\\/www.bird.ca\\\/?s={search_term_string}\"},\"query-input\":{\"@type\":\"PropertyValueSpecification\",\"valueRequired\":true,\"valueName\":\"search_term_string\"}}],\"inLanguage\":\"fr-CA\"},{\"@type\":\"Organization\",\"@id\":\"https:\\\/\\\/www.bird.ca\\\/#organization\",\"name\":\"Bird Construction\",\"url\":\"https:\\\/\\\/www.bird.ca\\\/\",\"logo\":{\"@type\":\"ImageObject\",\"inLanguage\":\"fr-CA\",\"@id\":\"https:\\\/\\\/www.bird.ca\\\/#\\\/schema\\\/logo\\\/image\\\/\",\"url\":\"https:\\\/\\\/cdn.bird.ca\\\/2025\\\/01\\\/20212041\\\/bird-logo-RGB-e1739411338652.png\",\"contentUrl\":\"https:\\\/\\\/cdn.bird.ca\\\/2025\\\/01\\\/20212041\\\/bird-logo-RGB-e1739411338652.png\",\"width\":865,\"height\":366,\"caption\":\"Bird Construction\"},\"image\":{\"@id\":\"https:\\\/\\\/www.bird.ca\\\/#\\\/schema\\\/logo\\\/image\\\/\"},\"sameAs\":[\"https:\\\/\\\/www.facebook.com\\\/people\\\/Bird-Construction-Inc\\\/100064108594609\\\/\",\"https:\\\/\\\/www.instagram.com\\\/birdconstructioninc\\\/\",\"https:\\\/\\\/ca.linkedin.com\\\/company\\\/bird-construction-inc\"]}]}<\/script>\n<!-- \/ Yoast SEO Premium plugin. -->","yoast_head_json":{"title":"Construction d'oiseaux motoris\u00e9s","description":"Power Bird est \u00e0 l'avant-garde de la fourniture de solutions \u00e9nerg\u00e9tiques innovantes et \u00e0 faible \u00e9mission de carbone dans un large \u00e9ventail de secteurs \u00e9nerg\u00e9tiques. Notre expertise couvre les domaines suivants","robots":{"index":"index","follow":"follow","max-snippet":"max-snippet:-1","max-image-preview":"max-image-preview:large","max-video-preview":"max-video-preview:-1"},"canonical":"https:\/\/www.bird.ca\/fr\/experience-du-projet\/pouvoir\/","og_locale":"fr_CA","og_type":"article","og_title":"Power | Bird Construction","og_description":"Bird Construction has been providing construction services to a long list of new and repeat clients since 1920.","og_url":"https:\/\/www.bird.ca\/fr\/experience-du-projet\/pouvoir\/","og_site_name":"Bird Construction","article_publisher":"https:\/\/www.facebook.com\/people\/Bird-Construction-Inc\/100064108594609\/","article_modified_time":"2025-09-15T22:11:02+00:00","og_image":[{"width":2560,"height":933,"url":"https:\/\/cdn.bird.ca\/2025\/02\/20211749\/market-sector_website-banners_power30d38eab7c0345398129814aeccd943b.jpg","type":"image\/jpeg"}],"twitter_card":"summary_large_image","twitter_misc":{"Estimation du temps de lecture":"2 minutes"},"schema":{"@context":"https:\/\/schema.org","@graph":[{"@type":"WebPage","@id":"https:\/\/www.bird.ca\/project-experience\/power\/","url":"https:\/\/www.bird.ca\/project-experience\/power\/","name":"Construction d'oiseaux motoris\u00e9s","isPartOf":{"@id":"https:\/\/www.bird.ca\/#website"},"primaryImageOfPage":{"@id":"https:\/\/www.bird.ca\/project-experience\/power\/#primaryimage"},"image":{"@id":"https:\/\/www.bird.ca\/project-experience\/power\/#primaryimage"},"thumbnailUrl":"https:\/\/cdn.bird.ca\/2025\/02\/20211749\/market-sector_website-banners_power30d38eab7c0345398129814aeccd943b.jpg","datePublished":"2025-02-12T11:53:03+00:00","dateModified":"2025-09-15T22:11:02+00:00","description":"Power Bird est \u00e0 l'avant-garde de la fourniture de solutions \u00e9nerg\u00e9tiques innovantes et \u00e0 faible \u00e9mission de carbone dans un large \u00e9ventail de secteurs \u00e9nerg\u00e9tiques. Notre expertise couvre les domaines suivants","breadcrumb":{"@id":"https:\/\/www.bird.ca\/project-experience\/power\/#breadcrumb"},"inLanguage":"fr-CA","potentialAction":[{"@type":"ReadAction","target":["https:\/\/www.bird.ca\/project-experience\/power\/"]}]},{"@type":"ImageObject","inLanguage":"fr-CA","@id":"https:\/\/www.bird.ca\/project-experience\/power\/#primaryimage","url":"https:\/\/cdn.bird.ca\/2025\/02\/20211749\/market-sector_website-banners_power30d38eab7c0345398129814aeccd943b.jpg","contentUrl":"https:\/\/cdn.bird.ca\/2025\/02\/20211749\/market-sector_website-banners_power30d38eab7c0345398129814aeccd943b.jpg","width":2560,"height":933,"caption":"alt project"},{"@type":"BreadcrumbList","@id":"https:\/\/www.bird.ca\/project-experience\/power\/#breadcrumb","itemListElement":[{"@type":"ListItem","position":1,"name":"Home","item":"https:\/\/www.bird.ca\/"},{"@type":"ListItem","position":2,"name":"Project Experience","item":"https:\/\/www.bird.ca\/project-experience\/"},{"@type":"ListItem","position":3,"name":"Power"}]},{"@type":"WebSite","@id":"https:\/\/www.bird.ca\/#website","url":"https:\/\/www.bird.ca\/","name":"Bird Construction","description":"","publisher":{"@id":"https:\/\/www.bird.ca\/#organization"},"potentialAction":[{"@type":"SearchAction","target":{"@type":"EntryPoint","urlTemplate":"https:\/\/www.bird.ca\/?s={search_term_string}"},"query-input":{"@type":"PropertyValueSpecification","valueRequired":true,"valueName":"search_term_string"}}],"inLanguage":"fr-CA"},{"@type":"Organization","@id":"https:\/\/www.bird.ca\/#organization","name":"Bird Construction","url":"https:\/\/www.bird.ca\/","logo":{"@type":"ImageObject","inLanguage":"fr-CA","@id":"https:\/\/www.bird.ca\/#\/schema\/logo\/image\/","url":"https:\/\/cdn.bird.ca\/2025\/01\/20212041\/bird-logo-RGB-e1739411338652.png","contentUrl":"https:\/\/cdn.bird.ca\/2025\/01\/20212041\/bird-logo-RGB-e1739411338652.png","width":865,"height":366,"caption":"Bird Construction"},"image":{"@id":"https:\/\/www.bird.ca\/#\/schema\/logo\/image\/"},"sameAs":["https:\/\/www.facebook.com\/people\/Bird-Construction-Inc\/100064108594609\/","https:\/\/www.instagram.com\/birdconstructioninc\/","https:\/\/ca.linkedin.com\/company\/bird-construction-inc"]}]}},"_links":{"self":[{"href":"https:\/\/www.bird.ca\/fr\/wp-json\/wp\/v2\/pages\/1283","targetHints":{"allow":["GET"]}}],"collection":[{"href":"https:\/\/www.bird.ca\/fr\/wp-json\/wp\/v2\/pages"}],"about":[{"href":"https:\/\/www.bird.ca\/fr\/wp-json\/wp\/v2\/types\/page"}],"author":[{"embeddable":true,"href":"https:\/\/www.bird.ca\/fr\/wp-json\/wp\/v2\/users\/1"}],"replies":[{"embeddable":true,"href":"https:\/\/www.bird.ca\/fr\/wp-json\/wp\/v2\/comments?post=1283"}],"version-history":[{"count":10,"href":"https:\/\/www.bird.ca\/fr\/wp-json\/wp\/v2\/pages\/1283\/revisions"}],"predecessor-version":[{"id":9980,"href":"https:\/\/www.bird.ca\/fr\/wp-json\/wp\/v2\/pages\/1283\/revisions\/9980"}],"up":[{"embeddable":true,"href":"https:\/\/www.bird.ca\/fr\/wp-json\/wp\/v2\/pages\/20"}],"wp:featuredmedia":[{"embeddable":true,"href":"https:\/\/www.bird.ca\/fr\/wp-json\/wp\/v2\/media\/1256"}],"wp:attachment":[{"href":"https:\/\/www.bird.ca\/fr\/wp-json\/wp\/v2\/media?parent=1283"}],"curies":[{"name":"wp","href":"https:\/\/api.w.org\/{rel}","templated":true}]}}