{"id":1289,"date":"2025-02-12T13:05:11","date_gmt":"2025-02-12T13:05:11","guid":{"rendered":"https:\/\/www.bird.ca\/?page_id=1289"},"modified":"2026-02-24T17:05:13","modified_gmt":"2026-02-24T17:05:13","slug":"le-transport","status":"publish","type":"page","link":"https:\/\/www.bird.ca\/fr\/project-experience\/transportation\/","title":{"rendered":"Transport"},"content":{"rendered":"<div class=\"wp-block-create-block-hero-static\">\n\t<div class=\"hero-banner\">\n\t\t\t\t\t<img loading=\"lazy\" decoding=\"async\" width=\"2560\" height=\"900\" src=\"https:\/\/cdn.bird.ca\/2025\/02\/20211804\/bird_market-sector_website-banner_transportation-2560x900.jpg\" class=\"attachment-banner-size size-banner-size\" alt=\"Une image fractionn\u00e9e montre, \u00e0 gauche, une installation moderne et vide de maintenance des trains et, \u00e0 droite, un train vert et blanc passant \u00e0 toute allure devant un quai de gare ext\u00e9rieur.\" sizes=\"auto, 100vw\" \/>\n\t\t\t\t\t\t\t<div class=\"hero-banner__overlay\"><\/div>\n\t\t\t\n\t\t\t\t\t\t\t<div class=\"hero-banner__content\">\n\t\t\t\t\t<h1 class=\"hero-banner__title\">Transport<\/h1>\n\t\t\t\t<\/div>\n\t\t\t\t\t\t<\/div>\n<\/div>\n\n\n<div style=\"height:100px\" aria-hidden=\"true\" class=\"wp-block-spacer is-style-entry-space\"><\/div>\n\n\n<div class=\"breadcrumb-block wp-block-create-block-breadcrumb-block\">\n\t\t\t\t\t<nav class=\"breadcrumb\" aria-label=\"Fil d&#039;Ariane\">\n\t\t\t<ol class=\"breadcrumb-list\">\n\t\t\t\t\t\t\t\t\t<li class=\"breadcrumb-item\"><a href=\"https:\/\/www.bird.ca\/fr\/\">Accueil<\/a><\/li>\t\t\t\t\t\t\t<\/ol>\n\t\t<\/nav>\n\t<\/div>\n\n\n<div class=\"wp-block-group is-layout-constrained wp-block-group-is-layout-constrained\" style=\"margin-top:var(--wp--preset--spacing--50)\">\n<div class=\"wp-block-columns gap: 100px; is-style-card-column is-layout-flex wp-container-core-columns-is-layout-28f84493 wp-block-columns-is-layout-flex\">\n<div class=\"wp-block-column is-vertically-aligned-top is-layout-flow wp-block-column-is-layout-flow\">\n<h1 class=\"wp-block-heading has-text-align-left is-style-bird-h2\">Transport<\/h1>\n\n\n\n<p class=\"has-text-align-left is-style-bird-body\" style=\"font-size:1rem\">Pionniers de l'\u00e9volution des infrastructures de transport au Canada, nous red\u00e9finissons la connectivit\u00e9 dans les paysages urbains et suburbains. Notre vaste portefeuille couvre les r\u00e9seaux ferroviaires l\u00e9gers et les r\u00e9seaux ferroviaires, l'entreposage et la logistique, les a\u00e9roports, les ports et les infrastructures horizontales fondamentales qui int\u00e8grent ces \u00e9l\u00e9ments.<\/p>\n\n\n\n<p class=\"is-style-bird-body\">Dans le domaine du transport ferroviaire l\u00e9ger, notre expertise se traduit par des conceptions globales qui garantissent un fonctionnement sans faille, de la pose des voies \u00e0 la construction des gares, et par des int\u00e9grations de syst\u00e8mes avanc\u00e9s pour la s\u00e9curit\u00e9 et l'efficacit\u00e9. Notre \u00e9quipe est attentive aux projets de transport ferroviaire avec des pratiques de construction, d'\u00e9lectrification et de maintenance robustes qui garantissent la fiabilit\u00e9 des performances du r\u00e9seau.<\/p>\n\n\n\n<p class=\"has-text-align-left is-style-bird-body\" style=\"font-size:1rem\">Notre vision englobe l'infrastructure essentielle qui soutient l'efficacit\u00e9 des mouvements et la connectivit\u00e9 mondiale. Qu'il s'agisse de solutions d'entreposage optimis\u00e9es ou de d\u00e9veloppements strat\u00e9giques d'a\u00e9roports et de ports, nous nous attachons \u00e0 cr\u00e9er des hubs qui am\u00e9liorent l'exp\u00e9rience du voyage. Chaque projet refl\u00e8te notre engagement en faveur de l'innovation, de la durabilit\u00e9 et de l'am\u00e9lioration de la communaut\u00e9, pour un avenir o\u00f9 les syst\u00e8mes de transport ne sont pas seulement efficaces, mais aussi transformateurs.<\/p>\n\n\n\n<p class=\"is-style-default\" id=\"h-for-additional-relevant-projects-please-visit-the-following-pages\"><strong>Pour d'autres projets pertinents, veuillez consulter <a href=\"https:\/\/www.jacobbros.ca\/projects\/civil\/\" target=\"_blank\" rel=\"noreferrer noopener\">Jacob Bros<\/a> et <a href=\"https:\/\/frpd.com\/our-projects\/\" target=\"_blank\" rel=\"noreferrer noopener\">FRPD<\/a>.<\/strong><\/p>\n<\/div>\n\n\n\n<div class=\"wp-block-column is-layout-flow wp-block-column-is-layout-flow\">\n<figure class=\"wp-block-image size-full is-style-image-shadow-right\"><img loading=\"lazy\" decoding=\"async\" width=\"1000\" height=\"659\" src=\"https:\/\/cdn.bird.ca\/2025\/02\/20211832\/lincolnville-go-station-1405.jpg\" alt=\"Une gare de triage avec plusieurs voies ferr\u00e9es vides, entour\u00e9e de cl\u00f4tures et de hauts poteaux d&#039;\u00e9clairage, sous un ciel bleu clair. Aucun train ni personne n&#039;est visible dans la zone.\" class=\"wp-image-1189\" srcset=\"https:\/\/cdn.bird.ca\/2025\/02\/20211832\/lincolnville-go-station-1405.jpg 1000w, https:\/\/cdn.bird.ca\/2025\/02\/20211832\/lincolnville-go-station-1405-300x198.jpg 300w, https:\/\/cdn.bird.ca\/2025\/02\/20211832\/lincolnville-go-station-1405-768x506.jpg 768w\" sizes=\"auto, (max-width: 1000px) 100vw, 1000px\" \/><\/figure>\n<\/div>\n<\/div>\n<\/div>\n\n\n\n<div style=\"height:100px\" aria-hidden=\"true\" class=\"wp-block-spacer is-style-entry-space\"><\/div>\n\n\n\n<h2 class=\"wp-block-heading is-style-bird-h3\" id=\"h-explore-our-transportation-projects\">D\u00e9couvrez nos projets de transport<\/h2>\n\n\n<div class=\"post-list-filters-block wp-block-create-block-post-list-filters\"\tdata-post-type=\"projects\" data-button-taxonomy=\"market\"\n\tdata-button-parent-term=\"127\">\n\t<div class=\"filter-buttons\"><button class=\"filter-button all\" data-term-id=\"\" data-taxonomy=\"market\">Tous<\/button><button class=\"filter-button disabled\" data-term-id=\"332\" data-taxonomy=\"market\" disabled>A\u00e9roports<\/button><button class=\"filter-button disabled\" data-term-id=\"333\" data-taxonomy=\"market\" disabled>Ponts<\/button><button class=\"filter-button disabled\" data-term-id=\"480\" data-taxonomy=\"market\" disabled>Dragage<\/button><button class=\"filter-button\" data-term-id=\"128\" data-taxonomy=\"market\">Train l\u00e9ger<\/button><button class=\"filter-button disabled\" data-term-id=\"473\" data-taxonomy=\"market\" disabled>Logistique et terminaux<\/button><button class=\"filter-button\" data-term-id=\"330\" data-taxonomy=\"market\">Ports (personnes)<\/button><button class=\"filter-button\" data-term-id=\"487\" data-taxonomy=\"market\">Ports et travaux maritimes<\/button><button class=\"filter-button\" data-term-id=\"129\" data-taxonomy=\"market\">Rail<\/button><button class=\"filter-button disabled\" data-term-id=\"331\" data-taxonomy=\"market\" disabled>Routes<\/button><button class=\"filter-button disabled\" data-term-id=\"329\" data-taxonomy=\"market\" disabled>Stations<\/button><button class=\"filter-button disabled\" data-term-id=\"334\" data-taxonomy=\"market\" disabled>Tunnels<\/button><\/div><div class=\"dropdown-filters\"><div class=\"dropdown-filter\"><div class=\"dropdown-group\"><select class=\"filter-dropdown\" id=\"filter-dropdown-0\" data-filter-index=\"0\" data-taxonomy=\"location\"  title=\"Filtrer par provinces\" aria-label=\"Filtrer par provinces\"><option value=\"\" disabled selected>Provinces<\/option><option value=\"\">Tous<\/option><option value=\"135\">Alberta<\/option><option value=\"141\">Colombie-Britannique<\/option><option value=\"145\">Manitoba<\/option><option value=\"148\">Nouveau-Brunswick<\/option><option value=\"149\">Terre-Neuve et Labrador<\/option><option value=\"158\">Nord<\/option><option value=\"150\">Nouvelle-\u00c9cosse<\/option><option value=\"151\">Ontario<\/option><option value=\"155\">Qu\u00e9bec<\/option><option value=\"156\">Saskatchewan<\/option><option value=\"157\">Territoires<\/option><option value=\"458\">Divers sites, Alberta<\/option><\/select><\/div><\/div><div class=\"dropdown-filter\"><div class=\"dropdown-group\"><select class=\"filter-dropdown\" id=\"filter-dropdown-1\" data-filter-index=\"1\" data-taxonomy=\"delivery_model\"  title=\"Filtrer par mod\u00e8les\" aria-label=\"Filtrer par mod\u00e8les\"><option value=\"\" disabled selected>Mod\u00e8les<\/option><option value=\"\">Tous<\/option><option value=\"163\">Gestion de la construction<\/option><option value=\"164\">Conception-construction\/ing\u00e9nierie, approvisionnement, construction<\/option><option value=\"165\">Entreprise g\u00e9n\u00e9rale<\/option><option value=\"166\">Entreprise g\u00e9n\u00e9rale industrielle<\/option><option value=\"167\">Ex\u00e9cution int\u00e9gr\u00e9e des projets<\/option><option value=\"168\">Partenariat public-priv\u00e9<\/option><option value=\"169\">Projets sp\u00e9ciaux<\/option><option value=\"170\">Somme stipul\u00e9e<\/option><option value=\"448\">Prix unitaire<\/option><\/select><\/div><\/div><div class=\"dropdown-filter\"><div class=\"dropdown-group\"><select class=\"filter-dropdown\" id=\"filter-dropdown-2\" data-filter-index=\"2\" data-taxonomy=\"service\"  title=\"Filtrer par tous les services\" aria-label=\"Filtrer par tous les services\"><option value=\"\" disabled selected>Tous les services<\/option><option value=\"\">Tous<\/option><option value=\"172\">BIM\/VDC<\/option><option value=\"173\">Fonds propres<\/option><option value=\"174\">Fabrication<\/option><option value=\"175\">Maintenance industrielle<\/option><option value=\"176\">LEED<sup aria-hidden=\"true\">\u00ae<\/sup><span class=\"screen-reader-text\">enregistr\u00e9<\/span>\/Construction durable<\/option><option value=\"177\">Bois de masse<\/option><option value=\"178\">B\u00e2timents modulaires<\/option><option value=\"179\">Participation des entrepreneurs avant la construction\/au d\u00e9but de la construction<\/option><option value=\"180\">Auto-ex\u00e9cution : Civil<\/option><option value=\"181\">Auto-ex\u00e9cution : Processus<\/option><option value=\"182\">Projets sp\u00e9ciaux<\/option><\/select><\/div><\/div><\/div><div class=\"filtered-posts\"><div class=\"post-grid\"><p>Chargement des projets...<\/p><\/div><\/div><\/div>\n\n\n<div style=\"height:100px\" aria-hidden=\"true\" class=\"wp-block-spacer is-style-entry-space\"><\/div>","protected":false},"excerpt":{"rendered":"<p>Transportation Pioneering the evolution of Canada&#8217;s transportation infrastructure, we redefine connectivity across urban and suburban landscapes. Our expansive portfolio spans light rail and rail networks, warehousing and logistics, airports, ports, and the foundational horizontal infrastructure that integrates these elements. In light rail transportation, our expertise shines through comprehensive designs that ensure seamless operation, from track [&hellip;]<\/p>\n","protected":false},"author":1,"featured_media":1252,"parent":20,"menu_order":0,"comment_status":"closed","ping_status":"closed","template":"","meta":{"_acf_changed":false,"footnotes":""},"class_list":["post-1289","page","type-page","status-publish","has-post-thumbnail","hentry"],"acf":[],"yoast_head":"<!-- This site is optimized with the Yoast SEO Premium plugin v24.6 (Yoast SEO v27.3) - https:\/\/yoast.com\/product\/yoast-seo-premium-wordpress\/ -->\n<title>Transportation | Bird Construction<\/title>\n<meta name=\"description\" content=\"Transportation Pioneering the evolution of Canada&#039;s transportation infrastructure, we redefine connectivity across urban and suburban landscapes. Our\" \/>\n<meta name=\"robots\" content=\"index, follow, max-snippet:-1, max-image-preview:large, max-video-preview:-1\" \/>\n<link rel=\"canonical\" href=\"https:\/\/www.bird.ca\/fr\/experience-du-projet\/le-transport\/\" \/>\n<meta property=\"og:locale\" content=\"fr_CA\" \/>\n<meta property=\"og:type\" content=\"article\" \/>\n<meta property=\"og:title\" content=\"Transportation | Bird Construction\" \/>\n<meta property=\"og:description\" content=\"Bird Construction has been providing construction services to a long list of new and repeat clients since 1920.\" \/>\n<meta property=\"og:url\" content=\"https:\/\/www.bird.ca\/fr\/experience-du-projet\/le-transport\/\" \/>\n<meta property=\"og:site_name\" content=\"Bird Construction\" \/>\n<meta property=\"article:publisher\" content=\"https:\/\/www.facebook.com\/people\/Bird-Construction-Inc\/100064108594609\/\" \/>\n<meta property=\"article:modified_time\" content=\"2026-02-24T17:05:13+00:00\" \/>\n<meta property=\"og:image\" content=\"https:\/\/cdn.bird.ca\/2025\/02\/20211804\/bird_market-sector_website-banner_transportation.jpg\" \/>\n\t<meta property=\"og:image:width\" content=\"2560\" \/>\n\t<meta property=\"og:image:height\" content=\"933\" \/>\n\t<meta property=\"og:image:type\" content=\"image\/jpeg\" \/>\n<meta name=\"twitter:card\" content=\"summary_large_image\" \/>\n<meta name=\"twitter:label1\" content=\"Estimation du temps de lecture\" \/>\n\t<meta name=\"twitter:data1\" content=\"2 minutes\" \/>\n<script type=\"application\/ld+json\" class=\"yoast-schema-graph\">{\"@context\":\"https:\\\/\\\/schema.org\",\"@graph\":[{\"@type\":\"WebPage\",\"@id\":\"https:\\\/\\\/www.bird.ca\\\/project-experience\\\/transportation\\\/\",\"url\":\"https:\\\/\\\/www.bird.ca\\\/project-experience\\\/transportation\\\/\",\"name\":\"Transportation | Bird Construction\",\"isPartOf\":{\"@id\":\"https:\\\/\\\/www.bird.ca\\\/#website\"},\"primaryImageOfPage\":{\"@id\":\"https:\\\/\\\/www.bird.ca\\\/project-experience\\\/transportation\\\/#primaryimage\"},\"image\":{\"@id\":\"https:\\\/\\\/www.bird.ca\\\/project-experience\\\/transportation\\\/#primaryimage\"},\"thumbnailUrl\":\"https:\\\/\\\/cdn.bird.ca\\\/2025\\\/02\\\/20211804\\\/bird_market-sector_website-banner_transportation.jpg\",\"datePublished\":\"2025-02-12T13:05:11+00:00\",\"dateModified\":\"2026-02-24T17:05:13+00:00\",\"description\":\"Transportation Pioneering the evolution of Canada's transportation infrastructure, we redefine connectivity across urban and suburban landscapes. Our\",\"breadcrumb\":{\"@id\":\"https:\\\/\\\/www.bird.ca\\\/project-experience\\\/transportation\\\/#breadcrumb\"},\"inLanguage\":\"fr-CA\",\"potentialAction\":[{\"@type\":\"ReadAction\",\"target\":[\"https:\\\/\\\/www.bird.ca\\\/project-experience\\\/transportation\\\/\"]}]},{\"@type\":\"ImageObject\",\"inLanguage\":\"fr-CA\",\"@id\":\"https:\\\/\\\/www.bird.ca\\\/project-experience\\\/transportation\\\/#primaryimage\",\"url\":\"https:\\\/\\\/cdn.bird.ca\\\/2025\\\/02\\\/20211804\\\/bird_market-sector_website-banner_transportation.jpg\",\"contentUrl\":\"https:\\\/\\\/cdn.bird.ca\\\/2025\\\/02\\\/20211804\\\/bird_market-sector_website-banner_transportation.jpg\",\"width\":2560,\"height\":933,\"caption\":\"A split image shows an empty, modern train maintenance facility on the left and a green and white train speeding past an outdoor station platform on the right.\"},{\"@type\":\"BreadcrumbList\",\"@id\":\"https:\\\/\\\/www.bird.ca\\\/project-experience\\\/transportation\\\/#breadcrumb\",\"itemListElement\":[{\"@type\":\"ListItem\",\"position\":1,\"name\":\"Home\",\"item\":\"https:\\\/\\\/www.bird.ca\\\/\"},{\"@type\":\"ListItem\",\"position\":2,\"name\":\"Project Experience\",\"item\":\"https:\\\/\\\/www.bird.ca\\\/project-experience\\\/\"},{\"@type\":\"ListItem\",\"position\":3,\"name\":\"Transportation\"}]},{\"@type\":\"WebSite\",\"@id\":\"https:\\\/\\\/www.bird.ca\\\/#website\",\"url\":\"https:\\\/\\\/www.bird.ca\\\/\",\"name\":\"Bird Construction\",\"description\":\"\",\"publisher\":{\"@id\":\"https:\\\/\\\/www.bird.ca\\\/#organization\"},\"potentialAction\":[{\"@type\":\"SearchAction\",\"target\":{\"@type\":\"EntryPoint\",\"urlTemplate\":\"https:\\\/\\\/www.bird.ca\\\/?s={search_term_string}\"},\"query-input\":{\"@type\":\"PropertyValueSpecification\",\"valueRequired\":true,\"valueName\":\"search_term_string\"}}],\"inLanguage\":\"fr-CA\"},{\"@type\":\"Organization\",\"@id\":\"https:\\\/\\\/www.bird.ca\\\/#organization\",\"name\":\"Bird Construction\",\"url\":\"https:\\\/\\\/www.bird.ca\\\/\",\"logo\":{\"@type\":\"ImageObject\",\"inLanguage\":\"fr-CA\",\"@id\":\"https:\\\/\\\/www.bird.ca\\\/#\\\/schema\\\/logo\\\/image\\\/\",\"url\":\"https:\\\/\\\/cdn.bird.ca\\\/2025\\\/01\\\/20212041\\\/bird-logo-RGB-e1739411338652.png\",\"contentUrl\":\"https:\\\/\\\/cdn.bird.ca\\\/2025\\\/01\\\/20212041\\\/bird-logo-RGB-e1739411338652.png\",\"width\":865,\"height\":366,\"caption\":\"Bird Construction\"},\"image\":{\"@id\":\"https:\\\/\\\/www.bird.ca\\\/#\\\/schema\\\/logo\\\/image\\\/\"},\"sameAs\":[\"https:\\\/\\\/www.facebook.com\\\/people\\\/Bird-Construction-Inc\\\/100064108594609\\\/\",\"https:\\\/\\\/www.instagram.com\\\/birdconstructioninc\\\/\",\"https:\\\/\\\/ca.linkedin.com\\\/company\\\/bird-construction-inc\"]}]}<\/script>\n<!-- \/ Yoast SEO Premium plugin. -->","yoast_head_json":{"title":"Transport | Construction d'oiseaux","description":"Transport Pionniers de l'\u00e9volution des infrastructures de transport au Canada, nous red\u00e9finissons la connectivit\u00e9 dans les paysages urbains et suburbains. Nos","robots":{"index":"index","follow":"follow","max-snippet":"max-snippet:-1","max-image-preview":"max-image-preview:large","max-video-preview":"max-video-preview:-1"},"canonical":"https:\/\/www.bird.ca\/fr\/experience-du-projet\/le-transport\/","og_locale":"fr_CA","og_type":"article","og_title":"Transportation | Bird Construction","og_description":"Bird Construction has been providing construction services to a long list of new and repeat clients since 1920.","og_url":"https:\/\/www.bird.ca\/fr\/experience-du-projet\/le-transport\/","og_site_name":"Bird Construction","article_publisher":"https:\/\/www.facebook.com\/people\/Bird-Construction-Inc\/100064108594609\/","article_modified_time":"2026-02-24T17:05:13+00:00","og_image":[{"width":2560,"height":933,"url":"https:\/\/cdn.bird.ca\/2025\/02\/20211804\/bird_market-sector_website-banner_transportation.jpg","type":"image\/jpeg"}],"twitter_card":"summary_large_image","twitter_misc":{"Estimation du temps de lecture":"2 minutes"},"schema":{"@context":"https:\/\/schema.org","@graph":[{"@type":"WebPage","@id":"https:\/\/www.bird.ca\/project-experience\/transportation\/","url":"https:\/\/www.bird.ca\/project-experience\/transportation\/","name":"Transport | Construction d'oiseaux","isPartOf":{"@id":"https:\/\/www.bird.ca\/#website"},"primaryImageOfPage":{"@id":"https:\/\/www.bird.ca\/project-experience\/transportation\/#primaryimage"},"image":{"@id":"https:\/\/www.bird.ca\/project-experience\/transportation\/#primaryimage"},"thumbnailUrl":"https:\/\/cdn.bird.ca\/2025\/02\/20211804\/bird_market-sector_website-banner_transportation.jpg","datePublished":"2025-02-12T13:05:11+00:00","dateModified":"2026-02-24T17:05:13+00:00","description":"Transport Pionniers de l'\u00e9volution des infrastructures de transport au Canada, nous red\u00e9finissons la connectivit\u00e9 dans les paysages urbains et suburbains. Nos","breadcrumb":{"@id":"https:\/\/www.bird.ca\/project-experience\/transportation\/#breadcrumb"},"inLanguage":"fr-CA","potentialAction":[{"@type":"ReadAction","target":["https:\/\/www.bird.ca\/project-experience\/transportation\/"]}]},{"@type":"ImageObject","inLanguage":"fr-CA","@id":"https:\/\/www.bird.ca\/project-experience\/transportation\/#primaryimage","url":"https:\/\/cdn.bird.ca\/2025\/02\/20211804\/bird_market-sector_website-banner_transportation.jpg","contentUrl":"https:\/\/cdn.bird.ca\/2025\/02\/20211804\/bird_market-sector_website-banner_transportation.jpg","width":2560,"height":933,"caption":"A split image shows an empty, modern train maintenance facility on the left and a green and white train speeding past an outdoor station platform on the right."},{"@type":"BreadcrumbList","@id":"https:\/\/www.bird.ca\/project-experience\/transportation\/#breadcrumb","itemListElement":[{"@type":"ListItem","position":1,"name":"Home","item":"https:\/\/www.bird.ca\/"},{"@type":"ListItem","position":2,"name":"Project Experience","item":"https:\/\/www.bird.ca\/project-experience\/"},{"@type":"ListItem","position":3,"name":"Transportation"}]},{"@type":"WebSite","@id":"https:\/\/www.bird.ca\/#website","url":"https:\/\/www.bird.ca\/","name":"Bird Construction","description":"","publisher":{"@id":"https:\/\/www.bird.ca\/#organization"},"potentialAction":[{"@type":"SearchAction","target":{"@type":"EntryPoint","urlTemplate":"https:\/\/www.bird.ca\/?s={search_term_string}"},"query-input":{"@type":"PropertyValueSpecification","valueRequired":true,"valueName":"search_term_string"}}],"inLanguage":"fr-CA"},{"@type":"Organization","@id":"https:\/\/www.bird.ca\/#organization","name":"Bird Construction","url":"https:\/\/www.bird.ca\/","logo":{"@type":"ImageObject","inLanguage":"fr-CA","@id":"https:\/\/www.bird.ca\/#\/schema\/logo\/image\/","url":"https:\/\/cdn.bird.ca\/2025\/01\/20212041\/bird-logo-RGB-e1739411338652.png","contentUrl":"https:\/\/cdn.bird.ca\/2025\/01\/20212041\/bird-logo-RGB-e1739411338652.png","width":865,"height":366,"caption":"Bird Construction"},"image":{"@id":"https:\/\/www.bird.ca\/#\/schema\/logo\/image\/"},"sameAs":["https:\/\/www.facebook.com\/people\/Bird-Construction-Inc\/100064108594609\/","https:\/\/www.instagram.com\/birdconstructioninc\/","https:\/\/ca.linkedin.com\/company\/bird-construction-inc"]}]}},"_links":{"self":[{"href":"https:\/\/www.bird.ca\/fr\/wp-json\/wp\/v2\/pages\/1289","targetHints":{"allow":["GET"]}}],"collection":[{"href":"https:\/\/www.bird.ca\/fr\/wp-json\/wp\/v2\/pages"}],"about":[{"href":"https:\/\/www.bird.ca\/fr\/wp-json\/wp\/v2\/types\/page"}],"author":[{"embeddable":true,"href":"https:\/\/www.bird.ca\/fr\/wp-json\/wp\/v2\/users\/1"}],"replies":[{"embeddable":true,"href":"https:\/\/www.bird.ca\/fr\/wp-json\/wp\/v2\/comments?post=1289"}],"version-history":[{"count":12,"href":"https:\/\/www.bird.ca\/fr\/wp-json\/wp\/v2\/pages\/1289\/revisions"}],"predecessor-version":[{"id":13539,"href":"https:\/\/www.bird.ca\/fr\/wp-json\/wp\/v2\/pages\/1289\/revisions\/13539"}],"up":[{"embeddable":true,"href":"https:\/\/www.bird.ca\/fr\/wp-json\/wp\/v2\/pages\/20"}],"wp:featuredmedia":[{"embeddable":true,"href":"https:\/\/www.bird.ca\/fr\/wp-json\/wp\/v2\/media\/1252"}],"wp:attachment":[{"href":"https:\/\/www.bird.ca\/fr\/wp-json\/wp\/v2\/media?parent=1289"}],"curies":[{"name":"wp","href":"https:\/\/api.w.org\/{rel}","templated":true}]}}