{"id":1369,"date":"2025-02-14T10:24:30","date_gmt":"2025-02-14T10:24:30","guid":{"rendered":"https:\/\/www.bird.ca\/?page_id=1369"},"modified":"2025-06-17T19:03:27","modified_gmt":"2025-06-17T19:03:27","slug":"conception-et-construction-durables","status":"publish","type":"page","link":"https:\/\/www.bird.ca\/fr\/what-we-do\/sustainable-design-and-construction\/","title":{"rendered":"Conception et construction durables"},"content":{"rendered":"<div class=\"wp-block-create-block-hero-static\">\n\t<div class=\"hero-banner\">\n\t\t\t\t\t<img loading=\"lazy\" decoding=\"async\" width=\"2560\" height=\"600\" src=\"https:\/\/cdn.bird.ca\/2025\/02\/20211736\/calgary-library2-2600x600-banner-2560x600.jpg\" class=\"attachment-banner-size size-banner-size\" alt=\"Un int\u00e9rieur moderne et spacieux avec des escaliers en bois courbes, un plancher en bois et une sculpture de bison faite de plaques de m\u00e9tal au centre. Un \u00e9clairage doux et chaleureux met en valeur l&#039;architecture contemporaine.\" sizes=\"auto, 100vw\" srcset=\"https:\/\/cdn.bird.ca\/2025\/02\/20211736\/calgary-library2-2600x600-banner-2560x600.jpg 2560w, https:\/\/cdn.bird.ca\/2025\/02\/20211736\/calgary-library2-2600x600-banner-300x69.jpg 300w\" \/>\n\t\t\t\t\t\t\t<div class=\"hero-banner__overlay\"><\/div>\n\t\t\t\n\t\t\t\t\t\t\t<div class=\"hero-banner__content\">\n\t\t\t\t\t<h1 class=\"hero-banner__title\">Conception et construction durables<\/h1>\n\t\t\t\t<\/div>\n\t\t\t\t\t\t<\/div>\n<\/div>\n\n\n<div style=\"height:100px\" aria-hidden=\"true\" class=\"wp-block-spacer is-style-entry-space\"><\/div>\n\n\n<div class=\"breadcrumb-block wp-block-create-block-breadcrumb-block\">\n\t\t\t\t\t<nav class=\"breadcrumb\" aria-label=\"Fil d&#039;Ariane\">\n\t\t\t<ol class=\"breadcrumb-list\">\n\t\t\t\t\t\t\t\t\t<li class=\"breadcrumb-item\"><a href=\"https:\/\/www.bird.ca\/fr\/\">Accueil<\/a><\/li>\t\t\t\t\t\t\t<\/ol>\n\t\t<\/nav>\n\t<\/div>\n\n\n<div style=\"height:30px\" aria-hidden=\"true\" class=\"wp-block-spacer\"><\/div>\n\n\n\n<div class=\"wp-block-group is-vertical is-layout-flex wp-container-core-group-is-layout-41fdfdc5 wp-block-group-is-layout-flex\">\n<h1 class=\"wp-block-heading has-text-align-left is-style-bird-h2\">Conception et construction durables<\/h1>\n\n\n\n<p class=\"is-style-callout-paragraph\">Bird poss\u00e8de une vaste exp\u00e9rience dans le d\u00e9veloppement et la construction d'installations durables dans tout le pays et dans tous les secteurs.<\/p>\n\n\n\n<div class=\"wp-block-columns gap: 100px; is-style-reverse-col is-layout-flex wp-container-core-columns-is-layout-14cf5ab5 wp-block-columns-is-layout-flex\">\n<div class=\"wp-block-column is-layout-flow wp-block-column-is-layout-flow\" style=\"flex-basis:40%\">\n<figure class=\"wp-block-image size-full is-style-image-shadow-left\"><img loading=\"lazy\" decoding=\"async\" width=\"900\" height=\"900\" src=\"https:\/\/cdn.bird.ca\/2025\/02\/20211721\/sustainable-cropped.jpg\" alt=\"Un b\u00e2timent moderne en verre avec des panneaux blancs verticaux et ondul\u00e9s sur sa fa\u00e7ade, de grandes fen\u00eatres et des espaces int\u00e9rieurs \u00e9clair\u00e9s. Une tour d&#039;habitation est visible \u00e0 l&#039;arri\u00e8re-plan au cr\u00e9puscule.\" class=\"wp-image-1502\" srcset=\"https:\/\/cdn.bird.ca\/2025\/02\/20211721\/sustainable-cropped.jpg 900w, https:\/\/cdn.bird.ca\/2025\/02\/20211721\/sustainable-cropped-300x300.jpg 300w, https:\/\/cdn.bird.ca\/2025\/02\/20211721\/sustainable-cropped-150x150.jpg 150w, https:\/\/cdn.bird.ca\/2025\/02\/20211721\/sustainable-cropped-768x768.jpg 768w\" sizes=\"auto, (max-width: 900px) 100vw, 900px\" \/><\/figure>\n<\/div>\n\n\n\n<div class=\"wp-block-column is-vertically-aligned-top is-layout-flow wp-block-column-is-layout-flow\">\n<p class=\"has-text-align-left is-style-bird-body\">Notre connaissance approfondie des strat\u00e9gies de pointe en mati\u00e8re de d\u00e9veloppement de sites durables, d'\u00e9conomies d'eau, d'efficacit\u00e9 \u00e9nerg\u00e9tique, de s\u00e9lection des mat\u00e9riaux et de qualit\u00e9 de l'environnement int\u00e9rieur apporte une valeur durable \u00e0 nos clients. Notre portefeuille de projets durables comprend \u00e9galement une expertise, une exp\u00e9rience et une connaissance de la cha\u00eene d'approvisionnement in\u00e9gal\u00e9es dans le domaine de la construction en bois massif, ce qui positionne Bird comme un leader en Am\u00e9rique du Nord.<\/p>\n\n\n\n<p>Bird est un membre fondateur du Conseil du b\u00e2timent durable du Canada et compte environ 200 projets certifi\u00e9s ou visant diff\u00e9rents niveaux de LEED.<sup aria-hidden=\"true\">\u00ae<\/sup><span class=\"screen-reader-text\">enregistr\u00e9<\/span> y compris plusieurs certifications LEED<sup aria-hidden=\"true\">\u00ae<\/sup><span class=\"screen-reader-text\">enregistr\u00e9<\/span> Platine. Nous employons actuellement le syst\u00e8me LEED<sup aria-hidden=\"true\">\u00ae<\/sup><span class=\"screen-reader-text\">enregistr\u00e9<\/span> Des professionnels accr\u00e9dit\u00e9s dans toute l'entreprise.<\/p>\n\n\n\n<p class=\"has-text-align-left is-style-bird-body\">En plus de LEED<sup aria-hidden=\"true\">\u00ae<\/sup><span class=\"screen-reader-text\">enregistr\u00e9<\/span> Forte de son exp\u00e9rience, l'entreprise a r\u00e9alis\u00e9 un certain nombre de projets conformes aux normes Green Globes et a r\u00e9cemment, pour la premi\u00e8re fois au Canada, d\u00e9livr\u00e9 la premi\u00e8re certification z\u00e9ro carbone pour la r\u00e9novation d'un b\u00e2timent existant, le b\u00e2timent NX, sur le campus nord du Humber College.<\/p>\n\n\n\n<div class=\"wp-block-buttons is-vertical is-layout-flex wp-container-core-buttons-is-layout-fe9cc265 wp-block-buttons-is-layout-flex\">\n<div class=\"wp-block-button is-style-bird-solid\"><a class=\"wp-block-button__link wp-element-button\" href=\"https:\/\/cdn.bird.ca\/2025\/03\/20210936\/net-zero-brochure_digital_spreads_compressed.pdf\">Lire notre brochure sur le chemin vers le net z\u00e9ro<\/a><\/div>\n\n\n\n<div class=\"wp-block-button is-style-bird-outline\"><a class=\"wp-block-button__link wp-element-button\" href=\"https:\/\/www.bird.ca\/fr\/ce-que-nous-faisons\/conception-et-construction-durables\/renovations-energetiques-profondes\/\">En savoir plus sur les r\u00e9novations \u00e9nerg\u00e9tiques profondes<\/a><\/div>\n<\/div>\n<\/div>\n<\/div>\n<\/div>\n\n\n\n<div style=\"height:100px\" aria-hidden=\"true\" class=\"wp-block-spacer is-style-entry-space\"><\/div>\n\n\n\n<h2 class=\"wp-block-heading\" id=\"h-explore-our-sustainable-projects\">D\u00e9couvrez nos projets durables<\/h2>\n\n\n<div class=\"post-list-filters-block wp-block-create-block-post-list-filters\"\tdata-post-type=\"projects\" data-button-taxonomy=\"service\"\n\tdata-button-parent-term=\"176\">\n\t<div class=\"filtered-posts\"><div class=\"post-grid\"><p>Chargement des projets...<\/p><\/div><\/div><\/div>\n\n\n<div style=\"height:100px\" aria-hidden=\"true\" class=\"wp-block-spacer is-style-entry-space\"><\/div>","protected":false},"excerpt":{"rendered":"<p>Sustainable Design and Construction Bird has extensive experience in the development and construction of sustainable facilities across the country and across all sectors. Our comprehensive knowledge of state-of-the-art strategies for sustainable site development, water savings, energy efficiency, materials selection, and indoor environmental quality brings lasting value to our clients. Our sustainable portfolio also includes unmatched [&hellip;]<\/p>\n","protected":false},"author":1,"featured_media":1491,"parent":18,"menu_order":0,"comment_status":"closed","ping_status":"closed","template":"","meta":{"_acf_changed":false,"footnotes":""},"class_list":["post-1369","page","type-page","status-publish","has-post-thumbnail","hentry"],"acf":[],"yoast_head":"<!-- This site is optimized with the Yoast SEO Premium plugin v24.6 (Yoast SEO v27.3) - https:\/\/yoast.com\/product\/yoast-seo-premium-wordpress\/ -->\n<title>Sustainable Design and Construction | Bird Construction<\/title>\n<meta name=\"description\" content=\"Sustainable Design and Construction Bird has extensive experience in the development and construction of sustainable facilities across the country and\" \/>\n<meta name=\"robots\" content=\"index, follow, max-snippet:-1, max-image-preview:large, max-video-preview:-1\" \/>\n<link rel=\"canonical\" href=\"https:\/\/www.bird.ca\/fr\/ce-que-nous-faisons\/conception-et-construction-durables\/\" \/>\n<meta property=\"og:locale\" content=\"fr_CA\" \/>\n<meta property=\"og:type\" content=\"article\" \/>\n<meta property=\"og:title\" content=\"Sustainable Design and Construction | Bird Construction\" \/>\n<meta property=\"og:description\" content=\"Bird Construction has been providing construction services to a long list of new and repeat clients since 1920.\" \/>\n<meta property=\"og:url\" content=\"https:\/\/www.bird.ca\/fr\/ce-que-nous-faisons\/conception-et-construction-durables\/\" \/>\n<meta property=\"og:site_name\" content=\"Bird Construction\" \/>\n<meta property=\"article:publisher\" content=\"https:\/\/www.facebook.com\/people\/Bird-Construction-Inc\/100064108594609\/\" \/>\n<meta property=\"article:modified_time\" content=\"2025-06-17T19:03:27+00:00\" \/>\n<meta property=\"og:image\" content=\"https:\/\/cdn.bird.ca\/2025\/02\/20211736\/calgary-library2-2600x600-banner-scaled.jpg\" \/>\n\t<meta property=\"og:image:width\" content=\"2560\" \/>\n\t<meta property=\"og:image:height\" content=\"591\" \/>\n\t<meta property=\"og:image:type\" content=\"image\/jpeg\" \/>\n<meta name=\"twitter:card\" content=\"summary_large_image\" \/>\n<meta name=\"twitter:label1\" content=\"Estimation du temps de lecture\" \/>\n\t<meta name=\"twitter:data1\" content=\"2 minutes\" \/>\n<script type=\"application\/ld+json\" class=\"yoast-schema-graph\">{\"@context\":\"https:\\\/\\\/schema.org\",\"@graph\":[{\"@type\":\"WebPage\",\"@id\":\"https:\\\/\\\/www.bird.ca\\\/what-we-do\\\/sustainable-design-and-construction\\\/\",\"url\":\"https:\\\/\\\/www.bird.ca\\\/what-we-do\\\/sustainable-design-and-construction\\\/\",\"name\":\"Sustainable Design and Construction | Bird Construction\",\"isPartOf\":{\"@id\":\"https:\\\/\\\/www.bird.ca\\\/#website\"},\"primaryImageOfPage\":{\"@id\":\"https:\\\/\\\/www.bird.ca\\\/what-we-do\\\/sustainable-design-and-construction\\\/#primaryimage\"},\"image\":{\"@id\":\"https:\\\/\\\/www.bird.ca\\\/what-we-do\\\/sustainable-design-and-construction\\\/#primaryimage\"},\"thumbnailUrl\":\"https:\\\/\\\/cdn.bird.ca\\\/2025\\\/02\\\/20211736\\\/calgary-library2-2600x600-banner-scaled.jpg\",\"datePublished\":\"2025-02-14T10:24:30+00:00\",\"dateModified\":\"2025-06-17T19:03:27+00:00\",\"description\":\"Sustainable Design and Construction Bird has extensive experience in the development and construction of sustainable facilities across the country and\",\"breadcrumb\":{\"@id\":\"https:\\\/\\\/www.bird.ca\\\/what-we-do\\\/sustainable-design-and-construction\\\/#breadcrumb\"},\"inLanguage\":\"fr-CA\",\"potentialAction\":[{\"@type\":\"ReadAction\",\"target\":[\"https:\\\/\\\/www.bird.ca\\\/what-we-do\\\/sustainable-design-and-construction\\\/\"]}]},{\"@type\":\"ImageObject\",\"inLanguage\":\"fr-CA\",\"@id\":\"https:\\\/\\\/www.bird.ca\\\/what-we-do\\\/sustainable-design-and-construction\\\/#primaryimage\",\"url\":\"https:\\\/\\\/cdn.bird.ca\\\/2025\\\/02\\\/20211736\\\/calgary-library2-2600x600-banner-scaled.jpg\",\"contentUrl\":\"https:\\\/\\\/cdn.bird.ca\\\/2025\\\/02\\\/20211736\\\/calgary-library2-2600x600-banner-scaled.jpg\",\"width\":2560,\"height\":591,\"caption\":\"A modern, spacious interior with curving wooden staircases, a wooden floor, and a sculpture of a bison made from metal plates in the center. Soft, warm lighting enhances the contemporary architectural design.\"},{\"@type\":\"BreadcrumbList\",\"@id\":\"https:\\\/\\\/www.bird.ca\\\/what-we-do\\\/sustainable-design-and-construction\\\/#breadcrumb\",\"itemListElement\":[{\"@type\":\"ListItem\",\"position\":1,\"name\":\"Home\",\"item\":\"https:\\\/\\\/www.bird.ca\\\/\"},{\"@type\":\"ListItem\",\"position\":2,\"name\":\"What We Do\",\"item\":\"https:\\\/\\\/www.bird.ca\\\/what-we-do\\\/\"},{\"@type\":\"ListItem\",\"position\":3,\"name\":\"Sustainable Design and Construction\"}]},{\"@type\":\"WebSite\",\"@id\":\"https:\\\/\\\/www.bird.ca\\\/#website\",\"url\":\"https:\\\/\\\/www.bird.ca\\\/\",\"name\":\"Bird Construction\",\"description\":\"\",\"publisher\":{\"@id\":\"https:\\\/\\\/www.bird.ca\\\/#organization\"},\"potentialAction\":[{\"@type\":\"SearchAction\",\"target\":{\"@type\":\"EntryPoint\",\"urlTemplate\":\"https:\\\/\\\/www.bird.ca\\\/?s={search_term_string}\"},\"query-input\":{\"@type\":\"PropertyValueSpecification\",\"valueRequired\":true,\"valueName\":\"search_term_string\"}}],\"inLanguage\":\"fr-CA\"},{\"@type\":\"Organization\",\"@id\":\"https:\\\/\\\/www.bird.ca\\\/#organization\",\"name\":\"Bird Construction\",\"url\":\"https:\\\/\\\/www.bird.ca\\\/\",\"logo\":{\"@type\":\"ImageObject\",\"inLanguage\":\"fr-CA\",\"@id\":\"https:\\\/\\\/www.bird.ca\\\/#\\\/schema\\\/logo\\\/image\\\/\",\"url\":\"https:\\\/\\\/cdn.bird.ca\\\/2025\\\/01\\\/20212041\\\/bird-logo-RGB-e1739411338652.png\",\"contentUrl\":\"https:\\\/\\\/cdn.bird.ca\\\/2025\\\/01\\\/20212041\\\/bird-logo-RGB-e1739411338652.png\",\"width\":865,\"height\":366,\"caption\":\"Bird Construction\"},\"image\":{\"@id\":\"https:\\\/\\\/www.bird.ca\\\/#\\\/schema\\\/logo\\\/image\\\/\"},\"sameAs\":[\"https:\\\/\\\/www.facebook.com\\\/people\\\/Bird-Construction-Inc\\\/100064108594609\\\/\",\"https:\\\/\\\/www.instagram.com\\\/birdconstructioninc\\\/\",\"https:\\\/\\\/ca.linkedin.com\\\/company\\\/bird-construction-inc\"]}]}<\/script>\n<!-- \/ Yoast SEO Premium plugin. -->","yoast_head_json":{"title":"Conception et construction durables | Bird Construction","description":"Conception et construction durables Bird poss\u00e8de une vaste exp\u00e9rience dans le d\u00e9veloppement et la construction d'installations durables dans l'ensemble du pays et de l'Europe.","robots":{"index":"index","follow":"follow","max-snippet":"max-snippet:-1","max-image-preview":"max-image-preview:large","max-video-preview":"max-video-preview:-1"},"canonical":"https:\/\/www.bird.ca\/fr\/ce-que-nous-faisons\/conception-et-construction-durables\/","og_locale":"fr_CA","og_type":"article","og_title":"Sustainable Design and Construction | Bird Construction","og_description":"Bird Construction has been providing construction services to a long list of new and repeat clients since 1920.","og_url":"https:\/\/www.bird.ca\/fr\/ce-que-nous-faisons\/conception-et-construction-durables\/","og_site_name":"Bird Construction","article_publisher":"https:\/\/www.facebook.com\/people\/Bird-Construction-Inc\/100064108594609\/","article_modified_time":"2025-06-17T19:03:27+00:00","og_image":[{"width":2560,"height":591,"url":"https:\/\/cdn.bird.ca\/2025\/02\/20211736\/calgary-library2-2600x600-banner-scaled.jpg","type":"image\/jpeg"}],"twitter_card":"summary_large_image","twitter_misc":{"Estimation du temps de lecture":"2 minutes"},"schema":{"@context":"https:\/\/schema.org","@graph":[{"@type":"WebPage","@id":"https:\/\/www.bird.ca\/what-we-do\/sustainable-design-and-construction\/","url":"https:\/\/www.bird.ca\/what-we-do\/sustainable-design-and-construction\/","name":"Conception et construction durables | Bird Construction","isPartOf":{"@id":"https:\/\/www.bird.ca\/#website"},"primaryImageOfPage":{"@id":"https:\/\/www.bird.ca\/what-we-do\/sustainable-design-and-construction\/#primaryimage"},"image":{"@id":"https:\/\/www.bird.ca\/what-we-do\/sustainable-design-and-construction\/#primaryimage"},"thumbnailUrl":"https:\/\/cdn.bird.ca\/2025\/02\/20211736\/calgary-library2-2600x600-banner-scaled.jpg","datePublished":"2025-02-14T10:24:30+00:00","dateModified":"2025-06-17T19:03:27+00:00","description":"Conception et construction durables Bird poss\u00e8de une vaste exp\u00e9rience dans le d\u00e9veloppement et la construction d'installations durables dans l'ensemble du pays et de l'Europe.","breadcrumb":{"@id":"https:\/\/www.bird.ca\/what-we-do\/sustainable-design-and-construction\/#breadcrumb"},"inLanguage":"fr-CA","potentialAction":[{"@type":"ReadAction","target":["https:\/\/www.bird.ca\/what-we-do\/sustainable-design-and-construction\/"]}]},{"@type":"ImageObject","inLanguage":"fr-CA","@id":"https:\/\/www.bird.ca\/what-we-do\/sustainable-design-and-construction\/#primaryimage","url":"https:\/\/cdn.bird.ca\/2025\/02\/20211736\/calgary-library2-2600x600-banner-scaled.jpg","contentUrl":"https:\/\/cdn.bird.ca\/2025\/02\/20211736\/calgary-library2-2600x600-banner-scaled.jpg","width":2560,"height":591,"caption":"A modern, spacious interior with curving wooden staircases, a wooden floor, and a sculpture of a bison made from metal plates in the center. Soft, warm lighting enhances the contemporary architectural design."},{"@type":"BreadcrumbList","@id":"https:\/\/www.bird.ca\/what-we-do\/sustainable-design-and-construction\/#breadcrumb","itemListElement":[{"@type":"ListItem","position":1,"name":"Home","item":"https:\/\/www.bird.ca\/"},{"@type":"ListItem","position":2,"name":"What We Do","item":"https:\/\/www.bird.ca\/what-we-do\/"},{"@type":"ListItem","position":3,"name":"Sustainable Design and Construction"}]},{"@type":"WebSite","@id":"https:\/\/www.bird.ca\/#website","url":"https:\/\/www.bird.ca\/","name":"Bird Construction","description":"","publisher":{"@id":"https:\/\/www.bird.ca\/#organization"},"potentialAction":[{"@type":"SearchAction","target":{"@type":"EntryPoint","urlTemplate":"https:\/\/www.bird.ca\/?s={search_term_string}"},"query-input":{"@type":"PropertyValueSpecification","valueRequired":true,"valueName":"search_term_string"}}],"inLanguage":"fr-CA"},{"@type":"Organization","@id":"https:\/\/www.bird.ca\/#organization","name":"Bird Construction","url":"https:\/\/www.bird.ca\/","logo":{"@type":"ImageObject","inLanguage":"fr-CA","@id":"https:\/\/www.bird.ca\/#\/schema\/logo\/image\/","url":"https:\/\/cdn.bird.ca\/2025\/01\/20212041\/bird-logo-RGB-e1739411338652.png","contentUrl":"https:\/\/cdn.bird.ca\/2025\/01\/20212041\/bird-logo-RGB-e1739411338652.png","width":865,"height":366,"caption":"Bird Construction"},"image":{"@id":"https:\/\/www.bird.ca\/#\/schema\/logo\/image\/"},"sameAs":["https:\/\/www.facebook.com\/people\/Bird-Construction-Inc\/100064108594609\/","https:\/\/www.instagram.com\/birdconstructioninc\/","https:\/\/ca.linkedin.com\/company\/bird-construction-inc"]}]}},"_links":{"self":[{"href":"https:\/\/www.bird.ca\/fr\/wp-json\/wp\/v2\/pages\/1369","targetHints":{"allow":["GET"]}}],"collection":[{"href":"https:\/\/www.bird.ca\/fr\/wp-json\/wp\/v2\/pages"}],"about":[{"href":"https:\/\/www.bird.ca\/fr\/wp-json\/wp\/v2\/types\/page"}],"author":[{"embeddable":true,"href":"https:\/\/www.bird.ca\/fr\/wp-json\/wp\/v2\/users\/1"}],"replies":[{"embeddable":true,"href":"https:\/\/www.bird.ca\/fr\/wp-json\/wp\/v2\/comments?post=1369"}],"version-history":[{"count":12,"href":"https:\/\/www.bird.ca\/fr\/wp-json\/wp\/v2\/pages\/1369\/revisions"}],"predecessor-version":[{"id":9182,"href":"https:\/\/www.bird.ca\/fr\/wp-json\/wp\/v2\/pages\/1369\/revisions\/9182"}],"up":[{"embeddable":true,"href":"https:\/\/www.bird.ca\/fr\/wp-json\/wp\/v2\/pages\/18"}],"wp:featuredmedia":[{"embeddable":true,"href":"https:\/\/www.bird.ca\/fr\/wp-json\/wp\/v2\/media\/1491"}],"wp:attachment":[{"href":"https:\/\/www.bird.ca\/fr\/wp-json\/wp\/v2\/media?parent=1369"}],"curies":[{"name":"wp","href":"https:\/\/api.w.org\/{rel}","templated":true}]}}