{"id":1371,"date":"2025-02-14T10:24:51","date_gmt":"2025-02-14T10:24:51","guid":{"rendered":"https:\/\/www.bird.ca\/?page_id=1371"},"modified":"2025-06-17T19:03:47","modified_gmt":"2025-06-17T19:03:47","slug":"technologie","status":"publish","type":"page","link":"https:\/\/www.bird.ca\/fr\/what-we-do\/technology\/","title":{"rendered":"Technologie"},"content":{"rendered":"<div class=\"wp-block-create-block-hero-static\">\n\t<div class=\"hero-banner\">\n\t\t\t\t\t<img loading=\"lazy\" decoding=\"async\" width=\"1500\" height=\"600\" src=\"https:\/\/cdn.bird.ca\/2025\/05\/05171201\/Techology-Banner-1500x600-1.jpg\" class=\"attachment-banner-size size-banner-size\" alt=\"Une personne regarde de pr\u00e8s un \u00e9cran d&#039;ordinateur affichant un mod\u00e8le 3D d\u00e9taill\u00e9 d&#039;architecture ou d&#039;ing\u00e9nierie dans une interface de logiciel de conception.\" sizes=\"auto, 100vw\" \/>\n\t\t\t\t\t\t\t<div class=\"hero-banner__overlay\"><\/div>\n\t\t\t\n\t\t\t\t\t\t\t<div class=\"hero-banner__content\">\n\t\t\t\t\t<h1 class=\"hero-banner__title\">Technologie<\/h1>\n\t\t\t\t<\/div>\n\t\t\t\t\t\t<\/div>\n<\/div>\n\n\n<div style=\"height:100px\" aria-hidden=\"true\" class=\"wp-block-spacer is-style-entry-space\"><\/div>\n\n\n<div class=\"breadcrumb-block wp-block-create-block-breadcrumb-block\">\n\t\t\t\t\t<nav class=\"breadcrumb\" aria-label=\"Fil d&#039;Ariane\">\n\t\t\t<ol class=\"breadcrumb-list\">\n\t\t\t\t\t\t\t\t\t<li class=\"breadcrumb-item\"><a href=\"https:\/\/www.bird.ca\/fr\/\">Accueil<\/a><\/li>\t\t\t\t\t\t\t<\/ol>\n\t\t<\/nav>\n\t<\/div>\n\n\n<div style=\"height:30px\" aria-hidden=\"true\" class=\"wp-block-spacer\"><\/div>\n\n\n\n<div class=\"wp-block-group is-vertical is-layout-flex wp-container-core-group-is-layout-bf1e53ba wp-block-group-is-layout-flex\">\n<div class=\"wp-block-group is-vertical is-layout-flex wp-container-core-group-is-layout-f3a2fc10 wp-block-group-is-layout-flex\">\n<h1 class=\"wp-block-heading has-text-align-left is-style-bird-h2\" id=\"h-technology\">Technologie<\/h1>\n\n\n\n<p class=\"is-style-callout-paragraph\">Bird s'adapte \u00e0 l'\u00e9volution technologique rapide qui perturbe le secteur de la construction.<\/p>\n\n\n\n<p class=\"has-text-align-left is-style-bird-body\">Nous transformons nos processus de construction afin d'exploiter au mieux les technologies actuelles et de garantir une prestation de services rentable. Votre projet b\u00e9n\u00e9ficiera d'une technologie de pointe qui modifie la fa\u00e7on dont nous construisons, maximisant ainsi les r\u00e9sultats de votre projet.<\/p>\n\n\n\n<p class=\"has-primary-color has-text-color has-link-color wp-elements-d46620d314e61d8b4bc23dbb2a9b49eb\"><strong>Les domaines cl\u00e9s de la technologie actuelle et de l'optimisation des processus sont les suivants :<\/strong><\/p>\n<\/div>\n\n\n\n<div class=\"wp-block-columns gap: 100px; is-style-default is-layout-flex wp-container-core-columns-is-layout-f5a44f5b wp-block-columns-is-layout-flex\">\n<div class=\"wp-block-column is-vertically-aligned-top is-layout-flow wp-block-column-is-layout-flow\">\n<h2 class=\"wp-block-heading\" id=\"h-virtual-design-and-construction-vdc\">Conception et construction virtuelles (VDC)<\/h2>\n\n\n\n<p class=\"has-text-align-left is-style-bird-body\">Nous tirons parti de la technologie pour mener \u00e0 bien votre projet avec une plus grande certitude quant \u00e0 l'intention de la conception, \u00e0 l'estimation et au calendrier.<\/p>\n\n\n\n<p>Chez Bird, nous utilisons la mod\u00e9lisation des donn\u00e9es du b\u00e2timent (BIM) et la conception et la construction virtuelles (VDC) comme un processus int\u00e9gr\u00e9 qui contient toutes les informations intelligentes d'une structure dans un mod\u00e8le unique d\u00e9di\u00e9 qui vous permet de visualiser le site de construction et d'optimiser le calendrier de construction. Cela permet de r\u00e9duire les risques li\u00e9s au projet, les demandes d'information et les ordres de modification sur le chantier, ce qui se traduit par une exp\u00e9rience de projet plus harmonieuse.<\/p>\n\n\n\n<p class=\"has-text-align-left is-style-bird-body\">Nous sommes en mesure d'\u00e9valuer les composants d'un b\u00e2timent tout au long de son cycle de vie, de la conception \u00e0 l'occupation, en soutenant les phases de conception, le co\u00fbt de la construction, la gestion du projet et la gestion des installations.<\/p>\n\n\n\n<h2 class=\"wp-block-heading\" id=\"h-digital-construction-management\">Gestion num\u00e9rique de la construction<\/h2>\n\n\n\n<p>La num\u00e9risation du chantier, ainsi que la collaboration avec les partenaires et les parties prenantes, sont d\u00e9sormais la norme pour tous les projets Bird.<\/p>\n\n\n\n<p>La gestion, la communication et le suivi \u00e9lectroniques de tous les dessins, photographies, demandes d'information, soumissions, d\u00e9fauts et consid\u00e9rations de qualit\u00e9 garantissent que tous les acteurs du projet se r\u00e9f\u00e8rent \u00e0 tout moment \u00e0 une seule version de la v\u00e9rit\u00e9, ce qui permet de respecter les d\u00e9lais et le budget.<\/p>\n<\/div>\n\n\n\n<div class=\"wp-block-column is-layout-flow wp-block-column-is-layout-flow\" style=\"flex-basis:45%\">\n<figure class=\"wp-block-image size-full is-style-image-shadow-right\"><img loading=\"lazy\" decoding=\"async\" width=\"1000\" height=\"998\" src=\"https:\/\/cdn.bird.ca\/2025\/05\/05171201\/CorporateOverview-V12-Bldgs-Lookbook-Page-08-Image-0001-copy.jpg\" alt=\"Une personne est assise \u00e0 un bureau et regarde des \u00e9crans d&#039;ordinateur affichant des mod\u00e8les 3D d\u00e9taill\u00e9s d&#039;un projet d&#039;infrastructure de transport comprenant des routes, des v\u00e9hicules et une passerelle pour pi\u00e9tons. Une tasse \u00e0 caf\u00e9 \u00e9tiquet\u00e9e &quot;oiseau&quot; et des articles de bureau sont pos\u00e9s sur le bureau.\" class=\"wp-image-7130\"\/><\/figure>\n<\/div>\n<\/div>\n\n\n\n<div class=\"wp-block-columns gap: 100px; is-style-reverse-col is-layout-flex wp-container-core-columns-is-layout-f5a44f5b wp-block-columns-is-layout-flex\">\n<div class=\"wp-block-column is-layout-flow wp-block-column-is-layout-flow\" style=\"flex-basis:45%\">\n<figure class=\"wp-block-image size-full is-style-image-shadow-left\"><img loading=\"lazy\" decoding=\"async\" width=\"900\" height=\"900\" src=\"https:\/\/cdn.bird.ca\/2025\/02\/20211719\/winnipeg-bim-vdc.jpg\" alt=\"Un ouvrier du b\u00e2timent portant un casque et un gilet de s\u00e9curit\u00e9 orange fait fonctionner un drone \u00e0 l&#039;aide d&#039;une t\u00e9l\u00e9commande sur un chantier en plein air, avec une cl\u00f4ture de s\u00e9curit\u00e9 orange en arri\u00e8re-plan.\" class=\"wp-image-1503\" style=\"aspect-ratio:1;object-fit:cover\" srcset=\"https:\/\/cdn.bird.ca\/2025\/02\/20211719\/winnipeg-bim-vdc.jpg 900w, https:\/\/cdn.bird.ca\/2025\/02\/20211719\/winnipeg-bim-vdc-300x300.jpg 300w, https:\/\/cdn.bird.ca\/2025\/02\/20211719\/winnipeg-bim-vdc-150x150.jpg 150w, https:\/\/cdn.bird.ca\/2025\/02\/20211719\/winnipeg-bim-vdc-768x768.jpg 768w\" sizes=\"auto, (max-width: 900px) 100vw, 900px\" \/><\/figure>\n<\/div>\n\n\n\n<div class=\"wp-block-column is-vertically-aligned-top is-layout-flow wp-block-column-is-layout-flow\">\n<h2 class=\"wp-block-heading\" id=\"h-project-repository\">D\u00e9p\u00f4t de projet<\/h2>\n\n\n\n<p class=\"has-text-align-left is-style-bird-body\">Bird offre une plateforme num\u00e9rique efficace de collaboration et de partage des connaissances. Toute l'\u00e9quipe op\u00e9rationnelle a un acc\u00e8s imm\u00e9diat aux donn\u00e9es historiques du projet, ce qui lui permet de tirer des le\u00e7ons, des meilleures pratiques, des solutions innovantes et des id\u00e9es uniques pour \u00e9clairer votre projet.<\/p>\n\n\n\n<h2 class=\"wp-block-heading\" id=\"h-safety-management\">Gestion de la s\u00e9curit\u00e9<\/h2>\n\n\n\n<p>Nous savons que votre entreprise est attach\u00e9e \u00e0 la s\u00e9curit\u00e9, et nous le sommes aussi. Bird continue \u00e0 faire \u00e9voluer la culture de la s\u00e9curit\u00e9 en utilisant des technologies logicielles de pointe qui permettent de rendre les projets plus s\u00fbrs. L'\u00e9tablissement de pratiques standard et l'am\u00e9lioration de la visibilit\u00e9 des risques, des incidents, des inspections, des audits, des comptes-rendus de r\u00e9unions de s\u00e9curit\u00e9 et des actions correctives requises sont des priorit\u00e9s qui se traduisent par des sites de travail plus s\u00fbrs.<\/p>\n\n\n\n<p>Outre l'utilisation de la technologie, Bird examine en permanence les processus d'entreprise et les analyses pour trouver des possibilit\u00e9s d'optimisation. Nous cherchons \u00e9galement \u00e0 identifier les moyens d'am\u00e9liorer votre exp\u00e9rience en tant que client, et nous nous assurons que nous offrons une technologie de pointe pour am\u00e9liorer les r\u00e9sultats de votre projet.<\/p>\n<\/div>\n<\/div>\n<\/div>\n\n\n\n<div style=\"height:100px\" aria-hidden=\"true\" class=\"wp-block-spacer is-style-entry-space\"><\/div>","protected":false},"excerpt":{"rendered":"<p>Technology Bird is embracing the rapid technological change that is disrupting the construction industry. We are transforming our construction delivery processes to best leverage current technology, ensuring cost-effective service delivery. Your project will benefit from leading-edge technology that is changing the way we build, maximizing your project outcomes. Key areas of current technology focus and [&hellip;]<\/p>\n","protected":false},"author":1,"featured_media":7127,"parent":18,"menu_order":0,"comment_status":"closed","ping_status":"closed","template":"","meta":{"_acf_changed":false,"footnotes":""},"class_list":["post-1371","page","type-page","status-publish","has-post-thumbnail","hentry"],"acf":[],"yoast_head":"<!-- This site is optimized with the Yoast SEO Premium plugin v24.6 (Yoast SEO v27.3) - https:\/\/yoast.com\/product\/yoast-seo-premium-wordpress\/ -->\n<title>Technology | Bird Construction<\/title>\n<meta name=\"description\" content=\"Technology Bird is embracing the rapid technological change that is disrupting the construction industry. We are transforming our construction delivery\" \/>\n<meta name=\"robots\" content=\"index, follow, max-snippet:-1, max-image-preview:large, max-video-preview:-1\" \/>\n<link rel=\"canonical\" href=\"https:\/\/www.bird.ca\/fr\/ce-que-nous-faisons\/technologie\/\" \/>\n<meta property=\"og:locale\" content=\"fr_CA\" \/>\n<meta property=\"og:type\" content=\"article\" \/>\n<meta property=\"og:title\" content=\"Technology | Bird Construction\" \/>\n<meta property=\"og:description\" content=\"Bird Construction has been providing construction services to a long list of new and repeat clients since 1920.\" \/>\n<meta property=\"og:url\" content=\"https:\/\/www.bird.ca\/fr\/ce-que-nous-faisons\/technologie\/\" \/>\n<meta property=\"og:site_name\" content=\"Bird Construction\" \/>\n<meta property=\"article:publisher\" content=\"https:\/\/www.facebook.com\/people\/Bird-Construction-Inc\/100064108594609\/\" \/>\n<meta property=\"article:modified_time\" content=\"2025-06-17T19:03:47+00:00\" \/>\n<meta property=\"og:image\" content=\"https:\/\/cdn.bird.ca\/2025\/05\/05171201\/Techology-Banner-1500x600-1.jpg\" \/>\n\t<meta property=\"og:image:width\" content=\"1500\" \/>\n\t<meta property=\"og:image:height\" content=\"600\" \/>\n\t<meta property=\"og:image:type\" content=\"image\/jpeg\" \/>\n<meta name=\"twitter:card\" content=\"summary_large_image\" \/>\n<meta name=\"twitter:label1\" content=\"Estimation du temps de lecture\" \/>\n\t<meta name=\"twitter:data1\" content=\"3 minutes\" \/>\n<script type=\"application\/ld+json\" class=\"yoast-schema-graph\">{\"@context\":\"https:\\\/\\\/schema.org\",\"@graph\":[{\"@type\":\"WebPage\",\"@id\":\"https:\\\/\\\/www.bird.ca\\\/what-we-do\\\/technology\\\/\",\"url\":\"https:\\\/\\\/www.bird.ca\\\/what-we-do\\\/technology\\\/\",\"name\":\"Technology | Bird Construction\",\"isPartOf\":{\"@id\":\"https:\\\/\\\/www.bird.ca\\\/#website\"},\"primaryImageOfPage\":{\"@id\":\"https:\\\/\\\/www.bird.ca\\\/what-we-do\\\/technology\\\/#primaryimage\"},\"image\":{\"@id\":\"https:\\\/\\\/www.bird.ca\\\/what-we-do\\\/technology\\\/#primaryimage\"},\"thumbnailUrl\":\"https:\\\/\\\/cdn.bird.ca\\\/2025\\\/05\\\/05171201\\\/Techology-Banner-1500x600-1.jpg\",\"datePublished\":\"2025-02-14T10:24:51+00:00\",\"dateModified\":\"2025-06-17T19:03:47+00:00\",\"description\":\"Technology Bird is embracing the rapid technological change that is disrupting the construction industry. We are transforming our construction delivery\",\"breadcrumb\":{\"@id\":\"https:\\\/\\\/www.bird.ca\\\/what-we-do\\\/technology\\\/#breadcrumb\"},\"inLanguage\":\"fr-CA\",\"potentialAction\":[{\"@type\":\"ReadAction\",\"target\":[\"https:\\\/\\\/www.bird.ca\\\/what-we-do\\\/technology\\\/\"]}]},{\"@type\":\"ImageObject\",\"inLanguage\":\"fr-CA\",\"@id\":\"https:\\\/\\\/www.bird.ca\\\/what-we-do\\\/technology\\\/#primaryimage\",\"url\":\"https:\\\/\\\/cdn.bird.ca\\\/2025\\\/05\\\/05171201\\\/Techology-Banner-1500x600-1.jpg\",\"contentUrl\":\"https:\\\/\\\/cdn.bird.ca\\\/2025\\\/05\\\/05171201\\\/Techology-Banner-1500x600-1.jpg\",\"width\":1500,\"height\":600,\"caption\":\"A person closely views a computer monitor displaying a detailed 3D architectural or engineering model in a design software interface.\"},{\"@type\":\"BreadcrumbList\",\"@id\":\"https:\\\/\\\/www.bird.ca\\\/what-we-do\\\/technology\\\/#breadcrumb\",\"itemListElement\":[{\"@type\":\"ListItem\",\"position\":1,\"name\":\"Home\",\"item\":\"https:\\\/\\\/www.bird.ca\\\/\"},{\"@type\":\"ListItem\",\"position\":2,\"name\":\"What We Do\",\"item\":\"https:\\\/\\\/www.bird.ca\\\/what-we-do\\\/\"},{\"@type\":\"ListItem\",\"position\":3,\"name\":\"Technology\"}]},{\"@type\":\"WebSite\",\"@id\":\"https:\\\/\\\/www.bird.ca\\\/#website\",\"url\":\"https:\\\/\\\/www.bird.ca\\\/\",\"name\":\"Bird Construction\",\"description\":\"\",\"publisher\":{\"@id\":\"https:\\\/\\\/www.bird.ca\\\/#organization\"},\"potentialAction\":[{\"@type\":\"SearchAction\",\"target\":{\"@type\":\"EntryPoint\",\"urlTemplate\":\"https:\\\/\\\/www.bird.ca\\\/?s={search_term_string}\"},\"query-input\":{\"@type\":\"PropertyValueSpecification\",\"valueRequired\":true,\"valueName\":\"search_term_string\"}}],\"inLanguage\":\"fr-CA\"},{\"@type\":\"Organization\",\"@id\":\"https:\\\/\\\/www.bird.ca\\\/#organization\",\"name\":\"Bird Construction\",\"url\":\"https:\\\/\\\/www.bird.ca\\\/\",\"logo\":{\"@type\":\"ImageObject\",\"inLanguage\":\"fr-CA\",\"@id\":\"https:\\\/\\\/www.bird.ca\\\/#\\\/schema\\\/logo\\\/image\\\/\",\"url\":\"https:\\\/\\\/cdn.bird.ca\\\/2025\\\/01\\\/20212041\\\/bird-logo-RGB-e1739411338652.png\",\"contentUrl\":\"https:\\\/\\\/cdn.bird.ca\\\/2025\\\/01\\\/20212041\\\/bird-logo-RGB-e1739411338652.png\",\"width\":865,\"height\":366,\"caption\":\"Bird Construction\"},\"image\":{\"@id\":\"https:\\\/\\\/www.bird.ca\\\/#\\\/schema\\\/logo\\\/image\\\/\"},\"sameAs\":[\"https:\\\/\\\/www.facebook.com\\\/people\\\/Bird-Construction-Inc\\\/100064108594609\\\/\",\"https:\\\/\\\/www.instagram.com\\\/birdconstructioninc\\\/\",\"https:\\\/\\\/ca.linkedin.com\\\/company\\\/bird-construction-inc\"]}]}<\/script>\n<!-- \/ Yoast SEO Premium plugin. -->","yoast_head_json":{"title":"Technologie | Construction d'oiseaux","description":"Technology Bird s'adapte \u00e0 l'\u00e9volution technologique rapide qui perturbe le secteur de la construction. Nous transformons nos prestations de construction","robots":{"index":"index","follow":"follow","max-snippet":"max-snippet:-1","max-image-preview":"max-image-preview:large","max-video-preview":"max-video-preview:-1"},"canonical":"https:\/\/www.bird.ca\/fr\/ce-que-nous-faisons\/technologie\/","og_locale":"fr_CA","og_type":"article","og_title":"Technology | Bird Construction","og_description":"Bird Construction has been providing construction services to a long list of new and repeat clients since 1920.","og_url":"https:\/\/www.bird.ca\/fr\/ce-que-nous-faisons\/technologie\/","og_site_name":"Bird Construction","article_publisher":"https:\/\/www.facebook.com\/people\/Bird-Construction-Inc\/100064108594609\/","article_modified_time":"2025-06-17T19:03:47+00:00","og_image":[{"width":1500,"height":600,"url":"https:\/\/cdn.bird.ca\/2025\/05\/05171201\/Techology-Banner-1500x600-1.jpg","type":"image\/jpeg"}],"twitter_card":"summary_large_image","twitter_misc":{"Estimation du temps de lecture":"3 minutes"},"schema":{"@context":"https:\/\/schema.org","@graph":[{"@type":"WebPage","@id":"https:\/\/www.bird.ca\/what-we-do\/technology\/","url":"https:\/\/www.bird.ca\/what-we-do\/technology\/","name":"Technologie | Construction d'oiseaux","isPartOf":{"@id":"https:\/\/www.bird.ca\/#website"},"primaryImageOfPage":{"@id":"https:\/\/www.bird.ca\/what-we-do\/technology\/#primaryimage"},"image":{"@id":"https:\/\/www.bird.ca\/what-we-do\/technology\/#primaryimage"},"thumbnailUrl":"https:\/\/cdn.bird.ca\/2025\/05\/05171201\/Techology-Banner-1500x600-1.jpg","datePublished":"2025-02-14T10:24:51+00:00","dateModified":"2025-06-17T19:03:47+00:00","description":"Technology Bird s'adapte \u00e0 l'\u00e9volution technologique rapide qui perturbe le secteur de la construction. Nous transformons nos prestations de construction","breadcrumb":{"@id":"https:\/\/www.bird.ca\/what-we-do\/technology\/#breadcrumb"},"inLanguage":"fr-CA","potentialAction":[{"@type":"ReadAction","target":["https:\/\/www.bird.ca\/what-we-do\/technology\/"]}]},{"@type":"ImageObject","inLanguage":"fr-CA","@id":"https:\/\/www.bird.ca\/what-we-do\/technology\/#primaryimage","url":"https:\/\/cdn.bird.ca\/2025\/05\/05171201\/Techology-Banner-1500x600-1.jpg","contentUrl":"https:\/\/cdn.bird.ca\/2025\/05\/05171201\/Techology-Banner-1500x600-1.jpg","width":1500,"height":600,"caption":"A person closely views a computer monitor displaying a detailed 3D architectural or engineering model in a design software interface."},{"@type":"BreadcrumbList","@id":"https:\/\/www.bird.ca\/what-we-do\/technology\/#breadcrumb","itemListElement":[{"@type":"ListItem","position":1,"name":"Home","item":"https:\/\/www.bird.ca\/"},{"@type":"ListItem","position":2,"name":"What We Do","item":"https:\/\/www.bird.ca\/what-we-do\/"},{"@type":"ListItem","position":3,"name":"Technology"}]},{"@type":"WebSite","@id":"https:\/\/www.bird.ca\/#website","url":"https:\/\/www.bird.ca\/","name":"Bird Construction","description":"","publisher":{"@id":"https:\/\/www.bird.ca\/#organization"},"potentialAction":[{"@type":"SearchAction","target":{"@type":"EntryPoint","urlTemplate":"https:\/\/www.bird.ca\/?s={search_term_string}"},"query-input":{"@type":"PropertyValueSpecification","valueRequired":true,"valueName":"search_term_string"}}],"inLanguage":"fr-CA"},{"@type":"Organization","@id":"https:\/\/www.bird.ca\/#organization","name":"Bird Construction","url":"https:\/\/www.bird.ca\/","logo":{"@type":"ImageObject","inLanguage":"fr-CA","@id":"https:\/\/www.bird.ca\/#\/schema\/logo\/image\/","url":"https:\/\/cdn.bird.ca\/2025\/01\/20212041\/bird-logo-RGB-e1739411338652.png","contentUrl":"https:\/\/cdn.bird.ca\/2025\/01\/20212041\/bird-logo-RGB-e1739411338652.png","width":865,"height":366,"caption":"Bird Construction"},"image":{"@id":"https:\/\/www.bird.ca\/#\/schema\/logo\/image\/"},"sameAs":["https:\/\/www.facebook.com\/people\/Bird-Construction-Inc\/100064108594609\/","https:\/\/www.instagram.com\/birdconstructioninc\/","https:\/\/ca.linkedin.com\/company\/bird-construction-inc"]}]}},"_links":{"self":[{"href":"https:\/\/www.bird.ca\/fr\/wp-json\/wp\/v2\/pages\/1371","targetHints":{"allow":["GET"]}}],"collection":[{"href":"https:\/\/www.bird.ca\/fr\/wp-json\/wp\/v2\/pages"}],"about":[{"href":"https:\/\/www.bird.ca\/fr\/wp-json\/wp\/v2\/types\/page"}],"author":[{"embeddable":true,"href":"https:\/\/www.bird.ca\/fr\/wp-json\/wp\/v2\/users\/1"}],"replies":[{"embeddable":true,"href":"https:\/\/www.bird.ca\/fr\/wp-json\/wp\/v2\/comments?post=1371"}],"version-history":[{"count":16,"href":"https:\/\/www.bird.ca\/fr\/wp-json\/wp\/v2\/pages\/1371\/revisions"}],"predecessor-version":[{"id":9184,"href":"https:\/\/www.bird.ca\/fr\/wp-json\/wp\/v2\/pages\/1371\/revisions\/9184"}],"up":[{"embeddable":true,"href":"https:\/\/www.bird.ca\/fr\/wp-json\/wp\/v2\/pages\/18"}],"wp:featuredmedia":[{"embeddable":true,"href":"https:\/\/www.bird.ca\/fr\/wp-json\/wp\/v2\/media\/7127"}],"wp:attachment":[{"href":"https:\/\/www.bird.ca\/fr\/wp-json\/wp\/v2\/media?parent=1371"}],"curies":[{"name":"wp","href":"https:\/\/api.w.org\/{rel}","templated":true}]}}