{"id":1659,"date":"2025-02-16T05:54:05","date_gmt":"2025-02-16T05:54:05","guid":{"rendered":"https:\/\/www.bird.ca\/?page_id=1659"},"modified":"2025-06-17T19:03:17","modified_gmt":"2025-06-17T19:03:17","slug":"lexecution-integree-des-projets","status":"publish","type":"page","link":"https:\/\/www.bird.ca\/fr\/what-we-do\/delivery-models\/integrated-project-delivery\/","title":{"rendered":"Ex\u00e9cution int\u00e9gr\u00e9e des projets"},"content":{"rendered":"<div style=\"height:100px\" aria-hidden=\"true\" class=\"wp-block-spacer is-style-entry-space\"><\/div>\n\n\n<div class=\"breadcrumb-block wp-block-create-block-breadcrumb-block\">\n\t\t\t\t\t<nav class=\"breadcrumb\" aria-label=\"Fil d&#039;Ariane\">\n\t\t\t<ol class=\"breadcrumb-list\">\n\t\t\t\t\t\t\t\t\t<li class=\"breadcrumb-item\"><a href=\"https:\/\/www.bird.ca\/fr\/\">Accueil<\/a><\/li>\t\t\t\t\t\t\t<\/ol>\n\t\t<\/nav>\n\t<\/div>\n\n\n<div style=\"height:30px\" aria-hidden=\"true\" class=\"wp-block-spacer\"><\/div>\n\n\n\n<div class=\"wp-block-group is-vertical is-layout-flex wp-container-core-group-is-layout-fe9cc265 wp-block-group-is-layout-flex\">\n<h1 class=\"wp-block-heading has-text-align-left is-style-bird-h2\" id=\"h-integrated-project-delivery\">Ex\u00e9cution int\u00e9gr\u00e9e des projets<\/h1>\n\n\n\n<p class=\"has-text-align-left is-style-bird-body\">Un projet IPD utilise un contrat multipartite avec une gestion collective des risques. Cette approche permet d'aligner les parties dans un espace commun \u00e0 un stade pr\u00e9coce du d\u00e9veloppement du projet afin de d\u00e9finir les valeurs et de concevoir en fonction des co\u00fbts. Cela permet de r\u00e9duire les co\u00fbts transactionnels superpos\u00e9s tout en apportant au propri\u00e9taire une valeur ajout\u00e9e en termes de calendrier et de co\u00fbts. Les projets IPD sont des projets \u00e0 livre ouvert, avec un suivi de Bird et des rapports au ma\u00eetre d'ouvrage pour d\u00e9montrer les co\u00fbts et la valeur.<\/p>\n\n\n\n<p class=\"has-text-align-left is-style-bird-body\">La culture de l'IPD est fond\u00e9e sur la responsabilisation, la collaboration et la communication, ce qui en fait une plateforme id\u00e9ale pour le d\u00e9ploiement d'outils et de techniques d'all\u00e8gement. Le Lean consiste \u00e0 ajouter de la valeur pour le client en \u00e9liminant le gaspillage au cours du processus de conception et de construction. L'expertise de Bird en mati\u00e8re de gestion de projet Lean permet de maximiser l'efficacit\u00e9 \u00e0 toutes les phases de la conception et de la construction de votre projet. Tous les projets IPD utilisent la technologie pour compl\u00e9ter et soutenir ce processus gr\u00e2ce \u00e0 la conception et \u00e0 la documentation num\u00e9riques en temps r\u00e9el.<\/p>\n<\/div>\n\n\n<div class=\"post-list-filters-block wp-block-create-block-post-list-filters\"\tdata-post-type=\"projects\" data-button-taxonomy=\"delivery_model\"\n\tdata-button-parent-term=\"167\">\n\t<div class=\"filtered-posts\"><div class=\"post-grid\"><p>Chargement des projets...<\/p><\/div><\/div><\/div>\n\n\n<div style=\"height:100px\" aria-hidden=\"true\" class=\"wp-block-spacer\"><\/div>","protected":false},"excerpt":{"rendered":"<p>Integrated Project Delivery An IPD project uses a multi-party contract with a collective management of risk. This approach aligns parties in a co-located space at an early stage in project development to define values and design to cost. This reduces layered transactional costs while also providing schedule and cost value to the owner. IPD projects [&hellip;]<\/p>\n","protected":false},"author":1,"featured_media":1615,"parent":910,"menu_order":0,"comment_status":"closed","ping_status":"closed","template":"","meta":{"_acf_changed":false,"footnotes":""},"class_list":["post-1659","page","type-page","status-publish","has-post-thumbnail","hentry"],"acf":[],"yoast_head":"<!-- This site is optimized with the Yoast SEO Premium plugin v24.6 (Yoast SEO v27.3) - https:\/\/yoast.com\/product\/yoast-seo-premium-wordpress\/ -->\n<title>Integrated Project Delivery | Projects | Bird Construction<\/title>\n<meta name=\"description\" content=\"Integrated Project Delivery (IPD) is an emerging model and Bird has been an early adopter of this innovative approach to project delivery.\" \/>\n<meta name=\"robots\" content=\"index, follow, max-snippet:-1, max-image-preview:large, max-video-preview:-1\" \/>\n<link rel=\"canonical\" href=\"https:\/\/www.bird.ca\/fr\/ce-que-nous-faisons\/modeles-de-distribution\/lexecution-integree-des-projets\/\" \/>\n<meta property=\"og:locale\" content=\"fr_CA\" \/>\n<meta property=\"og:type\" content=\"article\" \/>\n<meta property=\"og:title\" content=\"Integrated Project Delivery | Bird Construction\" \/>\n<meta property=\"og:description\" content=\"Bird Construction has been providing construction services to a long list of new and repeat clients since 1920.\" \/>\n<meta property=\"og:url\" content=\"https:\/\/www.bird.ca\/fr\/ce-que-nous-faisons\/modeles-de-distribution\/lexecution-integree-des-projets\/\" \/>\n<meta property=\"og:site_name\" content=\"Bird Construction\" \/>\n<meta property=\"article:publisher\" content=\"https:\/\/www.facebook.com\/people\/Bird-Construction-Inc\/100064108594609\/\" \/>\n<meta property=\"article:modified_time\" content=\"2025-06-17T19:03:17+00:00\" \/>\n<meta property=\"og:image\" content=\"https:\/\/cdn.bird.ca\/2025\/02\/20211624\/canon-canada-13-scaled.jpg\" \/>\n\t<meta property=\"og:image:width\" content=\"2560\" \/>\n\t<meta property=\"og:image:height\" content=\"591\" \/>\n\t<meta property=\"og:image:type\" content=\"image\/jpeg\" \/>\n<meta name=\"twitter:card\" content=\"summary_large_image\" \/>\n<meta name=\"twitter:label1\" content=\"Estimation du temps de lecture\" \/>\n\t<meta name=\"twitter:data1\" content=\"1 minute\" \/>\n<script type=\"application\/ld+json\" class=\"yoast-schema-graph\">{\"@context\":\"https:\\\/\\\/schema.org\",\"@graph\":[{\"@type\":\"WebPage\",\"@id\":\"https:\\\/\\\/www.bird.ca\\\/what-we-do\\\/delivery-models\\\/integrated-project-delivery\\\/\",\"url\":\"https:\\\/\\\/www.bird.ca\\\/what-we-do\\\/delivery-models\\\/integrated-project-delivery\\\/\",\"name\":\"Integrated Project Delivery | Projects | Bird Construction\",\"isPartOf\":{\"@id\":\"https:\\\/\\\/www.bird.ca\\\/#website\"},\"primaryImageOfPage\":{\"@id\":\"https:\\\/\\\/www.bird.ca\\\/what-we-do\\\/delivery-models\\\/integrated-project-delivery\\\/#primaryimage\"},\"image\":{\"@id\":\"https:\\\/\\\/www.bird.ca\\\/what-we-do\\\/delivery-models\\\/integrated-project-delivery\\\/#primaryimage\"},\"thumbnailUrl\":\"https:\\\/\\\/cdn.bird.ca\\\/2025\\\/02\\\/20211624\\\/canon-canada-13-scaled.jpg\",\"datePublished\":\"2025-02-16T05:54:05+00:00\",\"dateModified\":\"2025-06-17T19:03:17+00:00\",\"description\":\"Integrated Project Delivery (IPD) is an emerging model and Bird has been an early adopter of this innovative approach to project delivery.\",\"breadcrumb\":{\"@id\":\"https:\\\/\\\/www.bird.ca\\\/what-we-do\\\/delivery-models\\\/integrated-project-delivery\\\/#breadcrumb\"},\"inLanguage\":\"fr-CA\",\"potentialAction\":[{\"@type\":\"ReadAction\",\"target\":[\"https:\\\/\\\/www.bird.ca\\\/what-we-do\\\/delivery-models\\\/integrated-project-delivery\\\/\"]}]},{\"@type\":\"ImageObject\",\"inLanguage\":\"fr-CA\",\"@id\":\"https:\\\/\\\/www.bird.ca\\\/what-we-do\\\/delivery-models\\\/integrated-project-delivery\\\/#primaryimage\",\"url\":\"https:\\\/\\\/cdn.bird.ca\\\/2025\\\/02\\\/20211624\\\/canon-canada-13-scaled.jpg\",\"contentUrl\":\"https:\\\/\\\/cdn.bird.ca\\\/2025\\\/02\\\/20211624\\\/canon-canada-13-scaled.jpg\",\"width\":2560,\"height\":591,\"caption\":\"A top-down view of a modern, spiral staircase with beige steps and a white handrail, surrounded by a polished floor and a row of small green plants on one side.\"},{\"@type\":\"BreadcrumbList\",\"@id\":\"https:\\\/\\\/www.bird.ca\\\/what-we-do\\\/delivery-models\\\/integrated-project-delivery\\\/#breadcrumb\",\"itemListElement\":[{\"@type\":\"ListItem\",\"position\":1,\"name\":\"Home\",\"item\":\"https:\\\/\\\/www.bird.ca\\\/\"},{\"@type\":\"ListItem\",\"position\":2,\"name\":\"What We Do\",\"item\":\"https:\\\/\\\/www.bird.ca\\\/what-we-do\\\/\"},{\"@type\":\"ListItem\",\"position\":3,\"name\":\"Delivery Models\",\"item\":\"https:\\\/\\\/www.bird.ca\\\/what-we-do\\\/delivery-models\\\/\"},{\"@type\":\"ListItem\",\"position\":4,\"name\":\"Integrated Project Delivery\"}]},{\"@type\":\"WebSite\",\"@id\":\"https:\\\/\\\/www.bird.ca\\\/#website\",\"url\":\"https:\\\/\\\/www.bird.ca\\\/\",\"name\":\"Bird Construction\",\"description\":\"\",\"publisher\":{\"@id\":\"https:\\\/\\\/www.bird.ca\\\/#organization\"},\"potentialAction\":[{\"@type\":\"SearchAction\",\"target\":{\"@type\":\"EntryPoint\",\"urlTemplate\":\"https:\\\/\\\/www.bird.ca\\\/?s={search_term_string}\"},\"query-input\":{\"@type\":\"PropertyValueSpecification\",\"valueRequired\":true,\"valueName\":\"search_term_string\"}}],\"inLanguage\":\"fr-CA\"},{\"@type\":\"Organization\",\"@id\":\"https:\\\/\\\/www.bird.ca\\\/#organization\",\"name\":\"Bird Construction\",\"url\":\"https:\\\/\\\/www.bird.ca\\\/\",\"logo\":{\"@type\":\"ImageObject\",\"inLanguage\":\"fr-CA\",\"@id\":\"https:\\\/\\\/www.bird.ca\\\/#\\\/schema\\\/logo\\\/image\\\/\",\"url\":\"https:\\\/\\\/cdn.bird.ca\\\/2025\\\/01\\\/20212041\\\/bird-logo-RGB-e1739411338652.png\",\"contentUrl\":\"https:\\\/\\\/cdn.bird.ca\\\/2025\\\/01\\\/20212041\\\/bird-logo-RGB-e1739411338652.png\",\"width\":865,\"height\":366,\"caption\":\"Bird Construction\"},\"image\":{\"@id\":\"https:\\\/\\\/www.bird.ca\\\/#\\\/schema\\\/logo\\\/image\\\/\"},\"sameAs\":[\"https:\\\/\\\/www.facebook.com\\\/people\\\/Bird-Construction-Inc\\\/100064108594609\\\/\",\"https:\\\/\\\/www.instagram.com\\\/birdconstructioninc\\\/\",\"https:\\\/\\\/ca.linkedin.com\\\/company\\\/bird-construction-inc\"]}]}<\/script>\n<!-- \/ Yoast SEO Premium plugin. -->","yoast_head_json":{"title":"Livraison int\u00e9gr\u00e9e de projets | Projets | Bird Construction","description":"La r\u00e9alisation de projets int\u00e9gr\u00e9s (IPD) est un mod\u00e8le \u00e9mergent et Bird a \u00e9t\u00e9 l'un des premiers \u00e0 adopter cette approche innovante de la r\u00e9alisation de projets.","robots":{"index":"index","follow":"follow","max-snippet":"max-snippet:-1","max-image-preview":"max-image-preview:large","max-video-preview":"max-video-preview:-1"},"canonical":"https:\/\/www.bird.ca\/fr\/ce-que-nous-faisons\/modeles-de-distribution\/lexecution-integree-des-projets\/","og_locale":"fr_CA","og_type":"article","og_title":"Integrated Project Delivery | Bird Construction","og_description":"Bird Construction has been providing construction services to a long list of new and repeat clients since 1920.","og_url":"https:\/\/www.bird.ca\/fr\/ce-que-nous-faisons\/modeles-de-distribution\/lexecution-integree-des-projets\/","og_site_name":"Bird Construction","article_publisher":"https:\/\/www.facebook.com\/people\/Bird-Construction-Inc\/100064108594609\/","article_modified_time":"2025-06-17T19:03:17+00:00","og_image":[{"width":2560,"height":591,"url":"https:\/\/cdn.bird.ca\/2025\/02\/20211624\/canon-canada-13-scaled.jpg","type":"image\/jpeg"}],"twitter_card":"summary_large_image","twitter_misc":{"Estimation du temps de lecture":"1 minute"},"schema":{"@context":"https:\/\/schema.org","@graph":[{"@type":"WebPage","@id":"https:\/\/www.bird.ca\/what-we-do\/delivery-models\/integrated-project-delivery\/","url":"https:\/\/www.bird.ca\/what-we-do\/delivery-models\/integrated-project-delivery\/","name":"Livraison int\u00e9gr\u00e9e de projets | Projets | Bird Construction","isPartOf":{"@id":"https:\/\/www.bird.ca\/#website"},"primaryImageOfPage":{"@id":"https:\/\/www.bird.ca\/what-we-do\/delivery-models\/integrated-project-delivery\/#primaryimage"},"image":{"@id":"https:\/\/www.bird.ca\/what-we-do\/delivery-models\/integrated-project-delivery\/#primaryimage"},"thumbnailUrl":"https:\/\/cdn.bird.ca\/2025\/02\/20211624\/canon-canada-13-scaled.jpg","datePublished":"2025-02-16T05:54:05+00:00","dateModified":"2025-06-17T19:03:17+00:00","description":"La r\u00e9alisation de projets int\u00e9gr\u00e9s (IPD) est un mod\u00e8le \u00e9mergent et Bird a \u00e9t\u00e9 l'un des premiers \u00e0 adopter cette approche innovante de la r\u00e9alisation de projets.","breadcrumb":{"@id":"https:\/\/www.bird.ca\/what-we-do\/delivery-models\/integrated-project-delivery\/#breadcrumb"},"inLanguage":"fr-CA","potentialAction":[{"@type":"ReadAction","target":["https:\/\/www.bird.ca\/what-we-do\/delivery-models\/integrated-project-delivery\/"]}]},{"@type":"ImageObject","inLanguage":"fr-CA","@id":"https:\/\/www.bird.ca\/what-we-do\/delivery-models\/integrated-project-delivery\/#primaryimage","url":"https:\/\/cdn.bird.ca\/2025\/02\/20211624\/canon-canada-13-scaled.jpg","contentUrl":"https:\/\/cdn.bird.ca\/2025\/02\/20211624\/canon-canada-13-scaled.jpg","width":2560,"height":591,"caption":"A top-down view of a modern, spiral staircase with beige steps and a white handrail, surrounded by a polished floor and a row of small green plants on one side."},{"@type":"BreadcrumbList","@id":"https:\/\/www.bird.ca\/what-we-do\/delivery-models\/integrated-project-delivery\/#breadcrumb","itemListElement":[{"@type":"ListItem","position":1,"name":"Home","item":"https:\/\/www.bird.ca\/"},{"@type":"ListItem","position":2,"name":"What We Do","item":"https:\/\/www.bird.ca\/what-we-do\/"},{"@type":"ListItem","position":3,"name":"Delivery Models","item":"https:\/\/www.bird.ca\/what-we-do\/delivery-models\/"},{"@type":"ListItem","position":4,"name":"Integrated Project Delivery"}]},{"@type":"WebSite","@id":"https:\/\/www.bird.ca\/#website","url":"https:\/\/www.bird.ca\/","name":"Bird Construction","description":"","publisher":{"@id":"https:\/\/www.bird.ca\/#organization"},"potentialAction":[{"@type":"SearchAction","target":{"@type":"EntryPoint","urlTemplate":"https:\/\/www.bird.ca\/?s={search_term_string}"},"query-input":{"@type":"PropertyValueSpecification","valueRequired":true,"valueName":"search_term_string"}}],"inLanguage":"fr-CA"},{"@type":"Organization","@id":"https:\/\/www.bird.ca\/#organization","name":"Bird Construction","url":"https:\/\/www.bird.ca\/","logo":{"@type":"ImageObject","inLanguage":"fr-CA","@id":"https:\/\/www.bird.ca\/#\/schema\/logo\/image\/","url":"https:\/\/cdn.bird.ca\/2025\/01\/20212041\/bird-logo-RGB-e1739411338652.png","contentUrl":"https:\/\/cdn.bird.ca\/2025\/01\/20212041\/bird-logo-RGB-e1739411338652.png","width":865,"height":366,"caption":"Bird Construction"},"image":{"@id":"https:\/\/www.bird.ca\/#\/schema\/logo\/image\/"},"sameAs":["https:\/\/www.facebook.com\/people\/Bird-Construction-Inc\/100064108594609\/","https:\/\/www.instagram.com\/birdconstructioninc\/","https:\/\/ca.linkedin.com\/company\/bird-construction-inc"]}]}},"_links":{"self":[{"href":"https:\/\/www.bird.ca\/fr\/wp-json\/wp\/v2\/pages\/1659","targetHints":{"allow":["GET"]}}],"collection":[{"href":"https:\/\/www.bird.ca\/fr\/wp-json\/wp\/v2\/pages"}],"about":[{"href":"https:\/\/www.bird.ca\/fr\/wp-json\/wp\/v2\/types\/page"}],"author":[{"embeddable":true,"href":"https:\/\/www.bird.ca\/fr\/wp-json\/wp\/v2\/users\/1"}],"replies":[{"embeddable":true,"href":"https:\/\/www.bird.ca\/fr\/wp-json\/wp\/v2\/comments?post=1659"}],"version-history":[{"count":7,"href":"https:\/\/www.bird.ca\/fr\/wp-json\/wp\/v2\/pages\/1659\/revisions"}],"predecessor-version":[{"id":7121,"href":"https:\/\/www.bird.ca\/fr\/wp-json\/wp\/v2\/pages\/1659\/revisions\/7121"}],"up":[{"embeddable":true,"href":"https:\/\/www.bird.ca\/fr\/wp-json\/wp\/v2\/pages\/910"}],"wp:featuredmedia":[{"embeddable":true,"href":"https:\/\/www.bird.ca\/fr\/wp-json\/wp\/v2\/media\/1615"}],"wp:attachment":[{"href":"https:\/\/www.bird.ca\/fr\/wp-json\/wp\/v2\/media?parent=1659"}],"curies":[{"name":"wp","href":"https:\/\/api.w.org\/{rel}","templated":true}]}}