{"id":1663,"date":"2025-02-16T05:56:25","date_gmt":"2025-02-16T05:56:25","guid":{"rendered":"https:\/\/www.bird.ca\/?page_id=1663"},"modified":"2025-06-17T19:03:15","modified_gmt":"2025-06-17T19:03:15","slug":"conception-construction-ingenierie-approvisionnement-construction","status":"publish","type":"page","link":"https:\/\/www.bird.ca\/fr\/what-we-do\/delivery-models\/design-build-engineering-procurement-construction\/","title":{"rendered":"Conception-construction\/ing\u00e9nierie, approvisionnement, construction"},"content":{"rendered":"<div style=\"height:100px\" aria-hidden=\"true\" class=\"wp-block-spacer is-style-entry-space\"><\/div>\n\n\n<div class=\"breadcrumb-block wp-block-create-block-breadcrumb-block\">\n\t\t\t\t\t<nav class=\"breadcrumb\" aria-label=\"Fil d&#039;Ariane\">\n\t\t\t<ol class=\"breadcrumb-list\">\n\t\t\t\t\t\t\t\t\t<li class=\"breadcrumb-item\"><a href=\"https:\/\/www.bird.ca\/fr\/\">Accueil<\/a><\/li>\t\t\t\t\t\t\t<\/ol>\n\t\t<\/nav>\n\t<\/div>\n\n\n<div style=\"height:30px\" aria-hidden=\"true\" class=\"wp-block-spacer\"><\/div>\n\n\n\n<div class=\"wp-block-group is-vertical is-layout-flex wp-container-core-group-is-layout-fe9cc265 wp-block-group-is-layout-flex\">\n<h1 class=\"wp-block-heading has-text-align-left is-style-bird-h2\" id=\"h-design-build-engineering-procurement-construction\">Conception-construction\/ing\u00e9nierie, approvisionnement, construction<\/h1>\n\n\n\n<p class=\"has-text-align-left is-style-bird-body\">Avec plus de 50 ans d'exp\u00e9rience dans le domaine de la conception-construction, nous avons prouv\u00e9 notre capacit\u00e9 \u00e0 d\u00e9velopper des solutions cr\u00e9atives sur le march\u00e9 concurrentiel actuel, tout en g\u00e9rant les risques li\u00e9s \u00e0 la conception et au calendrier afin de r\u00e9pondre \u00e0 vos attentes. Bird assume l'enti\u00e8re responsabilit\u00e9 de la r\u00e9alisation de l'ensemble du projet et r\u00e9unit des \u00e9quipes d'experts en conception qui proposent des solutions innovantes et comp\u00e9titives. Gr\u00e2ce \u00e0 une \u00e9quipe int\u00e9gr\u00e9e de conception-construction, il n'est pas n\u00e9cessaire de pr\u00e9voir d'importants impr\u00e9vus pour couvrir les lacunes des documents de construction.<\/p>\n\n\n\n<p class=\"has-text-align-left is-style-bird-body\">Le processus de conception-construction\/EPC offre un environnement qui encourage et maximise la collaboration et \u00e9tablit clairement les responsabilit\u00e9s pour garantir que le projet fonctionne comme pr\u00e9vu.<\/p>\n<\/div>\n\n\n<div class=\"post-list-filters-block wp-block-create-block-post-list-filters\"\tdata-post-type=\"projects\" data-button-taxonomy=\"delivery_model\"\n\tdata-button-parent-term=\"164\">\n\t<div class=\"filtered-posts\"><div class=\"post-grid\"><p>Chargement des projets...<\/p><\/div><\/div><\/div>\n\n\n<div style=\"height:100px\" aria-hidden=\"true\" class=\"wp-block-spacer\"><\/div>","protected":false},"excerpt":{"rendered":"<p>Design-Build\/Engineering, Procurement, Construction With over 50 years of design-build\/EPC experience, we have a proven ability to develop creative solutions in today&#8217;s competitive market while managing the design and schedule risk to meet your expectations. Bird assumes sole responsibility for fulfillment of the complete project and assembles expert design teams that provide innovative and competitive solutions. [&hellip;]<\/p>\n","protected":false},"author":1,"featured_media":1615,"parent":910,"menu_order":0,"comment_status":"closed","ping_status":"closed","template":"","meta":{"_acf_changed":false,"footnotes":""},"class_list":["post-1663","page","type-page","status-publish","has-post-thumbnail","hentry"],"acf":[],"yoast_head":"<!-- This site is optimized with the Yoast SEO Premium plugin v24.6 (Yoast SEO v27.3) - https:\/\/yoast.com\/product\/yoast-seo-premium-wordpress\/ -->\n<title>Design-Build | Projects | Bird Construction<\/title>\n<meta name=\"description\" content=\"With over 50 years of design-build experience, we have a proven ability to develop creative solutions in today&#039;s competitive market.\" \/>\n<meta name=\"robots\" content=\"index, follow, max-snippet:-1, max-image-preview:large, max-video-preview:-1\" \/>\n<link rel=\"canonical\" href=\"https:\/\/www.bird.ca\/fr\/ce-que-nous-faisons\/modeles-de-distribution\/conception-construction-ingenierie-approvisionnement-construction\/\" \/>\n<meta property=\"og:locale\" content=\"fr_CA\" \/>\n<meta property=\"og:type\" content=\"article\" \/>\n<meta property=\"og:title\" content=\"Design-Build\/Engineering, Procurement, Construction | Bird Construction\" \/>\n<meta property=\"og:description\" content=\"Bird Construction has been providing construction services to a long list of new and repeat clients since 1920.\" \/>\n<meta property=\"og:url\" content=\"https:\/\/www.bird.ca\/fr\/ce-que-nous-faisons\/modeles-de-distribution\/conception-construction-ingenierie-approvisionnement-construction\/\" \/>\n<meta property=\"og:site_name\" content=\"Bird Construction\" \/>\n<meta property=\"article:publisher\" content=\"https:\/\/www.facebook.com\/people\/Bird-Construction-Inc\/100064108594609\/\" \/>\n<meta property=\"article:modified_time\" content=\"2025-06-17T19:03:15+00:00\" \/>\n<meta property=\"og:image\" content=\"https:\/\/cdn.bird.ca\/2025\/02\/20211624\/canon-canada-13-scaled.jpg\" \/>\n\t<meta property=\"og:image:width\" content=\"2560\" \/>\n\t<meta property=\"og:image:height\" content=\"591\" \/>\n\t<meta property=\"og:image:type\" content=\"image\/jpeg\" \/>\n<meta name=\"twitter:card\" content=\"summary_large_image\" \/>\n<meta name=\"twitter:label1\" content=\"Estimation du temps de lecture\" \/>\n\t<meta name=\"twitter:data1\" content=\"1 minute\" \/>\n<script type=\"application\/ld+json\" class=\"yoast-schema-graph\">{\"@context\":\"https:\\\/\\\/schema.org\",\"@graph\":[{\"@type\":\"WebPage\",\"@id\":\"https:\\\/\\\/www.bird.ca\\\/what-we-do\\\/delivery-models\\\/design-build-engineering-procurement-construction\\\/\",\"url\":\"https:\\\/\\\/www.bird.ca\\\/what-we-do\\\/delivery-models\\\/design-build-engineering-procurement-construction\\\/\",\"name\":\"Design-Build | Projects | Bird Construction\",\"isPartOf\":{\"@id\":\"https:\\\/\\\/www.bird.ca\\\/#website\"},\"primaryImageOfPage\":{\"@id\":\"https:\\\/\\\/www.bird.ca\\\/what-we-do\\\/delivery-models\\\/design-build-engineering-procurement-construction\\\/#primaryimage\"},\"image\":{\"@id\":\"https:\\\/\\\/www.bird.ca\\\/what-we-do\\\/delivery-models\\\/design-build-engineering-procurement-construction\\\/#primaryimage\"},\"thumbnailUrl\":\"https:\\\/\\\/cdn.bird.ca\\\/2025\\\/02\\\/20211624\\\/canon-canada-13-scaled.jpg\",\"datePublished\":\"2025-02-16T05:56:25+00:00\",\"dateModified\":\"2025-06-17T19:03:15+00:00\",\"description\":\"With over 50 years of design-build experience, we have a proven ability to develop creative solutions in today's competitive market.\",\"breadcrumb\":{\"@id\":\"https:\\\/\\\/www.bird.ca\\\/what-we-do\\\/delivery-models\\\/design-build-engineering-procurement-construction\\\/#breadcrumb\"},\"inLanguage\":\"fr-CA\",\"potentialAction\":[{\"@type\":\"ReadAction\",\"target\":[\"https:\\\/\\\/www.bird.ca\\\/what-we-do\\\/delivery-models\\\/design-build-engineering-procurement-construction\\\/\"]}]},{\"@type\":\"ImageObject\",\"inLanguage\":\"fr-CA\",\"@id\":\"https:\\\/\\\/www.bird.ca\\\/what-we-do\\\/delivery-models\\\/design-build-engineering-procurement-construction\\\/#primaryimage\",\"url\":\"https:\\\/\\\/cdn.bird.ca\\\/2025\\\/02\\\/20211624\\\/canon-canada-13-scaled.jpg\",\"contentUrl\":\"https:\\\/\\\/cdn.bird.ca\\\/2025\\\/02\\\/20211624\\\/canon-canada-13-scaled.jpg\",\"width\":2560,\"height\":591,\"caption\":\"A top-down view of a modern, spiral staircase with beige steps and a white handrail, surrounded by a polished floor and a row of small green plants on one side.\"},{\"@type\":\"BreadcrumbList\",\"@id\":\"https:\\\/\\\/www.bird.ca\\\/what-we-do\\\/delivery-models\\\/design-build-engineering-procurement-construction\\\/#breadcrumb\",\"itemListElement\":[{\"@type\":\"ListItem\",\"position\":1,\"name\":\"Home\",\"item\":\"https:\\\/\\\/www.bird.ca\\\/\"},{\"@type\":\"ListItem\",\"position\":2,\"name\":\"What We Do\",\"item\":\"https:\\\/\\\/www.bird.ca\\\/what-we-do\\\/\"},{\"@type\":\"ListItem\",\"position\":3,\"name\":\"Delivery Models\",\"item\":\"https:\\\/\\\/www.bird.ca\\\/what-we-do\\\/delivery-models\\\/\"},{\"@type\":\"ListItem\",\"position\":4,\"name\":\"Design-Build\\\/Engineering, Procurement, Construction\"}]},{\"@type\":\"WebSite\",\"@id\":\"https:\\\/\\\/www.bird.ca\\\/#website\",\"url\":\"https:\\\/\\\/www.bird.ca\\\/\",\"name\":\"Bird Construction\",\"description\":\"\",\"publisher\":{\"@id\":\"https:\\\/\\\/www.bird.ca\\\/#organization\"},\"potentialAction\":[{\"@type\":\"SearchAction\",\"target\":{\"@type\":\"EntryPoint\",\"urlTemplate\":\"https:\\\/\\\/www.bird.ca\\\/?s={search_term_string}\"},\"query-input\":{\"@type\":\"PropertyValueSpecification\",\"valueRequired\":true,\"valueName\":\"search_term_string\"}}],\"inLanguage\":\"fr-CA\"},{\"@type\":\"Organization\",\"@id\":\"https:\\\/\\\/www.bird.ca\\\/#organization\",\"name\":\"Bird Construction\",\"url\":\"https:\\\/\\\/www.bird.ca\\\/\",\"logo\":{\"@type\":\"ImageObject\",\"inLanguage\":\"fr-CA\",\"@id\":\"https:\\\/\\\/www.bird.ca\\\/#\\\/schema\\\/logo\\\/image\\\/\",\"url\":\"https:\\\/\\\/cdn.bird.ca\\\/2025\\\/01\\\/20212041\\\/bird-logo-RGB-e1739411338652.png\",\"contentUrl\":\"https:\\\/\\\/cdn.bird.ca\\\/2025\\\/01\\\/20212041\\\/bird-logo-RGB-e1739411338652.png\",\"width\":865,\"height\":366,\"caption\":\"Bird Construction\"},\"image\":{\"@id\":\"https:\\\/\\\/www.bird.ca\\\/#\\\/schema\\\/logo\\\/image\\\/\"},\"sameAs\":[\"https:\\\/\\\/www.facebook.com\\\/people\\\/Bird-Construction-Inc\\\/100064108594609\\\/\",\"https:\\\/\\\/www.instagram.com\\\/birdconstructioninc\\\/\",\"https:\\\/\\\/ca.linkedin.com\\\/company\\\/bird-construction-inc\"]}]}<\/script>\n<!-- \/ Yoast SEO Premium plugin. -->","yoast_head_json":{"title":"Conception-construction | Projets | Bird Construction","description":"Avec plus de 50 ans d'exp\u00e9rience en conception-construction, nous avons prouv\u00e9 notre capacit\u00e9 \u00e0 d\u00e9velopper des solutions cr\u00e9atives sur le march\u00e9 concurrentiel actuel.","robots":{"index":"index","follow":"follow","max-snippet":"max-snippet:-1","max-image-preview":"max-image-preview:large","max-video-preview":"max-video-preview:-1"},"canonical":"https:\/\/www.bird.ca\/fr\/ce-que-nous-faisons\/modeles-de-distribution\/conception-construction-ingenierie-approvisionnement-construction\/","og_locale":"fr_CA","og_type":"article","og_title":"Design-Build\/Engineering, Procurement, Construction | Bird Construction","og_description":"Bird Construction has been providing construction services to a long list of new and repeat clients since 1920.","og_url":"https:\/\/www.bird.ca\/fr\/ce-que-nous-faisons\/modeles-de-distribution\/conception-construction-ingenierie-approvisionnement-construction\/","og_site_name":"Bird Construction","article_publisher":"https:\/\/www.facebook.com\/people\/Bird-Construction-Inc\/100064108594609\/","article_modified_time":"2025-06-17T19:03:15+00:00","og_image":[{"width":2560,"height":591,"url":"https:\/\/cdn.bird.ca\/2025\/02\/20211624\/canon-canada-13-scaled.jpg","type":"image\/jpeg"}],"twitter_card":"summary_large_image","twitter_misc":{"Estimation du temps de lecture":"1 minute"},"schema":{"@context":"https:\/\/schema.org","@graph":[{"@type":"WebPage","@id":"https:\/\/www.bird.ca\/what-we-do\/delivery-models\/design-build-engineering-procurement-construction\/","url":"https:\/\/www.bird.ca\/what-we-do\/delivery-models\/design-build-engineering-procurement-construction\/","name":"Conception-construction | Projets | Bird Construction","isPartOf":{"@id":"https:\/\/www.bird.ca\/#website"},"primaryImageOfPage":{"@id":"https:\/\/www.bird.ca\/what-we-do\/delivery-models\/design-build-engineering-procurement-construction\/#primaryimage"},"image":{"@id":"https:\/\/www.bird.ca\/what-we-do\/delivery-models\/design-build-engineering-procurement-construction\/#primaryimage"},"thumbnailUrl":"https:\/\/cdn.bird.ca\/2025\/02\/20211624\/canon-canada-13-scaled.jpg","datePublished":"2025-02-16T05:56:25+00:00","dateModified":"2025-06-17T19:03:15+00:00","description":"Avec plus de 50 ans d'exp\u00e9rience en conception-construction, nous avons prouv\u00e9 notre capacit\u00e9 \u00e0 d\u00e9velopper des solutions cr\u00e9atives sur le march\u00e9 concurrentiel actuel.","breadcrumb":{"@id":"https:\/\/www.bird.ca\/what-we-do\/delivery-models\/design-build-engineering-procurement-construction\/#breadcrumb"},"inLanguage":"fr-CA","potentialAction":[{"@type":"ReadAction","target":["https:\/\/www.bird.ca\/what-we-do\/delivery-models\/design-build-engineering-procurement-construction\/"]}]},{"@type":"ImageObject","inLanguage":"fr-CA","@id":"https:\/\/www.bird.ca\/what-we-do\/delivery-models\/design-build-engineering-procurement-construction\/#primaryimage","url":"https:\/\/cdn.bird.ca\/2025\/02\/20211624\/canon-canada-13-scaled.jpg","contentUrl":"https:\/\/cdn.bird.ca\/2025\/02\/20211624\/canon-canada-13-scaled.jpg","width":2560,"height":591,"caption":"A top-down view of a modern, spiral staircase with beige steps and a white handrail, surrounded by a polished floor and a row of small green plants on one side."},{"@type":"BreadcrumbList","@id":"https:\/\/www.bird.ca\/what-we-do\/delivery-models\/design-build-engineering-procurement-construction\/#breadcrumb","itemListElement":[{"@type":"ListItem","position":1,"name":"Home","item":"https:\/\/www.bird.ca\/"},{"@type":"ListItem","position":2,"name":"What We Do","item":"https:\/\/www.bird.ca\/what-we-do\/"},{"@type":"ListItem","position":3,"name":"Delivery Models","item":"https:\/\/www.bird.ca\/what-we-do\/delivery-models\/"},{"@type":"ListItem","position":4,"name":"Design-Build\/Engineering, Procurement, Construction"}]},{"@type":"WebSite","@id":"https:\/\/www.bird.ca\/#website","url":"https:\/\/www.bird.ca\/","name":"Bird Construction","description":"","publisher":{"@id":"https:\/\/www.bird.ca\/#organization"},"potentialAction":[{"@type":"SearchAction","target":{"@type":"EntryPoint","urlTemplate":"https:\/\/www.bird.ca\/?s={search_term_string}"},"query-input":{"@type":"PropertyValueSpecification","valueRequired":true,"valueName":"search_term_string"}}],"inLanguage":"fr-CA"},{"@type":"Organization","@id":"https:\/\/www.bird.ca\/#organization","name":"Bird Construction","url":"https:\/\/www.bird.ca\/","logo":{"@type":"ImageObject","inLanguage":"fr-CA","@id":"https:\/\/www.bird.ca\/#\/schema\/logo\/image\/","url":"https:\/\/cdn.bird.ca\/2025\/01\/20212041\/bird-logo-RGB-e1739411338652.png","contentUrl":"https:\/\/cdn.bird.ca\/2025\/01\/20212041\/bird-logo-RGB-e1739411338652.png","width":865,"height":366,"caption":"Bird Construction"},"image":{"@id":"https:\/\/www.bird.ca\/#\/schema\/logo\/image\/"},"sameAs":["https:\/\/www.facebook.com\/people\/Bird-Construction-Inc\/100064108594609\/","https:\/\/www.instagram.com\/birdconstructioninc\/","https:\/\/ca.linkedin.com\/company\/bird-construction-inc"]}]}},"_links":{"self":[{"href":"https:\/\/www.bird.ca\/fr\/wp-json\/wp\/v2\/pages\/1663","targetHints":{"allow":["GET"]}}],"collection":[{"href":"https:\/\/www.bird.ca\/fr\/wp-json\/wp\/v2\/pages"}],"about":[{"href":"https:\/\/www.bird.ca\/fr\/wp-json\/wp\/v2\/types\/page"}],"author":[{"embeddable":true,"href":"https:\/\/www.bird.ca\/fr\/wp-json\/wp\/v2\/users\/1"}],"replies":[{"embeddable":true,"href":"https:\/\/www.bird.ca\/fr\/wp-json\/wp\/v2\/comments?post=1663"}],"version-history":[{"count":7,"href":"https:\/\/www.bird.ca\/fr\/wp-json\/wp\/v2\/pages\/1663\/revisions"}],"predecessor-version":[{"id":7120,"href":"https:\/\/www.bird.ca\/fr\/wp-json\/wp\/v2\/pages\/1663\/revisions\/7120"}],"up":[{"embeddable":true,"href":"https:\/\/www.bird.ca\/fr\/wp-json\/wp\/v2\/pages\/910"}],"wp:featuredmedia":[{"embeddable":true,"href":"https:\/\/www.bird.ca\/fr\/wp-json\/wp\/v2\/media\/1615"}],"wp:attachment":[{"href":"https:\/\/www.bird.ca\/fr\/wp-json\/wp\/v2\/media?parent=1663"}],"curies":[{"name":"wp","href":"https:\/\/api.w.org\/{rel}","templated":true}]}}