{"id":1667,"date":"2025-02-16T05:57:58","date_gmt":"2025-02-16T05:57:58","guid":{"rendered":"https:\/\/www.bird.ca\/?page_id=1667"},"modified":"2025-06-17T19:03:16","modified_gmt":"2025-06-17T19:03:16","slug":"entreprise-generale","status":"publish","type":"page","link":"https:\/\/www.bird.ca\/fr\/what-we-do\/delivery-models\/general-contracting\/","title":{"rendered":"Entreprise g\u00e9n\u00e9rale"},"content":{"rendered":"<div style=\"height:100px\" aria-hidden=\"true\" class=\"wp-block-spacer is-style-entry-space\"><\/div>\n\n\n<div class=\"breadcrumb-block wp-block-create-block-breadcrumb-block\">\n\t\t\t\t\t<nav class=\"breadcrumb\" aria-label=\"Fil d&#039;Ariane\">\n\t\t\t<ol class=\"breadcrumb-list\">\n\t\t\t\t\t\t\t\t\t<li class=\"breadcrumb-item\"><a href=\"https:\/\/www.bird.ca\/fr\/\">Accueil<\/a><\/li>\t\t\t\t\t\t\t<\/ol>\n\t\t<\/nav>\n\t<\/div>\n\n\n<div style=\"height:30px\" aria-hidden=\"true\" class=\"wp-block-spacer\"><\/div>\n\n\n\n<div class=\"wp-block-group is-vertical is-layout-flex wp-container-core-group-is-layout-fe9cc265 wp-block-group-is-layout-flex\">\n<h1 class=\"wp-block-heading has-text-align-left is-style-bird-h2\" id=\"h-general-contracting\">Entreprise g\u00e9n\u00e9rale<\/h1>\n\n\n\n<p class=\"has-text-align-left is-style-bird-body\">Bird a des dizaines d'ann\u00e9es d'exp\u00e9rience en mati\u00e8re de projets \u00e0 prix fixe, ce qui lui permet d'obtenir des donn\u00e9es pr\u00e9cieuses qui renforcent son avantage concurrentiel. Gr\u00e2ce \u00e0 sa longue exp\u00e9rience dans la r\u00e9alisation de projets \u00e0 prix fixe dans le respect des d\u00e9lais et du budget, Bird a acquis une solide r\u00e9putation aupr\u00e8s des sous-traitants en mati\u00e8re d'int\u00e9grit\u00e9, de bonne organisation des projets, de s\u00e9curit\u00e9 et de respect du calendrier.<\/p>\n\n\n\n<p class=\"has-text-align-left is-style-bird-body\">Actif dans les principaux centres urbains du Canada, Bird a d\u00e9velopp\u00e9 une connaissance approfondie du terrain qui comprend des relations cl\u00e9s avec les sous-traitants, la main-d'\u0153uvre et les fournisseurs locaux. Notre style de gestion nous permet d'obtenir des prix comp\u00e9titifs de la part de sous-traitants de qualit\u00e9, ce qui se traduit par des projets de qualit\u00e9 sup\u00e9rieure livr\u00e9s avec une certitude quant aux co\u00fbts.<\/p>\n<\/div>\n\n\n<div class=\"post-list-filters-block wp-block-create-block-post-list-filters\"\tdata-post-type=\"projects\" data-button-taxonomy=\"delivery_model\"\n\tdata-button-parent-term=\"165\">\n\t<div class=\"filtered-posts\"><div class=\"post-grid\"><p>Chargement des projets...<\/p><\/div><\/div><\/div>\n\n\n<div style=\"height:100px\" aria-hidden=\"true\" class=\"wp-block-spacer\"><\/div>","protected":false},"excerpt":{"rendered":"<p>General Contracting Bird has decades of stipulated sum project experience, yielding valuable data that supports our competitive edge. With a long history of delivering fixed price projects on time and on budget, Bird has developed a solid reputation among subcontractors for integrity, well-organized projects, safety, and adherence to schedule. Active in major urban centres in [&hellip;]<\/p>\n","protected":false},"author":1,"featured_media":1615,"parent":910,"menu_order":0,"comment_status":"closed","ping_status":"closed","template":"","meta":{"_acf_changed":false,"footnotes":""},"class_list":["post-1667","page","type-page","status-publish","has-post-thumbnail","hentry"],"acf":[],"yoast_head":"<!-- This site is optimized with the Yoast SEO Premium plugin v24.6 (Yoast SEO v27.3) - https:\/\/yoast.com\/product\/yoast-seo-premium-wordpress\/ -->\n<title>General Contracting | Projects | Bird Construction<\/title>\n<meta name=\"description\" content=\"Bird has decades of stipulated sum project experience, yielding valuable data that supports our competitive edge.\" \/>\n<meta name=\"robots\" content=\"index, follow, max-snippet:-1, max-image-preview:large, max-video-preview:-1\" \/>\n<link rel=\"canonical\" href=\"https:\/\/www.bird.ca\/fr\/ce-que-nous-faisons\/modeles-de-distribution\/entreprise-generale\/\" \/>\n<meta property=\"og:locale\" content=\"fr_CA\" \/>\n<meta property=\"og:type\" content=\"article\" \/>\n<meta property=\"og:title\" content=\"General Contracting | Bird Construction\" \/>\n<meta property=\"og:description\" content=\"Bird Construction has been providing construction services to a long list of new and repeat clients since 1920.\" \/>\n<meta property=\"og:url\" content=\"https:\/\/www.bird.ca\/fr\/ce-que-nous-faisons\/modeles-de-distribution\/entreprise-generale\/\" \/>\n<meta property=\"og:site_name\" content=\"Bird Construction\" \/>\n<meta property=\"article:publisher\" content=\"https:\/\/www.facebook.com\/people\/Bird-Construction-Inc\/100064108594609\/\" \/>\n<meta property=\"article:modified_time\" content=\"2025-06-17T19:03:16+00:00\" \/>\n<meta property=\"og:image\" content=\"https:\/\/cdn.bird.ca\/2025\/02\/20211624\/canon-canada-13-scaled.jpg\" \/>\n\t<meta property=\"og:image:width\" content=\"2560\" \/>\n\t<meta property=\"og:image:height\" content=\"591\" \/>\n\t<meta property=\"og:image:type\" content=\"image\/jpeg\" \/>\n<meta name=\"twitter:card\" content=\"summary_large_image\" \/>\n<meta name=\"twitter:label1\" content=\"Estimation du temps de lecture\" \/>\n\t<meta name=\"twitter:data1\" content=\"1 minute\" \/>\n<script type=\"application\/ld+json\" class=\"yoast-schema-graph\">{\"@context\":\"https:\\\/\\\/schema.org\",\"@graph\":[{\"@type\":\"WebPage\",\"@id\":\"https:\\\/\\\/www.bird.ca\\\/what-we-do\\\/delivery-models\\\/general-contracting\\\/\",\"url\":\"https:\\\/\\\/www.bird.ca\\\/what-we-do\\\/delivery-models\\\/general-contracting\\\/\",\"name\":\"General Contracting | Projects | Bird Construction\",\"isPartOf\":{\"@id\":\"https:\\\/\\\/www.bird.ca\\\/#website\"},\"primaryImageOfPage\":{\"@id\":\"https:\\\/\\\/www.bird.ca\\\/what-we-do\\\/delivery-models\\\/general-contracting\\\/#primaryimage\"},\"image\":{\"@id\":\"https:\\\/\\\/www.bird.ca\\\/what-we-do\\\/delivery-models\\\/general-contracting\\\/#primaryimage\"},\"thumbnailUrl\":\"https:\\\/\\\/cdn.bird.ca\\\/2025\\\/02\\\/20211624\\\/canon-canada-13-scaled.jpg\",\"datePublished\":\"2025-02-16T05:57:58+00:00\",\"dateModified\":\"2025-06-17T19:03:16+00:00\",\"description\":\"Bird has decades of stipulated sum project experience, yielding valuable data that supports our competitive edge.\",\"breadcrumb\":{\"@id\":\"https:\\\/\\\/www.bird.ca\\\/what-we-do\\\/delivery-models\\\/general-contracting\\\/#breadcrumb\"},\"inLanguage\":\"fr-CA\",\"potentialAction\":[{\"@type\":\"ReadAction\",\"target\":[\"https:\\\/\\\/www.bird.ca\\\/what-we-do\\\/delivery-models\\\/general-contracting\\\/\"]}]},{\"@type\":\"ImageObject\",\"inLanguage\":\"fr-CA\",\"@id\":\"https:\\\/\\\/www.bird.ca\\\/what-we-do\\\/delivery-models\\\/general-contracting\\\/#primaryimage\",\"url\":\"https:\\\/\\\/cdn.bird.ca\\\/2025\\\/02\\\/20211624\\\/canon-canada-13-scaled.jpg\",\"contentUrl\":\"https:\\\/\\\/cdn.bird.ca\\\/2025\\\/02\\\/20211624\\\/canon-canada-13-scaled.jpg\",\"width\":2560,\"height\":591,\"caption\":\"A top-down view of a modern, spiral staircase with beige steps and a white handrail, surrounded by a polished floor and a row of small green plants on one side.\"},{\"@type\":\"BreadcrumbList\",\"@id\":\"https:\\\/\\\/www.bird.ca\\\/what-we-do\\\/delivery-models\\\/general-contracting\\\/#breadcrumb\",\"itemListElement\":[{\"@type\":\"ListItem\",\"position\":1,\"name\":\"Home\",\"item\":\"https:\\\/\\\/www.bird.ca\\\/\"},{\"@type\":\"ListItem\",\"position\":2,\"name\":\"What We Do\",\"item\":\"https:\\\/\\\/www.bird.ca\\\/what-we-do\\\/\"},{\"@type\":\"ListItem\",\"position\":3,\"name\":\"Delivery Models\",\"item\":\"https:\\\/\\\/www.bird.ca\\\/what-we-do\\\/delivery-models\\\/\"},{\"@type\":\"ListItem\",\"position\":4,\"name\":\"General Contracting\"}]},{\"@type\":\"WebSite\",\"@id\":\"https:\\\/\\\/www.bird.ca\\\/#website\",\"url\":\"https:\\\/\\\/www.bird.ca\\\/\",\"name\":\"Bird Construction\",\"description\":\"\",\"publisher\":{\"@id\":\"https:\\\/\\\/www.bird.ca\\\/#organization\"},\"potentialAction\":[{\"@type\":\"SearchAction\",\"target\":{\"@type\":\"EntryPoint\",\"urlTemplate\":\"https:\\\/\\\/www.bird.ca\\\/?s={search_term_string}\"},\"query-input\":{\"@type\":\"PropertyValueSpecification\",\"valueRequired\":true,\"valueName\":\"search_term_string\"}}],\"inLanguage\":\"fr-CA\"},{\"@type\":\"Organization\",\"@id\":\"https:\\\/\\\/www.bird.ca\\\/#organization\",\"name\":\"Bird Construction\",\"url\":\"https:\\\/\\\/www.bird.ca\\\/\",\"logo\":{\"@type\":\"ImageObject\",\"inLanguage\":\"fr-CA\",\"@id\":\"https:\\\/\\\/www.bird.ca\\\/#\\\/schema\\\/logo\\\/image\\\/\",\"url\":\"https:\\\/\\\/cdn.bird.ca\\\/2025\\\/01\\\/20212041\\\/bird-logo-RGB-e1739411338652.png\",\"contentUrl\":\"https:\\\/\\\/cdn.bird.ca\\\/2025\\\/01\\\/20212041\\\/bird-logo-RGB-e1739411338652.png\",\"width\":865,\"height\":366,\"caption\":\"Bird Construction\"},\"image\":{\"@id\":\"https:\\\/\\\/www.bird.ca\\\/#\\\/schema\\\/logo\\\/image\\\/\"},\"sameAs\":[\"https:\\\/\\\/www.facebook.com\\\/people\\\/Bird-Construction-Inc\\\/100064108594609\\\/\",\"https:\\\/\\\/www.instagram.com\\\/birdconstructioninc\\\/\",\"https:\\\/\\\/ca.linkedin.com\\\/company\\\/bird-construction-inc\"]}]}<\/script>\n<!-- \/ Yoast SEO Premium plugin. -->","yoast_head_json":{"title":"Entreprise g\u00e9n\u00e9rale | Projets | Bird Construction","description":"Bird a des dizaines d'ann\u00e9es d'exp\u00e9rience en mati\u00e8re de projets \u00e0 somme forfaitaire, ce qui lui permet d'obtenir des donn\u00e9es pr\u00e9cieuses qui renforcent son avantage concurrentiel.","robots":{"index":"index","follow":"follow","max-snippet":"max-snippet:-1","max-image-preview":"max-image-preview:large","max-video-preview":"max-video-preview:-1"},"canonical":"https:\/\/www.bird.ca\/fr\/ce-que-nous-faisons\/modeles-de-distribution\/entreprise-generale\/","og_locale":"fr_CA","og_type":"article","og_title":"General Contracting | Bird Construction","og_description":"Bird Construction has been providing construction services to a long list of new and repeat clients since 1920.","og_url":"https:\/\/www.bird.ca\/fr\/ce-que-nous-faisons\/modeles-de-distribution\/entreprise-generale\/","og_site_name":"Bird Construction","article_publisher":"https:\/\/www.facebook.com\/people\/Bird-Construction-Inc\/100064108594609\/","article_modified_time":"2025-06-17T19:03:16+00:00","og_image":[{"width":2560,"height":591,"url":"https:\/\/cdn.bird.ca\/2025\/02\/20211624\/canon-canada-13-scaled.jpg","type":"image\/jpeg"}],"twitter_card":"summary_large_image","twitter_misc":{"Estimation du temps de lecture":"1 minute"},"schema":{"@context":"https:\/\/schema.org","@graph":[{"@type":"WebPage","@id":"https:\/\/www.bird.ca\/what-we-do\/delivery-models\/general-contracting\/","url":"https:\/\/www.bird.ca\/what-we-do\/delivery-models\/general-contracting\/","name":"Entreprise g\u00e9n\u00e9rale | Projets | Bird Construction","isPartOf":{"@id":"https:\/\/www.bird.ca\/#website"},"primaryImageOfPage":{"@id":"https:\/\/www.bird.ca\/what-we-do\/delivery-models\/general-contracting\/#primaryimage"},"image":{"@id":"https:\/\/www.bird.ca\/what-we-do\/delivery-models\/general-contracting\/#primaryimage"},"thumbnailUrl":"https:\/\/cdn.bird.ca\/2025\/02\/20211624\/canon-canada-13-scaled.jpg","datePublished":"2025-02-16T05:57:58+00:00","dateModified":"2025-06-17T19:03:16+00:00","description":"Bird a des dizaines d'ann\u00e9es d'exp\u00e9rience en mati\u00e8re de projets \u00e0 somme forfaitaire, ce qui lui permet d'obtenir des donn\u00e9es pr\u00e9cieuses qui renforcent son avantage concurrentiel.","breadcrumb":{"@id":"https:\/\/www.bird.ca\/what-we-do\/delivery-models\/general-contracting\/#breadcrumb"},"inLanguage":"fr-CA","potentialAction":[{"@type":"ReadAction","target":["https:\/\/www.bird.ca\/what-we-do\/delivery-models\/general-contracting\/"]}]},{"@type":"ImageObject","inLanguage":"fr-CA","@id":"https:\/\/www.bird.ca\/what-we-do\/delivery-models\/general-contracting\/#primaryimage","url":"https:\/\/cdn.bird.ca\/2025\/02\/20211624\/canon-canada-13-scaled.jpg","contentUrl":"https:\/\/cdn.bird.ca\/2025\/02\/20211624\/canon-canada-13-scaled.jpg","width":2560,"height":591,"caption":"A top-down view of a modern, spiral staircase with beige steps and a white handrail, surrounded by a polished floor and a row of small green plants on one side."},{"@type":"BreadcrumbList","@id":"https:\/\/www.bird.ca\/what-we-do\/delivery-models\/general-contracting\/#breadcrumb","itemListElement":[{"@type":"ListItem","position":1,"name":"Home","item":"https:\/\/www.bird.ca\/"},{"@type":"ListItem","position":2,"name":"What We Do","item":"https:\/\/www.bird.ca\/what-we-do\/"},{"@type":"ListItem","position":3,"name":"Delivery Models","item":"https:\/\/www.bird.ca\/what-we-do\/delivery-models\/"},{"@type":"ListItem","position":4,"name":"General Contracting"}]},{"@type":"WebSite","@id":"https:\/\/www.bird.ca\/#website","url":"https:\/\/www.bird.ca\/","name":"Bird Construction","description":"","publisher":{"@id":"https:\/\/www.bird.ca\/#organization"},"potentialAction":[{"@type":"SearchAction","target":{"@type":"EntryPoint","urlTemplate":"https:\/\/www.bird.ca\/?s={search_term_string}"},"query-input":{"@type":"PropertyValueSpecification","valueRequired":true,"valueName":"search_term_string"}}],"inLanguage":"fr-CA"},{"@type":"Organization","@id":"https:\/\/www.bird.ca\/#organization","name":"Bird Construction","url":"https:\/\/www.bird.ca\/","logo":{"@type":"ImageObject","inLanguage":"fr-CA","@id":"https:\/\/www.bird.ca\/#\/schema\/logo\/image\/","url":"https:\/\/cdn.bird.ca\/2025\/01\/20212041\/bird-logo-RGB-e1739411338652.png","contentUrl":"https:\/\/cdn.bird.ca\/2025\/01\/20212041\/bird-logo-RGB-e1739411338652.png","width":865,"height":366,"caption":"Bird Construction"},"image":{"@id":"https:\/\/www.bird.ca\/#\/schema\/logo\/image\/"},"sameAs":["https:\/\/www.facebook.com\/people\/Bird-Construction-Inc\/100064108594609\/","https:\/\/www.instagram.com\/birdconstructioninc\/","https:\/\/ca.linkedin.com\/company\/bird-construction-inc"]}]}},"_links":{"self":[{"href":"https:\/\/www.bird.ca\/fr\/wp-json\/wp\/v2\/pages\/1667","targetHints":{"allow":["GET"]}}],"collection":[{"href":"https:\/\/www.bird.ca\/fr\/wp-json\/wp\/v2\/pages"}],"about":[{"href":"https:\/\/www.bird.ca\/fr\/wp-json\/wp\/v2\/types\/page"}],"author":[{"embeddable":true,"href":"https:\/\/www.bird.ca\/fr\/wp-json\/wp\/v2\/users\/1"}],"replies":[{"embeddable":true,"href":"https:\/\/www.bird.ca\/fr\/wp-json\/wp\/v2\/comments?post=1667"}],"version-history":[{"count":8,"href":"https:\/\/www.bird.ca\/fr\/wp-json\/wp\/v2\/pages\/1667\/revisions"}],"predecessor-version":[{"id":7124,"href":"https:\/\/www.bird.ca\/fr\/wp-json\/wp\/v2\/pages\/1667\/revisions\/7124"}],"up":[{"embeddable":true,"href":"https:\/\/www.bird.ca\/fr\/wp-json\/wp\/v2\/pages\/910"}],"wp:featuredmedia":[{"embeddable":true,"href":"https:\/\/www.bird.ca\/fr\/wp-json\/wp\/v2\/media\/1615"}],"wp:attachment":[{"href":"https:\/\/www.bird.ca\/fr\/wp-json\/wp\/v2\/media?parent=1667"}],"curies":[{"name":"wp","href":"https:\/\/api.w.org\/{rel}","templated":true}]}}