{"id":20,"date":"2025-01-22T07:22:29","date_gmt":"2025-01-22T07:22:29","guid":{"rendered":"https:\/\/www.bird.ca\/?page_id=20"},"modified":"2025-07-11T19:15:09","modified_gmt":"2025-07-11T19:15:09","slug":"experience-du-projet","status":"publish","type":"page","link":"https:\/\/www.bird.ca\/fr\/project-experience\/","title":{"rendered":"Exp\u00e9rience du projet"},"content":{"rendered":"\n<div class=\"wp-block-themepunch-revslider revslider\" data-modal=\"false\" data-slidertitle=\"Project Experience Video Slider\" style=\"\">\n\t\t\t\t<p class=\"rs-p-wp-fix\"><\/p>\n\t\t\t\t<sr7-module data-alias=\"project-experience-video\" data-id=\"17\" id=\"SR7_17_1\" class=\"rs-ov-hidden\" data-version=\"6.7.23\">\n\t\t\t\t\t<sr7-adjuster><\/sr7-adjuster>\n\t\t\t\t\t<sr7-content>\n\t\t\t\t\t\t<sr7-slide id=\"SR7_17_1-74\" data-key=\"74\">\n\t\t\t\t\t\t<\/sr7-slide>\n\t\t\t\t\t\t<sr7-slide id=\"SR7_17_1-77\" data-key=\"77\">\n\t\t\t\t\t\t<\/sr7-slide>\n\t\t\t\t\t<\/sr7-content>\n\t\t\t\t<\/sr7-module>\n\t\t\t\t<script>\n\t\t\t\t\tSR7.PMH ??={}; SR7.PMH[\"SR7_17_1\"] = {cn:100,state:false,fn: function() { if (_tpt!==undefined && _tpt.prepareModuleHeight !== undefined) {  _tpt.prepareModuleHeight({id:\"SR7_17_1\",el:[420,420,400,300,200],type:'standard',shdw:'0',gh:[420,420,336,339,240],gw:[1280,1280,1024,778,480],vpt:['-100px&#039;,&#039;-100px&#039;,&#039;-100px&#039;,&#039;-100px&#039;,&#039;-100px'],size:{fullWidth:true, fullHeight:false},mh:'0',onh:0,onw:0,bg:{color:'{\"orig\":\"transparent\",\"type\":\"solid\",\"string\":\"transparent\"}'}});   SR7.PMH[\"SR7_17_1\"].state=true;} else if(SR7.PMH[\"SR7_17_1\"].cn-->0)\tsetTimeout( SR7.PMH[\"SR7_17_1\"].fn,19);}};SR7.PMH[\"SR7_17_1\" ].fn();\n\t\t\t\t<\/script>\n<\/div>\n\n\n\n<div style=\"height:100px\" aria-hidden=\"true\" class=\"wp-block-spacer is-style-entry-space\"><\/div>\n\n\n<div class=\"breadcrumb-block wp-block-create-block-breadcrumb-block\">\n\t\t\t\t\t<nav class=\"breadcrumb\" aria-label=\"Breadcrumb\">\n\t\t\t<ol class=\"breadcrumb-list\">\n\t\t\t\t\t\t\t\t\t<li class=\"breadcrumb-item\"><a href=\"https:\/\/www.bird.ca\/fr\/\">Home<\/a><\/li>\t\t\t\t\t\t\t<\/ol>\n\t\t<\/nav>\n\t<\/div>\n\n\n<h1 class=\"wp-block-heading\" id=\"h-project-experience\" style=\"margin-top:var(--wp--preset--spacing--70);margin-bottom:var(--wp--preset--spacing--70)\">Project Experience<\/h1>\n\n\n<div class=\"wp-block-create-block-category-cards\">\n\t<div class=\"category-cards-grid\">\n\t\t\t\t\t<a href=\"https:\/\/www.bird.ca\/fr\/project-experience\/agricultural\/\" class=\"category-card\"\n\t\t\t\ttarget=\"_self\"\n\t\t\t\trel=\"bookmark\">\n\t\t\t\t\t\t\t\t\t<img decoding=\"async\" src=\"https:\/\/cdn.bird.ca\/2025\/02\/20211839\/agricultural-chemicals-agricultural-industrial.svg\" alt=\"agricultural\" \/>\n\t\t\t\t\t\t\t\t<h2>Agricultural Chemicals &amp; Agricultural Industrial<\/h2>\n\t\t\t<\/a>\n\t\t\t\t\t<a href=\"https:\/\/www.bird.ca\/fr\/project-experience\/chemicals\/\" class=\"category-card\"\n\t\t\t\ttarget=\"_self\"\n\t\t\t\trel=\"bookmark\">\n\t\t\t\t\t\t\t\t\t<img decoding=\"async\" src=\"https:\/\/cdn.bird.ca\/2025\/02\/20211839\/chemicals-fuels-oil-gas418f0756ee844c30b95907fa77ab2af3.svg\" alt=\"Simple green line drawing of a large cylindrical storage tank with a vertical ladder attached to the right side.\" \/>\n\t\t\t\t\t\t\t\t<h2>Chemicals &amp; Fuels, Oil &amp; Gas<\/h2>\n\t\t\t<\/a>\n\t\t\t\t\t<a href=\"https:\/\/www.bird.ca\/fr\/project-experience\/commercial\/\" class=\"category-card\"\n\t\t\t\ttarget=\"_self\"\n\t\t\t\trel=\"bookmark\">\n\t\t\t\t\t\t\t\t\t<img decoding=\"async\" src=\"https:\/\/cdn.bird.ca\/2025\/02\/20211840\/commercial.svg\" alt=\"Green outline icon of a multi-story office building with windows, centered between two smaller buildings, on a light background.\" \/>\n\t\t\t\t\t\t\t\t<h2>Commercial<\/h2>\n\t\t\t<\/a>\n\t\t\t\t\t<a href=\"https:\/\/www.bird.ca\/fr\/project-experience\/data-centres\/\" class=\"category-card\"\n\t\t\t\ttarget=\"_self\"\n\t\t\t\trel=\"bookmark\">\n\t\t\t\t\t\t\t\t\t<img decoding=\"async\" src=\"https:\/\/cdn.bird.ca\/2025\/02\/20211840\/data-centres.svg\" alt=\"Green line drawing of a computer server with three stacked units, each marked by a dot, and connected to a network line below.\" \/>\n\t\t\t\t\t\t\t\t<h2>Data Centres &amp; Mission Critical<\/h2>\n\t\t\t<\/a>\n\t\t\t\t\t<a href=\"https:\/\/www.bird.ca\/fr\/project-experience\/education\/\" class=\"category-card\"\n\t\t\t\ttarget=\"_self\"\n\t\t\t\trel=\"bookmark\">\n\t\t\t\t\t\t\t\t\t<img decoding=\"async\" src=\"https:\/\/cdn.bird.ca\/2025\/02\/20211841\/education.svg\" alt=\"Green outline icon of a school building with a flag on top, two windows on each side, and double doors at the entrance.\" \/>\n\t\t\t\t\t\t\t\t<h2>Education<\/h2>\n\t\t\t<\/a>\n\t\t\t\t\t<a href=\"https:\/\/www.bird.ca\/fr\/project-experience\/healthcare\/\" class=\"category-card\"\n\t\t\t\ttarget=\"_self\"\n\t\t\t\trel=\"bookmark\">\n\t\t\t\t\t\t\t\t\t<img decoding=\"async\" src=\"https:\/\/cdn.bird.ca\/2025\/02\/20211841\/healthcare.svg\" alt=\"Green line drawing of a hospital building with a large entrance, multiple windows, and an H sign at the top center.\" \/>\n\t\t\t\t\t\t\t\t<h2>Healthcare<\/h2>\n\t\t\t<\/a>\n\t\t\t\t\t<a href=\"https:\/\/www.bird.ca\/fr\/project-experience\/manufacturing\/\" class=\"category-card\"\n\t\t\t\ttarget=\"_self\"\n\t\t\t\trel=\"bookmark\">\n\t\t\t\t\t\t\t\t\t<img decoding=\"async\" src=\"https:\/\/cdn.bird.ca\/2025\/02\/20211841\/manufacturing.svg\" alt=\"Green line drawing of a robotic arm with a claw, positioned above a conveyor belt.\" \/>\n\t\t\t\t\t\t\t\t<h2>Manufacturing<\/h2>\n\t\t\t<\/a>\n\t\t\t\t\t<a href=\"https:\/\/www.bird.ca\/fr\/project-experience\/mature-living\/\" class=\"category-card\"\n\t\t\t\ttarget=\"_self\"\n\t\t\t\trel=\"bookmark\">\n\t\t\t\t\t\t\t\t\t<img decoding=\"async\" src=\"https:\/\/cdn.bird.ca\/2025\/02\/20211841\/mature-living.svg\" alt=\"A simple green line drawing of a two-story building with several windows and two trees on the left side.\" \/>\n\t\t\t\t\t\t\t\t<h2>Mature Living<\/h2>\n\t\t\t<\/a>\n\t\t\t\t\t<a href=\"https:\/\/www.bird.ca\/fr\/project-experience\/military-defense\/\" class=\"category-card\"\n\t\t\t\ttarget=\"_self\"\n\t\t\t\trel=\"bookmark\">\n\t\t\t\t\t\t\t\t\t<img decoding=\"async\" src=\"https:\/\/cdn.bird.ca\/2025\/02\/20211841\/military-defence.svg\" alt=\"A simple green line drawing of a brain with abstract lines and curves inside, representing neural pathways or brain activity, on a light background.\" \/>\n\t\t\t\t\t\t\t\t<h2>Military &amp; Defence<\/h2>\n\t\t\t<\/a>\n\t\t\t\t\t<a href=\"https:\/\/www.bird.ca\/fr\/project-experience\/mining\/\" class=\"category-card\"\n\t\t\t\ttarget=\"_self\"\n\t\t\t\trel=\"bookmark\">\n\t\t\t\t\t\t\t\t\t<img decoding=\"async\" src=\"https:\/\/cdn.bird.ca\/2025\/02\/20211842\/mining-mineral-processing.svg\" alt=\"Green line drawing of a dump truck facing right on a white background.\" \/>\n\t\t\t\t\t\t\t\t<h2>Mining &amp; Mineral Processing<\/h2>\n\t\t\t<\/a>\n\t\t\t\t\t<a href=\"https:\/\/www.bird.ca\/fr\/project-experience\/power\/\" class=\"category-card\"\n\t\t\t\ttarget=\"_self\"\n\t\t\t\trel=\"bookmark\">\n\t\t\t\t\t\t\t\t\t<img decoding=\"async\" src=\"https:\/\/cdn.bird.ca\/2025\/02\/20211842\/power.svg\" alt=\"A green lightning bolt icon inside a green circle on a light background.\" \/>\n\t\t\t\t\t\t\t\t<h2>Power<\/h2>\n\t\t\t<\/a>\n\t\t\t\t\t<a href=\"https:\/\/www.bird.ca\/fr\/project-experience\/public-safety\/\" class=\"category-card\"\n\t\t\t\ttarget=\"_self\"\n\t\t\t\trel=\"bookmark\">\n\t\t\t\t\t\t\t\t\t<img decoding=\"async\" src=\"https:\/\/cdn.bird.ca\/2025\/02\/20211842\/public-safety.svg\" alt=\"Green line drawing of a school building with a large entrance and a shield emblem above the doors.\" \/>\n\t\t\t\t\t\t\t\t<h2>Public Safety<\/h2>\n\t\t\t<\/a>\n\t\t\t\t\t<a href=\"https:\/\/www.bird.ca\/fr\/project-experience\/public-spaces\/\" class=\"category-card\"\n\t\t\t\ttarget=\"_self\"\n\t\t\t\trel=\"bookmark\">\n\t\t\t\t\t\t\t\t\t<img decoding=\"async\" src=\"https:\/\/cdn.bird.ca\/2025\/02\/20211842\/public-spaces.svg\" alt=\"A simple green line drawing of a stadium with two flags on top and a large entrance in the front.\" \/>\n\t\t\t\t\t\t\t\t<h2>Public Spaces<\/h2>\n\t\t\t<\/a>\n\t\t\t\t\t<a href=\"https:\/\/www.bird.ca\/fr\/project-experience\/pulp-paper\/\" class=\"category-card\"\n\t\t\t\ttarget=\"_self\"\n\t\t\t\trel=\"bookmark\">\n\t\t\t\t\t\t\t\t\t<img decoding=\"async\" src=\"https:\/\/cdn.bird.ca\/2025\/02\/20211842\/pulp-paper.svg\" alt=\"Simple green outline of three pine trees, with the largest tree in the center and two smaller trees on either side, all on a light background.\" \/>\n\t\t\t\t\t\t\t\t<h2>Pulp &amp; Paper<\/h2>\n\t\t\t<\/a>\n\t\t\t\t\t<a href=\"https:\/\/www.bird.ca\/fr\/project-experience\/residential\/\" class=\"category-card\"\n\t\t\t\ttarget=\"_self\"\n\t\t\t\trel=\"bookmark\">\n\t\t\t\t\t\t\t\t\t<img decoding=\"async\" src=\"https:\/\/cdn.bird.ca\/2025\/02\/20211843\/residential.svg\" alt=\"Green line drawing of a building with six windows and a door, resembling an office or apartment building, on a light background.\" \/>\n\t\t\t\t\t\t\t\t<h2>Residential<\/h2>\n\t\t\t<\/a>\n\t\t\t\t\t<a href=\"https:\/\/www.bird.ca\/fr\/project-experience\/transportation\/\" class=\"category-card\"\n\t\t\t\ttarget=\"_self\"\n\t\t\t\trel=\"bookmark\">\n\t\t\t\t\t\t\t\t\t<img decoding=\"async\" src=\"https:\/\/cdn.bird.ca\/2025\/02\/20211843\/transportation.svg\" alt=\"Simple green line drawing of a section of railroad tracks, shown from an overhead perspective.\" \/>\n\t\t\t\t\t\t\t\t<h2>Transportation<\/h2>\n\t\t\t<\/a>\n\t\t\t\t\t<a href=\"https:\/\/www.bird.ca\/fr\/project-experience\/utilities\/\" class=\"category-card\"\n\t\t\t\ttarget=\"_self\"\n\t\t\t\trel=\"bookmark\">\n\t\t\t\t\t\t\t\t\t<img decoding=\"async\" src=\"https:\/\/cdn.bird.ca\/2025\/02\/20211843\/utilities.svg\" alt=\"Green line icons of a flame, a lightning bolt, and a water drop, representing energy sources such as gas, electricity, and water on a light background.\" \/>\n\t\t\t\t\t\t\t\t<h2>Utilities<\/h2>\n\t\t\t<\/a>\n\t\t\t\t\t<a href=\"https:\/\/www.bird.ca\/fr\/project-experience\/warehousing-logistics\/\" class=\"category-card\"\n\t\t\t\ttarget=\"_self\"\n\t\t\t\trel=\"bookmark\">\n\t\t\t\t\t\t\t\t\t<img decoding=\"async\" src=\"https:\/\/cdn.bird.ca\/2025\/02\/20211843\/warehousing-logistics.svg\" alt=\"Green outline icon of a warehouse with a large door, three stacked boxes inside, and a rectangular sign above the entrance, symbolizing storage or inventory.\" \/>\n\t\t\t\t\t\t\t\t<h2>Warehousing &amp; Logistics<\/h2>\n\t\t\t<\/a>\n\t\t\t\t\t<a href=\"https:\/\/www.bird.ca\/fr\/project-experience\/water-environment\/\" class=\"category-card\"\n\t\t\t\ttarget=\"_self\"\n\t\t\t\trel=\"bookmark\">\n\t\t\t\t\t\t\t\t\t<img decoding=\"async\" src=\"https:\/\/cdn.bird.ca\/2025\/02\/20211843\/water-environment.svg\" alt=\"A simple green line drawing of two overlapping water droplets, one larger and one smaller, on a light gray background.\" \/>\n\t\t\t\t\t\t\t\t<h2>Water &amp; Environment<\/h2>\n\t\t\t<\/a>\n\t\t\t<\/div>\n<\/div>\n\n\n<div style=\"height:100px\" aria-hidden=\"true\" class=\"wp-block-spacer is-style-entry-space\"><\/div>\n\n\n<div class=\"post-list-filters-block wp-block-create-block-post-list-filters\"\tdata-post-type=\"projects\" data-button-taxonomy=\"market\"\n\tdata-button-parent-term=\"0\">\n\t<div class=\"dropdown-filters\"><div class=\"dropdown-filter\"><div class=\"dropdown-group\"><select class=\"filter-dropdown\" id=\"filter-dropdown-0\" data-filter-index=\"0\" data-taxonomy=\"market\" data-has-child=\"true\" title=\"Filter by All Markets\" aria-label=\"Filter by All Markets\"><option value=\"\" disabled selected>All Markets<\/option><option value=\"\">All<\/option><option value=\"160\">Agricultural Chemicals &amp; Agricultural Industrial<\/option><option value=\"94\">Chemicals &amp; Fuels, Oil &amp; Gas<\/option><option value=\"87\">Commercial<\/option><option value=\"342\">Data Centres &amp; Mission Critical<\/option><option value=\"98\">Education<\/option><option value=\"89\">Healthcare<\/option><option value=\"102\">Manufacturing<\/option><option value=\"105\">Mature Living<\/option><option value=\"109\">Military &amp; Defence<\/option><option value=\"112\">Mining &amp; Mineral Processing<\/option><option value=\"113\">Power<\/option><option value=\"119\">Public Safety<\/option><option value=\"124\">Public Spaces<\/option><option value=\"369\">Pulp &amp; Paper<\/option><option value=\"88\">Residential<\/option><option value=\"127\">Transportation<\/option><option value=\"130\">Utilities<\/option><option value=\"381\">Warehousing &amp; Logistics<\/option><option value=\"132\">Water &amp; Environment<\/option><\/select><\/div><\/div><div class=\"dropdown-filter\"><div class=\"dropdown-group\"><select class=\"dependent-dropdown\" id=\"dependent-dropdown-0\" data-dependent-of=\"0\" data-taxonomy=\"market\" title=\"Select from All Markets\" aria-label=\"Select from All Markets\"><option value=\"\" disabled selected>Select from All Markets<\/option><\/select><\/div><\/div><div class=\"dropdown-filter\"><div class=\"dropdown-group\"><select class=\"filter-dropdown\" id=\"filter-dropdown-1\" data-filter-index=\"1\" data-taxonomy=\"location\"  title=\"Filter by Provinces\" aria-label=\"Filter by Provinces\"><option value=\"\" disabled selected>Provinces<\/option><option value=\"\">All<\/option><option value=\"135\">Alberta<\/option><option value=\"141\">British Columbia<\/option><option value=\"145\">Manitoba<\/option><option value=\"148\">New Brunswick<\/option><option value=\"149\">Newfoundland &amp; Labrador<\/option><option value=\"158\">Northern<\/option><option value=\"150\">Nova Scotia<\/option><option value=\"151\">Ontario<\/option><option value=\"155\">Quebec<\/option><option value=\"156\">Saskatchewan<\/option><option value=\"157\">Territories<\/option><option value=\"458\">Various Sites, Alberta<\/option><\/select><\/div><\/div><div class=\"dropdown-filter\"><div class=\"dropdown-group\"><select class=\"filter-dropdown\" id=\"filter-dropdown-2\" data-filter-index=\"2\" data-taxonomy=\"delivery_model\"  title=\"Filter by Models\" aria-label=\"Filter by Models\"><option value=\"\" disabled selected>Models<\/option><option value=\"\">All<\/option><option value=\"163\">Construction Management<\/option><option value=\"164\">Design-Build\/Engineering, Procurement, Construction<\/option><option value=\"165\">General Contracting<\/option><option value=\"166\">Industrial General Contracting<\/option><option value=\"167\">Integrated Project Delivery<\/option><option value=\"168\">Public-Private Partnership<\/option><option value=\"169\">Special Projects<\/option><option value=\"170\">Stipulated Sum<\/option><option value=\"448\">Unit Price<\/option><\/select><\/div><\/div><div class=\"dropdown-filter\"><div class=\"dropdown-group\"><select class=\"filter-dropdown\" id=\"filter-dropdown-3\" data-filter-index=\"3\" data-taxonomy=\"service\"  title=\"Filter by All Services\" aria-label=\"Filter by All Services\"><option value=\"\" disabled selected>All Services<\/option><option value=\"\">All<\/option><option value=\"172\">BIM\/VDC<\/option><option value=\"173\">Equity<\/option><option value=\"174\">Fabrication<\/option><option value=\"175\">Industrial Maintenance<\/option><option value=\"176\">LEED<sup aria-hidden=\"true\">\u00ae<\/sup><span class=\"screen-reader-text\">registered<\/span>\/Sustainable Construction<\/option><option value=\"177\">Mass Timber<\/option><option value=\"178\">Modular Buildings<\/option><option value=\"179\">Pre-Construction\/Early Contractor Involvement<\/option><option value=\"180\">Self-Perform: Civil<\/option><option value=\"181\">Self-Perform: Process<\/option><option value=\"182\">Special Projects<\/option><\/select><\/div><\/div><\/div><div class=\"filtered-posts\"><div class=\"post-grid\"><p>Loading projects&#8230;<\/p><\/div><\/div><\/div>\n\n\n<div style=\"height:100px\" aria-hidden=\"true\" class=\"wp-block-spacer is-style-entry-space\"><\/div>\n","protected":false},"excerpt":{"rendered":"<p>Exp\u00e9rience du projet<\/p>","protected":false},"author":1,"featured_media":0,"parent":0,"menu_order":0,"comment_status":"closed","ping_status":"closed","template":"","meta":{"_acf_changed":false,"footnotes":""},"class_list":["post-20","page","type-page","status-publish","hentry"],"acf":[],"yoast_head":"<!-- This site is optimized with the Yoast SEO Premium plugin v24.6 (Yoast SEO v27.3) - https:\/\/yoast.com\/product\/yoast-seo-premium-wordpress\/ -->\n<title>Projects | Bird Construction<\/title>\n<meta name=\"description\" content=\"Reflecting its broad scope, Bird&#039;s clients include leading firms in the commercial, institutional, retail, multi-tenant residential, industrial, mining, water and wastewater, energy, renewables, nuclear, and civil sectors.\" \/>\n<meta name=\"robots\" content=\"index, follow, max-snippet:-1, max-image-preview:large, max-video-preview:-1\" \/>\n<link rel=\"canonical\" href=\"https:\/\/www.bird.ca\/fr\/experience-du-projet\/\" \/>\n<meta property=\"og:locale\" content=\"fr_CA\" \/>\n<meta property=\"og:type\" content=\"article\" \/>\n<meta property=\"og:title\" content=\"Project Experience | Bird Construction\" \/>\n<meta property=\"og:description\" content=\"Bird Construction has been providing construction services to a long list of new and repeat clients since 1920.\" \/>\n<meta property=\"og:url\" content=\"https:\/\/www.bird.ca\/fr\/experience-du-projet\/\" \/>\n<meta property=\"og:site_name\" content=\"Bird Construction\" \/>\n<meta property=\"article:publisher\" content=\"https:\/\/www.facebook.com\/people\/Bird-Construction-Inc\/100064108594609\/\" \/>\n<meta property=\"article:modified_time\" content=\"2025-07-11T19:15:09+00:00\" \/>\n<meta property=\"og:image\" content=\"https:\/\/cdn.bird.ca\/2025\/01\/20212040\/bird-logo-RGB.jpg\" \/>\n\t<meta property=\"og:image:width\" content=\"1050\" \/>\n\t<meta property=\"og:image:height\" content=\"600\" \/>\n\t<meta property=\"og:image:type\" content=\"image\/jpeg\" \/>\n<meta name=\"twitter:card\" content=\"summary_large_image\" \/>\n<meta name=\"twitter:label1\" content=\"Estimation du temps de lecture\" \/>\n\t<meta name=\"twitter:data1\" content=\"1 minute\" \/>\n<script type=\"application\/ld+json\" class=\"yoast-schema-graph\">{\"@context\":\"https:\\\/\\\/schema.org\",\"@graph\":[{\"@type\":\"WebPage\",\"@id\":\"https:\\\/\\\/www.bird.ca\\\/project-experience\\\/\",\"url\":\"https:\\\/\\\/www.bird.ca\\\/project-experience\\\/\",\"name\":\"Projects | Bird Construction\",\"isPartOf\":{\"@id\":\"https:\\\/\\\/www.bird.ca\\\/#website\"},\"datePublished\":\"2025-01-22T07:22:29+00:00\",\"dateModified\":\"2025-07-11T19:15:09+00:00\",\"description\":\"Reflecting its broad scope, Bird's clients include leading firms in the commercial, institutional, retail, multi-tenant residential, industrial, mining, water and wastewater, energy, renewables, nuclear, and civil sectors.\",\"breadcrumb\":{\"@id\":\"https:\\\/\\\/www.bird.ca\\\/project-experience\\\/#breadcrumb\"},\"inLanguage\":\"fr-CA\",\"potentialAction\":[{\"@type\":\"ReadAction\",\"target\":[\"https:\\\/\\\/www.bird.ca\\\/project-experience\\\/\"]}]},{\"@type\":\"BreadcrumbList\",\"@id\":\"https:\\\/\\\/www.bird.ca\\\/project-experience\\\/#breadcrumb\",\"itemListElement\":[{\"@type\":\"ListItem\",\"position\":1,\"name\":\"Home\",\"item\":\"https:\\\/\\\/www.bird.ca\\\/\"},{\"@type\":\"ListItem\",\"position\":2,\"name\":\"Project Experience\"}]},{\"@type\":\"WebSite\",\"@id\":\"https:\\\/\\\/www.bird.ca\\\/#website\",\"url\":\"https:\\\/\\\/www.bird.ca\\\/\",\"name\":\"Bird Construction\",\"description\":\"\",\"publisher\":{\"@id\":\"https:\\\/\\\/www.bird.ca\\\/#organization\"},\"potentialAction\":[{\"@type\":\"SearchAction\",\"target\":{\"@type\":\"EntryPoint\",\"urlTemplate\":\"https:\\\/\\\/www.bird.ca\\\/?s={search_term_string}\"},\"query-input\":{\"@type\":\"PropertyValueSpecification\",\"valueRequired\":true,\"valueName\":\"search_term_string\"}}],\"inLanguage\":\"fr-CA\"},{\"@type\":\"Organization\",\"@id\":\"https:\\\/\\\/www.bird.ca\\\/#organization\",\"name\":\"Bird Construction\",\"url\":\"https:\\\/\\\/www.bird.ca\\\/\",\"logo\":{\"@type\":\"ImageObject\",\"inLanguage\":\"fr-CA\",\"@id\":\"https:\\\/\\\/www.bird.ca\\\/#\\\/schema\\\/logo\\\/image\\\/\",\"url\":\"https:\\\/\\\/cdn.bird.ca\\\/2025\\\/01\\\/20212041\\\/bird-logo-RGB-e1739411338652.png\",\"contentUrl\":\"https:\\\/\\\/cdn.bird.ca\\\/2025\\\/01\\\/20212041\\\/bird-logo-RGB-e1739411338652.png\",\"width\":865,\"height\":366,\"caption\":\"Bird Construction\"},\"image\":{\"@id\":\"https:\\\/\\\/www.bird.ca\\\/#\\\/schema\\\/logo\\\/image\\\/\"},\"sameAs\":[\"https:\\\/\\\/www.facebook.com\\\/people\\\/Bird-Construction-Inc\\\/100064108594609\\\/\",\"https:\\\/\\\/www.instagram.com\\\/birdconstructioninc\\\/\",\"https:\\\/\\\/ca.linkedin.com\\\/company\\\/bird-construction-inc\"]}]}<\/script>\n<!-- \/ Yoast SEO Premium plugin. -->","yoast_head_json":{"title":"Projets - Bird Construction","description":"Refl\u00e9tant l'\u00e9tendue de son champ d'action, Bird compte parmi ses clients des entreprises de premier plan dans les secteurs commercial, institutionnel, de la vente au d\u00e9tail, de l'habitat collectif, de l'industrie, de l'exploitation mini\u00e8re, de l'eau et des eaux us\u00e9es, de l'\u00e9nergie, des \u00e9nergies renouvelables, du nucl\u00e9aire et de la construction civile.","robots":{"index":"index","follow":"follow","max-snippet":"max-snippet:-1","max-image-preview":"max-image-preview:large","max-video-preview":"max-video-preview:-1"},"canonical":"https:\/\/www.bird.ca\/fr\/experience-du-projet\/","og_locale":"fr_CA","og_type":"article","og_title":"Project Experience | Bird Construction","og_description":"Bird Construction has been providing construction services to a long list of new and repeat clients since 1920.","og_url":"https:\/\/www.bird.ca\/fr\/experience-du-projet\/","og_site_name":"Bird Construction","article_publisher":"https:\/\/www.facebook.com\/people\/Bird-Construction-Inc\/100064108594609\/","article_modified_time":"2025-07-11T19:15:09+00:00","og_image":[{"width":1050,"height":600,"url":"https:\/\/cdn.bird.ca\/2025\/01\/20212040\/bird-logo-RGB.jpg","type":"image\/jpeg"}],"twitter_card":"summary_large_image","twitter_misc":{"Estimation du temps de lecture":"1 minute"},"schema":{"@context":"https:\/\/schema.org","@graph":[{"@type":"WebPage","@id":"https:\/\/www.bird.ca\/project-experience\/","url":"https:\/\/www.bird.ca\/project-experience\/","name":"Projets - Bird Construction","isPartOf":{"@id":"https:\/\/www.bird.ca\/#website"},"datePublished":"2025-01-22T07:22:29+00:00","dateModified":"2025-07-11T19:15:09+00:00","description":"Refl\u00e9tant l'\u00e9tendue de son champ d'action, Bird compte parmi ses clients des entreprises de premier plan dans les secteurs commercial, institutionnel, de la vente au d\u00e9tail, de l'habitat collectif, de l'industrie, de l'exploitation mini\u00e8re, de l'eau et des eaux us\u00e9es, de l'\u00e9nergie, des \u00e9nergies renouvelables, du nucl\u00e9aire et de la construction civile.","breadcrumb":{"@id":"https:\/\/www.bird.ca\/project-experience\/#breadcrumb"},"inLanguage":"fr-CA","potentialAction":[{"@type":"ReadAction","target":["https:\/\/www.bird.ca\/project-experience\/"]}]},{"@type":"BreadcrumbList","@id":"https:\/\/www.bird.ca\/project-experience\/#breadcrumb","itemListElement":[{"@type":"ListItem","position":1,"name":"Home","item":"https:\/\/www.bird.ca\/"},{"@type":"ListItem","position":2,"name":"Project Experience"}]},{"@type":"WebSite","@id":"https:\/\/www.bird.ca\/#website","url":"https:\/\/www.bird.ca\/","name":"Bird Construction","description":"","publisher":{"@id":"https:\/\/www.bird.ca\/#organization"},"potentialAction":[{"@type":"SearchAction","target":{"@type":"EntryPoint","urlTemplate":"https:\/\/www.bird.ca\/?s={search_term_string}"},"query-input":{"@type":"PropertyValueSpecification","valueRequired":true,"valueName":"search_term_string"}}],"inLanguage":"fr-CA"},{"@type":"Organization","@id":"https:\/\/www.bird.ca\/#organization","name":"Bird Construction","url":"https:\/\/www.bird.ca\/","logo":{"@type":"ImageObject","inLanguage":"fr-CA","@id":"https:\/\/www.bird.ca\/#\/schema\/logo\/image\/","url":"https:\/\/cdn.bird.ca\/2025\/01\/20212041\/bird-logo-RGB-e1739411338652.png","contentUrl":"https:\/\/cdn.bird.ca\/2025\/01\/20212041\/bird-logo-RGB-e1739411338652.png","width":865,"height":366,"caption":"Bird Construction"},"image":{"@id":"https:\/\/www.bird.ca\/#\/schema\/logo\/image\/"},"sameAs":["https:\/\/www.facebook.com\/people\/Bird-Construction-Inc\/100064108594609\/","https:\/\/www.instagram.com\/birdconstructioninc\/","https:\/\/ca.linkedin.com\/company\/bird-construction-inc"]}]}},"_links":{"self":[{"href":"https:\/\/www.bird.ca\/fr\/wp-json\/wp\/v2\/pages\/20","targetHints":{"allow":["GET"]}}],"collection":[{"href":"https:\/\/www.bird.ca\/fr\/wp-json\/wp\/v2\/pages"}],"about":[{"href":"https:\/\/www.bird.ca\/fr\/wp-json\/wp\/v2\/types\/page"}],"author":[{"embeddable":true,"href":"https:\/\/www.bird.ca\/fr\/wp-json\/wp\/v2\/users\/1"}],"replies":[{"embeddable":true,"href":"https:\/\/www.bird.ca\/fr\/wp-json\/wp\/v2\/comments?post=20"}],"version-history":[{"count":97,"href":"https:\/\/www.bird.ca\/fr\/wp-json\/wp\/v2\/pages\/20\/revisions"}],"predecessor-version":[{"id":7249,"href":"https:\/\/www.bird.ca\/fr\/wp-json\/wp\/v2\/pages\/20\/revisions\/7249"}],"wp:attachment":[{"href":"https:\/\/www.bird.ca\/fr\/wp-json\/wp\/v2\/media?parent=20"}],"curies":[{"name":"wp","href":"https:\/\/api.w.org\/{rel}","templated":true}]}}