{"id":2004,"date":"2025-02-18T15:38:39","date_gmt":"2025-02-18T15:38:39","guid":{"rendered":"https:\/\/www.bird.ca\/?page_id=2004"},"modified":"2026-02-25T11:35:56","modified_gmt":"2026-02-25T11:35:56","slug":"renovations-energetiques-profondes","status":"publish","type":"page","link":"https:\/\/www.bird.ca\/fr\/what-we-do\/sustainable-design-and-construction\/deep-energy-retrofits\/","title":{"rendered":"R\u00e9novations \u00e9nerg\u00e9tiques profondes"},"content":{"rendered":"<div class=\"wp-block-create-block-hero-static\">\n\t<div class=\"hero-banner\">\n\t\t\t\t\t<img loading=\"lazy\" decoding=\"async\" width=\"2560\" height=\"600\" src=\"https:\/\/cdn.bird.ca\/2025\/02\/20211522\/mackimmie-banner-2560x600.jpg\" class=\"attachment-banner-size size-banner-size\" alt=\"Un b\u00e2timent moderne en verre \u00e0 la fa\u00e7ade incurv\u00e9e se dresse \u00e0 c\u00f4t\u00e9 d&#039;un drapeau canadien sur un grand m\u00e2t, dans un ciel bleu partiellement nuageux. Des arbres et un autre b\u00e2timent contemporain sont \u00e9galement visibles.\" sizes=\"auto, 100vw\" srcset=\"https:\/\/cdn.bird.ca\/2025\/02\/20211522\/mackimmie-banner-2560x600.jpg 2560w, https:\/\/cdn.bird.ca\/2025\/02\/20211522\/mackimmie-banner-300x69.jpg 300w\" \/>\n\t\t\t\t\t\t\t<div class=\"hero-banner__overlay\"><\/div>\n\t\t\t\n\t\t\t\t\t\t\t<div class=\"hero-banner__content\">\n\t\t\t\t\t<h1 class=\"hero-banner__title\">R\u00e9novations \u00e9nerg\u00e9tiques profondes<\/h1>\n\t\t\t\t<\/div>\n\t\t\t\t\t\t<\/div>\n<\/div>\n\n\n<div style=\"height:100px\" aria-hidden=\"true\" class=\"wp-block-spacer is-style-entry-space\"><\/div>\n\n\n<div class=\"breadcrumb-block wp-block-create-block-breadcrumb-block\">\n\t\t\t\t\t<nav class=\"breadcrumb\" aria-label=\"Fil d&#039;Ariane\">\n\t\t\t<ol class=\"breadcrumb-list\">\n\t\t\t\t\t\t\t\t\t<li class=\"breadcrumb-item\"><a href=\"https:\/\/www.bird.ca\/fr\/\">Accueil<\/a><\/li>\t\t\t\t\t\t\t<\/ol>\n\t\t<\/nav>\n\t<\/div>\n\n\n<div style=\"height:30px\" aria-hidden=\"true\" class=\"wp-block-spacer\"><\/div>\n\n\n\n<div class=\"wp-block-group is-vertical is-layout-flex wp-container-core-group-is-layout-41fdfdc5 wp-block-group-is-layout-flex\">\n<h1 class=\"wp-block-heading has-text-align-left is-style-bird-h2\">R\u00e9novations \u00e9nerg\u00e9tiques profondes<\/h1>\n\n\n\n<p class=\"is-style-callout-paragraph\">Le choix du bon partenaire de construction sera votre d\u00e9cision la plus importante pour jeter les bases de la r\u00e9ussite de votre projet. En faisant appel \u00e0 des experts dans tout le pays et en collaborant avec les bureaux locaux, les diverses capacit\u00e9s d'auto-ex\u00e9cution de Bird permettent d'offrir l'exp\u00e9rience suivante :<\/p>\n\n\n\n<div class=\"wp-block-columns gap: 100px; is-style-card-column is-layout-flex wp-container-core-columns-is-layout-28f84493 wp-block-columns-is-layout-flex\">\n<div class=\"wp-block-column is-vertically-aligned-stretch is-style-column-justify is-layout-flow wp-block-column-is-layout-flow\">\n<ul class=\"wp-block-list\">\n<li>R\u00e9novation compl\u00e8te du b\u00e2timent<br>- les r\u00e9novations d'\u00e9clairage (10% - 30%)<br>- r\u00e9novations moyennes (31% - 50%)<br>- r\u00e9novations profondes (51% - 80%+)&nbsp; &nbsp; &nbsp;<\/li>\n\n\n\n<li>Surveillance et analyse de l'\u00e9nergie, pour optimiser les performances du syst\u00e8me<\/li>\n\n\n\n<li>Experts internes en mati\u00e8re de syst\u00e8mes m\u00e9caniques et \u00e9lectriques et capacit\u00e9s d'auto-ex\u00e9cution<\/li>\n\n\n\n<li>Durabilit\u00e9, \u00e9nergies renouvelables et solutions \u00e0 faible \u00e9mission de carbone<br><\/li>\n\n\n\n<li>G\u00e9rer les incitations des services publics et des agences gouvernementales, y compris la Banque canadienne d'infrastructure et d'autres programmes.<\/li>\n\n\n\n<li>Mod\u00e9lisation \u00e9nerg\u00e9tique<\/li>\n\n\n\n<li>Nous soutenons les mod\u00e8les de contrats collaboratifs qui favorisent l'innovation et l'implication pr\u00e9coce des entrepreneurs afin de g\u00e9n\u00e9rer de la valeur. Les mod\u00e8les recommand\u00e9s sont la conception-construction, la conception-construction progressive, la r\u00e9alisation de projets int\u00e9gr\u00e9s (IPD) ou l'implication pr\u00e9coce de l'entrepreneur (ECI).<\/li>\n<\/ul>\n\n\n\n<div class=\"wp-block-columns are-vertically-aligned-center gap: 100px; is-style-card-column is-layout-flex wp-container-core-columns-is-layout-28f84493 wp-block-columns-is-layout-flex\">\n<div class=\"wp-block-column is-vertically-aligned-center is-layout-flow wp-block-column-is-layout-flow\">\n<h2 class=\"wp-block-heading has-dark-color has-text-color has-link-color wp-elements-b8ca9e08214204d80d33c2f22af6de90\">Solutions pour tous les niveaux de r\u00e9duction de la consommation d'\u00e9nergie<\/h2>\n\n\n\n<p>des \u00e9missions de gaz \u00e0 effet de serre et des co\u00fbts \u00e9nerg\u00e9tiques<\/p>\n<\/div>\n\n\n\n<div class=\"wp-block-column is-vertically-aligned-center is-layout-flow wp-block-column-is-layout-flow\" style=\"flex-basis:50%\">\n<div class=\"wp-block-buttons is-content-justification-center is-layout-flex wp-container-core-buttons-is-layout-a89b3969 wp-block-buttons-is-layout-flex\">\n<div class=\"wp-block-button is-style-bird-outline\"><a class=\"wp-block-button__link wp-element-button\" href=\"https:\/\/cdn.bird.ca\/2025\/03\/20210936\/net-zero-brochure_digital_spreads_compressed.pdf\">Lire notre brochure sur le chemin vers le net z\u00e9ro<\/a><\/div>\n<\/div>\n<\/div>\n<\/div>\n<\/div>\n\n\n\n<div class=\"wp-block-column is-layout-flow wp-block-column-is-layout-flow\" style=\"flex-basis:30%\">\n<figure class=\"wp-block-image size-full is-style-image-shadow-right\"><img loading=\"lazy\" decoding=\"async\" width=\"617\" height=\"925\" src=\"https:\/\/cdn.bird.ca\/2025\/02\/20211525\/mackimmie-1.jpg\" alt=\"Vue oblique de grandes fen\u00eatres modernes en verre avec des cadres g\u00e9om\u00e9triques, partiellement couvertes par des stores verticaux, laissant entrer la lumi\u00e8re du soleil et r\u00e9v\u00e9lant un paysage urbain sous un ciel bleu clair.\" class=\"wp-image-2030\" srcset=\"https:\/\/cdn.bird.ca\/2025\/02\/20211525\/mackimmie-1.jpg 617w, https:\/\/cdn.bird.ca\/2025\/02\/20211525\/mackimmie-1-200x300.jpg 200w\" sizes=\"auto, (max-width: 617px) 100vw, 617px\" \/><\/figure>\n<\/div>\n<\/div>\n<\/div>\n\n\n\n<div style=\"height:100px\" aria-hidden=\"true\" class=\"wp-block-spacer is-style-entry-space\"><\/div>\n\n\n\n<div class=\"wp-block-group alignfull is-style-group-w-full has-light-background-color has-background is-layout-constrained wp-block-group-is-layout-constrained\" style=\"padding-top:var(--wp--preset--spacing--80);padding-bottom:var(--wp--preset--spacing--80)\">\n<h1 class=\"wp-block-heading has-text-align-center\" style=\"padding-top:0;padding-bottom:var(--wp--preset--spacing--80)\">L'\u00e9quipe de Bird charg\u00e9e des r\u00e9novations \u00e9nerg\u00e9tiques profondes est votre partenaire de confiance.<\/h1>\n\n\n\n<figure class=\"wp-block-image size-full\"><img decoding=\"async\" src=\"https:\/\/cdn.bird.ca\/2025\/02\/20211526\/5-stages.svg\" alt=\"\" class=\"wp-image-2029\"\/><\/figure>\n<\/div>\n\n\n\n<div style=\"height:100px\" aria-hidden=\"true\" class=\"wp-block-spacer is-style-entry-space\"><\/div>\n\n\n\n<h1 class=\"wp-block-heading has-text-align-left\" style=\"margin-bottom:0;padding-top:0;padding-bottom:var(--wp--preset--spacing--60)\">Exp\u00e9rience du projet<\/h1>\n\n\n\n<div class=\"wp-block-group is-layout-grid wp-container-core-group-is-layout-d2fb9c72 wp-block-group-is-layout-grid\">\n<div class=\"wp-block-group is-layout-constrained wp-container-core-group-is-layout-5a30f31b wp-block-group-is-layout-constrained\">\n<figure class=\"wp-block-image size-large\"><a href=\"https:\/\/www.bird.ca\/fr\/experience-du-projet\/preview\/centre-dinnovation-technologique-du-humber-college\/\"><img loading=\"lazy\" decoding=\"async\" width=\"1024\" height=\"683\" src=\"https:\/\/cdn.bird.ca\/2025\/03\/20205228\/Barrett-CTI-Building-Bird_Hero-1-1024x683.jpg\" alt=\"Un b\u00e2timent moderne avec de grandes baies vitr\u00e9es et une architecture angulaire, avec le Centre d&#039;innovation technologique de Barrett sur la fa\u00e7ade, sous un ciel nuageux. L&#039;ext\u00e9rieur comprend des panneaux g\u00e9om\u00e9triques gris et jaunes.\" class=\"wp-image-5603\" style=\"aspect-ratio:16\/9;object-fit:cover\" srcset=\"https:\/\/cdn.bird.ca\/2025\/03\/20205228\/Barrett-CTI-Building-Bird_Hero-1-1024x683.jpg 1024w, https:\/\/cdn.bird.ca\/2025\/03\/20205228\/Barrett-CTI-Building-Bird_Hero-1-300x200.jpg 300w, https:\/\/cdn.bird.ca\/2025\/03\/20205228\/Barrett-CTI-Building-Bird_Hero-1-768x512.jpg 768w, https:\/\/cdn.bird.ca\/2025\/03\/20205228\/Barrett-CTI-Building-Bird_Hero-1-1536x1024.jpg 1536w, https:\/\/cdn.bird.ca\/2025\/03\/20205228\/Barrett-CTI-Building-Bird_Hero-1-2048x1366.jpg 2048w\" sizes=\"auto, (max-width: 1024px) 100vw, 1024px\" \/><\/a><\/figure>\n\n\n\n<h2 class=\"wp-block-heading has-primary-color has-text-color has-link-color wp-elements-80d4d6825be077a8e7eb4fce98aa1cb3\" id=\"h-humber-college-building-nx\"><a href=\"https:\/\/www.bird.ca\/fr\/experience-du-projet\/preview\/centre-dinnovation-technologique-du-humber-college\/\">B\u00e2timent du Humber College NX<\/a><\/h2>\n\n\n\n<p class=\"is-style-bold-large has-dark-color has-text-color has-link-color wp-elements-0f21eded165dffe9ddd4792a65413a20\">R\u00e9duction 70%<\/p>\n\n\n\n<p style=\"margin-top:var(--wp--preset--spacing--30)\">en mati\u00e8re de consommation d'\u00e9nergie et de construction z\u00e9ro carbone<\/p>\n\n\n\n<hr class=\"wp-block-separator has-text-color has-secondary-color has-alpha-channel-opacity has-secondary-background-color has-background is-style-wide\" style=\"margin-top:var(--wp--preset--spacing--70)\"\/>\n<\/div>\n\n\n\n<div class=\"wp-block-group is-layout-constrained wp-container-core-group-is-layout-5a30f31b wp-block-group-is-layout-constrained\">\n<figure class=\"wp-block-image size-full\"><a href=\"https:\/\/www.bird.ca\/fr\/experience-du-projet\/preview\/noventa-toronto-western-hospital-wastewater-energy-transfer-wet\/\"><img loading=\"lazy\" decoding=\"async\" width=\"933\" height=\"700\" src=\"https:\/\/cdn.bird.ca\/2025\/03\/20210113\/Noventa-Toronto-Western-Hospital-WET_Hero-1.jpg\" alt=\"Un grand puits de construction souterrain cylindrique avec des murs en b\u00e9ton, des tuyaux, des machines et un escalier m\u00e9tallique jaune descendant le long du c\u00f4t\u00e9, vu d&#039;en haut.\" class=\"wp-image-5348\" style=\"aspect-ratio:16\/9;object-fit:cover\" srcset=\"https:\/\/cdn.bird.ca\/2025\/03\/20210113\/Noventa-Toronto-Western-Hospital-WET_Hero-1.jpg 933w, https:\/\/cdn.bird.ca\/2025\/03\/20210113\/Noventa-Toronto-Western-Hospital-WET_Hero-1-300x225.jpg 300w, https:\/\/cdn.bird.ca\/2025\/03\/20210113\/Noventa-Toronto-Western-Hospital-WET_Hero-1-768x576.jpg 768w\" sizes=\"auto, (max-width: 933px) 100vw, 933px\" \/><\/a><\/figure>\n\n\n\n<h2 class=\"wp-block-heading has-primary-color has-text-color has-link-color wp-elements-068341518e325d6fcfa8a443bdb98d84\" id=\"h-toronto-western-hospital\"><a href=\"https:\/\/www.bird.ca\/fr\/experience-du-projet\/preview\/noventa-toronto-western-hospital-wastewater-energy-transfer-wet\/\">H\u00f4pital Western de Toronto<\/a><\/h2>\n\n\n\n<p class=\"is-style-bold-large has-primary-color has-text-color has-link-color wp-elements-9c73589c2f473fc21316072e592ec7e4\">90% de l'ann\u00e9e<\/p>\n\n\n\n<p style=\"margin-top:var(--wp--preset--spacing--30)\">les besoins en chauffage et en refroidissement sont couverts par l'\u00e9nergie thermique produite \u00e0 partir des eaux us\u00e9es<\/p>\n\n\n\n<hr class=\"wp-block-separator has-text-color has-secondary-color has-alpha-channel-opacity has-secondary-background-color has-background is-style-wide\" style=\"margin-top:var(--wp--preset--spacing--70)\"\/>\n<\/div>\n<\/div>\n\n\n\n<div style=\"height:100px\" aria-hidden=\"true\" class=\"wp-block-spacer is-style-entry-space\"><\/div>\n\n\n\n<h1 class=\"wp-block-heading has-text-align-left\" style=\"margin-bottom:var(--wp--preset--spacing--40)\">Projets durables et environnementaux<\/h1>\n\n\n<div class=\"post-list-filters-block wp-block-create-block-post-list-filters\"\tdata-post-type=\"projects\" data-button-taxonomy=\"service\"\n\tdata-button-parent-term=\"176\">\n\t<div class=\"filtered-posts\"><div class=\"post-grid\"><p>Chargement des projets...<\/p><\/div><\/div><\/div>\n\n\n<div style=\"height:100px\" aria-hidden=\"true\" class=\"wp-block-spacer is-style-entry-space\"><\/div>\n\n\n\n<h1 class=\"wp-block-heading has-text-align-left\" id=\"h-project-finance-experience-includes\" style=\"padding-top:0;padding-bottom:var(--wp--preset--spacing--60)\">L'exp\u00e9rience en mati\u00e8re de financement de projets comprend<\/h1>\n\n\n\n<div class=\"wp-block-group is-layout-grid wp-container-core-group-is-layout-d2fb9c72 wp-block-group-is-layout-grid\">\n<div class=\"wp-block-group is-vertical is-layout-flex wp-container-core-group-is-layout-fe9cc265 wp-block-group-is-layout-flex\">\n<h4 class=\"wp-block-heading\"><strong>Ferm\u00e9<\/strong><\/h4>\n\n\n\n<p class=\"is-style-orange-underline-small is-style-bold-large has-primary-color has-text-color has-link-color has-regular-font-size wp-elements-ee9d9c06d9d74d728131f4827800c178\">13 P3<\/p>\n<\/div>\n\n\n\n<div class=\"wp-block-group is-vertical is-layout-flex wp-container-core-group-is-layout-fe9cc265 wp-block-group-is-layout-flex\">\n<h4 class=\"wp-block-heading\"><strong>Financement de plus de<\/strong><\/h4>\n\n\n\n<p class=\"is-style-orange-underline-small is-style-bold-large has-bird-blue-color has-text-color has-link-color has-regular-font-size wp-elements-e8e52fdf44b02d5b9d3323c04046d935\">$4 Milliard<\/p>\n<\/div>\n<\/div>\n\n\n\n<div style=\"height:100px\" aria-hidden=\"true\" class=\"wp-block-spacer is-style-entry-space\"><\/div>","protected":false},"excerpt":{"rendered":"<p>Deep Energy Retrofits Selecting the right construction partner will be your most important decision to lay the foundation for your project\u2019s success. Drawing from experts across the country and collaborating with local offices, Bird\u2019s diverse self-perform capabilities fully deliver the following experience: Solutions for all levels of Energy Reduction in GHG emissions and energy costs [&hellip;]<\/p>\n","protected":false},"author":1,"featured_media":2031,"parent":1369,"menu_order":0,"comment_status":"closed","ping_status":"closed","template":"","meta":{"_acf_changed":false,"footnotes":""},"class_list":["post-2004","page","type-page","status-publish","has-post-thumbnail","hentry"],"acf":[],"yoast_head":"<!-- This site is optimized with the Yoast SEO Premium plugin v24.6 (Yoast SEO v27.3) - https:\/\/yoast.com\/product\/yoast-seo-premium-wordpress\/ -->\n<title>Deep Energy Retrofits | Bird Construction<\/title>\n<meta name=\"description\" content=\"Deep Energy Retrofits Selecting the right construction partner will be your most important decision to lay the foundation for your project\u2019s success.\" \/>\n<meta name=\"robots\" content=\"index, follow, max-snippet:-1, max-image-preview:large, max-video-preview:-1\" \/>\n<link rel=\"canonical\" href=\"https:\/\/www.bird.ca\/fr\/ce-que-nous-faisons\/conception-et-construction-durables\/renovations-energetiques-profondes\/\" \/>\n<meta property=\"og:locale\" content=\"fr_CA\" \/>\n<meta property=\"og:type\" content=\"article\" \/>\n<meta property=\"og:title\" content=\"Deep Energy Retrofits | Bird Construction\" \/>\n<meta property=\"og:description\" content=\"Bird Construction has been providing construction services to a long list of new and repeat clients since 1920.\" \/>\n<meta property=\"og:url\" content=\"https:\/\/www.bird.ca\/fr\/ce-que-nous-faisons\/conception-et-construction-durables\/renovations-energetiques-profondes\/\" \/>\n<meta property=\"og:site_name\" content=\"Bird Construction\" \/>\n<meta property=\"article:publisher\" content=\"https:\/\/www.facebook.com\/people\/Bird-Construction-Inc\/100064108594609\/\" \/>\n<meta property=\"article:modified_time\" content=\"2026-02-25T11:35:56+00:00\" \/>\n<meta property=\"og:image\" content=\"https:\/\/cdn.bird.ca\/2025\/02\/20211522\/mackimmie-banner-scaled.jpg\" \/>\n\t<meta property=\"og:image:width\" content=\"2560\" \/>\n\t<meta property=\"og:image:height\" content=\"591\" \/>\n\t<meta property=\"og:image:type\" content=\"image\/jpeg\" \/>\n<meta name=\"twitter:card\" content=\"summary_large_image\" \/>\n<meta name=\"twitter:label1\" content=\"Estimation du temps de lecture\" \/>\n\t<meta name=\"twitter:data1\" content=\"2 minutes\" \/>\n<script type=\"application\/ld+json\" class=\"yoast-schema-graph\">{\"@context\":\"https:\\\/\\\/schema.org\",\"@graph\":[{\"@type\":\"WebPage\",\"@id\":\"https:\\\/\\\/www.bird.ca\\\/what-we-do\\\/sustainable-design-and-construction\\\/deep-energy-retrofits\\\/\",\"url\":\"https:\\\/\\\/www.bird.ca\\\/what-we-do\\\/sustainable-design-and-construction\\\/deep-energy-retrofits\\\/\",\"name\":\"Deep Energy Retrofits | Bird Construction\",\"isPartOf\":{\"@id\":\"https:\\\/\\\/www.bird.ca\\\/#website\"},\"primaryImageOfPage\":{\"@id\":\"https:\\\/\\\/www.bird.ca\\\/what-we-do\\\/sustainable-design-and-construction\\\/deep-energy-retrofits\\\/#primaryimage\"},\"image\":{\"@id\":\"https:\\\/\\\/www.bird.ca\\\/what-we-do\\\/sustainable-design-and-construction\\\/deep-energy-retrofits\\\/#primaryimage\"},\"thumbnailUrl\":\"https:\\\/\\\/cdn.bird.ca\\\/2025\\\/02\\\/20211522\\\/mackimmie-banner-scaled.jpg\",\"datePublished\":\"2025-02-18T15:38:39+00:00\",\"dateModified\":\"2026-02-25T11:35:56+00:00\",\"description\":\"Deep Energy Retrofits Selecting the right construction partner will be your most important decision to lay the foundation for your project\u2019s success.\",\"breadcrumb\":{\"@id\":\"https:\\\/\\\/www.bird.ca\\\/what-we-do\\\/sustainable-design-and-construction\\\/deep-energy-retrofits\\\/#breadcrumb\"},\"inLanguage\":\"fr-CA\",\"potentialAction\":[{\"@type\":\"ReadAction\",\"target\":[\"https:\\\/\\\/www.bird.ca\\\/what-we-do\\\/sustainable-design-and-construction\\\/deep-energy-retrofits\\\/\"]}]},{\"@type\":\"ImageObject\",\"inLanguage\":\"fr-CA\",\"@id\":\"https:\\\/\\\/www.bird.ca\\\/what-we-do\\\/sustainable-design-and-construction\\\/deep-energy-retrofits\\\/#primaryimage\",\"url\":\"https:\\\/\\\/cdn.bird.ca\\\/2025\\\/02\\\/20211522\\\/mackimmie-banner-scaled.jpg\",\"contentUrl\":\"https:\\\/\\\/cdn.bird.ca\\\/2025\\\/02\\\/20211522\\\/mackimmie-banner-scaled.jpg\",\"width\":2560,\"height\":591,\"caption\":\"A modern glass building with a curved facade stands beside a Canadian flag on a tall pole, set against a partly cloudy blue sky. Trees and another contemporary building are also visible.\"},{\"@type\":\"BreadcrumbList\",\"@id\":\"https:\\\/\\\/www.bird.ca\\\/what-we-do\\\/sustainable-design-and-construction\\\/deep-energy-retrofits\\\/#breadcrumb\",\"itemListElement\":[{\"@type\":\"ListItem\",\"position\":1,\"name\":\"Home\",\"item\":\"https:\\\/\\\/www.bird.ca\\\/\"},{\"@type\":\"ListItem\",\"position\":2,\"name\":\"What We Do\",\"item\":\"https:\\\/\\\/www.bird.ca\\\/what-we-do\\\/\"},{\"@type\":\"ListItem\",\"position\":3,\"name\":\"Sustainable Design and Construction\",\"item\":\"https:\\\/\\\/www.bird.ca\\\/what-we-do\\\/sustainable-design-and-construction\\\/\"},{\"@type\":\"ListItem\",\"position\":4,\"name\":\"Deep Energy Retrofits\"}]},{\"@type\":\"WebSite\",\"@id\":\"https:\\\/\\\/www.bird.ca\\\/#website\",\"url\":\"https:\\\/\\\/www.bird.ca\\\/\",\"name\":\"Bird Construction\",\"description\":\"\",\"publisher\":{\"@id\":\"https:\\\/\\\/www.bird.ca\\\/#organization\"},\"potentialAction\":[{\"@type\":\"SearchAction\",\"target\":{\"@type\":\"EntryPoint\",\"urlTemplate\":\"https:\\\/\\\/www.bird.ca\\\/?s={search_term_string}\"},\"query-input\":{\"@type\":\"PropertyValueSpecification\",\"valueRequired\":true,\"valueName\":\"search_term_string\"}}],\"inLanguage\":\"fr-CA\"},{\"@type\":\"Organization\",\"@id\":\"https:\\\/\\\/www.bird.ca\\\/#organization\",\"name\":\"Bird Construction\",\"url\":\"https:\\\/\\\/www.bird.ca\\\/\",\"logo\":{\"@type\":\"ImageObject\",\"inLanguage\":\"fr-CA\",\"@id\":\"https:\\\/\\\/www.bird.ca\\\/#\\\/schema\\\/logo\\\/image\\\/\",\"url\":\"https:\\\/\\\/cdn.bird.ca\\\/2025\\\/01\\\/20212041\\\/bird-logo-RGB-e1739411338652.png\",\"contentUrl\":\"https:\\\/\\\/cdn.bird.ca\\\/2025\\\/01\\\/20212041\\\/bird-logo-RGB-e1739411338652.png\",\"width\":865,\"height\":366,\"caption\":\"Bird Construction\"},\"image\":{\"@id\":\"https:\\\/\\\/www.bird.ca\\\/#\\\/schema\\\/logo\\\/image\\\/\"},\"sameAs\":[\"https:\\\/\\\/www.facebook.com\\\/people\\\/Bird-Construction-Inc\\\/100064108594609\\\/\",\"https:\\\/\\\/www.instagram.com\\\/birdconstructioninc\\\/\",\"https:\\\/\\\/ca.linkedin.com\\\/company\\\/bird-construction-inc\"]}]}<\/script>\n<!-- \/ Yoast SEO Premium plugin. -->","yoast_head_json":{"title":"R\u00e9novations \u00e9nerg\u00e9tiques profondes | Construction d'oiseaux","description":"R\u00e9novations \u00e9nerg\u00e9tiques profondes Le choix du bon partenaire de construction est la d\u00e9cision la plus importante que vous aurez \u00e0 prendre pour jeter les bases de la r\u00e9ussite de votre projet.","robots":{"index":"index","follow":"follow","max-snippet":"max-snippet:-1","max-image-preview":"max-image-preview:large","max-video-preview":"max-video-preview:-1"},"canonical":"https:\/\/www.bird.ca\/fr\/ce-que-nous-faisons\/conception-et-construction-durables\/renovations-energetiques-profondes\/","og_locale":"fr_CA","og_type":"article","og_title":"Deep Energy Retrofits | Bird Construction","og_description":"Bird Construction has been providing construction services to a long list of new and repeat clients since 1920.","og_url":"https:\/\/www.bird.ca\/fr\/ce-que-nous-faisons\/conception-et-construction-durables\/renovations-energetiques-profondes\/","og_site_name":"Bird Construction","article_publisher":"https:\/\/www.facebook.com\/people\/Bird-Construction-Inc\/100064108594609\/","article_modified_time":"2026-02-25T11:35:56+00:00","og_image":[{"width":2560,"height":591,"url":"https:\/\/cdn.bird.ca\/2025\/02\/20211522\/mackimmie-banner-scaled.jpg","type":"image\/jpeg"}],"twitter_card":"summary_large_image","twitter_misc":{"Estimation du temps de lecture":"2 minutes"},"schema":{"@context":"https:\/\/schema.org","@graph":[{"@type":"WebPage","@id":"https:\/\/www.bird.ca\/what-we-do\/sustainable-design-and-construction\/deep-energy-retrofits\/","url":"https:\/\/www.bird.ca\/what-we-do\/sustainable-design-and-construction\/deep-energy-retrofits\/","name":"R\u00e9novations \u00e9nerg\u00e9tiques profondes | Construction d'oiseaux","isPartOf":{"@id":"https:\/\/www.bird.ca\/#website"},"primaryImageOfPage":{"@id":"https:\/\/www.bird.ca\/what-we-do\/sustainable-design-and-construction\/deep-energy-retrofits\/#primaryimage"},"image":{"@id":"https:\/\/www.bird.ca\/what-we-do\/sustainable-design-and-construction\/deep-energy-retrofits\/#primaryimage"},"thumbnailUrl":"https:\/\/cdn.bird.ca\/2025\/02\/20211522\/mackimmie-banner-scaled.jpg","datePublished":"2025-02-18T15:38:39+00:00","dateModified":"2026-02-25T11:35:56+00:00","description":"R\u00e9novations \u00e9nerg\u00e9tiques profondes Le choix du bon partenaire de construction est la d\u00e9cision la plus importante que vous aurez \u00e0 prendre pour jeter les bases de la r\u00e9ussite de votre projet.","breadcrumb":{"@id":"https:\/\/www.bird.ca\/what-we-do\/sustainable-design-and-construction\/deep-energy-retrofits\/#breadcrumb"},"inLanguage":"fr-CA","potentialAction":[{"@type":"ReadAction","target":["https:\/\/www.bird.ca\/what-we-do\/sustainable-design-and-construction\/deep-energy-retrofits\/"]}]},{"@type":"ImageObject","inLanguage":"fr-CA","@id":"https:\/\/www.bird.ca\/what-we-do\/sustainable-design-and-construction\/deep-energy-retrofits\/#primaryimage","url":"https:\/\/cdn.bird.ca\/2025\/02\/20211522\/mackimmie-banner-scaled.jpg","contentUrl":"https:\/\/cdn.bird.ca\/2025\/02\/20211522\/mackimmie-banner-scaled.jpg","width":2560,"height":591,"caption":"A modern glass building with a curved facade stands beside a Canadian flag on a tall pole, set against a partly cloudy blue sky. Trees and another contemporary building are also visible."},{"@type":"BreadcrumbList","@id":"https:\/\/www.bird.ca\/what-we-do\/sustainable-design-and-construction\/deep-energy-retrofits\/#breadcrumb","itemListElement":[{"@type":"ListItem","position":1,"name":"Home","item":"https:\/\/www.bird.ca\/"},{"@type":"ListItem","position":2,"name":"What We Do","item":"https:\/\/www.bird.ca\/what-we-do\/"},{"@type":"ListItem","position":3,"name":"Sustainable Design and Construction","item":"https:\/\/www.bird.ca\/what-we-do\/sustainable-design-and-construction\/"},{"@type":"ListItem","position":4,"name":"Deep Energy Retrofits"}]},{"@type":"WebSite","@id":"https:\/\/www.bird.ca\/#website","url":"https:\/\/www.bird.ca\/","name":"Bird Construction","description":"","publisher":{"@id":"https:\/\/www.bird.ca\/#organization"},"potentialAction":[{"@type":"SearchAction","target":{"@type":"EntryPoint","urlTemplate":"https:\/\/www.bird.ca\/?s={search_term_string}"},"query-input":{"@type":"PropertyValueSpecification","valueRequired":true,"valueName":"search_term_string"}}],"inLanguage":"fr-CA"},{"@type":"Organization","@id":"https:\/\/www.bird.ca\/#organization","name":"Bird Construction","url":"https:\/\/www.bird.ca\/","logo":{"@type":"ImageObject","inLanguage":"fr-CA","@id":"https:\/\/www.bird.ca\/#\/schema\/logo\/image\/","url":"https:\/\/cdn.bird.ca\/2025\/01\/20212041\/bird-logo-RGB-e1739411338652.png","contentUrl":"https:\/\/cdn.bird.ca\/2025\/01\/20212041\/bird-logo-RGB-e1739411338652.png","width":865,"height":366,"caption":"Bird Construction"},"image":{"@id":"https:\/\/www.bird.ca\/#\/schema\/logo\/image\/"},"sameAs":["https:\/\/www.facebook.com\/people\/Bird-Construction-Inc\/100064108594609\/","https:\/\/www.instagram.com\/birdconstructioninc\/","https:\/\/ca.linkedin.com\/company\/bird-construction-inc"]}]}},"_links":{"self":[{"href":"https:\/\/www.bird.ca\/fr\/wp-json\/wp\/v2\/pages\/2004","targetHints":{"allow":["GET"]}}],"collection":[{"href":"https:\/\/www.bird.ca\/fr\/wp-json\/wp\/v2\/pages"}],"about":[{"href":"https:\/\/www.bird.ca\/fr\/wp-json\/wp\/v2\/types\/page"}],"author":[{"embeddable":true,"href":"https:\/\/www.bird.ca\/fr\/wp-json\/wp\/v2\/users\/1"}],"replies":[{"embeddable":true,"href":"https:\/\/www.bird.ca\/fr\/wp-json\/wp\/v2\/comments?post=2004"}],"version-history":[{"count":79,"href":"https:\/\/www.bird.ca\/fr\/wp-json\/wp\/v2\/pages\/2004\/revisions"}],"predecessor-version":[{"id":13548,"href":"https:\/\/www.bird.ca\/fr\/wp-json\/wp\/v2\/pages\/2004\/revisions\/13548"}],"up":[{"embeddable":true,"href":"https:\/\/www.bird.ca\/fr\/wp-json\/wp\/v2\/pages\/1369"}],"wp:featuredmedia":[{"embeddable":true,"href":"https:\/\/www.bird.ca\/fr\/wp-json\/wp\/v2\/media\/2031"}],"wp:attachment":[{"href":"https:\/\/www.bird.ca\/fr\/wp-json\/wp\/v2\/media?parent=2004"}],"curies":[{"name":"wp","href":"https:\/\/api.w.org\/{rel}","templated":true}]}}