{"id":3,"date":"2025-01-21T13:30:46","date_gmt":"2025-01-21T13:30:46","guid":{"rendered":"https:\/\/www.bird.ca\/?page_id=3"},"modified":"2025-06-17T18:47:47","modified_gmt":"2025-06-17T18:47:47","slug":"politique-de-confidentialite","status":"publish","type":"page","link":"https:\/\/www.bird.ca\/fr\/privacy-policy\/","title":{"rendered":"Politique de confidentialit\u00e9"},"content":{"rendered":"\n<div style=\"height:100px\" aria-hidden=\"true\" class=\"wp-block-spacer is-style-entry-space\"><\/div>\n\n\n<div class=\"breadcrumb-block wp-block-create-block-breadcrumb-block\">\n\t\t\t\t\t<nav class=\"breadcrumb\" aria-label=\"Breadcrumb\">\n\t\t\t<ol class=\"breadcrumb-list\">\n\t\t\t\t\t\t\t\t\t<li class=\"breadcrumb-item\"><a href=\"https:\/\/www.bird.ca\/fr\/\">Home<\/a><\/li>\t\t\t\t\t\t\t<\/ol>\n\t\t<\/nav>\n\t<\/div>\n\n\n<div style=\"height:30px\" aria-hidden=\"true\" class=\"wp-block-spacer\"><\/div>\n\n\n\n<h1 class=\"wp-block-heading\" id=\"h-privacy-notice\">Privacy Notice<\/h1>\n\n\n\n<div style=\"height:100px\" aria-hidden=\"true\" class=\"wp-block-spacer is-style-entry-space\"><\/div>\n\n\n\n<div class=\"wp-block-group is-layout-constrained wp-container-core-group-is-layout-c5bbea69 wp-block-group-is-layout-constrained\">\n<div class=\"wp-block-group is-layout-constrained wp-block-group-is-layout-constrained\">\n<h2 class=\"wp-block-heading\" id=\"h-introduction\">Introduction<\/h2>\n\n\n\n<p>We use this privacy notice to disclose the privacy practices of Bird Construction in accordance with privacy regulations, such as the General Data Protection Regulation (GDPR) and PIPEDA. We aim to help you understand what personal data we collect, how we use it, and what control you have over it. This notice applies solely to data collected by Bird Construction. This notice will define the following:<\/p>\n\n\n\n<ul class=\"wp-block-list\">\n<li>What personal data is collected from the website.<\/li>\n\n\n\n<li>How personal data is collected, used, shared, stored, and otherwise processed.<\/li>\n\n\n\n<li>The security procedures implemented to protect your data.<\/li>\n\n\n\n<li>Your choices and rights regarding the use of your data.<\/li>\n\n\n\n<li>How you can contact us for issues such as to correct inaccuracies of your data or to request the removal of your personal data.<\/li>\n<\/ul>\n\n\n\n<p>Please read the following privacy notice to understand the processing, collection, sharing, protection, and your rights associated with your personal data.<\/p>\n<\/div>\n\n\n\n<div class=\"wp-block-group is-layout-constrained wp-block-group-is-layout-constrained\">\n<h2 class=\"wp-block-heading\" id=\"h-who-we-are\">Who We Are<\/h2>\n\n\n\n<p>Bird Construction is a corporation. It is our mission to provide the highest quality of construction services, and to do so we collect and use personal data that you provide.<\/p>\n\n\n\n<p>For the purposes of this notice, we act as the \u201cdata controller.\u201d We take on this role as we determine how your personal data is used and processed.<\/p>\n\n\n\n<p>We have appointed a Data Protection Officer for assisting with questions, requests, and complaints in regards to this privacy notice and the collection and processing of your personal data. For details on how to contact us, see the Contact Information section at the end of this notice.<\/p>\n<\/div>\n\n\n\n<div class=\"wp-block-group is-layout-constrained wp-block-group-is-layout-constrained\">\n<h2 class=\"wp-block-heading\" id=\"h-data-we-collect\">Data We Collect<\/h2>\n\n\n\n<p>We have access to any data that you voluntarily provide via email, telephone, forms, chat functions, user registration, newsletter sign-up, contests, surveys, etc\u2026<\/p>\n\n\n\n<p>Through these means, we collect the following types of data:<\/p>\n\n\n\n<ul class=\"wp-block-list\">\n<li>[Full name]<\/li>\n\n\n\n<li>[Email address]<\/li>\n\n\n\n<li>[Username]<\/li>\n\n\n\n<li>[Phone number]<\/li>\n\n\n\n<li>[Address]<\/li>\n\n\n\n<li>[Date of birth]<\/li>\n\n\n\n<li>[Information about any complaints, enquiries, and communication you make with us]<\/li>\n\n\n\n<li>[Details on services received from us]<\/li>\n\n\n\n<li>[Location]<\/li>\n\n\n\n<li>[Photos]<\/li>\n<\/ul>\n<\/div>\n\n\n\n<div class=\"wp-block-group is-layout-constrained wp-block-group-is-layout-constrained\">\n<h2 class=\"wp-block-heading\" id=\"h-how-we-use-your-data\">How We Use Your Data<\/h2>\n\n\n\n<p>Your personal data may be used for the following purposes:<\/p>\n\n\n\n<ul class=\"wp-block-list\">\n<li>Customization of content and user experience.<\/li>\n\n\n\n<li>Identity you when you use Bird Construction.<\/li>\n\n\n\n<li>Account set up and administration.<\/li>\n\n\n\n<li>Conducting polls, surveys, and contests.<\/li>\n\n\n\n<li>Internal research and development.<\/li>\n\n\n\n<li>Legal obligations.<\/li>\n\n\n\n<li>Internal audits.<\/li>\n\n\n\n<li>Fulfillment of obligations outlined in any agreements with users.<\/li>\n\n\n\n<li>Gathering feedback and opinions on our provided services.<\/li>\n\n\n\n<li>Notification to users of changes to our services.<\/li>\n\n\n\n<li>Respond to your requests and comments.<\/li>\n\n\n\n<li>Process your transactions.<\/li>\n<\/ul>\n<\/div>\n\n\n\n<div class=\"wp-block-group is-layout-constrained wp-block-group-is-layout-constrained\">\n<h2 class=\"wp-block-heading\" id=\"h-legal-basis-of-processing\">Legal Basis of Processing<\/h2>\n\n\n\n<p>We process personal data for purposes of our own legitimate interests, granted that those interests do not override any of our users own interests, rights, and freedoms. This legitimate interest including processing for marketing, research, and business development purposes.<\/p>\n\n\n\n<p>We also process personal data for other purposes with consent, but you have the right to withdraw consent to processing for specific purposes, as outlined below.<\/p>\n<\/div>\n\n\n\n<div class=\"wp-block-group is-layout-constrained wp-block-group-is-layout-constrained\">\n<h2 class=\"wp-block-heading\" id=\"h-specific-data-use\">Specific Data Use<\/h2>\n\n\n\n<p>To fully access the website, you, as a user, can voluntarily register for an account by completing a registration form. Certain data is collected during this process, including your name and email address. This data is used to contact you, suggest appropriate products and services, and improve your user experience. Personal data may be used without knowledge or consent in situations when legally required or permitted, or when personal data has been anonymized or pseudonymized so it is no longer associated with the user. This means we have removed personally identifying information so the data we\u2019re left with cannot be tied back to you as an individual.<\/p>\n<\/div>\n\n\n\n<div class=\"wp-block-group is-layout-constrained wp-block-group-is-layout-constrained\">\n<h2 class=\"wp-block-heading\" id=\"h-how-we-share-your-data\">How We Share Your Data<\/h2>\n\n\n\n<p>Personal data may be shared with regulators in compliance with legal regulations.<\/p>\n\n\n\n<p>Personal data may also be shared with third parties when it is necessary to provide services to users, and\/or for other legitimate interests.<\/p>\n\n\n\n<p>Third parties include service providers, professional advisors, and other members of Bird\u2019s network. Third parties that may access personal data are fulfilling the following services: [IT and cloud services, audit services]. These parties do not retain, share, or use personal data beyond the defined purpose of fulfilling the service.<\/p>\n\n\n\n<p>We share only aggregated demographic data with our partners. This data is not linked to the identity of any individual user.<\/p>\n<\/div>\n\n\n\n<div class=\"wp-block-group is-layout-constrained wp-block-group-is-layout-constrained\">\n<h2 class=\"wp-block-heading\" id=\"h-where-we-process-your-data\">Where We Process Your Data<\/h2>\n\n\n\n<p>If you are visiting <a href=\"https:\/\/www.bird.ca\/\">www.bird.ca<\/a> from outside of Canada, be aware you are sending personal information to our servers located in Canada.<\/p>\n\n\n\n<p>Under certain circumstances, your personal data that we collect may be transferred to other countries for various purposes outlined below.<\/p>\n\n\n\n<div class=\"wp-block-group is-layout-grid wp-container-core-group-is-layout-dc765d92 wp-block-group-is-layout-grid\">\n<div class=\"wp-block-group has-primary-background-color has-background is-layout-constrained wp-container-core-group-is-layout-6c2bc3d3 wp-block-group-is-layout-constrained\" style=\"padding-top:var(--wp--preset--spacing--20);padding-bottom:var(--wp--preset--spacing--20)\">\n<p class=\"has-light-color has-text-color has-link-color wp-elements-145562c107a456d123c9dbe2d8758275\" style=\"font-style:normal;font-weight:900\">Country<\/p>\n<\/div>\n\n\n\n<div class=\"wp-block-group has-primary-background-color has-background is-layout-constrained wp-container-core-group-is-layout-ca53d2fa wp-block-group-is-layout-constrained\" style=\"padding-top:var(--wp--preset--spacing--20);padding-bottom:var(--wp--preset--spacing--20)\">\n<p class=\"has-light-color has-text-color has-link-color wp-elements-bc20826f49af7c5cf1395ce29865a78d\" style=\"font-style:normal;font-weight:900\">Data Category<\/p>\n<\/div>\n\n\n\n<div class=\"wp-block-group has-primary-background-color has-background is-layout-constrained wp-container-core-group-is-layout-ca53d2fa wp-block-group-is-layout-constrained\" style=\"padding-top:var(--wp--preset--spacing--20);padding-bottom:var(--wp--preset--spacing--20)\">\n<p class=\"has-light-color has-text-color has-link-color wp-elements-32ae52320a20f4a7256c64fa5d206d15\" style=\"font-style:normal;font-weight:900\">Purpose<\/p>\n<\/div>\n\n\n\n<div class=\"wp-block-group has-white-background-color has-background wp-container-content-bf7232ed is-content-justification-center is-layout-constrained wp-container-core-group-is-layout-9035faf7 wp-block-group-is-layout-constrained\" style=\"padding-top:var(--wp--preset--spacing--50);padding-bottom:var(--wp--preset--spacing--50)\">\n<p class=\"has-text-align-left\">United States<\/p>\n<\/div>\n\n\n\n<div class=\"wp-block-group has-white-background-color has-background is-layout-constrained wp-block-group-is-layout-constrained\" style=\"padding-top:var(--wp--preset--spacing--20);padding-bottom:var(--wp--preset--spacing--20)\">\n<p class=\"wp-container-content-69bc4bdf\">Customer data<\/p>\n<\/div>\n\n\n\n<div class=\"wp-block-group has-white-background-color has-background is-layout-constrained wp-block-group-is-layout-constrained\" style=\"padding-top:var(--wp--preset--spacing--20);padding-bottom:var(--wp--preset--spacing--20)\">\n<p class=\"wp-container-content-69bc4bdf\">Research purposes, legal requests<\/p>\n<\/div>\n\n\n\n<div class=\"wp-block-group has-light-background-color has-background is-layout-constrained wp-block-group-is-layout-constrained\" style=\"padding-top:var(--wp--preset--spacing--20);padding-bottom:var(--wp--preset--spacing--20)\">\n<p class=\"wp-container-content-69bc4bdf\">Cookie data<\/p>\n<\/div>\n\n\n\n<div class=\"wp-block-group has-light-background-color has-background is-layout-constrained wp-block-group-is-layout-constrained\" style=\"padding-top:var(--wp--preset--spacing--20);padding-bottom:var(--wp--preset--spacing--20)\">\n<p>Research purposes, legal requests<\/p>\n<\/div>\n<\/div>\n<\/div>\n\n\n\n<div class=\"wp-block-group is-layout-constrained wp-block-group-is-layout-constrained\">\n<h2 class=\"wp-block-heading\" id=\"h-how-long-we-store-your-data\">How Long We Store Your Data<\/h2>\n\n\n\n<p>We will only retain personal data for the duration necessary to fulfill the purposes for which it was collected. Personal data may also be retained for longer periods if it is solely for archiving purposes in the public interest, scientific or historical research purposes, or statistical purposes. When defining the appropriate retention length, we adhere to relevant legal requirements, such as GDPR and PIPEDA.<\/p>\n<\/div>\n\n\n\n<div class=\"wp-block-group is-layout-constrained wp-block-group-is-layout-constrained\">\n<h2 class=\"wp-block-heading\" id=\"h-how-we-protect-your-data\">How We Protect Your Data<\/h2>\n\n\n\n<p>Securing your data is a priority for us, while both online and offline. We have implemented appropriate safeguards to prevent personal data from being lost, misused, accessed, altered, or disclosed by unauthorized parties.<\/p>\n\n\n\n<p>Employees and third parties are provided only with personal data on a need-to-know basis and only the minimum amount they require to complete their specific job. All employees are also subject to confidentiality agreements and undergo annual training on the proper handling of sensitive data.<\/p>\n\n\n\n<p>Procedures have been developed and tested to handle a potential data breach. These procedures are designed to ensure affected individuals and regulators are notified of the breach and damages can be minimized.<\/p>\n<\/div>\n\n\n\n<div class=\"wp-block-group is-layout-constrained wp-block-group-is-layout-constrained\">\n<h2 class=\"wp-block-heading\" id=\"h-use-of-cookies\">Use of Cookies<\/h2>\n\n\n\n<p>Cookies are used on <a href=\"https:\/\/www.bird.ca\/\">www.bird.ca<\/a> for purposes various purposes. These \u201ccookies\u201d are data elements stored on your hard drive that allow us to improve your usage of our website. By using a cookie to identify you, you do not necessarily need to log in with a password more than once from the same browser, saving you time when accessing our site. In addition, we use cookies for advertising products based on your usage history, storing and managing your preferences on the website, enabling content, and generally analyzing your usage. Usage of cookies may be linked to your personal data on the website. For more information, see our cookie policy.<\/p>\n<\/div>\n\n\n\n<div class=\"wp-block-group is-layout-constrained wp-block-group-is-layout-constrained\">\n<h2 class=\"wp-block-heading\" id=\"h-your-rights-regarding-your-personal-data\">Your Rights Regarding Your Personal Data<\/h2>\n\n\n\n<p>We aim to maintain data that is accurate and up-to-date. Under the circumstance that your personal data changes (e.g. moving addresses), please notify us of any changes.<\/p>\n\n\n\n<p>In certain instances, you have the legal right to the following:<\/p>\n\n\n\n<ul class=\"wp-block-list\">\n<li>Request all data we have collected about you, if any.<\/li>\n\n\n\n<li>Request correction to the personal data we have collected about you.<\/li>\n\n\n\n<li>Request we delete or remove personal data when there is no legitimate need for us to continue processing it.<\/li>\n\n\n\n<li>Object to the processing of personal data.<\/li>\n\n\n\n<li>Request transfer of your personal data.<\/li>\n\n\n\n<li>Opt out of contact with us at any time.<\/li>\n\n\n\n<li>Express any concern about any data we have collected about you.<\/li>\n<\/ul>\n\n\n\n<p>To exercise these rights, please contact us via the email, mail, or phone information provided below in the \u201cContact Information\u201d section.<\/p>\n<\/div>\n\n\n\n<div class=\"wp-block-group is-layout-constrained wp-block-group-is-layout-constrained\">\n<h2 class=\"wp-block-heading\" id=\"h-external-links\">External Links<\/h2>\n\n\n\n<p>On our website, you may encounter links to other websites. Be aware that we are not responsible for the content or privacy practices of these other sites. We encourage all users to read the privacy notices of any other sites that collect your personal data.<\/p>\n<\/div>\n\n\n\n<div class=\"wp-block-group is-layout-constrained wp-block-group-is-layout-constrained\">\n<h2 class=\"wp-block-heading\" id=\"h-contact-information\">Contact Information<\/h2>\n\n\n\n<p>For any questions, concerns, or requests to exercise your rights outlined in this privacy notice, please contact the Data Protection Officer via email at <a href=\"mailto:dpo@bird.ca\">dpo@bird.ca<\/a>.<\/p>\n<\/div>\n<\/div>\n\n\n\n<div style=\"height:100px\" aria-hidden=\"true\" class=\"wp-block-spacer is-style-entry-space\"><\/div>\n","protected":false},"excerpt":{"rendered":"<p>Privacy Notice Introduction We use this privacy notice to disclose the privacy practices of Bird Construction in accordance with privacy regulations, such as the General Data Protection Regulation (GDPR) and PIPEDA. We aim to help you understand what personal data we collect, how we use it, and what control you have over it. This notice [&hellip;]<\/p>\n","protected":false},"author":1,"featured_media":0,"parent":0,"menu_order":0,"comment_status":"closed","ping_status":"open","template":"","meta":{"_acf_changed":false,"footnotes":""},"class_list":["post-3","page","type-page","status-publish","hentry"],"acf":[],"yoast_head":"<!-- This site is optimized with the Yoast SEO Premium plugin v24.6 (Yoast SEO v27.3) - https:\/\/yoast.com\/product\/yoast-seo-premium-wordpress\/ -->\n<title>Privacy Policy | Bird Construction<\/title>\n<meta name=\"description\" content=\"Privacy Notice Introduction We use this privacy notice to disclose the privacy practices of Bird Construction in accordance with privacy regulations, such\" \/>\n<meta name=\"robots\" content=\"index, follow, max-snippet:-1, max-image-preview:large, max-video-preview:-1\" \/>\n<link rel=\"canonical\" href=\"https:\/\/www.bird.ca\/fr\/politique-de-confidentialite\/\" \/>\n<meta property=\"og:locale\" content=\"fr_CA\" \/>\n<meta property=\"og:type\" content=\"article\" \/>\n<meta property=\"og:title\" content=\"Privacy Policy | Bird Construction\" \/>\n<meta property=\"og:description\" content=\"Bird Construction has been providing construction services to a long list of new and repeat clients since 1920.\" \/>\n<meta property=\"og:url\" content=\"https:\/\/www.bird.ca\/fr\/politique-de-confidentialite\/\" \/>\n<meta property=\"og:site_name\" content=\"Bird Construction\" \/>\n<meta property=\"article:publisher\" content=\"https:\/\/www.facebook.com\/people\/Bird-Construction-Inc\/100064108594609\/\" \/>\n<meta property=\"article:modified_time\" content=\"2025-06-17T18:47:47+00:00\" \/>\n<meta property=\"og:image\" content=\"https:\/\/cdn.bird.ca\/2025\/01\/20212040\/bird-logo-RGB.jpg\" \/>\n\t<meta property=\"og:image:width\" content=\"1050\" \/>\n\t<meta property=\"og:image:height\" content=\"600\" \/>\n\t<meta property=\"og:image:type\" content=\"image\/jpeg\" \/>\n<meta name=\"twitter:card\" content=\"summary_large_image\" \/>\n<meta name=\"twitter:label1\" content=\"Estimation du temps de lecture\" \/>\n\t<meta name=\"twitter:data1\" content=\"6 minutes\" \/>\n<script type=\"application\/ld+json\" class=\"yoast-schema-graph\">{\"@context\":\"https:\\\/\\\/schema.org\",\"@graph\":[{\"@type\":\"WebPage\",\"@id\":\"https:\\\/\\\/www.bird.ca\\\/privacy-policy\\\/\",\"url\":\"https:\\\/\\\/www.bird.ca\\\/privacy-policy\\\/\",\"name\":\"Privacy Policy | Bird Construction\",\"isPartOf\":{\"@id\":\"https:\\\/\\\/www.bird.ca\\\/#website\"},\"datePublished\":\"2025-01-21T13:30:46+00:00\",\"dateModified\":\"2025-06-17T18:47:47+00:00\",\"description\":\"Privacy Notice Introduction We use this privacy notice to disclose the privacy practices of Bird Construction in accordance with privacy regulations, such\",\"breadcrumb\":{\"@id\":\"https:\\\/\\\/www.bird.ca\\\/privacy-policy\\\/#breadcrumb\"},\"inLanguage\":\"fr-CA\",\"potentialAction\":[{\"@type\":\"ReadAction\",\"target\":[\"https:\\\/\\\/www.bird.ca\\\/privacy-policy\\\/\"]}]},{\"@type\":\"BreadcrumbList\",\"@id\":\"https:\\\/\\\/www.bird.ca\\\/privacy-policy\\\/#breadcrumb\",\"itemListElement\":[{\"@type\":\"ListItem\",\"position\":1,\"name\":\"Home\",\"item\":\"https:\\\/\\\/www.bird.ca\\\/\"},{\"@type\":\"ListItem\",\"position\":2,\"name\":\"Privacy Policy\"}]},{\"@type\":\"WebSite\",\"@id\":\"https:\\\/\\\/www.bird.ca\\\/#website\",\"url\":\"https:\\\/\\\/www.bird.ca\\\/\",\"name\":\"Bird Construction\",\"description\":\"\",\"publisher\":{\"@id\":\"https:\\\/\\\/www.bird.ca\\\/#organization\"},\"potentialAction\":[{\"@type\":\"SearchAction\",\"target\":{\"@type\":\"EntryPoint\",\"urlTemplate\":\"https:\\\/\\\/www.bird.ca\\\/?s={search_term_string}\"},\"query-input\":{\"@type\":\"PropertyValueSpecification\",\"valueRequired\":true,\"valueName\":\"search_term_string\"}}],\"inLanguage\":\"fr-CA\"},{\"@type\":\"Organization\",\"@id\":\"https:\\\/\\\/www.bird.ca\\\/#organization\",\"name\":\"Bird Construction\",\"url\":\"https:\\\/\\\/www.bird.ca\\\/\",\"logo\":{\"@type\":\"ImageObject\",\"inLanguage\":\"fr-CA\",\"@id\":\"https:\\\/\\\/www.bird.ca\\\/#\\\/schema\\\/logo\\\/image\\\/\",\"url\":\"https:\\\/\\\/cdn.bird.ca\\\/2025\\\/01\\\/20212041\\\/bird-logo-RGB-e1739411338652.png\",\"contentUrl\":\"https:\\\/\\\/cdn.bird.ca\\\/2025\\\/01\\\/20212041\\\/bird-logo-RGB-e1739411338652.png\",\"width\":865,\"height\":366,\"caption\":\"Bird Construction\"},\"image\":{\"@id\":\"https:\\\/\\\/www.bird.ca\\\/#\\\/schema\\\/logo\\\/image\\\/\"},\"sameAs\":[\"https:\\\/\\\/www.facebook.com\\\/people\\\/Bird-Construction-Inc\\\/100064108594609\\\/\",\"https:\\\/\\\/www.instagram.com\\\/birdconstructioninc\\\/\",\"https:\\\/\\\/ca.linkedin.com\\\/company\\\/bird-construction-inc\"]}]}<\/script>\n<!-- \/ Yoast SEO Premium plugin. -->","yoast_head_json":{"title":"Politique de confidentialit\u00e9 | Bird Construction","description":"Avis de confidentialit\u00e9 Introduction Nous utilisons cet avis de confidentialit\u00e9 pour divulguer les pratiques de Bird Construction en mati\u00e8re de protection de la vie priv\u00e9e conform\u00e9ment aux r\u00e9glementations relatives \u00e0 la protection de la vie priv\u00e9e, telles que la loi sur la protection de la vie priv\u00e9e.","robots":{"index":"index","follow":"follow","max-snippet":"max-snippet:-1","max-image-preview":"max-image-preview:large","max-video-preview":"max-video-preview:-1"},"canonical":"https:\/\/www.bird.ca\/fr\/politique-de-confidentialite\/","og_locale":"fr_CA","og_type":"article","og_title":"Privacy Policy | Bird Construction","og_description":"Bird Construction has been providing construction services to a long list of new and repeat clients since 1920.","og_url":"https:\/\/www.bird.ca\/fr\/politique-de-confidentialite\/","og_site_name":"Bird Construction","article_publisher":"https:\/\/www.facebook.com\/people\/Bird-Construction-Inc\/100064108594609\/","article_modified_time":"2025-06-17T18:47:47+00:00","og_image":[{"width":1050,"height":600,"url":"https:\/\/cdn.bird.ca\/2025\/01\/20212040\/bird-logo-RGB.jpg","type":"image\/jpeg"}],"twitter_card":"summary_large_image","twitter_misc":{"Estimation du temps de lecture":"6 minutes"},"schema":{"@context":"https:\/\/schema.org","@graph":[{"@type":"WebPage","@id":"https:\/\/www.bird.ca\/privacy-policy\/","url":"https:\/\/www.bird.ca\/privacy-policy\/","name":"Politique de confidentialit\u00e9 | Bird Construction","isPartOf":{"@id":"https:\/\/www.bird.ca\/#website"},"datePublished":"2025-01-21T13:30:46+00:00","dateModified":"2025-06-17T18:47:47+00:00","description":"Avis de confidentialit\u00e9 Introduction Nous utilisons cet avis de confidentialit\u00e9 pour divulguer les pratiques de Bird Construction en mati\u00e8re de protection de la vie priv\u00e9e conform\u00e9ment aux r\u00e9glementations relatives \u00e0 la protection de la vie priv\u00e9e, telles que la loi sur la protection de la vie priv\u00e9e.","breadcrumb":{"@id":"https:\/\/www.bird.ca\/privacy-policy\/#breadcrumb"},"inLanguage":"fr-CA","potentialAction":[{"@type":"ReadAction","target":["https:\/\/www.bird.ca\/privacy-policy\/"]}]},{"@type":"BreadcrumbList","@id":"https:\/\/www.bird.ca\/privacy-policy\/#breadcrumb","itemListElement":[{"@type":"ListItem","position":1,"name":"Home","item":"https:\/\/www.bird.ca\/"},{"@type":"ListItem","position":2,"name":"Privacy Policy"}]},{"@type":"WebSite","@id":"https:\/\/www.bird.ca\/#website","url":"https:\/\/www.bird.ca\/","name":"Bird Construction","description":"","publisher":{"@id":"https:\/\/www.bird.ca\/#organization"},"potentialAction":[{"@type":"SearchAction","target":{"@type":"EntryPoint","urlTemplate":"https:\/\/www.bird.ca\/?s={search_term_string}"},"query-input":{"@type":"PropertyValueSpecification","valueRequired":true,"valueName":"search_term_string"}}],"inLanguage":"fr-CA"},{"@type":"Organization","@id":"https:\/\/www.bird.ca\/#organization","name":"Bird Construction","url":"https:\/\/www.bird.ca\/","logo":{"@type":"ImageObject","inLanguage":"fr-CA","@id":"https:\/\/www.bird.ca\/#\/schema\/logo\/image\/","url":"https:\/\/cdn.bird.ca\/2025\/01\/20212041\/bird-logo-RGB-e1739411338652.png","contentUrl":"https:\/\/cdn.bird.ca\/2025\/01\/20212041\/bird-logo-RGB-e1739411338652.png","width":865,"height":366,"caption":"Bird Construction"},"image":{"@id":"https:\/\/www.bird.ca\/#\/schema\/logo\/image\/"},"sameAs":["https:\/\/www.facebook.com\/people\/Bird-Construction-Inc\/100064108594609\/","https:\/\/www.instagram.com\/birdconstructioninc\/","https:\/\/ca.linkedin.com\/company\/bird-construction-inc"]}]}},"_links":{"self":[{"href":"https:\/\/www.bird.ca\/fr\/wp-json\/wp\/v2\/pages\/3","targetHints":{"allow":["GET"]}}],"collection":[{"href":"https:\/\/www.bird.ca\/fr\/wp-json\/wp\/v2\/pages"}],"about":[{"href":"https:\/\/www.bird.ca\/fr\/wp-json\/wp\/v2\/types\/page"}],"author":[{"embeddable":true,"href":"https:\/\/www.bird.ca\/fr\/wp-json\/wp\/v2\/users\/1"}],"replies":[{"embeddable":true,"href":"https:\/\/www.bird.ca\/fr\/wp-json\/wp\/v2\/comments?post=3"}],"version-history":[{"count":20,"href":"https:\/\/www.bird.ca\/fr\/wp-json\/wp\/v2\/pages\/3\/revisions"}],"predecessor-version":[{"id":6925,"href":"https:\/\/www.bird.ca\/fr\/wp-json\/wp\/v2\/pages\/3\/revisions\/6925"}],"wp:attachment":[{"href":"https:\/\/www.bird.ca\/fr\/wp-json\/wp\/v2\/media?parent=3"}],"curies":[{"name":"wp","href":"https:\/\/api.w.org\/{rel}","templated":true}]}}