{"id":4174,"date":"2025-03-16T21:42:08","date_gmt":"2025-03-16T21:42:08","guid":{"rendered":"https:\/\/www.bird.ca\/?page_id=4174"},"modified":"2025-06-17T19:02:51","modified_gmt":"2025-06-17T19:02:51","slug":"objectif-et-valeurs","status":"publish","type":"page","link":"https:\/\/www.bird.ca\/fr\/purpose-and-values\/","title":{"rendered":"Objectif et valeurs"},"content":{"rendered":"\n<div class=\"wp-block-themepunch-revslider revslider\" data-modal=\"false\" data-slidertitle=\"Purpose And Values Slider\" style=\"\">\n\t\t\t\t<p class=\"rs-p-wp-fix\"><\/p>\n\t\t\t\t<sr7-module data-alias=\"purpose-and-values-slider\" data-id=\"15\" id=\"SR7_15_1\" class=\"rs-ov-hidden\" data-version=\"6.7.23\">\n\t\t\t\t\t<sr7-adjuster><\/sr7-adjuster>\n\t\t\t\t\t<sr7-content>\n\t\t\t\t\t\t<sr7-slide id=\"SR7_15_1-67\" data-key=\"67\">\n\t\t\t\t\t\t\t<sr7-txt id=\"SR7_15_1-67-4\" class=\"sr7-layer\">Header Here<\/sr7-txt>\n\t\t\t\t\t\t\t<sr7-txt id=\"SR7_15_1-67-7\" class=\"sr7-layer\">Copy Here<\/sr7-txt>\n\t\t\t\t\t\t<\/sr7-slide>\n\t\t\t\t\t\t<sr7-slide id=\"SR7_15_1-66\" data-key=\"66\">\n\t\t\t\t\t\t\t<sr7-txt id=\"SR7_15_1-66-4\" class=\"sr7-layer\">Header Here<\/sr7-txt>\n\t\t\t\t\t\t\t<sr7-txt id=\"SR7_15_1-66-7\" class=\"sr7-layer\">Copy Here<\/sr7-txt>\n\t\t\t\t\t\t<\/sr7-slide>\n\t\t\t\t\t\t<sr7-slide id=\"SR7_15_1-68\" data-key=\"68\">\n\t\t\t\t\t\t\t<sr7-txt id=\"SR7_15_1-68-4\" class=\"sr7-layer\">Header Here<\/sr7-txt>\n\t\t\t\t\t\t\t<sr7-txt id=\"SR7_15_1-68-7\" class=\"sr7-layer\">Copy Here<\/sr7-txt>\n\t\t\t\t\t\t<\/sr7-slide>\n\t\t\t\t\t\t<sr7-slide id=\"SR7_15_1-69\" data-key=\"69\">\n\t\t\t\t\t\t<\/sr7-slide>\n\t\t\t\t\t<\/sr7-content>\n\t\t\t\t\t<image_lists style=\"display:none\">\n\t\t\t\t\t\t<img data-src=\"\/\/bird-marketing-website.s3.ca-central-1.amazonaws.com\/2025\/03\/20210828\/bird-purpose-values-hero-1-scaled.jpg\" data-libid=\"4187\" data-lib=\"medialibrary\" alt=\"Three diagonal stripes (green, blue, orange) next to the words Purpose and Values on a light background with faint outlines of people, scales, gears, and a helmet.\" title=\"bird purpose values hero 1\" width=\"0\" height=\"0\" data-dbsrc=\"Ly9iaXJkLW1hcmtldGluZy13ZWJzaXRlLnMzLmNhLWNlbnRyYWwtMS5hbWF6b25hd3MuY29tLzIwMjUvMDMvMjAyMTA4MjgvYmlyZC1wdXJwb3NlLXZhbHVlcy1oZXJvLTEtc2NhbGVkLmpwZw==\"\/>\n\t\t\t\t\t\t<img data-src=\"\/\/bird-marketing-website.s3.ca-central-1.amazonaws.com\/2025\/03\/20210825\/bird-purpose-values-hero-2-scaled.jpg\" data-libid=\"4188\" data-lib=\"medialibrary\" alt=\"Three colored diagonal bars next to the text PURPOSE AND VALUES OBJET ET VALEURS on a light background with faint business-related icons.\" title=\"bird purpose values hero 2\" width=\"0\" height=\"0\" data-dbsrc=\"Ly9iaXJkLW1hcmtldGluZy13ZWJzaXRlLnMzLmNhLWNlbnRyYWwtMS5hbWF6b25hd3MuY29tLzIwMjUvMDMvMjAyMTA4MjUvYmlyZC1wdXJwb3NlLXZhbHVlcy1oZXJvLTItc2NhbGVkLmpwZw==\"\/>\n\t\t\t\t\t\t<img data-src=\"\/\/bird-marketing-website.s3.ca-central-1.amazonaws.com\/2025\/03\/20210830\/bird-purpose-values-hero-scaled.jpg\" data-libid=\"4186\" data-lib=\"medialibrary\" alt=\"Three colored diagonal lines and the text OBJET ET VALEURS on a light background with faint icons of people, a hard hat, scales, and gears.\" title=\"bird purpose values hero\" width=\"0\" height=\"0\" data-dbsrc=\"Ly9iaXJkLW1hcmtldGluZy13ZWJzaXRlLnMzLmNhLWNlbnRyYWwtMS5hbWF6b25hd3MuY29tLzIwMjUvMDMvMjAyMTA4MzAvYmlyZC1wdXJwb3NlLXZhbHVlcy1oZXJvLXNjYWxlZC5qcGc=\"\/>\n\t\t\t\t\t<\/image_lists>\n\t\t\t\t<\/sr7-module>\n\t\t\t\t<script>\n\t\t\t\t\tSR7.PMH ??={}; SR7.PMH[\"SR7_15_1\"] = {cn:100,state:false,fn: function() { if (_tpt!==undefined && _tpt.prepareModuleHeight !== undefined) {  _tpt.prepareModuleHeight({id:\"SR7_15_1\",el:[420,420,580,300,200],type:'standard',shdw:'0',gh:[420,420,336,339,240],gw:[1280,1280,1024,778,480],vpt:['-100px&#039;,&#039;-100px&#039;,&#039;-100px&#039;,&#039;-100px&#039;,&#039;-100px'],size:{fullWidth:true, fullHeight:false},mh:'0',onh:0,onw:0,bg:{color:'{\"orig\":\"transparent\",\"type\":\"solid\",\"string\":\"transparent\"}'}});   SR7.PMH[\"SR7_15_1\"].state=true;} else if(SR7.PMH[\"SR7_15_1\"].cn-->0)\tsetTimeout( SR7.PMH[\"SR7_15_1\"].fn,19);}};SR7.PMH[\"SR7_15_1\" ].fn();\n\t\t\t\t<\/script>\n<\/div>\n\n\n\n<div style=\"height:100px\" aria-hidden=\"true\" class=\"wp-block-spacer is-style-entry-space\"><\/div>\n\n\n\n<div class=\"wp-block-group is-layout-constrained wp-container-core-group-is-layout-a62636b3 wp-block-group-is-layout-constrained\">\n<div class=\"wp-block-group is-layout-grid wp-container-core-group-is-layout-c6ffa7a1 wp-block-group-is-layout-grid\" style=\"margin-bottom:0\">\n<h1 class=\"wp-block-heading is-style-orange-underline-small is-style-default\" style=\"margin-bottom:var(--wp--preset--spacing--70)\">Purpose and Values<\/h1>\n\n\n\n<h1 class=\"wp-block-heading is-style-orange-underline-small is-style-default\" style=\"margin-bottom:var(--wp--preset--spacing--70)\">Objet et Valeurs<\/h1>\n<\/div>\n\n\n\n<div class=\"wp-block-group is-layout-grid wp-container-core-group-is-layout-04a0b2f7 wp-block-group-is-layout-grid\" style=\"margin-top:var(--wp--preset--spacing--40)\">\n<p>We are excited to share our new culture statements with our teams across the organization. We are pleased to share our final video for <strong>We Create Opportunity<\/strong>.<\/p>\n\n\n\n<p>Nous sommes ravis de communiquer nos nouveaux \u00e9nonc\u00e9s de culture avec nos \u00e9quipes \u00e0 l\u2019\u00e9chelle de l\u2019organisation. Nous sommes heureux de partager notre derni\u00e8re vid\u00e9o pour <strong>Nous Cr\u00e9ons Des Occasions<\/strong>.<\/p>\n<\/div>\n\n\n\n<div class=\"wp-block-group is-layout-grid wp-container-core-group-is-layout-a9b4916f wp-block-group-is-layout-grid\">\n<div class=\"wp-block-group wp-embed-aspect-21-9 wp-has-aspect-ratio is-layout-constrained wp-block-group-is-layout-constrained\">\n<figure class=\"wp-block-embed is-type-video is-provider-vimeo wp-block-embed-vimeo wp-embed-aspect-21-9 wp-has-aspect-ratio\"><div class=\"wp-block-embed__wrapper\">\n<iframe loading=\"lazy\" title=\"We Create Opportunity | Nous Cr\u00e9ons Des Occasions\" src=\"https:\/\/player.vimeo.com\/video\/769562178?dnt=1&amp;app_id=122963\" width=\"500\" height=\"213\" frameborder=\"0\" allow=\"autoplay; fullscreen; picture-in-picture; clipboard-write; encrypted-media\"><\/iframe>\n<\/div><\/figure>\n\n\n\n<p class=\"has-small-font-size\" style=\"margin-top:0\"><br>*To change the closed caption or subtitle language, please select the CC icon on the bottom menu bar.<\/p>\n\n\n\n<h4 class=\"wp-block-heading\">WE CREATE OPPORTUNITY<\/h4>\n\n\n\n<p>Rooted in a solid foundation, we adapt and grow to face the future. We are committed to elevating each other to chart the best path forward in an evolving world.<\/p>\n<\/div>\n\n\n\n<div class=\"wp-block-group wp-embed-aspect-21-9 wp-has-aspect-ratio is-layout-constrained wp-block-group-is-layout-constrained\">\n<figure class=\"wp-block-embed is-type-video is-provider-vimeo wp-block-embed-vimeo wp-embed-aspect-21-9 wp-has-aspect-ratio\"><div class=\"wp-block-embed__wrapper\">\n<iframe loading=\"lazy\" title=\"We Create Opportunity | Nous Cr\u00e9ons Des Occasions\" src=\"https:\/\/player.vimeo.com\/video\/769562178?dnt=1&amp;app_id=122963\" width=\"500\" height=\"213\" frameborder=\"0\" allow=\"autoplay; fullscreen; picture-in-picture; clipboard-write; encrypted-media\"><\/iframe>\n<\/div><\/figure>\n\n\n\n<p class=\"has-small-font-size\" style=\"margin-top:0\"><br>*Pour substituer la langue ou les sous-titres, cliquez sur le symbole CC dans la barre de menu inf\u00e9rieure.<\/p>\n\n\n\n<h4 class=\"wp-block-heading\">NOUS CR\u00c9ONS DES OCCASIONS<\/h4>\n\n\n\n<p>Enracin\u00e9s dans une base solide, nous nous adaptons et grandissons pour faire face \u00e0 l&#8217;avenir. Nous nous engageons \u00e0 nous \u00e9lever r\u00e9ciproquement pour tracer la meilleure voie \u00e0 suivre dans un monde en constante \u00e9volution.<\/p>\n<\/div>\n<\/div>\n\n\n\n<div class=\"wp-block-group is-layout-grid wp-container-core-group-is-layout-a9b4916f wp-block-group-is-layout-grid\">\n<div class=\"wp-block-group wp-embed-aspect-21-9 wp-has-aspect-ratio is-layout-constrained wp-block-group-is-layout-constrained\">\n<figure class=\"wp-block-embed is-type-video is-provider-vimeo wp-block-embed-vimeo wp-embed-aspect-21-9 wp-has-aspect-ratio\"><div class=\"wp-block-embed__wrapper\">\n<iframe loading=\"lazy\" title=\"We Are Driven To Do Great Work | Nous Sommes Motiv\u00e9s \u00c0 Exceller Dans Notre Travail\" src=\"https:\/\/player.vimeo.com\/video\/769559140?dnt=1&amp;app_id=122963\" width=\"500\" height=\"213\" frameborder=\"0\" allow=\"autoplay; fullscreen; picture-in-picture; clipboard-write; encrypted-media\"><\/iframe>\n<\/div><\/figure>\n\n\n\n<p class=\"has-small-font-size\" style=\"margin-top:0\"><br>*To change the closed caption or subtitle language, please select the CC icon on the bottom menu bar.<\/p>\n\n\n\n<h4 class=\"wp-block-heading\">WE ARE DRIVEN TO DO GREAT WORK<\/h4>\n\n\n\n<p>We built our name on quality. We have a passion for excellence in our work and relationships that honours our businesses and our industry.<\/p>\n<\/div>\n\n\n\n<div class=\"wp-block-group wp-embed-aspect-21-9 wp-has-aspect-ratio is-layout-constrained wp-block-group-is-layout-constrained\">\n<figure class=\"wp-block-embed is-type-video is-provider-vimeo wp-block-embed-vimeo wp-embed-aspect-21-9 wp-has-aspect-ratio\"><div class=\"wp-block-embed__wrapper\">\n<iframe loading=\"lazy\" title=\"We Are Driven To Do Great Work | Nous Sommes Motiv\u00e9s \u00c0 Exceller Dans Notre Travail\" src=\"https:\/\/player.vimeo.com\/video\/769559140?dnt=1&amp;app_id=122963\" width=\"500\" height=\"213\" frameborder=\"0\" allow=\"autoplay; fullscreen; picture-in-picture; clipboard-write; encrypted-media\"><\/iframe>\n<\/div><\/figure>\n\n\n\n<p class=\"has-small-font-size\" style=\"margin-top:0\"><br>*Pour substituer la langue ou les sous-titres, cliquez sur le symbole CC dans la barre de menu inf\u00e9rieure.<\/p>\n\n\n\n<h4 class=\"wp-block-heading\">NOUS SOMMES MOTIV\u00c9S \u00c0 EXCELLER DANS NOTRE TRAVAIL<\/h4>\n\n\n\n<p>Notre nom repose sur la qualit\u00e9. Notre passion pour l&#8217;excellence de notre travail et de nos relations professionnelles honorent notre entreprise et notre industrie.<\/p>\n<\/div>\n<\/div>\n\n\n\n<div class=\"wp-block-group is-layout-grid wp-container-core-group-is-layout-a9b4916f wp-block-group-is-layout-grid\">\n<div class=\"wp-block-group wp-embed-aspect-21-9 wp-has-aspect-ratio is-layout-constrained wp-block-group-is-layout-constrained\">\n<figure class=\"wp-block-embed is-type-video is-provider-vimeo wp-block-embed-vimeo wp-embed-aspect-21-9 wp-has-aspect-ratio\"><div class=\"wp-block-embed__wrapper\">\n<iframe loading=\"lazy\" title=\"We Are Stronger Together | Nous Sommes Plus Forts Ensemble\" src=\"https:\/\/player.vimeo.com\/video\/769555488?dnt=1&amp;app_id=122963\" width=\"500\" height=\"213\" frameborder=\"0\" allow=\"autoplay; fullscreen; picture-in-picture; clipboard-write; encrypted-media\"><\/iframe>\n<\/div><\/figure>\n\n\n\n<p class=\"has-small-font-size\" style=\"margin-top:0\"><br>*To change the closed caption or subtitle language, please select the CC icon on the bottom menu bar.<\/p>\n\n\n\n<h4 class=\"wp-block-heading\">WE ARE STRONGER TOGETHER<\/h4>\n\n\n\n<p>Success is a team effort. Our inclusive workplace enables our combined expertise, humility and creativity to unlock our greater potential.<\/p>\n<\/div>\n\n\n\n<div class=\"wp-block-group wp-embed-aspect-21-9 wp-has-aspect-ratio is-layout-constrained wp-block-group-is-layout-constrained\">\n<figure class=\"wp-block-embed is-type-video is-provider-vimeo wp-block-embed-vimeo wp-embed-aspect-21-9 wp-has-aspect-ratio\"><div class=\"wp-block-embed__wrapper\">\n<iframe loading=\"lazy\" title=\"We Are Stronger Together | Nous Sommes Plus Forts Ensemble\" src=\"https:\/\/player.vimeo.com\/video\/769555488?dnt=1&amp;app_id=122963\" width=\"500\" height=\"213\" frameborder=\"0\" allow=\"autoplay; fullscreen; picture-in-picture; clipboard-write; encrypted-media\"><\/iframe>\n<\/div><\/figure>\n\n\n\n<p class=\"has-small-font-size\" style=\"margin-top:0\"><br>*Pour substituer la langue ou les sous-titres, cliquez sur le symbole CC dans la barre de menu inf\u00e9rieure.<\/p>\n\n\n\n<h4 class=\"wp-block-heading\">NOUS SOMMES PLUS FORTS ENSEMBLE<\/h4>\n\n\n\n<p>Le succ\u00e8s est un effort d&#8217;\u00e9quipe. Notre milieu de travail inclusif permet \u00e0 notre expertise, \u00e0 notre humilit\u00e9 et \u00e0 notre cr\u00e9ativit\u00e9 de lib\u00e9rer notre plus grand potentiel.<\/p>\n<\/div>\n<\/div>\n\n\n\n<div class=\"wp-block-group is-layout-grid wp-container-core-group-is-layout-a9b4916f wp-block-group-is-layout-grid\">\n<div class=\"wp-block-group wp-embed-aspect-21-9 wp-has-aspect-ratio is-layout-constrained wp-block-group-is-layout-constrained\">\n<figure class=\"wp-block-embed is-type-video is-provider-vimeo wp-block-embed-vimeo wp-embed-aspect-21-9 wp-has-aspect-ratio\"><div class=\"wp-block-embed__wrapper\">\n<iframe loading=\"lazy\" title=\"We Lead With Honesty | Nous Dirigeons Avec Honn\u00eatet\u00e9\" src=\"https:\/\/player.vimeo.com\/video\/769168906?dnt=1&amp;app_id=122963\" width=\"500\" height=\"213\" frameborder=\"0\" allow=\"autoplay; fullscreen; picture-in-picture; clipboard-write; encrypted-media\"><\/iframe>\n<\/div><\/figure>\n\n\n\n<p class=\"has-small-font-size\" style=\"margin-top:0\"><br>*To change the closed caption or subtitle language, please select the CC icon on the bottom menu bar.<\/p>\n\n\n\n<h4 class=\"wp-block-heading\">WE LEAD WITH HONESTY<\/h4>\n\n\n\n<p>We speak and act with integrity, clarity and care so people can trust our word and our work. Being honest means we can deliver the best outcomes and consistent results.<\/p>\n<\/div>\n\n\n\n<div class=\"wp-block-group wp-embed-aspect-21-9 wp-has-aspect-ratio is-layout-constrained wp-block-group-is-layout-constrained\">\n<figure class=\"wp-block-embed is-type-video is-provider-vimeo wp-block-embed-vimeo wp-embed-aspect-21-9 wp-has-aspect-ratio\"><div class=\"wp-block-embed__wrapper\">\n<iframe loading=\"lazy\" title=\"We Lead With Honesty | Nous Dirigeons Avec Honn\u00eatet\u00e9\" src=\"https:\/\/player.vimeo.com\/video\/769168906?dnt=1&amp;app_id=122963\" width=\"500\" height=\"213\" frameborder=\"0\" allow=\"autoplay; fullscreen; picture-in-picture; clipboard-write; encrypted-media\"><\/iframe>\n<\/div><\/figure>\n\n\n\n<p class=\"has-small-font-size\" style=\"margin-top:0\"><br>*Pour substituer la langue ou les sous-titres, cliquez sur le symbole CC dans la barre de menu inf\u00e9rieure.<\/p>\n\n\n\n<h4 class=\"wp-block-heading\">NOUS DIRIGEONS AVEC HONN\u00caTET\u00c9<\/h4>\n\n\n\n<p>Nous nous exprimons avec int\u00e9grit\u00e9, clart\u00e9 et avec soin afin que les gens puissent avoir confiance en nos paroles et notre travail. \u00catre honn\u00eate signifie que nous pouvons fournir les meilleurs r\u00e9sultats qui soient et de mani\u00e8re constante.<\/p>\n<\/div>\n<\/div>\n\n\n\n<div class=\"wp-block-group is-layout-grid wp-container-core-group-is-layout-a9b4916f wp-block-group-is-layout-grid\">\n<div class=\"wp-block-group wp-embed-aspect-21-9 wp-has-aspect-ratio is-layout-constrained wp-block-group-is-layout-constrained\">\n<figure class=\"wp-block-embed is-type-video is-provider-vimeo wp-block-embed-vimeo wp-embed-aspect-21-9 wp-has-aspect-ratio\"><div class=\"wp-block-embed__wrapper\">\n<iframe loading=\"lazy\" title=\"We Put Safety First | La S\u00e9curit\u00e9 Est Notre Priorit\u00e9\" src=\"https:\/\/player.vimeo.com\/video\/768765716?dnt=1&amp;app_id=122963\" width=\"500\" height=\"213\" frameborder=\"0\" allow=\"autoplay; fullscreen; picture-in-picture; clipboard-write; encrypted-media\"><\/iframe>\n<\/div><\/figure>\n\n\n\n<p class=\"has-small-font-size\" style=\"margin-top:0\"><br>*To change the closed caption or subtitle language, please select the CC icon on the bottom menu bar.<\/p>\n\n\n\n<h4 class=\"wp-block-heading\">WE PUT SAFETY FIRST<\/h4>\n\n\n\n<p>A healthy and safe work environment is non-negotiable. We build a culture of operational and psychological safety through engagement, learning and leadership.&nbsp;<\/p>\n<\/div>\n\n\n\n<div class=\"wp-block-group wp-embed-aspect-21-9 wp-has-aspect-ratio is-layout-constrained wp-block-group-is-layout-constrained\">\n<figure class=\"wp-block-embed is-type-video is-provider-vimeo wp-block-embed-vimeo wp-embed-aspect-21-9 wp-has-aspect-ratio\"><div class=\"wp-block-embed__wrapper\">\n<iframe loading=\"lazy\" title=\"We Put Safety First | La S\u00e9curit\u00e9 Est Notre Priorit\u00e9\" src=\"https:\/\/player.vimeo.com\/video\/768765716?dnt=1&amp;app_id=122963\" width=\"500\" height=\"213\" frameborder=\"0\" allow=\"autoplay; fullscreen; picture-in-picture; clipboard-write; encrypted-media\"><\/iframe>\n<\/div><\/figure>\n\n\n\n<p class=\"has-small-font-size\" style=\"margin-top:0\"><br>*Pour substituer la langue ou les sous-titres, cliquez sur le symbole CC dans la barre de menu inf\u00e9rieure.<\/p>\n\n\n\n<h4 class=\"wp-block-heading\">LA S\u00c9CURIT\u00c9 EST NOTRE PRIORIT\u00c9<\/h4>\n\n\n\n<p>Un environnement de travail sain et s\u00e9curitaire est un principe non n\u00e9gociable. Nous cr\u00e9ons une culture de s\u00e9curit\u00e9 op\u00e9rationnelle et psychologique par l\u2019entremise de l&#8217;engagement, de l&#8217;apprentissage et du leadership.<\/p>\n<\/div>\n<\/div>\n<\/div>\n\n\n\n<div style=\"height:100px\" aria-hidden=\"true\" class=\"wp-block-spacer is-style-entry-space\"><\/div>\n","protected":false},"excerpt":{"rendered":"<p>Purpose and Values Objet et Valeurs We are excited to share our new culture statements with our teams across the organization. We are pleased to share our final video for We Create Opportunity. Nous sommes ravis de communiquer nos nouveaux \u00e9nonc\u00e9s de culture avec nos \u00e9quipes \u00e0 l\u2019\u00e9chelle de l\u2019organisation. Nous sommes heureux de partager [&hellip;]<\/p>\n","protected":false},"author":1,"featured_media":0,"parent":0,"menu_order":0,"comment_status":"closed","ping_status":"closed","template":"","meta":{"_acf_changed":false,"footnotes":""},"class_list":["post-4174","page","type-page","status-publish","hentry"],"acf":[],"yoast_head":"<!-- This site is optimized with the Yoast SEO Premium plugin v24.6 (Yoast SEO v27.3) - https:\/\/yoast.com\/product\/yoast-seo-premium-wordpress\/ -->\n<title>Purpose And Values | Bird Construction<\/title>\n<meta name=\"description\" content=\"Purpose and Values Objet et Valeurs We are excited to share our new culture statements with our teams across the organization. We are pleased to share our\" \/>\n<meta name=\"robots\" content=\"index, follow, max-snippet:-1, max-image-preview:large, max-video-preview:-1\" \/>\n<link rel=\"canonical\" href=\"https:\/\/www.bird.ca\/fr\/objectif-et-valeurs\/\" \/>\n<meta property=\"og:locale\" content=\"fr_CA\" \/>\n<meta property=\"og:type\" content=\"article\" \/>\n<meta property=\"og:title\" content=\"Purpose And Values | Bird Construction\" \/>\n<meta property=\"og:description\" content=\"Bird Construction has been providing construction services to a long list of new and repeat clients since 1920.\" \/>\n<meta property=\"og:url\" content=\"https:\/\/www.bird.ca\/fr\/objectif-et-valeurs\/\" \/>\n<meta property=\"og:site_name\" content=\"Bird Construction\" \/>\n<meta property=\"article:publisher\" content=\"https:\/\/www.facebook.com\/people\/Bird-Construction-Inc\/100064108594609\/\" \/>\n<meta property=\"article:modified_time\" content=\"2025-06-17T19:02:51+00:00\" \/>\n<meta property=\"og:image\" content=\"https:\/\/cdn.bird.ca\/2025\/01\/20212040\/bird-logo-RGB.jpg\" \/>\n\t<meta property=\"og:image:width\" content=\"1050\" \/>\n\t<meta property=\"og:image:height\" content=\"600\" \/>\n\t<meta property=\"og:image:type\" content=\"image\/jpeg\" \/>\n<meta name=\"twitter:card\" content=\"summary_large_image\" \/>\n<meta name=\"twitter:label1\" content=\"Estimation du temps de lecture\" \/>\n\t<meta name=\"twitter:data1\" content=\"3 minutes\" \/>\n<script type=\"application\/ld+json\" class=\"yoast-schema-graph\">{\"@context\":\"https:\\\/\\\/schema.org\",\"@graph\":[{\"@type\":\"WebPage\",\"@id\":\"https:\\\/\\\/www.bird.ca\\\/purpose-and-values\\\/\",\"url\":\"https:\\\/\\\/www.bird.ca\\\/purpose-and-values\\\/\",\"name\":\"Purpose And Values | Bird Construction\",\"isPartOf\":{\"@id\":\"https:\\\/\\\/www.bird.ca\\\/#website\"},\"datePublished\":\"2025-03-16T21:42:08+00:00\",\"dateModified\":\"2025-06-17T19:02:51+00:00\",\"description\":\"Purpose and Values Objet et Valeurs We are excited to share our new culture statements with our teams across the organization. We are pleased to share our\",\"breadcrumb\":{\"@id\":\"https:\\\/\\\/www.bird.ca\\\/purpose-and-values\\\/#breadcrumb\"},\"inLanguage\":\"fr-CA\",\"potentialAction\":[{\"@type\":\"ReadAction\",\"target\":[\"https:\\\/\\\/www.bird.ca\\\/purpose-and-values\\\/\"]}]},{\"@type\":\"BreadcrumbList\",\"@id\":\"https:\\\/\\\/www.bird.ca\\\/purpose-and-values\\\/#breadcrumb\",\"itemListElement\":[{\"@type\":\"ListItem\",\"position\":1,\"name\":\"Home\",\"item\":\"https:\\\/\\\/www.bird.ca\\\/\"},{\"@type\":\"ListItem\",\"position\":2,\"name\":\"Purpose And Values\"}]},{\"@type\":\"WebSite\",\"@id\":\"https:\\\/\\\/www.bird.ca\\\/#website\",\"url\":\"https:\\\/\\\/www.bird.ca\\\/\",\"name\":\"Bird Construction\",\"description\":\"\",\"publisher\":{\"@id\":\"https:\\\/\\\/www.bird.ca\\\/#organization\"},\"potentialAction\":[{\"@type\":\"SearchAction\",\"target\":{\"@type\":\"EntryPoint\",\"urlTemplate\":\"https:\\\/\\\/www.bird.ca\\\/?s={search_term_string}\"},\"query-input\":{\"@type\":\"PropertyValueSpecification\",\"valueRequired\":true,\"valueName\":\"search_term_string\"}}],\"inLanguage\":\"fr-CA\"},{\"@type\":\"Organization\",\"@id\":\"https:\\\/\\\/www.bird.ca\\\/#organization\",\"name\":\"Bird Construction\",\"url\":\"https:\\\/\\\/www.bird.ca\\\/\",\"logo\":{\"@type\":\"ImageObject\",\"inLanguage\":\"fr-CA\",\"@id\":\"https:\\\/\\\/www.bird.ca\\\/#\\\/schema\\\/logo\\\/image\\\/\",\"url\":\"https:\\\/\\\/cdn.bird.ca\\\/2025\\\/01\\\/20212041\\\/bird-logo-RGB-e1739411338652.png\",\"contentUrl\":\"https:\\\/\\\/cdn.bird.ca\\\/2025\\\/01\\\/20212041\\\/bird-logo-RGB-e1739411338652.png\",\"width\":865,\"height\":366,\"caption\":\"Bird Construction\"},\"image\":{\"@id\":\"https:\\\/\\\/www.bird.ca\\\/#\\\/schema\\\/logo\\\/image\\\/\"},\"sameAs\":[\"https:\\\/\\\/www.facebook.com\\\/people\\\/Bird-Construction-Inc\\\/100064108594609\\\/\",\"https:\\\/\\\/www.instagram.com\\\/birdconstructioninc\\\/\",\"https:\\\/\\\/ca.linkedin.com\\\/company\\\/bird-construction-inc\"]}]}<\/script>\n<!-- \/ Yoast SEO Premium plugin. -->","yoast_head_json":{"title":"Objectif et valeurs | Bird Construction","description":"Purpose and Values Objet et Valeurs Nous sommes ravis de partager nos nouvelles d\u00e9clarations culturelles avec nos \u00e9quipes dans l'ensemble de l'organisation. Nous sommes heureux de partager nos","robots":{"index":"index","follow":"follow","max-snippet":"max-snippet:-1","max-image-preview":"max-image-preview:large","max-video-preview":"max-video-preview:-1"},"canonical":"https:\/\/www.bird.ca\/fr\/objectif-et-valeurs\/","og_locale":"fr_CA","og_type":"article","og_title":"Purpose And Values | Bird Construction","og_description":"Bird Construction has been providing construction services to a long list of new and repeat clients since 1920.","og_url":"https:\/\/www.bird.ca\/fr\/objectif-et-valeurs\/","og_site_name":"Bird Construction","article_publisher":"https:\/\/www.facebook.com\/people\/Bird-Construction-Inc\/100064108594609\/","article_modified_time":"2025-06-17T19:02:51+00:00","og_image":[{"width":1050,"height":600,"url":"https:\/\/cdn.bird.ca\/2025\/01\/20212040\/bird-logo-RGB.jpg","type":"image\/jpeg"}],"twitter_card":"summary_large_image","twitter_misc":{"Estimation du temps de lecture":"3 minutes"},"schema":{"@context":"https:\/\/schema.org","@graph":[{"@type":"WebPage","@id":"https:\/\/www.bird.ca\/purpose-and-values\/","url":"https:\/\/www.bird.ca\/purpose-and-values\/","name":"Objectif et valeurs | Bird Construction","isPartOf":{"@id":"https:\/\/www.bird.ca\/#website"},"datePublished":"2025-03-16T21:42:08+00:00","dateModified":"2025-06-17T19:02:51+00:00","description":"Purpose and Values Objet et Valeurs Nous sommes ravis de partager nos nouvelles d\u00e9clarations culturelles avec nos \u00e9quipes dans l'ensemble de l'organisation. Nous sommes heureux de partager nos","breadcrumb":{"@id":"https:\/\/www.bird.ca\/purpose-and-values\/#breadcrumb"},"inLanguage":"fr-CA","potentialAction":[{"@type":"ReadAction","target":["https:\/\/www.bird.ca\/purpose-and-values\/"]}]},{"@type":"BreadcrumbList","@id":"https:\/\/www.bird.ca\/purpose-and-values\/#breadcrumb","itemListElement":[{"@type":"ListItem","position":1,"name":"Home","item":"https:\/\/www.bird.ca\/"},{"@type":"ListItem","position":2,"name":"Purpose And Values"}]},{"@type":"WebSite","@id":"https:\/\/www.bird.ca\/#website","url":"https:\/\/www.bird.ca\/","name":"Bird Construction","description":"","publisher":{"@id":"https:\/\/www.bird.ca\/#organization"},"potentialAction":[{"@type":"SearchAction","target":{"@type":"EntryPoint","urlTemplate":"https:\/\/www.bird.ca\/?s={search_term_string}"},"query-input":{"@type":"PropertyValueSpecification","valueRequired":true,"valueName":"search_term_string"}}],"inLanguage":"fr-CA"},{"@type":"Organization","@id":"https:\/\/www.bird.ca\/#organization","name":"Bird Construction","url":"https:\/\/www.bird.ca\/","logo":{"@type":"ImageObject","inLanguage":"fr-CA","@id":"https:\/\/www.bird.ca\/#\/schema\/logo\/image\/","url":"https:\/\/cdn.bird.ca\/2025\/01\/20212041\/bird-logo-RGB-e1739411338652.png","contentUrl":"https:\/\/cdn.bird.ca\/2025\/01\/20212041\/bird-logo-RGB-e1739411338652.png","width":865,"height":366,"caption":"Bird Construction"},"image":{"@id":"https:\/\/www.bird.ca\/#\/schema\/logo\/image\/"},"sameAs":["https:\/\/www.facebook.com\/people\/Bird-Construction-Inc\/100064108594609\/","https:\/\/www.instagram.com\/birdconstructioninc\/","https:\/\/ca.linkedin.com\/company\/bird-construction-inc"]}]}},"_links":{"self":[{"href":"https:\/\/www.bird.ca\/fr\/wp-json\/wp\/v2\/pages\/4174","targetHints":{"allow":["GET"]}}],"collection":[{"href":"https:\/\/www.bird.ca\/fr\/wp-json\/wp\/v2\/pages"}],"about":[{"href":"https:\/\/www.bird.ca\/fr\/wp-json\/wp\/v2\/types\/page"}],"author":[{"embeddable":true,"href":"https:\/\/www.bird.ca\/fr\/wp-json\/wp\/v2\/users\/1"}],"replies":[{"embeddable":true,"href":"https:\/\/www.bird.ca\/fr\/wp-json\/wp\/v2\/comments?post=4174"}],"version-history":[{"count":14,"href":"https:\/\/www.bird.ca\/fr\/wp-json\/wp\/v2\/pages\/4174\/revisions"}],"predecessor-version":[{"id":6950,"href":"https:\/\/www.bird.ca\/fr\/wp-json\/wp\/v2\/pages\/4174\/revisions\/6950"}],"wp:attachment":[{"href":"https:\/\/www.bird.ca\/fr\/wp-json\/wp\/v2\/media?parent=4174"}],"curies":[{"name":"wp","href":"https:\/\/api.w.org\/{rel}","templated":true}]}}