{"id":4244,"date":"2025-03-17T01:07:41","date_gmt":"2025-03-17T01:07:41","guid":{"rendered":"https:\/\/www.bird.ca\/?page_id=4244"},"modified":"2025-06-17T18:47:46","modified_gmt":"2025-06-17T18:47:46","slug":"acquisition-de-jacob-bros","status":"publish","type":"page","link":"https:\/\/www.bird.ca\/fr\/jacob-bros-acquisition\/","title":{"rendered":"Acquisition de Jacob Bros"},"content":{"rendered":"<div class=\"wp-block-create-block-hero-static\">\n\t<div class=\"hero-banner\">\n\t\t\t\t\t<img loading=\"lazy\" decoding=\"async\" width=\"2560\" height=\"622\" src=\"https:\/\/cdn.bird.ca\/2025\/03\/20210801\/jb-banner-hero-2560x622.jpg\" class=\"attachment-banner-size size-banner-size\" alt=\"Collage montrant un camion de ciment en train de couler du b\u00e9ton, un chantier de construction rocheux dans une r\u00e9gion montagneuse bois\u00e9e, et des machines lourdes travaillant dans un a\u00e9roport \u00e0 proximit\u00e9 d&#039;avions.\" sizes=\"auto, 100vw\" srcset=\"https:\/\/cdn.bird.ca\/2025\/03\/20210801\/jb-banner-hero-2560x622.jpg 2560w, https:\/\/cdn.bird.ca\/2025\/03\/20210801\/jb-banner-hero-300x72.jpg 300w\" \/>\n\t\t\t\t\t\t\t<div class=\"hero-banner__overlay\"><\/div>\n\t\t\t\n\t\t\t\t\t\t\t<div class=\"hero-banner__content\">\n\t\t\t\t\t<h1 class=\"hero-banner__title\">Acquisition de Jacob Bros<\/h1>\n\t\t\t\t<\/div>\n\t\t\t\t\t\t<\/div>\n<\/div>\n\n\n<div style=\"height:100px\" aria-hidden=\"true\" class=\"wp-block-spacer is-style-entry-space\"><\/div>\n\n\n\n<h1 class=\"wp-block-heading has-text-align-center\">Acquisition de Jacob Bros<\/h1>\n\n\n\n<div style=\"height:100px\" aria-hidden=\"true\" class=\"wp-block-spacer is-style-entry-space\"><\/div>\n\n\n\n<div class=\"wp-block-group is-layout-grid wp-container-core-group-is-layout-df4581a5 wp-block-group-is-layout-grid\">\n<div class=\"wp-block-group is-layout-constrained wp-block-group-is-layout-constrained\">\n<figure class=\"wp-block-image aligncenter size-full\"><img loading=\"lazy\" decoding=\"async\" width=\"240\" height=\"240\" src=\"https:\/\/cdn.bird.ca\/2025\/03\/20210807\/orca_web-button.png\" alt=\"Chantier de construction pr\u00e8s d&#039;une voie ferr\u00e9e avec des ouvriers, des v\u00e9hicules et une structure partiellement construite couverte d&#039;un \u00e9chafaudage en bois sous une grue, vue au coucher du soleil.\" class=\"wp-image-4240\" srcset=\"https:\/\/cdn.bird.ca\/2025\/03\/20210807\/orca_web-button.png 240w, https:\/\/cdn.bird.ca\/2025\/03\/20210807\/orca_web-button-150x150.png 150w\" sizes=\"auto, (max-width: 240px) 100vw, 240px\" \/><\/figure>\n\n\n\n<div class=\"wp-block-buttons is-content-justification-center is-layout-flex wp-container-core-buttons-is-layout-a89b3969 wp-block-buttons-is-layout-flex\">\n<div class=\"wp-block-button is-style-bird-solid\"><a class=\"wp-block-button__link wp-element-button\" href=\"https:\/\/cdn.bird.ca\/2025\/03\/20205022\/bdt_investor-presentation-june10-2024.pdf\">Pr\u00e9sentation aux investisseurs<\/a><\/div>\n<\/div>\n<\/div>\n\n\n\n<div class=\"wp-block-group is-layout-constrained wp-block-group-is-layout-constrained\">\n<figure class=\"wp-block-image aligncenter size-full\"><img loading=\"lazy\" decoding=\"async\" width=\"240\" height=\"240\" src=\"https:\/\/cdn.bird.ca\/2025\/03\/20210807\/orca_web-button2.png\" alt=\"Un grand avion de ligne roule sur une piste derri\u00e8re un chantier de construction avec des machines et des \u00e9quipements lourds. Des montagnes et un ciel nuageux sont visibles \u00e0 l&#039;arri\u00e8re-plan.\" class=\"wp-image-4241\" srcset=\"https:\/\/cdn.bird.ca\/2025\/03\/20210807\/orca_web-button2.png 240w, https:\/\/cdn.bird.ca\/2025\/03\/20210807\/orca_web-button2-150x150.png 150w\" sizes=\"auto, (max-width: 240px) 100vw, 240px\" \/><\/figure>\n\n\n\n<div class=\"wp-block-buttons is-content-justification-center is-layout-flex wp-container-core-buttons-is-layout-a89b3969 wp-block-buttons-is-layout-flex\">\n<div class=\"wp-block-button is-style-bird-solid\"><a class=\"wp-block-button__link wp-element-button\" href=\"https:\/\/www.bird.ca\/news\/2024\/06\/10\/bird-to-acquire-bc-based-civil-infrastructure-contractor\/\">Communiqu\u00e9 de presse<\/a><\/div>\n<\/div>\n<\/div>\n\n\n\n<div class=\"wp-block-group is-layout-constrained wp-block-group-is-layout-constrained\">\n<figure class=\"wp-block-image aligncenter size-full\"><img loading=\"lazy\" decoding=\"async\" width=\"240\" height=\"240\" src=\"https:\/\/cdn.bird.ca\/2025\/03\/20210806\/orca_web-button3.png\" alt=\"Un camion-b\u00e9tonni\u00e8re est gar\u00e9 sur un chantier de construction, avec une grue \u00e0 l&#039;arri\u00e8re-plan et des mat\u00e9riaux de construction \u00e9parpill\u00e9s au premier plan. Une fl\u00e8che orange et un cadre circulaire vert d\u00e9corent l&#039;image.\" class=\"wp-image-4242\" srcset=\"https:\/\/cdn.bird.ca\/2025\/03\/20210806\/orca_web-button3.png 240w, https:\/\/cdn.bird.ca\/2025\/03\/20210806\/orca_web-button3-150x150.png 150w\" sizes=\"auto, (max-width: 240px) 100vw, 240px\" \/><\/figure>\n\n\n\n<div class=\"wp-block-buttons is-content-justification-center is-layout-flex wp-container-core-buttons-is-layout-a89b3969 wp-block-buttons-is-layout-flex\">\n<div class=\"wp-block-button is-style-bird-solid\"><a class=\"wp-block-button__link wp-element-button\" href=\"https:\/\/cdn.bird.ca\/2025\/03\/20205027\/birdconstruction20240611.mp3\">Enregistrement de la conf\u00e9rence t\u00e9l\u00e9phonique et du webcast<\/a><\/div>\n<\/div>\n<\/div>\n<\/div>\n\n\n\n<div style=\"height:100px\" aria-hidden=\"true\" class=\"wp-block-spacer is-style-entry-space\"><\/div>","protected":false},"excerpt":{"rendered":"<p>Acquisition de Jacob Bros<\/p>","protected":false},"author":1,"featured_media":4243,"parent":0,"menu_order":0,"comment_status":"closed","ping_status":"closed","template":"","meta":{"_acf_changed":false,"footnotes":""},"class_list":["post-4244","page","type-page","status-publish","has-post-thumbnail","hentry"],"acf":[],"yoast_head":"<!-- This site is optimized with the Yoast SEO Premium plugin v24.6 (Yoast SEO v27.3) - https:\/\/yoast.com\/product\/yoast-seo-premium-wordpress\/ -->\n<title>Bird Completes Acquisition of Jacob Bros Construction<\/title>\n<meta name=\"description\" content=\"Bird Completes Acquisition of Jacob Bros Construction Read the full press release\" \/>\n<meta name=\"robots\" content=\"index, follow, max-snippet:-1, max-image-preview:large, max-video-preview:-1\" \/>\n<link rel=\"canonical\" href=\"https:\/\/www.bird.ca\/fr\/acquisition-de-jacob-bros\/\" \/>\n<meta property=\"og:locale\" content=\"fr_CA\" \/>\n<meta property=\"og:type\" content=\"article\" \/>\n<meta property=\"og:title\" content=\"Jacob Bros Acquisition | Bird Construction\" \/>\n<meta property=\"og:description\" content=\"Bird Construction has been providing construction services to a long list of new and repeat clients since 1920.\" \/>\n<meta property=\"og:url\" content=\"https:\/\/www.bird.ca\/fr\/acquisition-de-jacob-bros\/\" \/>\n<meta property=\"og:site_name\" content=\"Bird Construction\" \/>\n<meta property=\"article:publisher\" content=\"https:\/\/www.facebook.com\/people\/Bird-Construction-Inc\/100064108594609\/\" \/>\n<meta property=\"article:modified_time\" content=\"2025-06-17T18:47:46+00:00\" \/>\n<meta property=\"og:image\" content=\"https:\/\/cdn.bird.ca\/2025\/03\/20210801\/jb-banner-hero-scaled.jpg\" \/>\n\t<meta property=\"og:image:width\" content=\"2560\" \/>\n\t<meta property=\"og:image:height\" content=\"612\" \/>\n\t<meta property=\"og:image:type\" content=\"image\/jpeg\" \/>\n<meta name=\"twitter:card\" content=\"summary_large_image\" \/>\n<meta name=\"twitter:label1\" content=\"Estimation du temps de lecture\" \/>\n\t<meta name=\"twitter:data1\" content=\"1 minute\" \/>\n<script type=\"application\/ld+json\" class=\"yoast-schema-graph\">{\"@context\":\"https:\\\/\\\/schema.org\",\"@graph\":[{\"@type\":\"WebPage\",\"@id\":\"https:\\\/\\\/www.bird.ca\\\/jacob-bros-acquisition\\\/\",\"url\":\"https:\\\/\\\/www.bird.ca\\\/jacob-bros-acquisition\\\/\",\"name\":\"Bird Completes Acquisition of Jacob Bros Construction\",\"isPartOf\":{\"@id\":\"https:\\\/\\\/www.bird.ca\\\/#website\"},\"primaryImageOfPage\":{\"@id\":\"https:\\\/\\\/www.bird.ca\\\/jacob-bros-acquisition\\\/#primaryimage\"},\"image\":{\"@id\":\"https:\\\/\\\/www.bird.ca\\\/jacob-bros-acquisition\\\/#primaryimage\"},\"thumbnailUrl\":\"https:\\\/\\\/cdn.bird.ca\\\/2025\\\/03\\\/20210801\\\/jb-banner-hero-scaled.jpg\",\"datePublished\":\"2025-03-17T01:07:41+00:00\",\"dateModified\":\"2025-06-17T18:47:46+00:00\",\"description\":\"Bird Completes Acquisition of Jacob Bros Construction Read the full press release\",\"breadcrumb\":{\"@id\":\"https:\\\/\\\/www.bird.ca\\\/jacob-bros-acquisition\\\/#breadcrumb\"},\"inLanguage\":\"fr-CA\",\"potentialAction\":[{\"@type\":\"ReadAction\",\"target\":[\"https:\\\/\\\/www.bird.ca\\\/jacob-bros-acquisition\\\/\"]}]},{\"@type\":\"ImageObject\",\"inLanguage\":\"fr-CA\",\"@id\":\"https:\\\/\\\/www.bird.ca\\\/jacob-bros-acquisition\\\/#primaryimage\",\"url\":\"https:\\\/\\\/cdn.bird.ca\\\/2025\\\/03\\\/20210801\\\/jb-banner-hero-scaled.jpg\",\"contentUrl\":\"https:\\\/\\\/cdn.bird.ca\\\/2025\\\/03\\\/20210801\\\/jb-banner-hero-scaled.jpg\",\"width\":2560,\"height\":612,\"caption\":\"Collage showing a cement truck pouring concrete, a rocky construction site in a forested mountain area, and heavy machinery working at an airport near airplanes.\"},{\"@type\":\"BreadcrumbList\",\"@id\":\"https:\\\/\\\/www.bird.ca\\\/jacob-bros-acquisition\\\/#breadcrumb\",\"itemListElement\":[{\"@type\":\"ListItem\",\"position\":1,\"name\":\"Home\",\"item\":\"https:\\\/\\\/www.bird.ca\\\/\"},{\"@type\":\"ListItem\",\"position\":2,\"name\":\"Jacob Bros Acquisition\"}]},{\"@type\":\"WebSite\",\"@id\":\"https:\\\/\\\/www.bird.ca\\\/#website\",\"url\":\"https:\\\/\\\/www.bird.ca\\\/\",\"name\":\"Bird Construction\",\"description\":\"\",\"publisher\":{\"@id\":\"https:\\\/\\\/www.bird.ca\\\/#organization\"},\"potentialAction\":[{\"@type\":\"SearchAction\",\"target\":{\"@type\":\"EntryPoint\",\"urlTemplate\":\"https:\\\/\\\/www.bird.ca\\\/?s={search_term_string}\"},\"query-input\":{\"@type\":\"PropertyValueSpecification\",\"valueRequired\":true,\"valueName\":\"search_term_string\"}}],\"inLanguage\":\"fr-CA\"},{\"@type\":\"Organization\",\"@id\":\"https:\\\/\\\/www.bird.ca\\\/#organization\",\"name\":\"Bird Construction\",\"url\":\"https:\\\/\\\/www.bird.ca\\\/\",\"logo\":{\"@type\":\"ImageObject\",\"inLanguage\":\"fr-CA\",\"@id\":\"https:\\\/\\\/www.bird.ca\\\/#\\\/schema\\\/logo\\\/image\\\/\",\"url\":\"https:\\\/\\\/cdn.bird.ca\\\/2025\\\/01\\\/20212041\\\/bird-logo-RGB-e1739411338652.png\",\"contentUrl\":\"https:\\\/\\\/cdn.bird.ca\\\/2025\\\/01\\\/20212041\\\/bird-logo-RGB-e1739411338652.png\",\"width\":865,\"height\":366,\"caption\":\"Bird Construction\"},\"image\":{\"@id\":\"https:\\\/\\\/www.bird.ca\\\/#\\\/schema\\\/logo\\\/image\\\/\"},\"sameAs\":[\"https:\\\/\\\/www.facebook.com\\\/people\\\/Bird-Construction-Inc\\\/100064108594609\\\/\",\"https:\\\/\\\/www.instagram.com\\\/birdconstructioninc\\\/\",\"https:\\\/\\\/ca.linkedin.com\\\/company\\\/bird-construction-inc\"]}]}<\/script>\n<!-- \/ Yoast SEO Premium plugin. -->","yoast_head_json":{"title":"Bird ach\u00e8ve l'acquisition de Jacob Bros Construction","description":"Bird ach\u00e8ve l'acquisition de Jacob Bros Construction Lire le communiqu\u00e9 de presse complet","robots":{"index":"index","follow":"follow","max-snippet":"max-snippet:-1","max-image-preview":"max-image-preview:large","max-video-preview":"max-video-preview:-1"},"canonical":"https:\/\/www.bird.ca\/fr\/acquisition-de-jacob-bros\/","og_locale":"fr_CA","og_type":"article","og_title":"Jacob Bros Acquisition | Bird Construction","og_description":"Bird Construction has been providing construction services to a long list of new and repeat clients since 1920.","og_url":"https:\/\/www.bird.ca\/fr\/acquisition-de-jacob-bros\/","og_site_name":"Bird Construction","article_publisher":"https:\/\/www.facebook.com\/people\/Bird-Construction-Inc\/100064108594609\/","article_modified_time":"2025-06-17T18:47:46+00:00","og_image":[{"width":2560,"height":612,"url":"https:\/\/cdn.bird.ca\/2025\/03\/20210801\/jb-banner-hero-scaled.jpg","type":"image\/jpeg"}],"twitter_card":"summary_large_image","twitter_misc":{"Estimation du temps de lecture":"1 minute"},"schema":{"@context":"https:\/\/schema.org","@graph":[{"@type":"WebPage","@id":"https:\/\/www.bird.ca\/jacob-bros-acquisition\/","url":"https:\/\/www.bird.ca\/jacob-bros-acquisition\/","name":"Bird ach\u00e8ve l'acquisition de Jacob Bros Construction","isPartOf":{"@id":"https:\/\/www.bird.ca\/#website"},"primaryImageOfPage":{"@id":"https:\/\/www.bird.ca\/jacob-bros-acquisition\/#primaryimage"},"image":{"@id":"https:\/\/www.bird.ca\/jacob-bros-acquisition\/#primaryimage"},"thumbnailUrl":"https:\/\/cdn.bird.ca\/2025\/03\/20210801\/jb-banner-hero-scaled.jpg","datePublished":"2025-03-17T01:07:41+00:00","dateModified":"2025-06-17T18:47:46+00:00","description":"Bird ach\u00e8ve l'acquisition de Jacob Bros Construction Lire le communiqu\u00e9 de presse complet","breadcrumb":{"@id":"https:\/\/www.bird.ca\/jacob-bros-acquisition\/#breadcrumb"},"inLanguage":"fr-CA","potentialAction":[{"@type":"ReadAction","target":["https:\/\/www.bird.ca\/jacob-bros-acquisition\/"]}]},{"@type":"ImageObject","inLanguage":"fr-CA","@id":"https:\/\/www.bird.ca\/jacob-bros-acquisition\/#primaryimage","url":"https:\/\/cdn.bird.ca\/2025\/03\/20210801\/jb-banner-hero-scaled.jpg","contentUrl":"https:\/\/cdn.bird.ca\/2025\/03\/20210801\/jb-banner-hero-scaled.jpg","width":2560,"height":612,"caption":"Collage showing a cement truck pouring concrete, a rocky construction site in a forested mountain area, and heavy machinery working at an airport near airplanes."},{"@type":"BreadcrumbList","@id":"https:\/\/www.bird.ca\/jacob-bros-acquisition\/#breadcrumb","itemListElement":[{"@type":"ListItem","position":1,"name":"Home","item":"https:\/\/www.bird.ca\/"},{"@type":"ListItem","position":2,"name":"Jacob Bros Acquisition"}]},{"@type":"WebSite","@id":"https:\/\/www.bird.ca\/#website","url":"https:\/\/www.bird.ca\/","name":"Bird Construction","description":"","publisher":{"@id":"https:\/\/www.bird.ca\/#organization"},"potentialAction":[{"@type":"SearchAction","target":{"@type":"EntryPoint","urlTemplate":"https:\/\/www.bird.ca\/?s={search_term_string}"},"query-input":{"@type":"PropertyValueSpecification","valueRequired":true,"valueName":"search_term_string"}}],"inLanguage":"fr-CA"},{"@type":"Organization","@id":"https:\/\/www.bird.ca\/#organization","name":"Bird Construction","url":"https:\/\/www.bird.ca\/","logo":{"@type":"ImageObject","inLanguage":"fr-CA","@id":"https:\/\/www.bird.ca\/#\/schema\/logo\/image\/","url":"https:\/\/cdn.bird.ca\/2025\/01\/20212041\/bird-logo-RGB-e1739411338652.png","contentUrl":"https:\/\/cdn.bird.ca\/2025\/01\/20212041\/bird-logo-RGB-e1739411338652.png","width":865,"height":366,"caption":"Bird Construction"},"image":{"@id":"https:\/\/www.bird.ca\/#\/schema\/logo\/image\/"},"sameAs":["https:\/\/www.facebook.com\/people\/Bird-Construction-Inc\/100064108594609\/","https:\/\/www.instagram.com\/birdconstructioninc\/","https:\/\/ca.linkedin.com\/company\/bird-construction-inc"]}]}},"_links":{"self":[{"href":"https:\/\/www.bird.ca\/fr\/wp-json\/wp\/v2\/pages\/4244","targetHints":{"allow":["GET"]}}],"collection":[{"href":"https:\/\/www.bird.ca\/fr\/wp-json\/wp\/v2\/pages"}],"about":[{"href":"https:\/\/www.bird.ca\/fr\/wp-json\/wp\/v2\/types\/page"}],"author":[{"embeddable":true,"href":"https:\/\/www.bird.ca\/fr\/wp-json\/wp\/v2\/users\/1"}],"replies":[{"embeddable":true,"href":"https:\/\/www.bird.ca\/fr\/wp-json\/wp\/v2\/comments?post=4244"}],"version-history":[{"count":8,"href":"https:\/\/www.bird.ca\/fr\/wp-json\/wp\/v2\/pages\/4244\/revisions"}],"predecessor-version":[{"id":9148,"href":"https:\/\/www.bird.ca\/fr\/wp-json\/wp\/v2\/pages\/4244\/revisions\/9148"}],"wp:featuredmedia":[{"embeddable":true,"href":"https:\/\/www.bird.ca\/fr\/wp-json\/wp\/v2\/media\/4243"}],"wp:attachment":[{"href":"https:\/\/www.bird.ca\/fr\/wp-json\/wp\/v2\/media?parent=4244"}],"curies":[{"name":"wp","href":"https:\/\/api.w.org\/{rel}","templated":true}]}}