{"id":6281,"date":"2025-04-11T03:48:04","date_gmt":"2025-04-11T03:48:04","guid":{"rendered":"https:\/\/www.bird.ca\/?page_id=6281"},"modified":"2026-03-05T13:52:14","modified_gmt":"2026-03-05T13:52:14","slug":"centres-de-donnees","status":"publish","type":"page","link":"https:\/\/www.bird.ca\/fr\/project-experience\/data-centres\/","title":{"rendered":"Centres de donn\u00e9es et missions critiques"},"content":{"rendered":"<div class=\"wp-block-create-block-hero-static\">\n\t<div class=\"hero-banner\">\n\t\t\t\t\t<img loading=\"lazy\" decoding=\"async\" width=\"2560\" height=\"900\" src=\"https:\/\/cdn.bird.ca\/2025\/04\/11035823\/bird_market-sector_website-banners_data-centre-2560x900.jpg\" class=\"attachment-banner-size size-banner-size\" alt=\"Image abstraite montrant une bande blanche diagonale s\u00e9parant le code num\u00e9rique vert et les sch\u00e9mas de circuits sur la gauche des baies de serveurs rougeoyantes sur la droite, symbolisant la technologie et le traitement des donn\u00e9es.\" sizes=\"auto, 100vw\" \/>\n\t\t\t\t\t\t\t<div class=\"hero-banner__overlay\"><\/div>\n\t\t\t\n\t\t\t\t\t\t\t<div class=\"hero-banner__content\">\n\t\t\t\t\t<h1 class=\"hero-banner__title\">Centres de donn\u00e9es et missions critiques<\/h1>\n\t\t\t\t<\/div>\n\t\t\t\t\t\t<\/div>\n<\/div>\n\n\n<div style=\"height:100px\" aria-hidden=\"true\" class=\"wp-block-spacer is-style-entry-space\"><\/div>\n\n\n<div class=\"breadcrumb-block wp-block-create-block-breadcrumb-block\">\n\t\t\t\t\t<nav class=\"breadcrumb\" aria-label=\"Fil d&#039;Ariane\">\n\t\t\t<ol class=\"breadcrumb-list\">\n\t\t\t\t\t\t\t\t\t<li class=\"breadcrumb-item\"><a href=\"https:\/\/www.bird.ca\/fr\/\">Accueil<\/a><\/li>\t\t\t\t\t\t\t<\/ol>\n\t\t<\/nav>\n\t<\/div>\n\n\n<div class=\"wp-block-group is-layout-constrained wp-block-group-is-layout-constrained\" style=\"margin-top:var(--wp--preset--spacing--50)\">\n<div class=\"wp-block-columns gap: 100px; is-style-card-column is-layout-flex wp-container-core-columns-is-layout-28f84493 wp-block-columns-is-layout-flex\">\n<div class=\"wp-block-column is-vertically-aligned-top is-layout-flow wp-block-column-is-layout-flow\">\n<h1 class=\"wp-block-heading has-text-align-left is-style-bird-h2\" id=\"h-data-centres\">Centres de donn\u00e9es et missions critiques<\/h1>\n\n\n\n<p class=\"has-text-align-left is-style-bird-body\" style=\"font-size:1rem\">Bird est le chef de file des constructeurs d'installations essentielles \u00e0 la mission au Canada, reconnu pour son d\u00e9vouement in\u00e9branlable \u00e0 la r\u00e9alisation de projets de premier ordre avec une attention in\u00e9branlable \u00e0 la s\u00e9curit\u00e9. Dans une industrie o\u00f9 le temps est un facteur essentiel, nous sommes fiers d'offrir une combinaison unique d'agilit\u00e9, de pr\u00e9visibilit\u00e9 des co\u00fbts et de fiabilit\u00e9 des \u00e9ch\u00e9anciers sur laquelle nos clients peuvent compter.<\/p>\n\n\n\n<h4 class=\"wp-block-heading\" id=\"h-mission-critical-expertise-local-and-national-reach\" style=\"font-size:1.2rem\">Expertise en mati\u00e8re de missions essentielles, port\u00e9e locale et nationale<\/h4>\n\n\n\n<p>Naviguer dans le paysage technologique en \u00e9volution rapide exige de l'agilit\u00e9. Bird int\u00e8gre de fa\u00e7on transparente l'agilit\u00e9 des \u00e9quipes r\u00e9gionales \u00e0 l'expertise et aux experts en la mati\u00e8re de tout le Canada. Nos \u00e9quipes critiques op\u00e8rent localement, arm\u00e9es de connaissances g\u00e9ographiques, tout en mobilisant les meilleurs talents requis pour les projets \u00e0 l'\u00e9chelle nationale.<\/p>\n\n\n\n<h4 class=\"wp-block-heading\" id=\"h-technical-mastery-at-every-stage\" style=\"font-size:1.2rem\">La ma\u00eetrise technique \u00e0 chaque \u00e9tape<\/h4>\n\n\n\n<p>Bird n'est pas seulement un entrepreneur g\u00e9n\u00e9ral ; nous sommes votre partenaire strat\u00e9gique. Qu'il s'agisse de construire de nouveaux b\u00e2timents ou de r\u00e9nover des structures existantes, nous nous distinguons par notre comp\u00e9tence in\u00e9gal\u00e9e en mati\u00e8re de pr\u00e9fabrication et d'ex\u00e9cution autonome. Reconnue comme un chef de file au Canada, notre \u00e9quipe d'ex\u00e9cution autonome ajoute une valeur distincte, acc\u00e9l\u00e9rant la rotation des projets pour nos clients. Avec Bird, votre centre de donn\u00e9es ne se contente pas de r\u00e9pondre aux attentes, il les d\u00e9passe.<\/p>\n\n\n\n<h4 class=\"wp-block-heading\" id=\"h-integrated-delivery-and-innovation\" style=\"font-size:1.2rem\">Prestation int\u00e9gr\u00e9e et innovation<\/h4>\n\n\n\n<p>Bird se distingue par une livraison int\u00e9gr\u00e9e, en travaillant en collaboration avec les \u00e9quipes de conception et les ing\u00e9nieurs pour faire passer votre projet du concept \u00e0 la r\u00e9alit\u00e9. Avec plus d'un si\u00e8cle d'exp\u00e9rience, notre culture est impr\u00e9gn\u00e9e d'un engagement \u00e0 d\u00e9couvrir des solutions innovantes, des conceptions de pr\u00e9fabrication rationalis\u00e9es et la mise en \u0153uvre de technologies de pointe telles que le balayage laser pour garantir des mod\u00e8les pr\u00e9cis tels que construits.<\/p>\n\n\n\n<h4 class=\"wp-block-heading\" id=\"h-community-commitment-and-confidentiality\" style=\"font-size:1.2rem\">Engagement communautaire et confidentialit\u00e9<\/h4>\n\n\n\n<p>Bird a \u00e9t\u00e9 construit gr\u00e2ce aux efforts de nos collaborateurs et continuera \u00e0 le faire \u00e0 l'avenir.  Nous nous engageons \u00e0 avoir un impact positif sur les communaut\u00e9s et \u00e0 attirer les talents locaux. Nos projets sont ex\u00e9cut\u00e9s rapidement, en toute s\u00e9curit\u00e9 et en toute confidentialit\u00e9, en respectant la sensibilit\u00e9 de la nature critique de notre travail.  Votre centre de donn\u00e9es sera sans aucun doute l'une des r\u00e9alisations les plus remarquables de notre \u00e9quipe - une r\u00e9alisation dont nous ne parlerons peut-\u00eatre pas ouvertement.<\/p>\n\n\n\n<h4 class=\"wp-block-heading\" id=\"h-scalability-and-multi-industry-expertise\" style=\"font-size:1.2rem\">\u00c9volutivit\u00e9 et expertise multisectorielle<\/h4>\n\n\n\n<p>Nos services essentiels sont con\u00e7us pour s'adapter \u00e0 des projets de diff\u00e9rentes tailles. Qu'il s'agisse de nouvelles constructions, d'am\u00e9nagements pour les locataires ou d'expansions, Bird navigue de mani\u00e8re experte dans des environnements vierges ou occup\u00e9s, en milieu rural ou suburbain, dans tout le pays.<\/p>\n\n\n\n<h4 class=\"wp-block-heading\" id=\"h-built-to-serve-you\" style=\"font-size:1.2rem\">Construit pour vous servir<\/h4>\n\n\n\n<p class=\"has-text-align-left is-style-bird-body\" style=\"font-size:1rem\">Chez Bird, notre exp\u00e9rience multisectorielle, notre engagement en faveur de l'innovation et notre volont\u00e9 in\u00e9branlable d'atteindre l'excellence font de nous le partenaire id\u00e9al pour la construction de vos installations critiques. Faites-nous confiance pour construire les centres de donn\u00e9es les plus complexes, les plus s\u00fbrs et les plus durables du futur. Dans le cadre de vos op\u00e9rations commerciales 24\/7, Bird est \u00e0 vos c\u00f4t\u00e9s \u00e0 chaque \u00e9tape.<\/p>\n\n\n\n<div class=\"wp-block-buttons is-layout-flex wp-block-buttons-is-layout-flex\" style=\"margin-top:var(--wp--preset--spacing--60)\">\n<!-- div class=\"wp-block-button is-style-bird-solid\"><a class=\"wp-block-button__link wp-element-button\" href=\"https:\/\/www.bird.ca\/wp-content\/uploads\/2025\/04\/bird_data-centre-brochure.pdf\">View our online brochure<\/a><\/div -->\n<\/div>\n<\/div>\n\n\n\n<div class=\"wp-block-column is-layout-flow wp-block-column-is-layout-flow\">\n<figure class=\"wp-block-image size-full is-style-image-shadow-right\"><img loading=\"lazy\" decoding=\"async\" width=\"1000\" height=\"618\" src=\"https:\/\/cdn.bird.ca\/2025\/04\/11034155\/bird_data-centre_feature-image.jpg\" alt=\"Image num\u00e9rique abstraite repr\u00e9sentant un code binaire lumineux (0 et 1) en bleu et vert, avec des tra\u00een\u00e9es lumineuses orange et jaunes, repr\u00e9sentant des concepts de transmission de donn\u00e9es et de technologie.\" class=\"wp-image-6282\" srcset=\"https:\/\/cdn.bird.ca\/2025\/04\/11034155\/bird_data-centre_feature-image.jpg 1000w, https:\/\/cdn.bird.ca\/2025\/04\/11034155\/bird_data-centre_feature-image-300x185.jpg 300w, https:\/\/cdn.bird.ca\/2025\/04\/11034155\/bird_data-centre_feature-image-768x475.jpg 768w\" sizes=\"auto, (max-width: 1000px) 100vw, 1000px\" \/><\/figure>\n<\/div>\n<\/div>\n<\/div>\n\n\n\n<div style=\"height:100px\" aria-hidden=\"true\" class=\"wp-block-spacer is-style-entry-space\"><\/div>\n\n\n\n<h2 class=\"wp-block-heading is-style-bird-h3\" id=\"h-explore-our-data-centres-projects\">D\u00e9couvrez nos centres de donn\u00e9es et nos projets critiques<\/h2>\n\n\n<div class=\"post-list-filters-block wp-block-create-block-post-list-filters\"\tdata-post-type=\"projects\" data-button-taxonomy=\"market\"\n\tdata-button-parent-term=\"342\">\n\t<div class=\"filter-buttons\"><button class=\"filter-button all\" data-term-id=\"\" data-taxonomy=\"market\">Tous<\/button><button class=\"filter-button disabled\" data-term-id=\"343\" data-taxonomy=\"market\" disabled>Centres de donn\u00e9es et missions critiques<\/button><button class=\"filter-button disabled\" data-term-id=\"344\" data-taxonomy=\"market\" disabled>Installations de haute s\u00e9curit\u00e9<\/button><button class=\"filter-button disabled\" data-term-id=\"345\" data-taxonomy=\"market\" disabled>Intelligence<\/button><\/div><div class=\"dropdown-filters\"><div class=\"dropdown-filter\"><div class=\"dropdown-group\"><select class=\"filter-dropdown\" id=\"filter-dropdown-0\" data-filter-index=\"0\" data-taxonomy=\"location\"  title=\"Filtrer par provinces\" aria-label=\"Filtrer par provinces\"><option value=\"\" disabled selected>Provinces<\/option><option value=\"\">Tous<\/option><option value=\"135\">Alberta<\/option><option value=\"141\">Colombie-Britannique<\/option><option value=\"145\">Manitoba<\/option><option value=\"148\">Nouveau-Brunswick<\/option><option value=\"149\">Terre-Neuve et Labrador<\/option><option value=\"158\">Nord<\/option><option value=\"150\">Nouvelle-\u00c9cosse<\/option><option value=\"151\">Ontario<\/option><option value=\"155\">Qu\u00e9bec<\/option><option value=\"156\">Saskatchewan<\/option><option value=\"157\">Territoires<\/option><option value=\"458\">Divers sites, Alberta<\/option><\/select><\/div><\/div><div class=\"dropdown-filter\"><div class=\"dropdown-group\"><select class=\"filter-dropdown\" id=\"filter-dropdown-1\" data-filter-index=\"1\" data-taxonomy=\"delivery_model\"  title=\"Filtrer par mod\u00e8les\" aria-label=\"Filtrer par mod\u00e8les\"><option value=\"\" disabled selected>Mod\u00e8les<\/option><option value=\"\">Tous<\/option><option value=\"163\">Gestion de la construction<\/option><option value=\"164\">Conception-construction\/ing\u00e9nierie, approvisionnement, construction<\/option><option value=\"165\">Entreprise g\u00e9n\u00e9rale<\/option><option value=\"166\">Entreprise g\u00e9n\u00e9rale industrielle<\/option><option value=\"167\">Ex\u00e9cution int\u00e9gr\u00e9e des projets<\/option><option value=\"168\">Partenariat public-priv\u00e9<\/option><option value=\"169\">Projets sp\u00e9ciaux<\/option><option value=\"170\">Somme stipul\u00e9e<\/option><option value=\"448\">Prix unitaire<\/option><\/select><\/div><\/div><div class=\"dropdown-filter\"><div class=\"dropdown-group\"><select class=\"filter-dropdown\" id=\"filter-dropdown-2\" data-filter-index=\"2\" data-taxonomy=\"service\"  title=\"Filtrer par tous les services\" aria-label=\"Filtrer par tous les services\"><option value=\"\" disabled selected>Tous les services<\/option><option value=\"\">Tous<\/option><option value=\"172\">BIM\/VDC<\/option><option value=\"173\">Fonds propres<\/option><option value=\"174\">Fabrication<\/option><option value=\"175\">Maintenance industrielle<\/option><option value=\"176\">LEED<sup aria-hidden=\"true\">\u00ae<\/sup><span class=\"screen-reader-text\">enregistr\u00e9<\/span>\/Construction durable<\/option><option value=\"177\">Bois de masse<\/option><option value=\"178\">B\u00e2timents modulaires<\/option><option value=\"179\">Participation des entrepreneurs avant la construction\/au d\u00e9but de la construction<\/option><option value=\"180\">Auto-ex\u00e9cution : Civil<\/option><option value=\"181\">Auto-ex\u00e9cution : Processus<\/option><option value=\"182\">Projets sp\u00e9ciaux<\/option><\/select><\/div><\/div><\/div><div class=\"filtered-posts\"><div class=\"post-grid\"><p>Chargement des projets...<\/p><\/div><\/div><\/div>\n\n\n<div style=\"height:100px\" aria-hidden=\"true\" class=\"wp-block-spacer is-style-entry-space\"><\/div>","protected":false},"excerpt":{"rendered":"<p>Data Centres &#038; Mission Critical Bird leads the way among mission-critical facility builders in Canada, acknowledged for our steadfast dedication to delivering top-tier projects with an unwavering focus on safety. In an industry where time is of the essence, we pride ourselves on offering a unique combination of agility, cost predictability, and schedule reliability that [&hellip;]<\/p>\n","protected":false},"author":1,"featured_media":6296,"parent":20,"menu_order":0,"comment_status":"closed","ping_status":"closed","template":"","meta":{"_acf_changed":false,"footnotes":""},"class_list":["post-6281","page","type-page","status-publish","has-post-thumbnail","hentry"],"acf":[],"yoast_head":"<!-- This site is optimized with the Yoast SEO Premium plugin v24.6 (Yoast SEO v27.3) - https:\/\/yoast.com\/product\/yoast-seo-premium-wordpress\/ -->\n<title>Data Centres &amp; Mission Critical | Bird Construction<\/title>\n<meta name=\"description\" content=\"Data Centres &amp; Mission Critical Bird leads the way among mission-critical facility builders in Canada, acknowledged for our steadfast dedication to\" \/>\n<meta name=\"robots\" content=\"index, follow, max-snippet:-1, max-image-preview:large, max-video-preview:-1\" \/>\n<link rel=\"canonical\" href=\"https:\/\/www.bird.ca\/fr\/experience-du-projet\/centres-de-donnees\/\" \/>\n<meta property=\"og:locale\" content=\"fr_CA\" \/>\n<meta property=\"og:type\" content=\"article\" \/>\n<meta property=\"og:title\" content=\"Data Centres &amp; Mission Critical | Bird Construction\" \/>\n<meta property=\"og:description\" content=\"Bird Construction has been providing construction services to a long list of new and repeat clients since 1920.\" \/>\n<meta property=\"og:url\" content=\"https:\/\/www.bird.ca\/fr\/experience-du-projet\/centres-de-donnees\/\" \/>\n<meta property=\"og:site_name\" content=\"Bird Construction\" \/>\n<meta property=\"article:publisher\" content=\"https:\/\/www.facebook.com\/people\/Bird-Construction-Inc\/100064108594609\/\" \/>\n<meta property=\"article:modified_time\" content=\"2026-03-05T13:52:14+00:00\" \/>\n<meta property=\"og:image\" content=\"https:\/\/cdn.bird.ca\/2025\/04\/11035823\/bird_market-sector_website-banners_data-centre-scaled.jpg\" \/>\n\t<meta property=\"og:image:width\" content=\"2560\" \/>\n\t<meta property=\"og:image:height\" content=\"933\" \/>\n\t<meta property=\"og:image:type\" content=\"image\/jpeg\" \/>\n<meta name=\"twitter:card\" content=\"summary_large_image\" \/>\n<meta name=\"twitter:label1\" content=\"Estimation du temps de lecture\" \/>\n\t<meta name=\"twitter:data1\" content=\"3 minutes\" \/>\n<script type=\"application\/ld+json\" class=\"yoast-schema-graph\">{\"@context\":\"https:\\\/\\\/schema.org\",\"@graph\":[{\"@type\":\"WebPage\",\"@id\":\"https:\\\/\\\/www.bird.ca\\\/project-experience\\\/data-centres\\\/\",\"url\":\"https:\\\/\\\/www.bird.ca\\\/project-experience\\\/data-centres\\\/\",\"name\":\"Data Centres & Mission Critical | Bird Construction\",\"isPartOf\":{\"@id\":\"https:\\\/\\\/www.bird.ca\\\/#website\"},\"primaryImageOfPage\":{\"@id\":\"https:\\\/\\\/www.bird.ca\\\/project-experience\\\/data-centres\\\/#primaryimage\"},\"image\":{\"@id\":\"https:\\\/\\\/www.bird.ca\\\/project-experience\\\/data-centres\\\/#primaryimage\"},\"thumbnailUrl\":\"https:\\\/\\\/cdn.bird.ca\\\/2025\\\/04\\\/11035823\\\/bird_market-sector_website-banners_data-centre-scaled.jpg\",\"datePublished\":\"2025-04-11T03:48:04+00:00\",\"dateModified\":\"2026-03-05T13:52:14+00:00\",\"description\":\"Data Centres & Mission Critical Bird leads the way among mission-critical facility builders in Canada, acknowledged for our steadfast dedication to\",\"breadcrumb\":{\"@id\":\"https:\\\/\\\/www.bird.ca\\\/project-experience\\\/data-centres\\\/#breadcrumb\"},\"inLanguage\":\"fr-CA\",\"potentialAction\":[{\"@type\":\"ReadAction\",\"target\":[\"https:\\\/\\\/www.bird.ca\\\/project-experience\\\/data-centres\\\/\"]}]},{\"@type\":\"ImageObject\",\"inLanguage\":\"fr-CA\",\"@id\":\"https:\\\/\\\/www.bird.ca\\\/project-experience\\\/data-centres\\\/#primaryimage\",\"url\":\"https:\\\/\\\/cdn.bird.ca\\\/2025\\\/04\\\/11035823\\\/bird_market-sector_website-banners_data-centre-scaled.jpg\",\"contentUrl\":\"https:\\\/\\\/cdn.bird.ca\\\/2025\\\/04\\\/11035823\\\/bird_market-sector_website-banners_data-centre-scaled.jpg\",\"width\":2560,\"height\":933,\"caption\":\"Abstract image showing a diagonal white stripe dividing green digital code and circuit patterns on the left from red glowing server racks on the right, symbolizing technology and data processing.\"},{\"@type\":\"BreadcrumbList\",\"@id\":\"https:\\\/\\\/www.bird.ca\\\/project-experience\\\/data-centres\\\/#breadcrumb\",\"itemListElement\":[{\"@type\":\"ListItem\",\"position\":1,\"name\":\"Home\",\"item\":\"https:\\\/\\\/www.bird.ca\\\/\"},{\"@type\":\"ListItem\",\"position\":2,\"name\":\"Project Experience\",\"item\":\"https:\\\/\\\/www.bird.ca\\\/project-experience\\\/\"},{\"@type\":\"ListItem\",\"position\":3,\"name\":\"Data Centres & Mission Critical\"}]},{\"@type\":\"WebSite\",\"@id\":\"https:\\\/\\\/www.bird.ca\\\/#website\",\"url\":\"https:\\\/\\\/www.bird.ca\\\/\",\"name\":\"Bird Construction\",\"description\":\"\",\"publisher\":{\"@id\":\"https:\\\/\\\/www.bird.ca\\\/#organization\"},\"potentialAction\":[{\"@type\":\"SearchAction\",\"target\":{\"@type\":\"EntryPoint\",\"urlTemplate\":\"https:\\\/\\\/www.bird.ca\\\/?s={search_term_string}\"},\"query-input\":{\"@type\":\"PropertyValueSpecification\",\"valueRequired\":true,\"valueName\":\"search_term_string\"}}],\"inLanguage\":\"fr-CA\"},{\"@type\":\"Organization\",\"@id\":\"https:\\\/\\\/www.bird.ca\\\/#organization\",\"name\":\"Bird Construction\",\"url\":\"https:\\\/\\\/www.bird.ca\\\/\",\"logo\":{\"@type\":\"ImageObject\",\"inLanguage\":\"fr-CA\",\"@id\":\"https:\\\/\\\/www.bird.ca\\\/#\\\/schema\\\/logo\\\/image\\\/\",\"url\":\"https:\\\/\\\/cdn.bird.ca\\\/2025\\\/01\\\/20212041\\\/bird-logo-RGB-e1739411338652.png\",\"contentUrl\":\"https:\\\/\\\/cdn.bird.ca\\\/2025\\\/01\\\/20212041\\\/bird-logo-RGB-e1739411338652.png\",\"width\":865,\"height\":366,\"caption\":\"Bird Construction\"},\"image\":{\"@id\":\"https:\\\/\\\/www.bird.ca\\\/#\\\/schema\\\/logo\\\/image\\\/\"},\"sameAs\":[\"https:\\\/\\\/www.facebook.com\\\/people\\\/Bird-Construction-Inc\\\/100064108594609\\\/\",\"https:\\\/\\\/www.instagram.com\\\/birdconstructioninc\\\/\",\"https:\\\/\\\/ca.linkedin.com\\\/company\\\/bird-construction-inc\"]}]}<\/script>\n<!-- \/ Yoast SEO Premium plugin. -->","yoast_head_json":{"title":"Centres de donn\u00e9es | Bird Construction","description":"Data Centres &amp; Mission Critical Bird est le chef de file des constructeurs d'installations critiques au Canada, reconnu pour son d\u00e9vouement in\u00e9branlable \u00e0 l'\u00e9gard des \u00e9l\u00e9ments suivants","robots":{"index":"index","follow":"follow","max-snippet":"max-snippet:-1","max-image-preview":"max-image-preview:large","max-video-preview":"max-video-preview:-1"},"canonical":"https:\/\/www.bird.ca\/fr\/experience-du-projet\/centres-de-donnees\/","og_locale":"fr_CA","og_type":"article","og_title":"Data Centres & Mission Critical | Bird Construction","og_description":"Bird Construction has been providing construction services to a long list of new and repeat clients since 1920.","og_url":"https:\/\/www.bird.ca\/fr\/experience-du-projet\/centres-de-donnees\/","og_site_name":"Bird Construction","article_publisher":"https:\/\/www.facebook.com\/people\/Bird-Construction-Inc\/100064108594609\/","article_modified_time":"2026-03-05T13:52:14+00:00","og_image":[{"width":2560,"height":933,"url":"https:\/\/cdn.bird.ca\/2025\/04\/11035823\/bird_market-sector_website-banners_data-centre-scaled.jpg","type":"image\/jpeg"}],"twitter_card":"summary_large_image","twitter_misc":{"Estimation du temps de lecture":"3 minutes"},"schema":{"@context":"https:\/\/schema.org","@graph":[{"@type":"WebPage","@id":"https:\/\/www.bird.ca\/project-experience\/data-centres\/","url":"https:\/\/www.bird.ca\/project-experience\/data-centres\/","name":"Centres de donn\u00e9es | Bird Construction","isPartOf":{"@id":"https:\/\/www.bird.ca\/#website"},"primaryImageOfPage":{"@id":"https:\/\/www.bird.ca\/project-experience\/data-centres\/#primaryimage"},"image":{"@id":"https:\/\/www.bird.ca\/project-experience\/data-centres\/#primaryimage"},"thumbnailUrl":"https:\/\/cdn.bird.ca\/2025\/04\/11035823\/bird_market-sector_website-banners_data-centre-scaled.jpg","datePublished":"2025-04-11T03:48:04+00:00","dateModified":"2026-03-05T13:52:14+00:00","description":"Data Centres &amp; Mission Critical Bird est le chef de file des constructeurs d'installations critiques au Canada, reconnu pour son d\u00e9vouement in\u00e9branlable \u00e0 l'\u00e9gard des \u00e9l\u00e9ments suivants","breadcrumb":{"@id":"https:\/\/www.bird.ca\/project-experience\/data-centres\/#breadcrumb"},"inLanguage":"fr-CA","potentialAction":[{"@type":"ReadAction","target":["https:\/\/www.bird.ca\/project-experience\/data-centres\/"]}]},{"@type":"ImageObject","inLanguage":"fr-CA","@id":"https:\/\/www.bird.ca\/project-experience\/data-centres\/#primaryimage","url":"https:\/\/cdn.bird.ca\/2025\/04\/11035823\/bird_market-sector_website-banners_data-centre-scaled.jpg","contentUrl":"https:\/\/cdn.bird.ca\/2025\/04\/11035823\/bird_market-sector_website-banners_data-centre-scaled.jpg","width":2560,"height":933,"caption":"Abstract image showing a diagonal white stripe dividing green digital code and circuit patterns on the left from red glowing server racks on the right, symbolizing technology and data processing."},{"@type":"BreadcrumbList","@id":"https:\/\/www.bird.ca\/project-experience\/data-centres\/#breadcrumb","itemListElement":[{"@type":"ListItem","position":1,"name":"Home","item":"https:\/\/www.bird.ca\/"},{"@type":"ListItem","position":2,"name":"Project Experience","item":"https:\/\/www.bird.ca\/project-experience\/"},{"@type":"ListItem","position":3,"name":"Data Centres & Mission Critical"}]},{"@type":"WebSite","@id":"https:\/\/www.bird.ca\/#website","url":"https:\/\/www.bird.ca\/","name":"Bird Construction","description":"","publisher":{"@id":"https:\/\/www.bird.ca\/#organization"},"potentialAction":[{"@type":"SearchAction","target":{"@type":"EntryPoint","urlTemplate":"https:\/\/www.bird.ca\/?s={search_term_string}"},"query-input":{"@type":"PropertyValueSpecification","valueRequired":true,"valueName":"search_term_string"}}],"inLanguage":"fr-CA"},{"@type":"Organization","@id":"https:\/\/www.bird.ca\/#organization","name":"Bird Construction","url":"https:\/\/www.bird.ca\/","logo":{"@type":"ImageObject","inLanguage":"fr-CA","@id":"https:\/\/www.bird.ca\/#\/schema\/logo\/image\/","url":"https:\/\/cdn.bird.ca\/2025\/01\/20212041\/bird-logo-RGB-e1739411338652.png","contentUrl":"https:\/\/cdn.bird.ca\/2025\/01\/20212041\/bird-logo-RGB-e1739411338652.png","width":865,"height":366,"caption":"Bird Construction"},"image":{"@id":"https:\/\/www.bird.ca\/#\/schema\/logo\/image\/"},"sameAs":["https:\/\/www.facebook.com\/people\/Bird-Construction-Inc\/100064108594609\/","https:\/\/www.instagram.com\/birdconstructioninc\/","https:\/\/ca.linkedin.com\/company\/bird-construction-inc"]}]}},"_links":{"self":[{"href":"https:\/\/www.bird.ca\/fr\/wp-json\/wp\/v2\/pages\/6281","targetHints":{"allow":["GET"]}}],"collection":[{"href":"https:\/\/www.bird.ca\/fr\/wp-json\/wp\/v2\/pages"}],"about":[{"href":"https:\/\/www.bird.ca\/fr\/wp-json\/wp\/v2\/types\/page"}],"author":[{"embeddable":true,"href":"https:\/\/www.bird.ca\/fr\/wp-json\/wp\/v2\/users\/1"}],"replies":[{"embeddable":true,"href":"https:\/\/www.bird.ca\/fr\/wp-json\/wp\/v2\/comments?post=6281"}],"version-history":[{"count":12,"href":"https:\/\/www.bird.ca\/fr\/wp-json\/wp\/v2\/pages\/6281\/revisions"}],"predecessor-version":[{"id":13571,"href":"https:\/\/www.bird.ca\/fr\/wp-json\/wp\/v2\/pages\/6281\/revisions\/13571"}],"up":[{"embeddable":true,"href":"https:\/\/www.bird.ca\/fr\/wp-json\/wp\/v2\/pages\/20"}],"wp:featuredmedia":[{"embeddable":true,"href":"https:\/\/www.bird.ca\/fr\/wp-json\/wp\/v2\/media\/6296"}],"wp:attachment":[{"href":"https:\/\/www.bird.ca\/fr\/wp-json\/wp\/v2\/media?parent=6281"}],"curies":[{"name":"wp","href":"https:\/\/api.w.org\/{rel}","templated":true}]}}