{"id":6322,"date":"2025-04-11T04:25:18","date_gmt":"2025-04-11T04:25:18","guid":{"rendered":"https:\/\/www.bird.ca\/?page_id=6322"},"modified":"2026-02-24T17:05:06","modified_gmt":"2026-02-24T17:05:06","slug":"logistique-dentreposage","status":"publish","type":"page","link":"https:\/\/www.bird.ca\/fr\/project-experience\/warehousing-logistics\/","title":{"rendered":"Entreposage et logistique"},"content":{"rendered":"<div class=\"wp-block-create-block-hero-static\">\n\t<div class=\"hero-banner\">\n\t\t\t\t\t<img loading=\"lazy\" decoding=\"async\" width=\"1920\" height=\"700\" src=\"https:\/\/cdn.bird.ca\/2026\/02\/04203117\/Market-Sector_Banner_Warehousing_Logistics_Hero1-1.jpg\" class=\"attachment-banner-size size-banner-size\" alt=\"Image fractionn\u00e9e montrant un port anim\u00e9 avec des grues rouges et des conteneurs \u00e0 gauche, et un int\u00e9rieur d&#039;entrep\u00f4t lumineux avec des palettes et des bo\u00eetes empil\u00e9es \u00e0 droite, mettant en \u00e9vidence la logistique et les op\u00e9rations de la cha\u00eene d&#039;approvisionnement.\" sizes=\"auto, 100vw\" srcset=\"https:\/\/cdn.bird.ca\/2026\/02\/04203117\/Market-Sector_Banner_Warehousing_Logistics_Hero1-1.jpg 1920w, https:\/\/cdn.bird.ca\/2026\/02\/04203117\/Market-Sector_Banner_Warehousing_Logistics_Hero1-1-300x109.jpg 300w, https:\/\/cdn.bird.ca\/2026\/02\/04203117\/Market-Sector_Banner_Warehousing_Logistics_Hero1-1-1024x373.jpg 1024w, https:\/\/cdn.bird.ca\/2026\/02\/04203117\/Market-Sector_Banner_Warehousing_Logistics_Hero1-1-768x280.jpg 768w, https:\/\/cdn.bird.ca\/2026\/02\/04203117\/Market-Sector_Banner_Warehousing_Logistics_Hero1-1-1536x560.jpg 1536w, https:\/\/cdn.bird.ca\/2026\/02\/04203117\/Market-Sector_Banner_Warehousing_Logistics_Hero1-1-18x7.jpg 18w\" \/>\n\t\t\t\t\t\t\t<div class=\"hero-banner__overlay\"><\/div>\n\t\t\t\n\t\t\t\t\t\t\t<div class=\"hero-banner__content\">\n\t\t\t\t\t<h1 class=\"hero-banner__title\">Entreposage et logistique<\/h1>\n\t\t\t\t<\/div>\n\t\t\t\t\t\t<\/div>\n<\/div>\n\n\n<div style=\"height:100px\" aria-hidden=\"true\" class=\"wp-block-spacer is-style-entry-space\"><\/div>\n\n\n<div class=\"breadcrumb-block wp-block-create-block-breadcrumb-block\">\n\t\t\t\t\t<nav class=\"breadcrumb\" aria-label=\"Fil d&#039;Ariane\">\n\t\t\t<ol class=\"breadcrumb-list\">\n\t\t\t\t\t\t\t\t\t<li class=\"breadcrumb-item\"><a href=\"https:\/\/www.bird.ca\/fr\/\">Accueil<\/a><\/li>\t\t\t\t\t\t\t<\/ol>\n\t\t<\/nav>\n\t<\/div>\n\n\n<div class=\"wp-block-group is-layout-constrained wp-block-group-is-layout-constrained\" style=\"margin-top:var(--wp--preset--spacing--50)\">\n<div class=\"wp-block-columns gap: 100px; is-style-card-column is-layout-flex wp-container-core-columns-is-layout-28f84493 wp-block-columns-is-layout-flex\">\n<div class=\"wp-block-column is-vertically-aligned-top is-layout-flow wp-block-column-is-layout-flow\">\n<h1 class=\"wp-block-heading has-text-align-left is-style-bird-h2\" id=\"h-warehousing-amp-logistics\">Entreposage et logistique<\/h1>\n\n\n\n<p class=\"has-text-align-left is-style-bird-body\" style=\"font-size:1rem\">Bird sait comment r\u00e9pondre \u00e0 la complexit\u00e9 des installations de fabrication, de traitement, de distribution et d'entreposage dans le cadre d'une s\u00e9rie de contrats. Nos \u00e9quipes d'experts poss\u00e8dent la pr\u00e9voyance et l'expertise n\u00e9cessaires pour op\u00e9rer dans des environnements actifs, en veillant \u00e0 ce que les op\u00e9rations quotidiennes du client ne subissent qu'une interruption minimale.<\/p>\n\n\n\n<p class=\"has-text-align-left is-style-bird-body\" style=\"font-size:1rem\">En int\u00e9grant la conception et la construction virtuelles (VDC) et la mod\u00e9lisation des donn\u00e9es du b\u00e2timent (BIM) dans de nombreux projets, nous garantissons que la constructibilit\u00e9, l'exploitation et la maintenance font partie int\u00e9grante de notre processus. Cette approche permet de respecter les d\u00e9lais des projets, de renforcer la confiance des clients et de r\u00e9aliser d'importantes \u00e9conomies.<\/p>\n\n\n\n<p class=\"is-style-default\"><strong>Pour d'autres projets pertinents, veuillez consulter <a href=\"https:\/\/www.jacobbros.ca\/projects\/civil\/\" target=\"_blank\" rel=\"noreferrer noopener\">Jacob Bros<\/a> et <a href=\"https:\/\/frpd.com\/our-projects\/\" target=\"_blank\" rel=\"noreferrer noopener\">FRPD<\/a>.<\/strong><\/p>\n<\/div>\n\n\n\n<div class=\"wp-block-column is-layout-flow wp-block-column-is-layout-flow\">\n<figure class=\"wp-block-image size-full is-style-image-shadow-right\"><img loading=\"lazy\" decoding=\"async\" width=\"1000\" height=\"667\" src=\"https:\/\/cdn.bird.ca\/2025\/04\/11042421\/warehousing-logistics_hero_4_r.png\" alt=\"Une installation industrielle spacieuse et bien \u00e9clair\u00e9e, avec un haut plafond, des poutres apparentes, de grandes machines, des tuyaux en m\u00e9tal et des \u00e9quipements dispos\u00e9s sur les c\u00f4t\u00e9s. Le sol en b\u00e9ton est propre et pr\u00e9sente peu de traces d&#039;humidit\u00e9.\" class=\"wp-image-6324\" srcset=\"https:\/\/cdn.bird.ca\/2025\/04\/11042421\/warehousing-logistics_hero_4_r.png 1000w, https:\/\/cdn.bird.ca\/2025\/04\/11042421\/warehousing-logistics_hero_4_r-300x200.png 300w, https:\/\/cdn.bird.ca\/2025\/04\/11042421\/warehousing-logistics_hero_4_r-768x512.png 768w\" sizes=\"auto, (max-width: 1000px) 100vw, 1000px\" \/><\/figure>\n<\/div>\n<\/div>\n<\/div>\n\n\n\n<div style=\"height:100px\" aria-hidden=\"true\" class=\"wp-block-spacer is-style-entry-space\"><\/div>\n\n\n\n<h2 class=\"wp-block-heading is-style-bird-h3\" id=\"h-explore-our-warehousing-amp-logistics-projects\">D\u00e9couvrez nos projets d'entreposage et de logistique<\/h2>\n\n\n<div class=\"post-list-filters-block wp-block-create-block-post-list-filters\"\tdata-post-type=\"projects\" data-button-taxonomy=\"market\"\n\tdata-button-parent-term=\"381\">\n\t<div class=\"filter-buttons\"><button class=\"filter-button all\" data-term-id=\"\" data-taxonomy=\"market\">Tous<\/button><button class=\"filter-button disabled\" data-term-id=\"482\" data-taxonomy=\"market\" disabled>Logistique et terminaux<\/button><button class=\"filter-button\" data-term-id=\"488\" data-taxonomy=\"market\">Ports et travaux maritimes<\/button><button class=\"filter-button disabled\" data-term-id=\"383\" data-taxonomy=\"market\" disabled>Tri<\/button><button class=\"filter-button\" data-term-id=\"382\" data-taxonomy=\"market\">Stockage et distribution<\/button><button class=\"filter-button disabled\" data-term-id=\"385\" data-taxonomy=\"market\" disabled>Entreposage<\/button><\/div><div class=\"dropdown-filters\"><div class=\"dropdown-filter\"><div class=\"dropdown-group\"><select class=\"filter-dropdown\" id=\"filter-dropdown-0\" data-filter-index=\"0\" data-taxonomy=\"location\"  title=\"Filtrer par provinces\" aria-label=\"Filtrer par provinces\"><option value=\"\" disabled selected>Provinces<\/option><option value=\"\">Tous<\/option><option value=\"135\">Alberta<\/option><option value=\"141\">Colombie-Britannique<\/option><option value=\"145\">Manitoba<\/option><option value=\"148\">Nouveau-Brunswick<\/option><option value=\"149\">Terre-Neuve et Labrador<\/option><option value=\"158\">Nord<\/option><option value=\"150\">Nouvelle-\u00c9cosse<\/option><option value=\"151\">Ontario<\/option><option value=\"155\">Qu\u00e9bec<\/option><option value=\"156\">Saskatchewan<\/option><option value=\"157\">Territoires<\/option><option value=\"458\">Divers sites, Alberta<\/option><\/select><\/div><\/div><div class=\"dropdown-filter\"><div class=\"dropdown-group\"><select class=\"filter-dropdown\" id=\"filter-dropdown-1\" data-filter-index=\"1\" data-taxonomy=\"delivery_model\"  title=\"Filtrer par mod\u00e8les\" aria-label=\"Filtrer par mod\u00e8les\"><option value=\"\" disabled selected>Mod\u00e8les<\/option><option value=\"\">Tous<\/option><option value=\"163\">Gestion de la construction<\/option><option value=\"164\">Conception-construction\/ing\u00e9nierie, approvisionnement, construction<\/option><option value=\"165\">Entreprise g\u00e9n\u00e9rale<\/option><option value=\"166\">Entreprise g\u00e9n\u00e9rale industrielle<\/option><option value=\"167\">Ex\u00e9cution int\u00e9gr\u00e9e des projets<\/option><option value=\"168\">Partenariat public-priv\u00e9<\/option><option value=\"169\">Projets sp\u00e9ciaux<\/option><option value=\"170\">Somme stipul\u00e9e<\/option><option value=\"448\">Prix unitaire<\/option><\/select><\/div><\/div><div class=\"dropdown-filter\"><div class=\"dropdown-group\"><select class=\"filter-dropdown\" id=\"filter-dropdown-2\" data-filter-index=\"2\" data-taxonomy=\"service\"  title=\"Filtrer par tous les services\" aria-label=\"Filtrer par tous les services\"><option value=\"\" disabled selected>Tous les services<\/option><option value=\"\">Tous<\/option><option value=\"172\">BIM\/VDC<\/option><option value=\"173\">Fonds propres<\/option><option value=\"174\">Fabrication<\/option><option value=\"175\">Maintenance industrielle<\/option><option value=\"176\">LEED<sup aria-hidden=\"true\">\u00ae<\/sup><span class=\"screen-reader-text\">enregistr\u00e9<\/span>\/Construction durable<\/option><option value=\"177\">Bois de masse<\/option><option value=\"178\">B\u00e2timents modulaires<\/option><option value=\"179\">Participation des entrepreneurs avant la construction\/au d\u00e9but de la construction<\/option><option value=\"180\">Auto-ex\u00e9cution : Civil<\/option><option value=\"181\">Auto-ex\u00e9cution : Processus<\/option><option value=\"182\">Projets sp\u00e9ciaux<\/option><\/select><\/div><\/div><\/div><div class=\"filtered-posts\"><div class=\"post-grid\"><p>Chargement des projets...<\/p><\/div><\/div><\/div>\n\n\n<div style=\"height:100px\" aria-hidden=\"true\" class=\"wp-block-spacer is-style-entry-space\"><\/div>","protected":false},"excerpt":{"rendered":"<p>Warehousing &amp; Logistics Bird knows how to deliver the complexities of manufacturing, processing, distribution, and warehouse facilities under a range of contract formats. Our expert teams possess the foresight and expertise to operate within active environments, ensuring the client\u2019s daily operations experience minimal interruption. By incorporating Virtual Design and Construction (VDC) and Building Information Modeling [&hellip;]<\/p>\n","protected":false},"author":1,"featured_media":13435,"parent":20,"menu_order":0,"comment_status":"closed","ping_status":"closed","template":"","meta":{"_acf_changed":false,"footnotes":""},"class_list":["post-6322","page","type-page","status-publish","has-post-thumbnail","hentry"],"acf":[],"yoast_head":"<!-- This site is optimized with the Yoast SEO Premium plugin v24.6 (Yoast SEO v27.3) - https:\/\/yoast.com\/product\/yoast-seo-premium-wordpress\/ -->\n<title>Warehousing &amp; Logistics | Bird Construction<\/title>\n<meta name=\"description\" content=\"Warehousing &amp; Logistics Bird knows how to deliver the complexities of manufacturing, processing, distribution, and warehouse facilities under a range\" \/>\n<meta name=\"robots\" content=\"index, follow, max-snippet:-1, max-image-preview:large, max-video-preview:-1\" \/>\n<link rel=\"canonical\" href=\"https:\/\/www.bird.ca\/fr\/experience-du-projet\/logistique-dentreposage\/\" \/>\n<meta property=\"og:locale\" content=\"fr_CA\" \/>\n<meta property=\"og:type\" content=\"article\" \/>\n<meta property=\"og:title\" content=\"Warehousing &amp; Logistics | Bird Construction\" \/>\n<meta property=\"og:description\" content=\"Bird Construction has been providing construction services to a long list of new and repeat clients since 1920.\" \/>\n<meta property=\"og:url\" content=\"https:\/\/www.bird.ca\/fr\/experience-du-projet\/logistique-dentreposage\/\" \/>\n<meta property=\"og:site_name\" content=\"Bird Construction\" \/>\n<meta property=\"article:publisher\" content=\"https:\/\/www.facebook.com\/people\/Bird-Construction-Inc\/100064108594609\/\" \/>\n<meta property=\"article:modified_time\" content=\"2026-02-24T17:05:06+00:00\" \/>\n<meta property=\"og:image\" content=\"https:\/\/cdn.bird.ca\/2026\/02\/04203117\/Market-Sector_Banner_Warehousing_Logistics_Hero1-1.jpg\" \/>\n\t<meta property=\"og:image:width\" content=\"1920\" \/>\n\t<meta property=\"og:image:height\" content=\"700\" \/>\n\t<meta property=\"og:image:type\" content=\"image\/jpeg\" \/>\n<meta name=\"twitter:card\" content=\"summary_large_image\" \/>\n<meta name=\"twitter:label1\" content=\"Estimation du temps de lecture\" \/>\n\t<meta name=\"twitter:data1\" content=\"1 minute\" \/>\n<script type=\"application\/ld+json\" class=\"yoast-schema-graph\">{\"@context\":\"https:\\\/\\\/schema.org\",\"@graph\":[{\"@type\":\"WebPage\",\"@id\":\"https:\\\/\\\/www.bird.ca\\\/project-experience\\\/warehousing-logistics\\\/\",\"url\":\"https:\\\/\\\/www.bird.ca\\\/project-experience\\\/warehousing-logistics\\\/\",\"name\":\"Warehousing &amp; Logistics | Bird Construction\",\"isPartOf\":{\"@id\":\"https:\\\/\\\/www.bird.ca\\\/#website\"},\"primaryImageOfPage\":{\"@id\":\"https:\\\/\\\/www.bird.ca\\\/project-experience\\\/warehousing-logistics\\\/#primaryimage\"},\"image\":{\"@id\":\"https:\\\/\\\/www.bird.ca\\\/project-experience\\\/warehousing-logistics\\\/#primaryimage\"},\"thumbnailUrl\":\"https:\\\/\\\/cdn.bird.ca\\\/2026\\\/02\\\/04203117\\\/Market-Sector_Banner_Warehousing_Logistics_Hero1-1.jpg\",\"datePublished\":\"2025-04-11T04:25:18+00:00\",\"dateModified\":\"2026-02-24T17:05:06+00:00\",\"description\":\"Warehousing &amp; Logistics Bird knows how to deliver the complexities of manufacturing, processing, distribution, and warehouse facilities under a range\",\"breadcrumb\":{\"@id\":\"https:\\\/\\\/www.bird.ca\\\/project-experience\\\/warehousing-logistics\\\/#breadcrumb\"},\"inLanguage\":\"fr-CA\",\"potentialAction\":[{\"@type\":\"ReadAction\",\"target\":[\"https:\\\/\\\/www.bird.ca\\\/project-experience\\\/warehousing-logistics\\\/\"]}]},{\"@type\":\"ImageObject\",\"inLanguage\":\"fr-CA\",\"@id\":\"https:\\\/\\\/www.bird.ca\\\/project-experience\\\/warehousing-logistics\\\/#primaryimage\",\"url\":\"https:\\\/\\\/cdn.bird.ca\\\/2026\\\/02\\\/04203117\\\/Market-Sector_Banner_Warehousing_Logistics_Hero1-1.jpg\",\"contentUrl\":\"https:\\\/\\\/cdn.bird.ca\\\/2026\\\/02\\\/04203117\\\/Market-Sector_Banner_Warehousing_Logistics_Hero1-1.jpg\",\"width\":1920,\"height\":700,\"caption\":\"Split image showing a busy port with red cranes and containers on the left, and a bright warehouse interior with stacked pallets and boxes on the right, highlighting logistics and supply chain operations.\"},{\"@type\":\"BreadcrumbList\",\"@id\":\"https:\\\/\\\/www.bird.ca\\\/project-experience\\\/warehousing-logistics\\\/#breadcrumb\",\"itemListElement\":[{\"@type\":\"ListItem\",\"position\":1,\"name\":\"Home\",\"item\":\"https:\\\/\\\/www.bird.ca\\\/\"},{\"@type\":\"ListItem\",\"position\":2,\"name\":\"Project Experience\",\"item\":\"https:\\\/\\\/www.bird.ca\\\/project-experience\\\/\"},{\"@type\":\"ListItem\",\"position\":3,\"name\":\"Warehousing &amp; Logistics\"}]},{\"@type\":\"WebSite\",\"@id\":\"https:\\\/\\\/www.bird.ca\\\/#website\",\"url\":\"https:\\\/\\\/www.bird.ca\\\/\",\"name\":\"Bird Construction\",\"description\":\"\",\"publisher\":{\"@id\":\"https:\\\/\\\/www.bird.ca\\\/#organization\"},\"potentialAction\":[{\"@type\":\"SearchAction\",\"target\":{\"@type\":\"EntryPoint\",\"urlTemplate\":\"https:\\\/\\\/www.bird.ca\\\/?s={search_term_string}\"},\"query-input\":{\"@type\":\"PropertyValueSpecification\",\"valueRequired\":true,\"valueName\":\"search_term_string\"}}],\"inLanguage\":\"fr-CA\"},{\"@type\":\"Organization\",\"@id\":\"https:\\\/\\\/www.bird.ca\\\/#organization\",\"name\":\"Bird Construction\",\"url\":\"https:\\\/\\\/www.bird.ca\\\/\",\"logo\":{\"@type\":\"ImageObject\",\"inLanguage\":\"fr-CA\",\"@id\":\"https:\\\/\\\/www.bird.ca\\\/#\\\/schema\\\/logo\\\/image\\\/\",\"url\":\"https:\\\/\\\/cdn.bird.ca\\\/2025\\\/01\\\/20212041\\\/bird-logo-RGB-e1739411338652.png\",\"contentUrl\":\"https:\\\/\\\/cdn.bird.ca\\\/2025\\\/01\\\/20212041\\\/bird-logo-RGB-e1739411338652.png\",\"width\":865,\"height\":366,\"caption\":\"Bird Construction\"},\"image\":{\"@id\":\"https:\\\/\\\/www.bird.ca\\\/#\\\/schema\\\/logo\\\/image\\\/\"},\"sameAs\":[\"https:\\\/\\\/www.facebook.com\\\/people\\\/Bird-Construction-Inc\\\/100064108594609\\\/\",\"https:\\\/\\\/www.instagram.com\\\/birdconstructioninc\\\/\",\"https:\\\/\\\/ca.linkedin.com\\\/company\\\/bird-construction-inc\"]}]}<\/script>\n<!-- \/ Yoast SEO Premium plugin. -->","yoast_head_json":{"title":"Entreposage et logistique | Bird Construction","description":"Warehousing &amp; Logistics Bird sait comment g\u00e9rer la complexit\u00e9 des installations de fabrication, de traitement, de distribution et d'entreposage dans le cadre d'une s\u00e9rie de projets.","robots":{"index":"index","follow":"follow","max-snippet":"max-snippet:-1","max-image-preview":"max-image-preview:large","max-video-preview":"max-video-preview:-1"},"canonical":"https:\/\/www.bird.ca\/fr\/experience-du-projet\/logistique-dentreposage\/","og_locale":"fr_CA","og_type":"article","og_title":"Warehousing &amp; Logistics | Bird Construction","og_description":"Bird Construction has been providing construction services to a long list of new and repeat clients since 1920.","og_url":"https:\/\/www.bird.ca\/fr\/experience-du-projet\/logistique-dentreposage\/","og_site_name":"Bird Construction","article_publisher":"https:\/\/www.facebook.com\/people\/Bird-Construction-Inc\/100064108594609\/","article_modified_time":"2026-02-24T17:05:06+00:00","og_image":[{"width":1920,"height":700,"url":"https:\/\/cdn.bird.ca\/2026\/02\/04203117\/Market-Sector_Banner_Warehousing_Logistics_Hero1-1.jpg","type":"image\/jpeg"}],"twitter_card":"summary_large_image","twitter_misc":{"Estimation du temps de lecture":"1 minute"},"schema":{"@context":"https:\/\/schema.org","@graph":[{"@type":"WebPage","@id":"https:\/\/www.bird.ca\/project-experience\/warehousing-logistics\/","url":"https:\/\/www.bird.ca\/project-experience\/warehousing-logistics\/","name":"Entreposage et logistique | Bird Construction","isPartOf":{"@id":"https:\/\/www.bird.ca\/#website"},"primaryImageOfPage":{"@id":"https:\/\/www.bird.ca\/project-experience\/warehousing-logistics\/#primaryimage"},"image":{"@id":"https:\/\/www.bird.ca\/project-experience\/warehousing-logistics\/#primaryimage"},"thumbnailUrl":"https:\/\/cdn.bird.ca\/2026\/02\/04203117\/Market-Sector_Banner_Warehousing_Logistics_Hero1-1.jpg","datePublished":"2025-04-11T04:25:18+00:00","dateModified":"2026-02-24T17:05:06+00:00","description":"Warehousing &amp; Logistics Bird sait comment g\u00e9rer la complexit\u00e9 des installations de fabrication, de traitement, de distribution et d'entreposage dans le cadre d'une s\u00e9rie de projets.","breadcrumb":{"@id":"https:\/\/www.bird.ca\/project-experience\/warehousing-logistics\/#breadcrumb"},"inLanguage":"fr-CA","potentialAction":[{"@type":"ReadAction","target":["https:\/\/www.bird.ca\/project-experience\/warehousing-logistics\/"]}]},{"@type":"ImageObject","inLanguage":"fr-CA","@id":"https:\/\/www.bird.ca\/project-experience\/warehousing-logistics\/#primaryimage","url":"https:\/\/cdn.bird.ca\/2026\/02\/04203117\/Market-Sector_Banner_Warehousing_Logistics_Hero1-1.jpg","contentUrl":"https:\/\/cdn.bird.ca\/2026\/02\/04203117\/Market-Sector_Banner_Warehousing_Logistics_Hero1-1.jpg","width":1920,"height":700,"caption":"Split image showing a busy port with red cranes and containers on the left, and a bright warehouse interior with stacked pallets and boxes on the right, highlighting logistics and supply chain operations."},{"@type":"BreadcrumbList","@id":"https:\/\/www.bird.ca\/project-experience\/warehousing-logistics\/#breadcrumb","itemListElement":[{"@type":"ListItem","position":1,"name":"Home","item":"https:\/\/www.bird.ca\/"},{"@type":"ListItem","position":2,"name":"Project Experience","item":"https:\/\/www.bird.ca\/project-experience\/"},{"@type":"ListItem","position":3,"name":"Warehousing &amp; Logistics"}]},{"@type":"WebSite","@id":"https:\/\/www.bird.ca\/#website","url":"https:\/\/www.bird.ca\/","name":"Bird Construction","description":"","publisher":{"@id":"https:\/\/www.bird.ca\/#organization"},"potentialAction":[{"@type":"SearchAction","target":{"@type":"EntryPoint","urlTemplate":"https:\/\/www.bird.ca\/?s={search_term_string}"},"query-input":{"@type":"PropertyValueSpecification","valueRequired":true,"valueName":"search_term_string"}}],"inLanguage":"fr-CA"},{"@type":"Organization","@id":"https:\/\/www.bird.ca\/#organization","name":"Bird Construction","url":"https:\/\/www.bird.ca\/","logo":{"@type":"ImageObject","inLanguage":"fr-CA","@id":"https:\/\/www.bird.ca\/#\/schema\/logo\/image\/","url":"https:\/\/cdn.bird.ca\/2025\/01\/20212041\/bird-logo-RGB-e1739411338652.png","contentUrl":"https:\/\/cdn.bird.ca\/2025\/01\/20212041\/bird-logo-RGB-e1739411338652.png","width":865,"height":366,"caption":"Bird Construction"},"image":{"@id":"https:\/\/www.bird.ca\/#\/schema\/logo\/image\/"},"sameAs":["https:\/\/www.facebook.com\/people\/Bird-Construction-Inc\/100064108594609\/","https:\/\/www.instagram.com\/birdconstructioninc\/","https:\/\/ca.linkedin.com\/company\/bird-construction-inc"]}]}},"_links":{"self":[{"href":"https:\/\/www.bird.ca\/fr\/wp-json\/wp\/v2\/pages\/6322","targetHints":{"allow":["GET"]}}],"collection":[{"href":"https:\/\/www.bird.ca\/fr\/wp-json\/wp\/v2\/pages"}],"about":[{"href":"https:\/\/www.bird.ca\/fr\/wp-json\/wp\/v2\/types\/page"}],"author":[{"embeddable":true,"href":"https:\/\/www.bird.ca\/fr\/wp-json\/wp\/v2\/users\/1"}],"replies":[{"embeddable":true,"href":"https:\/\/www.bird.ca\/fr\/wp-json\/wp\/v2\/comments?post=6322"}],"version-history":[{"count":10,"href":"https:\/\/www.bird.ca\/fr\/wp-json\/wp\/v2\/pages\/6322\/revisions"}],"predecessor-version":[{"id":13538,"href":"https:\/\/www.bird.ca\/fr\/wp-json\/wp\/v2\/pages\/6322\/revisions\/13538"}],"up":[{"embeddable":true,"href":"https:\/\/www.bird.ca\/fr\/wp-json\/wp\/v2\/pages\/20"}],"wp:featuredmedia":[{"embeddable":true,"href":"https:\/\/www.bird.ca\/fr\/wp-json\/wp\/v2\/media\/13435"}],"wp:attachment":[{"href":"https:\/\/www.bird.ca\/fr\/wp-json\/wp\/v2\/media?parent=6322"}],"curies":[{"name":"wp","href":"https:\/\/api.w.org\/{rel}","templated":true}]}}