{"id":910,"date":"2025-02-04T16:17:02","date_gmt":"2025-02-04T16:17:02","guid":{"rendered":"https:\/\/www.bird.ca\/?page_id=910"},"modified":"2025-06-17T19:03:14","modified_gmt":"2025-06-17T19:03:14","slug":"modeles-de-distribution","status":"publish","type":"page","link":"https:\/\/www.bird.ca\/fr\/what-we-do\/delivery-models\/","title":{"rendered":"Mod\u00e8les de livraison"},"content":{"rendered":"<div style=\"height:100px\" aria-hidden=\"true\" class=\"wp-block-spacer is-style-entry-space\"><\/div>\n\n\n<div class=\"breadcrumb-block wp-block-create-block-breadcrumb-block\">\n\t\t\t\t\t<nav class=\"breadcrumb\" aria-label=\"Fil d&#039;Ariane\">\n\t\t\t<ol class=\"breadcrumb-list\">\n\t\t\t\t\t\t\t\t\t<li class=\"breadcrumb-item\"><a href=\"https:\/\/www.bird.ca\/fr\/\">Accueil<\/a><\/li>\t\t\t\t\t\t\t<\/ol>\n\t\t<\/nav>\n\t<\/div>\n\n\n<div style=\"height:30px\" aria-hidden=\"true\" class=\"wp-block-spacer\"><\/div>\n\n\n\n<h1 class=\"wp-block-heading\" id=\"h-delivery-models\">Mod\u00e8les de livraison<\/h1>\n\n\n\n<div style=\"height:30px\" aria-hidden=\"true\" class=\"wp-block-spacer\"><\/div>\n\n\n\n<div class=\"wp-block-group is-layout-grid wp-container-core-group-is-layout-ed23f9d1 wp-block-group-is-layout-grid\">\n<div class=\"wp-block-group animate-slide-up is-vertical is-layout-flex wp-container-core-group-is-layout-41fdfdc5 wp-block-group-is-layout-flex\">\n<figure class=\"wp-block-image size-full is-style-image-tall\"><img loading=\"lazy\" decoding=\"async\" width=\"1000\" height=\"750\" src=\"https:\/\/cdn.bird.ca\/2025\/02\/20211619\/ipd.jpg\" alt=\"Un tableau blanc avec plusieurs notes autocollantes dispos\u00e9es en lignes et en colonnes, affichant diverses t\u00e2ches et \u00e9tiquettes \u00e9crites \u00e0 la main. En arri\u00e8re-plan, une grande grille est dessin\u00e9e sur un autre tableau blanc. Quatre marqueurs effa\u00e7ables \u00e0 sec sont pos\u00e9s sur le cadre du tableau.\" class=\"wp-image-1619\" srcset=\"https:\/\/cdn.bird.ca\/2025\/02\/20211619\/ipd.jpg 1000w, https:\/\/cdn.bird.ca\/2025\/02\/20211619\/ipd-300x225.jpg 300w, https:\/\/cdn.bird.ca\/2025\/02\/20211619\/ipd-768x576.jpg 768w\" sizes=\"auto, (max-width: 1000px) 100vw, 1000px\" \/><\/figure>\n\n\n\n<div class=\"wp-block-group is-vertical is-layout-flex wp-container-core-group-is-layout-355c4241 wp-block-group-is-layout-flex\">\n<h2 class=\"wp-block-heading\" id=\"h-integrated-project-delivery\">Ex\u00e9cution int\u00e9gr\u00e9e des projets<\/h2>\n\n\n\n<p>Un projet IPD utilise un contrat multipartite avec une gestion collective des risques. Cette approche permet d'aligner les parties dans un espace commun \u00e0 un stade pr\u00e9coce du d\u00e9veloppement du projet afin de d\u00e9finir les valeurs et de concevoir en fonction des co\u00fbts. Cela permet de r\u00e9duire les co\u00fbts transactionnels superpos\u00e9s tout en apportant au propri\u00e9taire une valeur ajout\u00e9e en termes de calendrier et de co\u00fbts. Les projets IPD sont des projets \u00e0 livre ouvert, avec un suivi de Bird et des rapports au ma\u00eetre d'ouvrage pour d\u00e9montrer les co\u00fbts et la valeur.&nbsp;<\/p>\n\n\n\n<p class=\"!mb-0\">La culture de l'IPD est fond\u00e9e sur la responsabilisation, la collaboration et la communication, ce qui en fait une plateforme id\u00e9ale pour le d\u00e9ploiement d'outils et de techniques d'all\u00e8gement. Le Lean consiste \u00e0 ajouter de la valeur pour le client en \u00e9liminant le gaspillage au cours du processus de conception et de construction. L'expertise de Bird en mati\u00e8re de gestion de projet Lean permet de maximiser l'efficacit\u00e9 \u00e0 toutes les phases de la conception et de la construction de votre projet. Tous les projets IPD utilisent la technologie pour compl\u00e9ter et soutenir ce processus gr\u00e2ce \u00e0 la conception et \u00e0 la documentation num\u00e9riques en temps r\u00e9el.<\/p>\n<\/div>\n\n\n\n<div class=\"wp-block-buttons wp-container-content-9cfa9a5a is-layout-flex wp-container-core-buttons-is-layout-9bedd9bf wp-block-buttons-is-layout-flex\">\n<div class=\"wp-block-button is-style-bird-solid\"><a class=\"wp-block-button__link wp-element-button\" href=\"https:\/\/www.bird.ca\/fr\/ce-que-nous-faisons\/modeles-de-distribution\/lexecution-integree-des-projets\/\">Parcourir les projets IPD<\/a><\/div>\n<\/div>\n<\/div>\n\n\n\n<div class=\"wp-block-group is-vertical is-layout-flex wp-container-core-group-is-layout-41fdfdc5 wp-block-group-is-layout-flex\">\n<figure class=\"wp-block-image size-full is-style-image-tall\"><img loading=\"lazy\" decoding=\"async\" width=\"1000\" height=\"750\" src=\"https:\/\/cdn.bird.ca\/2025\/02\/20211623\/crd-overhead-jul-2020-2.jpg\" alt=\"Vue a\u00e9rienne d&#039;une installation de traitement des eaux industrielles avec plusieurs grands r\u00e9servoirs de stockage bleus et verts, plusieurs b\u00e2timents blancs et des arbres environnants. Des mat\u00e9riaux de construction sont visibles au sol.\" class=\"wp-image-1616\" srcset=\"https:\/\/cdn.bird.ca\/2025\/02\/20211623\/crd-overhead-jul-2020-2.jpg 1000w, https:\/\/cdn.bird.ca\/2025\/02\/20211623\/crd-overhead-jul-2020-2-300x225.jpg 300w, https:\/\/cdn.bird.ca\/2025\/02\/20211623\/crd-overhead-jul-2020-2-768x576.jpg 768w\" sizes=\"auto, (max-width: 1000px) 100vw, 1000px\" \/><\/figure>\n\n\n\n<div class=\"wp-block-group is-vertical is-layout-flex wp-container-core-group-is-layout-355c4241 wp-block-group-is-layout-flex\">\n<h2 class=\"wp-block-heading\" id=\"h-public-private-partnerships\">Partenariats public-priv\u00e9<\/h2>\n\n\n\n<p class=\"!mb-0\">Bird jouit d'une performance exceptionnelle sur le march\u00e9 des partenariats public-priv\u00e9 (P3) et se classe parmi les meilleures entreprises au Canada en fonction du nombre de projets ayant atteint le stade de la cl\u00f4ture financi\u00e8re et de la livraison r\u00e9ussie. Nos initiatives en mati\u00e8re de PPP s'appuient sur notre exp\u00e9rience et nos forces fondamentales en mati\u00e8re de conception-construction ainsi que sur notre capacit\u00e9 \u00e0 g\u00e9rer efficacement les structures commerciales et juridiques uniques associ\u00e9es aux projets de PPP. Bird a organis\u00e9 le financement de la dette sur les march\u00e9s financiers et inject\u00e9 des capitaux dans des soci\u00e9t\u00e9s de projet et est bien connu et respect\u00e9 dans la communaut\u00e9 financi\u00e8re.<\/p>\n<\/div>\n\n\n\n<div class=\"wp-block-buttons wp-container-content-9cfa9a5a is-layout-flex wp-container-core-buttons-is-layout-9bedd9bf wp-block-buttons-is-layout-flex\">\n<div class=\"wp-block-button is-style-bird-solid\"><a class=\"wp-block-button__link wp-element-button\" href=\"https:\/\/www.bird.ca\/fr\/ce-que-nous-faisons\/modeles-de-distribution\/partenariats-public-prive\/\">Parcourir les projets P3<\/a><\/div>\n<\/div>\n<\/div>\n\n\n\n<div class=\"wp-block-group is-vertical is-layout-flex wp-container-core-group-is-layout-41fdfdc5 wp-block-group-is-layout-flex\">\n<figure class=\"wp-block-image size-full is-style-image-tall\"><img loading=\"lazy\" decoding=\"async\" width=\"901\" height=\"900\" src=\"https:\/\/cdn.bird.ca\/2025\/02\/20211621\/design-build.jpg\" alt=\"Un immeuble de bureaux moderne avec de grandes baies vitr\u00e9es et plusieurs \u00e9tages, situ\u00e9 derri\u00e8re une zone herbeuse avec des rochers et deux fontaines d&#039;eau dans un \u00e9tang, sous un ciel bleu clair.\" class=\"wp-image-1617\" srcset=\"https:\/\/cdn.bird.ca\/2025\/02\/20211621\/design-build.jpg 901w, https:\/\/cdn.bird.ca\/2025\/02\/20211621\/design-build-300x300.jpg 300w, https:\/\/cdn.bird.ca\/2025\/02\/20211621\/design-build-150x150.jpg 150w, https:\/\/cdn.bird.ca\/2025\/02\/20211621\/design-build-768x767.jpg 768w\" sizes=\"auto, (max-width: 901px) 100vw, 901px\" \/><\/figure>\n\n\n\n<div class=\"wp-block-group is-vertical is-layout-flex wp-container-core-group-is-layout-355c4241 wp-block-group-is-layout-flex\">\n<h2 class=\"wp-block-heading\">Conception-construction\/ing\u00e9nierie, approvisionnement, construction<\/h2>\n\n\n\n<p class=\"!mb-0\">Avec plus de 50 ans d'exp\u00e9rience dans le domaine de la conception-construction, nous avons prouv\u00e9 notre capacit\u00e9 \u00e0 d\u00e9velopper des solutions cr\u00e9atives sur le march\u00e9 concurrentiel actuel, tout en g\u00e9rant les risques li\u00e9s \u00e0 la conception et au calendrier afin de r\u00e9pondre \u00e0 vos attentes. Bird assume l'enti\u00e8re responsabilit\u00e9 de la r\u00e9alisation de l'ensemble du projet et r\u00e9unit des \u00e9quipes d'experts en conception qui proposent des solutions innovantes et comp\u00e9titives. Gr\u00e2ce \u00e0 une \u00e9quipe int\u00e9gr\u00e9e de conception-construction, il n'est pas n\u00e9cessaire de pr\u00e9voir d'importants impr\u00e9vus pour couvrir les lacunes des documents de construction.<\/p>\n\n\n\n<p class=\"!mb-0\">Le processus de conception-construction\/EPC offre un environnement qui encourage et maximise la collaboration et \u00e9tablit clairement les responsabilit\u00e9s pour garantir que le projet fonctionne comme pr\u00e9vu.<\/p>\n<\/div>\n\n\n\n<div class=\"wp-block-buttons wp-container-content-9cfa9a5a is-layout-flex wp-container-core-buttons-is-layout-9bedd9bf wp-block-buttons-is-layout-flex\">\n<div class=\"wp-block-button is-style-bird-solid\"><a class=\"wp-block-button__link wp-element-button\" href=\"https:\/\/www.bird.ca\/fr\/ce-que-nous-faisons\/modeles-de-distribution\/conception-construction-ingenierie-approvisionnement-construction\/\">Parcourir les projets DB\/EPC<\/a><\/div>\n<\/div>\n<\/div>\n\n\n\n<div class=\"wp-block-group is-vertical is-layout-flex wp-container-core-group-is-layout-28202d10 wp-block-group-is-layout-flex\">\n<figure class=\"wp-block-image size-full is-style-image-tall wp-container-content-9cfa9a5a\"><img loading=\"lazy\" decoding=\"async\" width=\"900\" height=\"900\" src=\"https:\/\/cdn.bird.ca\/2025\/02\/20211618\/kinnear-centre_construction-mgt.jpg\" alt=\"B\u00e2timent moderne en verre \u00e9clair\u00e9 au cr\u00e9puscule, avec trois \u00e9tages visibles \u00e0 travers de grandes fen\u00eatres et un ciel bleu clair en arri\u00e8re-plan. Des arbres et une all\u00e9e se trouvent au premier plan.\" class=\"wp-image-1620\" srcset=\"https:\/\/cdn.bird.ca\/2025\/02\/20211618\/kinnear-centre_construction-mgt.jpg 900w, https:\/\/cdn.bird.ca\/2025\/02\/20211618\/kinnear-centre_construction-mgt-300x300.jpg 300w, https:\/\/cdn.bird.ca\/2025\/02\/20211618\/kinnear-centre_construction-mgt-150x150.jpg 150w, https:\/\/cdn.bird.ca\/2025\/02\/20211618\/kinnear-centre_construction-mgt-768x768.jpg 768w\" sizes=\"auto, (max-width: 900px) 100vw, 900px\" \/><\/figure>\n\n\n\n<div class=\"wp-block-group is-vertical is-layout-flex wp-container-core-group-is-layout-c683f906 wp-block-group-is-layout-flex\">\n<h2 class=\"wp-block-heading\">Gestion de la construction<\/h2>\n\n\n\n<p class=\"!mb-0\">Nous fournissons une gamme compl\u00e8te de services de gestion de la construction, y compris des services de pr\u00e9construction, d'analyse co\u00fbts-avantages, de calcul des co\u00fbts du cycle de vie et d'ing\u00e9nierie de la valeur. Nous proposons \u00e9galement des syst\u00e8mes d'appels d'offres, d'\u00e9ch\u00e9anciers, de rapports sur les co\u00fbts et de contr\u00f4le de projets qui sont personnalis\u00e9s \u00e0 l'aide de notre plateforme logicielle afin de r\u00e9pondre aux besoins sp\u00e9cifiques de chacun de nos clients.<\/p>\n\n\n\n<p class=\"!mb-0\">Nos \u00e9quipes savent tirer parti de ces services pour mener \u00e0 bien des projets dans des d\u00e9lais serr\u00e9s et avec des budgets limit\u00e9s. C'est ce qui explique l'approche de notre \u00e9quipe, qui contr\u00f4le strat\u00e9giquement les cinq \u00e9l\u00e9ments cl\u00e9s qui sont essentiels \u00e0 votre projet : le temps, la qualit\u00e9, la flexibilit\u00e9, le risque et le co\u00fbt.<\/p>\n<\/div>\n\n\n\n<p><\/p>\n\n\n\n<div class=\"wp-block-buttons wp-container-content-9cfa9a5a is-layout-flex wp-container-core-buttons-is-layout-9bedd9bf wp-block-buttons-is-layout-flex\">\n<div class=\"wp-block-button is-style-bird-solid\"><a class=\"wp-block-button__link wp-element-button\" href=\"https:\/\/www.bird.ca\/fr\/ce-que-nous-faisons\/modeles-de-distribution\/gestion-de-la-construction\/\">Parcourir les projets CM<\/a><\/div>\n<\/div>\n<\/div>\n\n\n\n<div class=\"wp-block-group animate-slide-up is-vertical is-layout-flex wp-container-core-group-is-layout-41fdfdc5 wp-block-group-is-layout-flex\">\n<figure class=\"wp-block-image size-full is-style-image-tall\"><img loading=\"lazy\" decoding=\"async\" width=\"900\" height=\"900\" src=\"https:\/\/cdn.bird.ca\/2025\/02\/20211620\/insect-production-facility-interior-showing-machinery.jpg\" alt=\"Machines industrielles avec des composants m\u00e9talliques et des tuyaux bleus, y compris un s\u00e9parateur \u00e0 cyclone et des tubes de convoyeur, plac\u00e9s sur un sol d&#039;usine propre avec des murs blancs et des c\u00e2bles suspendus.\" class=\"wp-image-1618\" srcset=\"https:\/\/cdn.bird.ca\/2025\/02\/20211620\/insect-production-facility-interior-showing-machinery.jpg 900w, https:\/\/cdn.bird.ca\/2025\/02\/20211620\/insect-production-facility-interior-showing-machinery-300x300.jpg 300w, https:\/\/cdn.bird.ca\/2025\/02\/20211620\/insect-production-facility-interior-showing-machinery-150x150.jpg 150w, https:\/\/cdn.bird.ca\/2025\/02\/20211620\/insect-production-facility-interior-showing-machinery-768x768.jpg 768w\" sizes=\"auto, (max-width: 900px) 100vw, 900px\" \/><\/figure>\n\n\n\n<div class=\"wp-block-group is-vertical is-layout-flex wp-container-core-group-is-layout-355c4241 wp-block-group-is-layout-flex\">\n<h2 class=\"wp-block-heading\">Entreprise g\u00e9n\u00e9rale<\/h2>\n\n\n\n<p class=\"!mb-0\">Bird a des dizaines d'ann\u00e9es d'exp\u00e9rience en mati\u00e8re de projets \u00e0 prix fixe, ce qui lui permet d'obtenir des donn\u00e9es pr\u00e9cieuses qui renforcent son avantage concurrentiel. Gr\u00e2ce \u00e0 sa longue exp\u00e9rience dans la r\u00e9alisation de projets \u00e0 prix fixe dans le respect des d\u00e9lais et du budget, Bird a acquis une solide r\u00e9putation aupr\u00e8s des sous-traitants en mati\u00e8re d'int\u00e9grit\u00e9, de bonne organisation des projets, de s\u00e9curit\u00e9 et de respect du calendrier.<\/p>\n\n\n\n<p class=\"!mb-0\">Actif dans les principaux centres urbains du Canada, Bird a d\u00e9velopp\u00e9 une connaissance approfondie du terrain qui comprend des relations cl\u00e9s avec les sous-traitants, la main-d'\u0153uvre et les fournisseurs locaux. Notre style de gestion nous permet d'obtenir des prix comp\u00e9titifs de la part de sous-traitants de qualit\u00e9, ce qui se traduit par des projets de qualit\u00e9 sup\u00e9rieure livr\u00e9s avec une certitude quant aux co\u00fbts.<\/p>\n<\/div>\n\n\n\n<div class=\"wp-block-buttons wp-container-content-9cfa9a5a is-layout-flex wp-container-core-buttons-is-layout-9bedd9bf wp-block-buttons-is-layout-flex\">\n<div class=\"wp-block-button is-style-bird-solid\"><a class=\"wp-block-button__link wp-element-button\" href=\"https:\/\/www.bird.ca\/fr\/ce-que-nous-faisons\/modeles-de-distribution\/entreprise-generale\/\">Parcourir les projets GC<\/a><\/div>\n<\/div>\n<\/div>\n<\/div>\n\n\n\n<div style=\"height:100px\" aria-hidden=\"true\" class=\"wp-block-spacer is-style-entry-space\"><\/div>","protected":false},"excerpt":{"rendered":"<p>Delivery Models Integrated Project Delivery An IPD project uses a multi-party contract with a collective management of risk. This approach aligns parties in a co-located space at an early stage in project development to define values and design to cost. This reduces layered transactional costs while also providing schedule and cost value to the owner. [&hellip;]<\/p>\n","protected":false},"author":1,"featured_media":0,"parent":18,"menu_order":0,"comment_status":"closed","ping_status":"closed","template":"","meta":{"_acf_changed":false,"footnotes":""},"class_list":["post-910","page","type-page","status-publish","hentry"],"acf":[],"yoast_head":"<!-- This site is optimized with the Yoast SEO Premium plugin v24.6 (Yoast SEO v27.3) - https:\/\/yoast.com\/product\/yoast-seo-premium-wordpress\/ -->\n<title>Delivery Models | Bird Construction<\/title>\n<meta name=\"description\" content=\"Delivery Models Integrated Project Delivery An IPD project uses a multi-party contract with a collective management of risk. This approach aligns parties\" \/>\n<meta name=\"robots\" content=\"index, follow, max-snippet:-1, max-image-preview:large, max-video-preview:-1\" \/>\n<link rel=\"canonical\" href=\"https:\/\/www.bird.ca\/fr\/ce-que-nous-faisons\/modeles-de-distribution\/\" \/>\n<meta property=\"og:locale\" content=\"fr_CA\" \/>\n<meta property=\"og:type\" content=\"article\" \/>\n<meta property=\"og:title\" content=\"Delivery Models | Bird Construction\" \/>\n<meta property=\"og:description\" content=\"Bird Construction has been providing construction services to a long list of new and repeat clients since 1920.\" \/>\n<meta property=\"og:url\" content=\"https:\/\/www.bird.ca\/fr\/ce-que-nous-faisons\/modeles-de-distribution\/\" \/>\n<meta property=\"og:site_name\" content=\"Bird Construction\" \/>\n<meta property=\"article:publisher\" content=\"https:\/\/www.facebook.com\/people\/Bird-Construction-Inc\/100064108594609\/\" \/>\n<meta property=\"article:modified_time\" content=\"2025-06-17T19:03:14+00:00\" \/>\n<meta property=\"og:image\" content=\"https:\/\/www.bird.ca\/wp-content\/uploads\/2025\/02\/ipd.jpg\" \/>\n<meta name=\"twitter:card\" content=\"summary_large_image\" \/>\n<meta name=\"twitter:label1\" content=\"Estimation du temps de lecture\" \/>\n\t<meta name=\"twitter:data1\" content=\"4 minutes\" \/>\n<script type=\"application\/ld+json\" class=\"yoast-schema-graph\">{\"@context\":\"https:\\\/\\\/schema.org\",\"@graph\":[{\"@type\":\"WebPage\",\"@id\":\"https:\\\/\\\/www.bird.ca\\\/what-we-do\\\/delivery-models\\\/\",\"url\":\"https:\\\/\\\/www.bird.ca\\\/what-we-do\\\/delivery-models\\\/\",\"name\":\"Delivery Models | Bird Construction\",\"isPartOf\":{\"@id\":\"https:\\\/\\\/www.bird.ca\\\/#website\"},\"primaryImageOfPage\":{\"@id\":\"https:\\\/\\\/www.bird.ca\\\/what-we-do\\\/delivery-models\\\/#primaryimage\"},\"image\":{\"@id\":\"https:\\\/\\\/www.bird.ca\\\/what-we-do\\\/delivery-models\\\/#primaryimage\"},\"thumbnailUrl\":\"https:\\\/\\\/www.bird.ca\\\/wp-content\\\/uploads\\\/2025\\\/02\\\/ipd.jpg\",\"datePublished\":\"2025-02-04T16:17:02+00:00\",\"dateModified\":\"2025-06-17T19:03:14+00:00\",\"description\":\"Delivery Models Integrated Project Delivery An IPD project uses a multi-party contract with a collective management of risk. This approach aligns parties\",\"breadcrumb\":{\"@id\":\"https:\\\/\\\/www.bird.ca\\\/what-we-do\\\/delivery-models\\\/#breadcrumb\"},\"inLanguage\":\"fr-CA\",\"potentialAction\":[{\"@type\":\"ReadAction\",\"target\":[\"https:\\\/\\\/www.bird.ca\\\/what-we-do\\\/delivery-models\\\/\"]}]},{\"@type\":\"ImageObject\",\"inLanguage\":\"fr-CA\",\"@id\":\"https:\\\/\\\/www.bird.ca\\\/what-we-do\\\/delivery-models\\\/#primaryimage\",\"url\":\"https:\\\/\\\/www.bird.ca\\\/wp-content\\\/uploads\\\/2025\\\/02\\\/ipd.jpg\",\"contentUrl\":\"https:\\\/\\\/www.bird.ca\\\/wp-content\\\/uploads\\\/2025\\\/02\\\/ipd.jpg\"},{\"@type\":\"BreadcrumbList\",\"@id\":\"https:\\\/\\\/www.bird.ca\\\/what-we-do\\\/delivery-models\\\/#breadcrumb\",\"itemListElement\":[{\"@type\":\"ListItem\",\"position\":1,\"name\":\"Home\",\"item\":\"https:\\\/\\\/www.bird.ca\\\/\"},{\"@type\":\"ListItem\",\"position\":2,\"name\":\"What We Do\",\"item\":\"https:\\\/\\\/www.bird.ca\\\/what-we-do\\\/\"},{\"@type\":\"ListItem\",\"position\":3,\"name\":\"Delivery Models\"}]},{\"@type\":\"WebSite\",\"@id\":\"https:\\\/\\\/www.bird.ca\\\/#website\",\"url\":\"https:\\\/\\\/www.bird.ca\\\/\",\"name\":\"Bird Construction\",\"description\":\"\",\"publisher\":{\"@id\":\"https:\\\/\\\/www.bird.ca\\\/#organization\"},\"potentialAction\":[{\"@type\":\"SearchAction\",\"target\":{\"@type\":\"EntryPoint\",\"urlTemplate\":\"https:\\\/\\\/www.bird.ca\\\/?s={search_term_string}\"},\"query-input\":{\"@type\":\"PropertyValueSpecification\",\"valueRequired\":true,\"valueName\":\"search_term_string\"}}],\"inLanguage\":\"fr-CA\"},{\"@type\":\"Organization\",\"@id\":\"https:\\\/\\\/www.bird.ca\\\/#organization\",\"name\":\"Bird Construction\",\"url\":\"https:\\\/\\\/www.bird.ca\\\/\",\"logo\":{\"@type\":\"ImageObject\",\"inLanguage\":\"fr-CA\",\"@id\":\"https:\\\/\\\/www.bird.ca\\\/#\\\/schema\\\/logo\\\/image\\\/\",\"url\":\"https:\\\/\\\/cdn.bird.ca\\\/2025\\\/01\\\/20212041\\\/bird-logo-RGB-e1739411338652.png\",\"contentUrl\":\"https:\\\/\\\/cdn.bird.ca\\\/2025\\\/01\\\/20212041\\\/bird-logo-RGB-e1739411338652.png\",\"width\":865,\"height\":366,\"caption\":\"Bird Construction\"},\"image\":{\"@id\":\"https:\\\/\\\/www.bird.ca\\\/#\\\/schema\\\/logo\\\/image\\\/\"},\"sameAs\":[\"https:\\\/\\\/www.facebook.com\\\/people\\\/Bird-Construction-Inc\\\/100064108594609\\\/\",\"https:\\\/\\\/www.instagram.com\\\/birdconstructioninc\\\/\",\"https:\\\/\\\/ca.linkedin.com\\\/company\\\/bird-construction-inc\"]}]}<\/script>\n<!-- \/ Yoast SEO Premium plugin. -->","yoast_head_json":{"title":"Mod\u00e8les de livraison | Construction d'oiseaux","description":"Mod\u00e8les de prestation Prestation de projet int\u00e9gr\u00e9e Un projet IPD utilise un contrat multipartite avec une gestion collective des risques. Cette approche permet d'aligner les parties","robots":{"index":"index","follow":"follow","max-snippet":"max-snippet:-1","max-image-preview":"max-image-preview:large","max-video-preview":"max-video-preview:-1"},"canonical":"https:\/\/www.bird.ca\/fr\/ce-que-nous-faisons\/modeles-de-distribution\/","og_locale":"fr_CA","og_type":"article","og_title":"Delivery Models | Bird Construction","og_description":"Bird Construction has been providing construction services to a long list of new and repeat clients since 1920.","og_url":"https:\/\/www.bird.ca\/fr\/ce-que-nous-faisons\/modeles-de-distribution\/","og_site_name":"Bird Construction","article_publisher":"https:\/\/www.facebook.com\/people\/Bird-Construction-Inc\/100064108594609\/","article_modified_time":"2025-06-17T19:03:14+00:00","og_image":[{"url":"https:\/\/www.bird.ca\/wp-content\/uploads\/2025\/02\/ipd.jpg","type":"","width":"","height":""}],"twitter_card":"summary_large_image","twitter_misc":{"Estimation du temps de lecture":"4 minutes"},"schema":{"@context":"https:\/\/schema.org","@graph":[{"@type":"WebPage","@id":"https:\/\/www.bird.ca\/what-we-do\/delivery-models\/","url":"https:\/\/www.bird.ca\/what-we-do\/delivery-models\/","name":"Mod\u00e8les de livraison | Construction d'oiseaux","isPartOf":{"@id":"https:\/\/www.bird.ca\/#website"},"primaryImageOfPage":{"@id":"https:\/\/www.bird.ca\/what-we-do\/delivery-models\/#primaryimage"},"image":{"@id":"https:\/\/www.bird.ca\/what-we-do\/delivery-models\/#primaryimage"},"thumbnailUrl":"https:\/\/www.bird.ca\/wp-content\/uploads\/2025\/02\/ipd.jpg","datePublished":"2025-02-04T16:17:02+00:00","dateModified":"2025-06-17T19:03:14+00:00","description":"Mod\u00e8les de prestation Prestation de projet int\u00e9gr\u00e9e Un projet IPD utilise un contrat multipartite avec une gestion collective des risques. Cette approche permet d'aligner les parties","breadcrumb":{"@id":"https:\/\/www.bird.ca\/what-we-do\/delivery-models\/#breadcrumb"},"inLanguage":"fr-CA","potentialAction":[{"@type":"ReadAction","target":["https:\/\/www.bird.ca\/what-we-do\/delivery-models\/"]}]},{"@type":"ImageObject","inLanguage":"fr-CA","@id":"https:\/\/www.bird.ca\/what-we-do\/delivery-models\/#primaryimage","url":"https:\/\/www.bird.ca\/wp-content\/uploads\/2025\/02\/ipd.jpg","contentUrl":"https:\/\/www.bird.ca\/wp-content\/uploads\/2025\/02\/ipd.jpg"},{"@type":"BreadcrumbList","@id":"https:\/\/www.bird.ca\/what-we-do\/delivery-models\/#breadcrumb","itemListElement":[{"@type":"ListItem","position":1,"name":"Home","item":"https:\/\/www.bird.ca\/"},{"@type":"ListItem","position":2,"name":"What We Do","item":"https:\/\/www.bird.ca\/what-we-do\/"},{"@type":"ListItem","position":3,"name":"Delivery Models"}]},{"@type":"WebSite","@id":"https:\/\/www.bird.ca\/#website","url":"https:\/\/www.bird.ca\/","name":"Bird Construction","description":"","publisher":{"@id":"https:\/\/www.bird.ca\/#organization"},"potentialAction":[{"@type":"SearchAction","target":{"@type":"EntryPoint","urlTemplate":"https:\/\/www.bird.ca\/?s={search_term_string}"},"query-input":{"@type":"PropertyValueSpecification","valueRequired":true,"valueName":"search_term_string"}}],"inLanguage":"fr-CA"},{"@type":"Organization","@id":"https:\/\/www.bird.ca\/#organization","name":"Bird Construction","url":"https:\/\/www.bird.ca\/","logo":{"@type":"ImageObject","inLanguage":"fr-CA","@id":"https:\/\/www.bird.ca\/#\/schema\/logo\/image\/","url":"https:\/\/cdn.bird.ca\/2025\/01\/20212041\/bird-logo-RGB-e1739411338652.png","contentUrl":"https:\/\/cdn.bird.ca\/2025\/01\/20212041\/bird-logo-RGB-e1739411338652.png","width":865,"height":366,"caption":"Bird Construction"},"image":{"@id":"https:\/\/www.bird.ca\/#\/schema\/logo\/image\/"},"sameAs":["https:\/\/www.facebook.com\/people\/Bird-Construction-Inc\/100064108594609\/","https:\/\/www.instagram.com\/birdconstructioninc\/","https:\/\/ca.linkedin.com\/company\/bird-construction-inc"]}]}},"_links":{"self":[{"href":"https:\/\/www.bird.ca\/fr\/wp-json\/wp\/v2\/pages\/910","targetHints":{"allow":["GET"]}}],"collection":[{"href":"https:\/\/www.bird.ca\/fr\/wp-json\/wp\/v2\/pages"}],"about":[{"href":"https:\/\/www.bird.ca\/fr\/wp-json\/wp\/v2\/types\/page"}],"author":[{"embeddable":true,"href":"https:\/\/www.bird.ca\/fr\/wp-json\/wp\/v2\/users\/1"}],"replies":[{"embeddable":true,"href":"https:\/\/www.bird.ca\/fr\/wp-json\/wp\/v2\/comments?post=910"}],"version-history":[{"count":36,"href":"https:\/\/www.bird.ca\/fr\/wp-json\/wp\/v2\/pages\/910\/revisions"}],"predecessor-version":[{"id":9172,"href":"https:\/\/www.bird.ca\/fr\/wp-json\/wp\/v2\/pages\/910\/revisions\/9172"}],"up":[{"embeddable":true,"href":"https:\/\/www.bird.ca\/fr\/wp-json\/wp\/v2\/pages\/18"}],"wp:attachment":[{"href":"https:\/\/www.bird.ca\/fr\/wp-json\/wp\/v2\/media?parent=910"}],"curies":[{"name":"wp","href":"https:\/\/api.w.org\/{rel}","templated":true}]}}