{"id":912,"date":"2025-02-04T16:17:31","date_gmt":"2025-02-04T16:17:31","guid":{"rendered":"https:\/\/www.bird.ca\/?page_id=912"},"modified":"2025-06-17T19:03:18","modified_gmt":"2025-06-17T19:03:18","slug":"equite","status":"publish","type":"page","link":"https:\/\/www.bird.ca\/fr\/what-we-do\/equity\/","title":{"rendered":"Fonds propres"},"content":{"rendered":"<div class=\"wp-block-create-block-hero-static\">\n\t<div class=\"hero-banner\">\n\t\t\t\t\t<img loading=\"lazy\" decoding=\"async\" width=\"1940\" height=\"800\" src=\"https:\/\/cdn.bird.ca\/2025\/05\/05171201\/Equity-Banner-1940x800-1.jpg\" class=\"attachment-banner-size size-banner-size\" alt=\"Le Roy McMurtry Youth Centre (Brampton, Ontario) est un b\u00e2timent aux grandes fen\u00eatres dont l&#039;ext\u00e9rieur est illumin\u00e9 au cr\u00e9puscule. Il se compose d&#039;une tour en b\u00e9ton, de murs en briques et d&#039;une entr\u00e9e couverte avec des piliers. Deux m\u00e2ts de drapeau se dressent devant le b\u00e2timent.\" sizes=\"auto, 100vw\" \/>\n\t\t\t\t\t\t\t<div class=\"hero-banner__overlay\"><\/div>\n\t\t\t\n\t\t\t\t\t\t\t<div class=\"hero-banner__content\">\n\t\t\t\t\t<h1 class=\"hero-banner__title\">Fonds propres<\/h1>\n\t\t\t\t<\/div>\n\t\t\t\t\t\t<\/div>\n<\/div>\n\n\n<div style=\"height:100px\" aria-hidden=\"true\" class=\"wp-block-spacer is-style-entry-space\"><\/div>\n\n\n<div class=\"breadcrumb-block wp-block-create-block-breadcrumb-block\">\n\t\t\t\t\t<nav class=\"breadcrumb\" aria-label=\"Fil d&#039;Ariane\">\n\t\t\t<ol class=\"breadcrumb-list\">\n\t\t\t\t\t\t\t\t\t<li class=\"breadcrumb-item\"><a href=\"https:\/\/www.bird.ca\/fr\/\">Accueil<\/a><\/li>\t\t\t\t\t\t\t<\/ol>\n\t\t<\/nav>\n\t<\/div>\n\n\n<div style=\"height:30px\" aria-hidden=\"true\" class=\"wp-block-spacer\"><\/div>\n\n\n\n<div class=\"wp-block-group is-vertical is-layout-flex wp-container-core-group-is-layout-41fdfdc5 wp-block-group-is-layout-flex\">\n<h1 class=\"wp-block-heading has-text-align-left is-style-bird-h2\">Fonds propres<\/h1>\n\n\n\n<div class=\"wp-block-columns gap: 100px; is-style-reverse-col is-layout-flex wp-container-core-columns-is-layout-14cf5ab5 wp-block-columns-is-layout-flex\">\n<div class=\"wp-block-column is-layout-flow wp-block-column-is-layout-flow\" style=\"flex-basis:40%\">\n<figure class=\"wp-block-image size-full is-style-image-shadow-left\"><img loading=\"lazy\" decoding=\"async\" width=\"419\" height=\"420\" src=\"https:\/\/cdn.bird.ca\/2025\/02\/20211730\/ermf-2017-12-14-photo-877.jpg\" alt=\"Un b\u00e2timent moderne, bien \u00e9clair\u00e9, avec de grandes baies vitr\u00e9es, la nuit, entour\u00e9 de neige. Le b\u00e2timent affiche un logo et un lettrage verts. Plusieurs m\u00e2ts et barri\u00e8res de s\u00e9curit\u00e9 sont visibles devant l&#039;entr\u00e9e.\" class=\"wp-image-1495\" srcset=\"https:\/\/cdn.bird.ca\/2025\/02\/20211730\/ermf-2017-12-14-photo-877.jpg 419w, https:\/\/cdn.bird.ca\/2025\/02\/20211730\/ermf-2017-12-14-photo-877-300x300.jpg 300w, https:\/\/cdn.bird.ca\/2025\/02\/20211730\/ermf-2017-12-14-photo-877-150x150.jpg 150w\" sizes=\"auto, (max-width: 419px) 100vw, 419px\" \/><\/figure>\n<\/div>\n\n\n\n<div class=\"wp-block-column is-vertically-aligned-top is-layout-flow wp-block-column-is-layout-flow\">\n<p class=\"has-text-align-left is-style-bird-body\">Bird Capital, la division de financement de projets de Bird Construction, a d\u00e9velopp\u00e9 ou co-d\u00e9velopp\u00e9 12 projets de partenariat public-priv\u00e9 \u00e0 travers le Canada, d'une valeur totale sup\u00e9rieure \u00e0 $2 milliards. Bird Capital a inject\u00e9 plus de 17 millions de dollars de fonds propres et a arrang\u00e9 plus de 1,4 milliard de dollars de financement pour ces projets.<\/p>\n\n\n\n<p class=\"has-text-align-left is-style-bird-body\">Bird Capital a \u00e9t\u00e9 cr\u00e9\u00e9 pour am\u00e9liorer l'int\u00e9gration au sein des \u00e9quipes de grands projets. Il permet \u00e0 Bird Construction de participer \u00e0 la conception, \u00e0 la construction, au financement et au d\u00e9veloppement. Il en r\u00e9sulte une structure de projet plus efficace qui optimise \u00e9galement la r\u00e9partition des risques de vos projets.<\/p>\n<\/div>\n<\/div>\n<\/div>\n\n\n\n<div style=\"height:100px\" aria-hidden=\"true\" class=\"wp-block-spacer is-style-entry-space\"><\/div>\n\n\n\n<h2 class=\"wp-block-heading\" id=\"h-explore-our-equity-projects\">D\u00e9couvrez nos projets d'\u00e9quit\u00e9<\/h2>\n\n\n<div class=\"post-list-filters-block wp-block-create-block-post-list-filters\"\tdata-post-type=\"projects\" data-button-taxonomy=\"service\"\n\tdata-button-parent-term=\"173\">\n\t<div class=\"filtered-posts\"><div class=\"post-grid\"><p>Chargement des projets...<\/p><\/div><\/div><\/div>\n\n\n<div style=\"height:100px\" aria-hidden=\"true\" class=\"wp-block-spacer is-style-entry-space\"><\/div>","protected":false},"excerpt":{"rendered":"<p>Equity Bird Construction\u2019s project finance division, Bird Capital has developed or co-developed 12 public-private partnership projects across Canada with a total value exceeding $2 billion. Bird Capital has injected over $17 million in equity and has arranged over $1.4 billion in financing for these projects. Bird Capital was created to enhance the integration within large [&hellip;]<\/p>\n","protected":false},"author":1,"featured_media":7125,"parent":18,"menu_order":0,"comment_status":"closed","ping_status":"closed","template":"","meta":{"_acf_changed":false,"footnotes":""},"class_list":["post-912","page","type-page","status-publish","has-post-thumbnail","hentry"],"acf":[],"yoast_head":"<!-- This site is optimized with the Yoast SEO Premium plugin v24.6 (Yoast SEO v27.3) - https:\/\/yoast.com\/product\/yoast-seo-premium-wordpress\/ -->\n<title>Equity | Bird Construction<\/title>\n<meta name=\"description\" content=\"Equity Bird Construction\u2019s project finance division, Bird Capital has developed or co-developed 12 public-private partnership projects across Canada with\" \/>\n<meta name=\"robots\" content=\"index, follow, max-snippet:-1, max-image-preview:large, max-video-preview:-1\" \/>\n<link rel=\"canonical\" href=\"https:\/\/www.bird.ca\/fr\/ce-que-nous-faisons\/equite\/\" \/>\n<meta property=\"og:locale\" content=\"fr_CA\" \/>\n<meta property=\"og:type\" content=\"article\" \/>\n<meta property=\"og:title\" content=\"Equity | Bird Construction\" \/>\n<meta property=\"og:description\" content=\"Bird Construction has been providing construction services to a long list of new and repeat clients since 1920.\" \/>\n<meta property=\"og:url\" content=\"https:\/\/www.bird.ca\/fr\/ce-que-nous-faisons\/equite\/\" \/>\n<meta property=\"og:site_name\" content=\"Bird Construction\" \/>\n<meta property=\"article:publisher\" content=\"https:\/\/www.facebook.com\/people\/Bird-Construction-Inc\/100064108594609\/\" \/>\n<meta property=\"article:modified_time\" content=\"2025-06-17T19:03:18+00:00\" \/>\n<meta property=\"og:image\" content=\"https:\/\/cdn.bird.ca\/2025\/05\/05171201\/Equity-Banner-1940x800-1.jpg\" \/>\n\t<meta property=\"og:image:width\" content=\"1940\" \/>\n\t<meta property=\"og:image:height\" content=\"800\" \/>\n\t<meta property=\"og:image:type\" content=\"image\/jpeg\" \/>\n<meta name=\"twitter:card\" content=\"summary_large_image\" \/>\n<meta name=\"twitter:label1\" content=\"Estimation du temps de lecture\" \/>\n\t<meta name=\"twitter:data1\" content=\"1 minute\" \/>\n<script type=\"application\/ld+json\" class=\"yoast-schema-graph\">{\"@context\":\"https:\\\/\\\/schema.org\",\"@graph\":[{\"@type\":\"WebPage\",\"@id\":\"https:\\\/\\\/www.bird.ca\\\/what-we-do\\\/equity\\\/\",\"url\":\"https:\\\/\\\/www.bird.ca\\\/what-we-do\\\/equity\\\/\",\"name\":\"Equity | Bird Construction\",\"isPartOf\":{\"@id\":\"https:\\\/\\\/www.bird.ca\\\/#website\"},\"primaryImageOfPage\":{\"@id\":\"https:\\\/\\\/www.bird.ca\\\/what-we-do\\\/equity\\\/#primaryimage\"},\"image\":{\"@id\":\"https:\\\/\\\/www.bird.ca\\\/what-we-do\\\/equity\\\/#primaryimage\"},\"thumbnailUrl\":\"https:\\\/\\\/cdn.bird.ca\\\/2025\\\/05\\\/05171201\\\/Equity-Banner-1940x800-1.jpg\",\"datePublished\":\"2025-02-04T16:17:31+00:00\",\"dateModified\":\"2025-06-17T19:03:18+00:00\",\"description\":\"Equity Bird Construction\u2019s project finance division, Bird Capital has developed or co-developed 12 public-private partnership projects across Canada with\",\"breadcrumb\":{\"@id\":\"https:\\\/\\\/www.bird.ca\\\/what-we-do\\\/equity\\\/#breadcrumb\"},\"inLanguage\":\"fr-CA\",\"potentialAction\":[{\"@type\":\"ReadAction\",\"target\":[\"https:\\\/\\\/www.bird.ca\\\/what-we-do\\\/equity\\\/\"]}]},{\"@type\":\"ImageObject\",\"inLanguage\":\"fr-CA\",\"@id\":\"https:\\\/\\\/www.bird.ca\\\/what-we-do\\\/equity\\\/#primaryimage\",\"url\":\"https:\\\/\\\/cdn.bird.ca\\\/2025\\\/05\\\/05171201\\\/Equity-Banner-1940x800-1.jpg\",\"contentUrl\":\"https:\\\/\\\/cdn.bird.ca\\\/2025\\\/05\\\/05171201\\\/Equity-Banner-1940x800-1.jpg\",\"width\":1940,\"height\":800,\"caption\":\"Roy McMurtry Youth Centre (Brampton, Ontario) building with large windows and illuminated exterior at dusk, featuring a concrete tower, brick walls, and a covered entrance with pillars. Two flagpoles stand in front of the building.\"},{\"@type\":\"BreadcrumbList\",\"@id\":\"https:\\\/\\\/www.bird.ca\\\/what-we-do\\\/equity\\\/#breadcrumb\",\"itemListElement\":[{\"@type\":\"ListItem\",\"position\":1,\"name\":\"Home\",\"item\":\"https:\\\/\\\/www.bird.ca\\\/\"},{\"@type\":\"ListItem\",\"position\":2,\"name\":\"What We Do\",\"item\":\"https:\\\/\\\/www.bird.ca\\\/what-we-do\\\/\"},{\"@type\":\"ListItem\",\"position\":3,\"name\":\"Equity\"}]},{\"@type\":\"WebSite\",\"@id\":\"https:\\\/\\\/www.bird.ca\\\/#website\",\"url\":\"https:\\\/\\\/www.bird.ca\\\/\",\"name\":\"Bird Construction\",\"description\":\"\",\"publisher\":{\"@id\":\"https:\\\/\\\/www.bird.ca\\\/#organization\"},\"potentialAction\":[{\"@type\":\"SearchAction\",\"target\":{\"@type\":\"EntryPoint\",\"urlTemplate\":\"https:\\\/\\\/www.bird.ca\\\/?s={search_term_string}\"},\"query-input\":{\"@type\":\"PropertyValueSpecification\",\"valueRequired\":true,\"valueName\":\"search_term_string\"}}],\"inLanguage\":\"fr-CA\"},{\"@type\":\"Organization\",\"@id\":\"https:\\\/\\\/www.bird.ca\\\/#organization\",\"name\":\"Bird Construction\",\"url\":\"https:\\\/\\\/www.bird.ca\\\/\",\"logo\":{\"@type\":\"ImageObject\",\"inLanguage\":\"fr-CA\",\"@id\":\"https:\\\/\\\/www.bird.ca\\\/#\\\/schema\\\/logo\\\/image\\\/\",\"url\":\"https:\\\/\\\/cdn.bird.ca\\\/2025\\\/01\\\/20212041\\\/bird-logo-RGB-e1739411338652.png\",\"contentUrl\":\"https:\\\/\\\/cdn.bird.ca\\\/2025\\\/01\\\/20212041\\\/bird-logo-RGB-e1739411338652.png\",\"width\":865,\"height\":366,\"caption\":\"Bird Construction\"},\"image\":{\"@id\":\"https:\\\/\\\/www.bird.ca\\\/#\\\/schema\\\/logo\\\/image\\\/\"},\"sameAs\":[\"https:\\\/\\\/www.facebook.com\\\/people\\\/Bird-Construction-Inc\\\/100064108594609\\\/\",\"https:\\\/\\\/www.instagram.com\\\/birdconstructioninc\\\/\",\"https:\\\/\\\/ca.linkedin.com\\\/company\\\/bird-construction-inc\"]}]}<\/script>\n<!-- \/ Yoast SEO Premium plugin. -->","yoast_head_json":{"title":"Equity | Bird Construction","description":"Equity Bird Construction, la division de financement de projets de Bird Capital, a d\u00e9velopp\u00e9 ou co-d\u00e9velopp\u00e9 12 projets de partenariat public-priv\u00e9 \u00e0 travers le Canada avec","robots":{"index":"index","follow":"follow","max-snippet":"max-snippet:-1","max-image-preview":"max-image-preview:large","max-video-preview":"max-video-preview:-1"},"canonical":"https:\/\/www.bird.ca\/fr\/ce-que-nous-faisons\/equite\/","og_locale":"fr_CA","og_type":"article","og_title":"Equity | Bird Construction","og_description":"Bird Construction has been providing construction services to a long list of new and repeat clients since 1920.","og_url":"https:\/\/www.bird.ca\/fr\/ce-que-nous-faisons\/equite\/","og_site_name":"Bird Construction","article_publisher":"https:\/\/www.facebook.com\/people\/Bird-Construction-Inc\/100064108594609\/","article_modified_time":"2025-06-17T19:03:18+00:00","og_image":[{"width":1940,"height":800,"url":"https:\/\/cdn.bird.ca\/2025\/05\/05171201\/Equity-Banner-1940x800-1.jpg","type":"image\/jpeg"}],"twitter_card":"summary_large_image","twitter_misc":{"Estimation du temps de lecture":"1 minute"},"schema":{"@context":"https:\/\/schema.org","@graph":[{"@type":"WebPage","@id":"https:\/\/www.bird.ca\/what-we-do\/equity\/","url":"https:\/\/www.bird.ca\/what-we-do\/equity\/","name":"Equity | Bird Construction","isPartOf":{"@id":"https:\/\/www.bird.ca\/#website"},"primaryImageOfPage":{"@id":"https:\/\/www.bird.ca\/what-we-do\/equity\/#primaryimage"},"image":{"@id":"https:\/\/www.bird.ca\/what-we-do\/equity\/#primaryimage"},"thumbnailUrl":"https:\/\/cdn.bird.ca\/2025\/05\/05171201\/Equity-Banner-1940x800-1.jpg","datePublished":"2025-02-04T16:17:31+00:00","dateModified":"2025-06-17T19:03:18+00:00","description":"Equity Bird Construction, la division de financement de projets de Bird Capital, a d\u00e9velopp\u00e9 ou co-d\u00e9velopp\u00e9 12 projets de partenariat public-priv\u00e9 \u00e0 travers le Canada avec","breadcrumb":{"@id":"https:\/\/www.bird.ca\/what-we-do\/equity\/#breadcrumb"},"inLanguage":"fr-CA","potentialAction":[{"@type":"ReadAction","target":["https:\/\/www.bird.ca\/what-we-do\/equity\/"]}]},{"@type":"ImageObject","inLanguage":"fr-CA","@id":"https:\/\/www.bird.ca\/what-we-do\/equity\/#primaryimage","url":"https:\/\/cdn.bird.ca\/2025\/05\/05171201\/Equity-Banner-1940x800-1.jpg","contentUrl":"https:\/\/cdn.bird.ca\/2025\/05\/05171201\/Equity-Banner-1940x800-1.jpg","width":1940,"height":800,"caption":"Roy McMurtry Youth Centre (Brampton, Ontario) building with large windows and illuminated exterior at dusk, featuring a concrete tower, brick walls, and a covered entrance with pillars. Two flagpoles stand in front of the building."},{"@type":"BreadcrumbList","@id":"https:\/\/www.bird.ca\/what-we-do\/equity\/#breadcrumb","itemListElement":[{"@type":"ListItem","position":1,"name":"Home","item":"https:\/\/www.bird.ca\/"},{"@type":"ListItem","position":2,"name":"What We Do","item":"https:\/\/www.bird.ca\/what-we-do\/"},{"@type":"ListItem","position":3,"name":"Equity"}]},{"@type":"WebSite","@id":"https:\/\/www.bird.ca\/#website","url":"https:\/\/www.bird.ca\/","name":"Bird Construction","description":"","publisher":{"@id":"https:\/\/www.bird.ca\/#organization"},"potentialAction":[{"@type":"SearchAction","target":{"@type":"EntryPoint","urlTemplate":"https:\/\/www.bird.ca\/?s={search_term_string}"},"query-input":{"@type":"PropertyValueSpecification","valueRequired":true,"valueName":"search_term_string"}}],"inLanguage":"fr-CA"},{"@type":"Organization","@id":"https:\/\/www.bird.ca\/#organization","name":"Bird Construction","url":"https:\/\/www.bird.ca\/","logo":{"@type":"ImageObject","inLanguage":"fr-CA","@id":"https:\/\/www.bird.ca\/#\/schema\/logo\/image\/","url":"https:\/\/cdn.bird.ca\/2025\/01\/20212041\/bird-logo-RGB-e1739411338652.png","contentUrl":"https:\/\/cdn.bird.ca\/2025\/01\/20212041\/bird-logo-RGB-e1739411338652.png","width":865,"height":366,"caption":"Bird Construction"},"image":{"@id":"https:\/\/www.bird.ca\/#\/schema\/logo\/image\/"},"sameAs":["https:\/\/www.facebook.com\/people\/Bird-Construction-Inc\/100064108594609\/","https:\/\/www.instagram.com\/birdconstructioninc\/","https:\/\/ca.linkedin.com\/company\/bird-construction-inc"]}]}},"_links":{"self":[{"href":"https:\/\/www.bird.ca\/fr\/wp-json\/wp\/v2\/pages\/912","targetHints":{"allow":["GET"]}}],"collection":[{"href":"https:\/\/www.bird.ca\/fr\/wp-json\/wp\/v2\/pages"}],"about":[{"href":"https:\/\/www.bird.ca\/fr\/wp-json\/wp\/v2\/types\/page"}],"author":[{"embeddable":true,"href":"https:\/\/www.bird.ca\/fr\/wp-json\/wp\/v2\/users\/1"}],"replies":[{"embeddable":true,"href":"https:\/\/www.bird.ca\/fr\/wp-json\/wp\/v2\/comments?post=912"}],"version-history":[{"count":17,"href":"https:\/\/www.bird.ca\/fr\/wp-json\/wp\/v2\/pages\/912\/revisions"}],"predecessor-version":[{"id":9173,"href":"https:\/\/www.bird.ca\/fr\/wp-json\/wp\/v2\/pages\/912\/revisions\/9173"}],"up":[{"embeddable":true,"href":"https:\/\/www.bird.ca\/fr\/wp-json\/wp\/v2\/pages\/18"}],"wp:featuredmedia":[{"embeddable":true,"href":"https:\/\/www.bird.ca\/fr\/wp-json\/wp\/v2\/media\/7125"}],"wp:attachment":[{"href":"https:\/\/www.bird.ca\/fr\/wp-json\/wp\/v2\/media?parent=912"}],"curies":[{"name":"wp","href":"https:\/\/api.w.org\/{rel}","templated":true}]}}