{"id":918,"date":"2025-02-04T16:19:04","date_gmt":"2025-02-04T16:19:04","guid":{"rendered":"https:\/\/www.bird.ca\/?page_id=918"},"modified":"2025-06-17T19:03:22","modified_gmt":"2025-06-17T19:03:22","slug":"maintenance-industrielle","status":"publish","type":"page","link":"https:\/\/www.bird.ca\/fr\/what-we-do\/industrial-maintenance\/","title":{"rendered":"Maintenance industrielle"},"content":{"rendered":"<div class=\"wp-block-create-block-hero-static\">\n\t<div class=\"hero-banner\">\n\t\t\t\t\t<img loading=\"lazy\" decoding=\"async\" width=\"1500\" height=\"600\" src=\"https:\/\/cdn.bird.ca\/2025\/05\/05171204\/Industrial-Maintence-Banner_1500x600.jpg\" class=\"attachment-banner-size size-banner-size\" alt=\"Un grand groupe de travailleurs portant des combinaisons bleues, des gilets r\u00e9fl\u00e9chissants, des casques et des lunettes de s\u00e9curit\u00e9 se tiennent ensemble en plein air sur un site industriel, posant pour une photo de groupe.\" sizes=\"auto, 100vw\" \/>\n\t\t\t\t\t\t\t<div class=\"hero-banner__overlay\"><\/div>\n\t\t\t\n\t\t\t\t\t\t\t<div class=\"hero-banner__content\">\n\t\t\t\t\t<h1 class=\"hero-banner__title\">Maintenance industrielle<\/h1>\n\t\t\t\t<\/div>\n\t\t\t\t\t\t<\/div>\n<\/div>\n\n\n<div style=\"height:100px\" aria-hidden=\"true\" class=\"wp-block-spacer is-style-entry-space\"><\/div>\n\n\n<div class=\"breadcrumb-block wp-block-create-block-breadcrumb-block\">\n\t\t\t\t\t<nav class=\"breadcrumb\" aria-label=\"Fil d&#039;Ariane\">\n\t\t\t<ol class=\"breadcrumb-list\">\n\t\t\t\t\t\t\t\t\t<li class=\"breadcrumb-item\"><a href=\"https:\/\/www.bird.ca\/fr\/\">Accueil<\/a><\/li>\t\t\t\t\t\t\t<\/ol>\n\t\t<\/nav>\n\t<\/div>\n\n\n<div style=\"height:30px\" aria-hidden=\"true\" class=\"wp-block-spacer\"><\/div>\n\n\n\n<div class=\"wp-block-group is-vertical is-layout-flex wp-container-core-group-is-layout-41fdfdc5 wp-block-group-is-layout-flex\">\n<h1 class=\"wp-block-heading has-text-align-left is-style-bird-h2\" id=\"h-industrial-maintenance\">Maintenance industrielle<\/h1>\n\n\n\n<div class=\"wp-block-columns gap: 100px; is-style-reverse-col is-layout-flex wp-container-core-columns-is-layout-f5a44f5b wp-block-columns-is-layout-flex\">\n<div class=\"wp-block-column is-layout-flow wp-block-column-is-layout-flow\" style=\"flex-basis:50%\">\n<figure class=\"wp-block-image size-full is-style-image-shadow-left\"><img loading=\"lazy\" decoding=\"async\" width=\"858\" height=\"536\" src=\"https:\/\/cdn.bird.ca\/2025\/05\/05171204\/industrial-workers-holding-Biird-banner-3.jpg\" alt=\"Un grand groupe de travailleurs en tenue de s\u00e9curit\u00e9 pose devant des camionnettes blanches et des \u00e9quipements industriels, tenant une pancarte sur laquelle on peut lire &quot;oiseau&quot;.\" class=\"wp-image-7084\" style=\"aspect-ratio:16\/9;object-fit:cover\"\/><\/figure>\n<\/div>\n\n\n\n<div class=\"wp-block-column is-vertically-aligned-top is-layout-flow wp-block-column-is-layout-flow\">\n<p class=\"has-text-align-left is-style-bird-body\">En s'appuyant sur son expertise en mati\u00e8re de projets industriels complexes, Bird fournit un soutien en mati\u00e8re de travaux de g\u00e9nie civil, de m\u00e9canique, d'\u00e9lectricit\u00e9 et d'instrumentation pour un large \u00e9ventail d'installations.<\/p>\n\n\n\n<p>En plus de fournir des services de maintenance ponctuels pour r\u00e9soudre les probl\u00e8mes li\u00e9s aux installations, Bird peut \u00e9galement faire appel \u00e0 ses techniciens qualifi\u00e9s pour des programmes de maintenance \u00e0 long terme et des missions permanentes. Engag\u00e9s \u00e0 fournir des services de maintenance et des am\u00e9liorations sensibles pour les clients, les programmes de maintenance de Bird fournissent des r\u00e9sultats de haute qualit\u00e9, dans le respect des d\u00e9lais et des budgets pr\u00e9vus. Comme pour tous les services de Bird, les projets sont men\u00e9s \u00e0 bien en mettant l'accent sur la s\u00e9curit\u00e9, la collaboration avec le client et la transparence.<\/p>\n<\/div>\n<\/div>\n<\/div>\n\n\n\n<div style=\"height:100px\" aria-hidden=\"true\" class=\"wp-block-spacer is-style-entry-space\"><\/div>","protected":false},"excerpt":{"rendered":"<p>Industrial Maintenance Leveraging our delivery expertise of complex industrial projects, Bird provides civil works, mechanical, electrical, and instrumentation maintenance support for a wide range of facilities. In addition to providing one-time maintenance services to troubleshoot facility challenges, Bird can also leverage our skilled technicians for long-term maintenance programs and on-going assignments. Committed to delivering maintenance [&hellip;]<\/p>\n","protected":false},"author":1,"featured_media":7083,"parent":18,"menu_order":0,"comment_status":"closed","ping_status":"closed","template":"","meta":{"_acf_changed":false,"footnotes":""},"class_list":["post-918","page","type-page","status-publish","has-post-thumbnail","hentry"],"acf":[],"yoast_head":"<!-- This site is optimized with the Yoast SEO Premium plugin v24.6 (Yoast SEO v27.3) - https:\/\/yoast.com\/product\/yoast-seo-premium-wordpress\/ -->\n<title>Industrial Maintenance | Bird Construction<\/title>\n<meta name=\"description\" content=\"Industrial Maintenance Leveraging our delivery expertise of complex industrial projects, Bird provides civil works, mechanical, electrical, and\" \/>\n<meta name=\"robots\" content=\"index, follow, max-snippet:-1, max-image-preview:large, max-video-preview:-1\" \/>\n<link rel=\"canonical\" href=\"https:\/\/www.bird.ca\/fr\/ce-que-nous-faisons\/maintenance-industrielle\/\" \/>\n<meta property=\"og:locale\" content=\"fr_CA\" \/>\n<meta property=\"og:type\" content=\"article\" \/>\n<meta property=\"og:title\" content=\"Industrial Maintenance | Bird Construction\" \/>\n<meta property=\"og:description\" content=\"Bird Construction has been providing construction services to a long list of new and repeat clients since 1920.\" \/>\n<meta property=\"og:url\" content=\"https:\/\/www.bird.ca\/fr\/ce-que-nous-faisons\/maintenance-industrielle\/\" \/>\n<meta property=\"og:site_name\" content=\"Bird Construction\" \/>\n<meta property=\"article:publisher\" content=\"https:\/\/www.facebook.com\/people\/Bird-Construction-Inc\/100064108594609\/\" \/>\n<meta property=\"article:modified_time\" content=\"2025-06-17T19:03:22+00:00\" \/>\n<meta property=\"og:image\" content=\"https:\/\/cdn.bird.ca\/2025\/05\/05171204\/Industrial-Maintence-Banner_1500x600.jpg\" \/>\n\t<meta property=\"og:image:width\" content=\"1500\" \/>\n\t<meta property=\"og:image:height\" content=\"600\" \/>\n\t<meta property=\"og:image:type\" content=\"image\/jpeg\" \/>\n<meta name=\"twitter:card\" content=\"summary_large_image\" \/>\n<meta name=\"twitter:label1\" content=\"Estimation du temps de lecture\" \/>\n\t<meta name=\"twitter:data1\" content=\"1 minute\" \/>\n<script type=\"application\/ld+json\" class=\"yoast-schema-graph\">{\"@context\":\"https:\\\/\\\/schema.org\",\"@graph\":[{\"@type\":\"WebPage\",\"@id\":\"https:\\\/\\\/www.bird.ca\\\/what-we-do\\\/industrial-maintenance\\\/\",\"url\":\"https:\\\/\\\/www.bird.ca\\\/what-we-do\\\/industrial-maintenance\\\/\",\"name\":\"Industrial Maintenance | Bird Construction\",\"isPartOf\":{\"@id\":\"https:\\\/\\\/www.bird.ca\\\/#website\"},\"primaryImageOfPage\":{\"@id\":\"https:\\\/\\\/www.bird.ca\\\/what-we-do\\\/industrial-maintenance\\\/#primaryimage\"},\"image\":{\"@id\":\"https:\\\/\\\/www.bird.ca\\\/what-we-do\\\/industrial-maintenance\\\/#primaryimage\"},\"thumbnailUrl\":\"https:\\\/\\\/cdn.bird.ca\\\/2025\\\/05\\\/05171204\\\/Industrial-Maintence-Banner_1500x600.jpg\",\"datePublished\":\"2025-02-04T16:19:04+00:00\",\"dateModified\":\"2025-06-17T19:03:22+00:00\",\"description\":\"Industrial Maintenance Leveraging our delivery expertise of complex industrial projects, Bird provides civil works, mechanical, electrical, and\",\"breadcrumb\":{\"@id\":\"https:\\\/\\\/www.bird.ca\\\/what-we-do\\\/industrial-maintenance\\\/#breadcrumb\"},\"inLanguage\":\"fr-CA\",\"potentialAction\":[{\"@type\":\"ReadAction\",\"target\":[\"https:\\\/\\\/www.bird.ca\\\/what-we-do\\\/industrial-maintenance\\\/\"]}]},{\"@type\":\"ImageObject\",\"inLanguage\":\"fr-CA\",\"@id\":\"https:\\\/\\\/www.bird.ca\\\/what-we-do\\\/industrial-maintenance\\\/#primaryimage\",\"url\":\"https:\\\/\\\/cdn.bird.ca\\\/2025\\\/05\\\/05171204\\\/Industrial-Maintence-Banner_1500x600.jpg\",\"contentUrl\":\"https:\\\/\\\/cdn.bird.ca\\\/2025\\\/05\\\/05171204\\\/Industrial-Maintence-Banner_1500x600.jpg\",\"width\":1500,\"height\":600,\"caption\":\"A large group of workers wearing blue coveralls, reflective vests, helmets, and safety glasses stand together outdoors at an industrial site, posing for a group photo.\"},{\"@type\":\"BreadcrumbList\",\"@id\":\"https:\\\/\\\/www.bird.ca\\\/what-we-do\\\/industrial-maintenance\\\/#breadcrumb\",\"itemListElement\":[{\"@type\":\"ListItem\",\"position\":1,\"name\":\"Home\",\"item\":\"https:\\\/\\\/www.bird.ca\\\/\"},{\"@type\":\"ListItem\",\"position\":2,\"name\":\"What We Do\",\"item\":\"https:\\\/\\\/www.bird.ca\\\/what-we-do\\\/\"},{\"@type\":\"ListItem\",\"position\":3,\"name\":\"Industrial Maintenance\"}]},{\"@type\":\"WebSite\",\"@id\":\"https:\\\/\\\/www.bird.ca\\\/#website\",\"url\":\"https:\\\/\\\/www.bird.ca\\\/\",\"name\":\"Bird Construction\",\"description\":\"\",\"publisher\":{\"@id\":\"https:\\\/\\\/www.bird.ca\\\/#organization\"},\"potentialAction\":[{\"@type\":\"SearchAction\",\"target\":{\"@type\":\"EntryPoint\",\"urlTemplate\":\"https:\\\/\\\/www.bird.ca\\\/?s={search_term_string}\"},\"query-input\":{\"@type\":\"PropertyValueSpecification\",\"valueRequired\":true,\"valueName\":\"search_term_string\"}}],\"inLanguage\":\"fr-CA\"},{\"@type\":\"Organization\",\"@id\":\"https:\\\/\\\/www.bird.ca\\\/#organization\",\"name\":\"Bird Construction\",\"url\":\"https:\\\/\\\/www.bird.ca\\\/\",\"logo\":{\"@type\":\"ImageObject\",\"inLanguage\":\"fr-CA\",\"@id\":\"https:\\\/\\\/www.bird.ca\\\/#\\\/schema\\\/logo\\\/image\\\/\",\"url\":\"https:\\\/\\\/cdn.bird.ca\\\/2025\\\/01\\\/20212041\\\/bird-logo-RGB-e1739411338652.png\",\"contentUrl\":\"https:\\\/\\\/cdn.bird.ca\\\/2025\\\/01\\\/20212041\\\/bird-logo-RGB-e1739411338652.png\",\"width\":865,\"height\":366,\"caption\":\"Bird Construction\"},\"image\":{\"@id\":\"https:\\\/\\\/www.bird.ca\\\/#\\\/schema\\\/logo\\\/image\\\/\"},\"sameAs\":[\"https:\\\/\\\/www.facebook.com\\\/people\\\/Bird-Construction-Inc\\\/100064108594609\\\/\",\"https:\\\/\\\/www.instagram.com\\\/birdconstructioninc\\\/\",\"https:\\\/\\\/ca.linkedin.com\\\/company\\\/bird-construction-inc\"]}]}<\/script>\n<!-- \/ Yoast SEO Premium plugin. -->","yoast_head_json":{"title":"Maintenance industrielle | Bird Construction","description":"Maintenance industrielle En s'appuyant sur son expertise en mati\u00e8re de projets industriels complexes, Bird fournit des services de g\u00e9nie civil, de m\u00e9canique, d'\u00e9lectricit\u00e9 et d'ing\u00e9nierie.","robots":{"index":"index","follow":"follow","max-snippet":"max-snippet:-1","max-image-preview":"max-image-preview:large","max-video-preview":"max-video-preview:-1"},"canonical":"https:\/\/www.bird.ca\/fr\/ce-que-nous-faisons\/maintenance-industrielle\/","og_locale":"fr_CA","og_type":"article","og_title":"Industrial Maintenance | Bird Construction","og_description":"Bird Construction has been providing construction services to a long list of new and repeat clients since 1920.","og_url":"https:\/\/www.bird.ca\/fr\/ce-que-nous-faisons\/maintenance-industrielle\/","og_site_name":"Bird Construction","article_publisher":"https:\/\/www.facebook.com\/people\/Bird-Construction-Inc\/100064108594609\/","article_modified_time":"2025-06-17T19:03:22+00:00","og_image":[{"width":1500,"height":600,"url":"https:\/\/cdn.bird.ca\/2025\/05\/05171204\/Industrial-Maintence-Banner_1500x600.jpg","type":"image\/jpeg"}],"twitter_card":"summary_large_image","twitter_misc":{"Estimation du temps de lecture":"1 minute"},"schema":{"@context":"https:\/\/schema.org","@graph":[{"@type":"WebPage","@id":"https:\/\/www.bird.ca\/what-we-do\/industrial-maintenance\/","url":"https:\/\/www.bird.ca\/what-we-do\/industrial-maintenance\/","name":"Maintenance industrielle | Bird Construction","isPartOf":{"@id":"https:\/\/www.bird.ca\/#website"},"primaryImageOfPage":{"@id":"https:\/\/www.bird.ca\/what-we-do\/industrial-maintenance\/#primaryimage"},"image":{"@id":"https:\/\/www.bird.ca\/what-we-do\/industrial-maintenance\/#primaryimage"},"thumbnailUrl":"https:\/\/cdn.bird.ca\/2025\/05\/05171204\/Industrial-Maintence-Banner_1500x600.jpg","datePublished":"2025-02-04T16:19:04+00:00","dateModified":"2025-06-17T19:03:22+00:00","description":"Maintenance industrielle En s'appuyant sur son expertise en mati\u00e8re de projets industriels complexes, Bird fournit des services de g\u00e9nie civil, de m\u00e9canique, d'\u00e9lectricit\u00e9 et d'ing\u00e9nierie.","breadcrumb":{"@id":"https:\/\/www.bird.ca\/what-we-do\/industrial-maintenance\/#breadcrumb"},"inLanguage":"fr-CA","potentialAction":[{"@type":"ReadAction","target":["https:\/\/www.bird.ca\/what-we-do\/industrial-maintenance\/"]}]},{"@type":"ImageObject","inLanguage":"fr-CA","@id":"https:\/\/www.bird.ca\/what-we-do\/industrial-maintenance\/#primaryimage","url":"https:\/\/cdn.bird.ca\/2025\/05\/05171204\/Industrial-Maintence-Banner_1500x600.jpg","contentUrl":"https:\/\/cdn.bird.ca\/2025\/05\/05171204\/Industrial-Maintence-Banner_1500x600.jpg","width":1500,"height":600,"caption":"A large group of workers wearing blue coveralls, reflective vests, helmets, and safety glasses stand together outdoors at an industrial site, posing for a group photo."},{"@type":"BreadcrumbList","@id":"https:\/\/www.bird.ca\/what-we-do\/industrial-maintenance\/#breadcrumb","itemListElement":[{"@type":"ListItem","position":1,"name":"Home","item":"https:\/\/www.bird.ca\/"},{"@type":"ListItem","position":2,"name":"What We Do","item":"https:\/\/www.bird.ca\/what-we-do\/"},{"@type":"ListItem","position":3,"name":"Industrial Maintenance"}]},{"@type":"WebSite","@id":"https:\/\/www.bird.ca\/#website","url":"https:\/\/www.bird.ca\/","name":"Bird Construction","description":"","publisher":{"@id":"https:\/\/www.bird.ca\/#organization"},"potentialAction":[{"@type":"SearchAction","target":{"@type":"EntryPoint","urlTemplate":"https:\/\/www.bird.ca\/?s={search_term_string}"},"query-input":{"@type":"PropertyValueSpecification","valueRequired":true,"valueName":"search_term_string"}}],"inLanguage":"fr-CA"},{"@type":"Organization","@id":"https:\/\/www.bird.ca\/#organization","name":"Bird Construction","url":"https:\/\/www.bird.ca\/","logo":{"@type":"ImageObject","inLanguage":"fr-CA","@id":"https:\/\/www.bird.ca\/#\/schema\/logo\/image\/","url":"https:\/\/cdn.bird.ca\/2025\/01\/20212041\/bird-logo-RGB-e1739411338652.png","contentUrl":"https:\/\/cdn.bird.ca\/2025\/01\/20212041\/bird-logo-RGB-e1739411338652.png","width":865,"height":366,"caption":"Bird Construction"},"image":{"@id":"https:\/\/www.bird.ca\/#\/schema\/logo\/image\/"},"sameAs":["https:\/\/www.facebook.com\/people\/Bird-Construction-Inc\/100064108594609\/","https:\/\/www.instagram.com\/birdconstructioninc\/","https:\/\/ca.linkedin.com\/company\/bird-construction-inc"]}]}},"_links":{"self":[{"href":"https:\/\/www.bird.ca\/fr\/wp-json\/wp\/v2\/pages\/918","targetHints":{"allow":["GET"]}}],"collection":[{"href":"https:\/\/www.bird.ca\/fr\/wp-json\/wp\/v2\/pages"}],"about":[{"href":"https:\/\/www.bird.ca\/fr\/wp-json\/wp\/v2\/types\/page"}],"author":[{"embeddable":true,"href":"https:\/\/www.bird.ca\/fr\/wp-json\/wp\/v2\/users\/1"}],"replies":[{"embeddable":true,"href":"https:\/\/www.bird.ca\/fr\/wp-json\/wp\/v2\/comments?post=918"}],"version-history":[{"count":14,"href":"https:\/\/www.bird.ca\/fr\/wp-json\/wp\/v2\/pages\/918\/revisions"}],"predecessor-version":[{"id":9176,"href":"https:\/\/www.bird.ca\/fr\/wp-json\/wp\/v2\/pages\/918\/revisions\/9176"}],"up":[{"embeddable":true,"href":"https:\/\/www.bird.ca\/fr\/wp-json\/wp\/v2\/pages\/18"}],"wp:featuredmedia":[{"embeddable":true,"href":"https:\/\/www.bird.ca\/fr\/wp-json\/wp\/v2\/media\/7083"}],"wp:attachment":[{"href":"https:\/\/www.bird.ca\/fr\/wp-json\/wp\/v2\/media?parent=918"}],"curies":[{"name":"wp","href":"https:\/\/api.w.org\/{rel}","templated":true}]}}