{"id":920,"date":"2025-02-04T16:19:19","date_gmt":"2025-02-04T16:19:19","guid":{"rendered":"https:\/\/www.bird.ca\/?page_id=920"},"modified":"2025-06-17T19:03:22","modified_gmt":"2025-06-17T19:03:22","slug":"bois-de-masse","status":"publish","type":"page","link":"https:\/\/www.bird.ca\/fr\/what-we-do\/mass-timber\/","title":{"rendered":"Bois de masse"},"content":{"rendered":"<div class=\"wp-block-create-block-hero-static\">\n\t<div class=\"hero-banner\">\n\t\t\t\t\t<img loading=\"lazy\" decoding=\"async\" width=\"1500\" height=\"600\" src=\"https:\/\/cdn.bird.ca\/2025\/05\/05171204\/Mass-Timber-Banner-1500x600-1.jpg\" class=\"attachment-banner-size size-banner-size\" alt=\"Un int\u00e9rieur de b\u00e2timent moderne avec de hautes poutres en bois, un plafond en bois, de grandes fen\u00eatres en verre et un escalier en verre, cr\u00e9ant une atmosph\u00e8re lumineuse et a\u00e9r\u00e9e avec de la lumi\u00e8re naturelle.\" sizes=\"auto, 100vw\" \/>\n\t\t\t\t\t\t\t<div class=\"hero-banner__overlay\"><\/div>\n\t\t\t\n\t\t\t\t\t\t\t<div class=\"hero-banner__content\">\n\t\t\t\t\t<h1 class=\"hero-banner__title\">Bois de masse<\/h1>\n\t\t\t\t<\/div>\n\t\t\t\t\t\t<\/div>\n<\/div>\n\n\n<div style=\"height:100px\" aria-hidden=\"true\" class=\"wp-block-spacer is-style-entry-space\"><\/div>\n\n\n<div class=\"breadcrumb-block wp-block-create-block-breadcrumb-block\">\n\t\t\t\t\t<nav class=\"breadcrumb\" aria-label=\"Fil d&#039;Ariane\">\n\t\t\t<ol class=\"breadcrumb-list\">\n\t\t\t\t\t\t\t\t\t<li class=\"breadcrumb-item\"><a href=\"https:\/\/www.bird.ca\/fr\/\">Accueil<\/a><\/li>\t\t\t\t\t\t\t<\/ol>\n\t\t<\/nav>\n\t<\/div>\n\n\n<div style=\"height:30px\" aria-hidden=\"true\" class=\"wp-block-spacer\"><\/div>\n\n\n\n<div class=\"wp-block-group is-vertical is-layout-flex wp-container-core-group-is-layout-41fdfdc5 wp-block-group-is-layout-flex\">\n<h1 class=\"wp-block-heading has-text-align-left is-style-bird-h2\">Bois de masse<\/h1>\n\n\n\n<div class=\"wp-block-columns gap: 100px; is-style-card-column is-layout-flex wp-container-core-columns-is-layout-28f84493 wp-block-columns-is-layout-flex\">\n<div class=\"wp-block-column is-vertically-aligned-top is-layout-flow wp-block-column-is-layout-flow\">\n<p class=\"is-style-callout-paragraph\">Qu'il s'agisse d'installations en bois massif \u00e0 grande surface ou \u00e0 plusieurs \u00e9tages, Bird a une exp\u00e9rience impressionnante des projets en bois d'un bout \u00e0 l'autre du pays.<\/p>\n\n\n\n<p class=\"has-text-align-left is-style-bird-body\">Bird est un leader nord-am\u00e9ricain de la construction en bois, avec une expertise, une exp\u00e9rience et une connaissance de la cha\u00eene d'approvisionnement in\u00e9gal\u00e9es. Nous investissons dans des solutions de construction \u00e0 faible \u00e9mission de carbone afin de r\u00e9duire l'impact environnemental de l'industrie de la construction.<\/p>\n\n\n\n<p>Nous disposons de l'expertise interne n\u00e9cessaire pour d\u00e9velopper vos projets en bois lamell\u00e9-crois\u00e9, en bois lamell\u00e9-coll\u00e9, \u00e0 ossature bois et hybrides, de la conception \u00e0 l'ach\u00e8vement substantiel. Gr\u00e2ce \u00e0 une connaissance approfondie des avantages et des limites des diff\u00e9rents produits en bois de masse et en bois d'ing\u00e9nierie, nous pouvons mettre en \u0153uvre des strat\u00e9gies de conception efficaces pour maximiser l'efficacit\u00e9 structurelle, tout en utilisant notre expertise en BIM et en VDC pour optimiser les r\u00e9sultats de votre projet.<\/p>\n\n\n\n<p class=\"has-text-align-left is-style-bird-body\">Bird dispose \u00e9galement d'un solide r\u00e9seau nord-am\u00e9ricain de canaux d'approvisionnement en mat\u00e9riaux pour assurer la rentabilit\u00e9 de votre projet. Nous tirons parti de nos relations mondiales avec les concepteurs, les consultants, les sous-traitants et les experts en la mati\u00e8re pour faire en sorte que votre projet b\u00e9n\u00e9ficie de technologies de pointe, de strat\u00e9gies avant-gardistes et de processus et m\u00e9thodologies de maximisation de la valeur.<\/p>\n<\/div>\n\n\n\n<div class=\"wp-block-column is-layout-flow wp-block-column-is-layout-flow\" style=\"flex-basis:40%\">\n<figure class=\"wp-block-image size-full is-style-image-shadow-right\"><img loading=\"lazy\" decoding=\"async\" width=\"900\" height=\"900\" src=\"https:\/\/cdn.bird.ca\/2025\/02\/20211726\/mass-timber-cropped.jpg\" alt=\"L&#039;int\u00e9rieur d&#039;un b\u00e2timent moderne est constitu\u00e9 d&#039;une grande structure arrondie en bois avec des lattes verticales, suspendue au-dessus du sol sur des piliers, sous un plafond avec des poutres apparentes et des puits de lumi\u00e8re.\" class=\"wp-image-1498\" srcset=\"https:\/\/cdn.bird.ca\/2025\/02\/20211726\/mass-timber-cropped.jpg 900w, https:\/\/cdn.bird.ca\/2025\/02\/20211726\/mass-timber-cropped-300x300.jpg 300w, https:\/\/cdn.bird.ca\/2025\/02\/20211726\/mass-timber-cropped-150x150.jpg 150w, https:\/\/cdn.bird.ca\/2025\/02\/20211726\/mass-timber-cropped-768x768.jpg 768w\" sizes=\"auto, (max-width: 900px) 100vw, 900px\" \/><\/figure>\n<\/div>\n<\/div>\n<\/div>\n\n\n\n<div style=\"height:100px\" aria-hidden=\"true\" class=\"wp-block-spacer is-style-entry-space\"><\/div>\n\n\n\n<h2 class=\"wp-block-heading\" id=\"h-explore-our-mass-timber-projects\">D\u00e9couvrez nos projets en bois massif<\/h2>\n\n\n<div class=\"post-list-filters-block wp-block-create-block-post-list-filters\"\tdata-post-type=\"projects\" data-button-taxonomy=\"service\"\n\tdata-button-parent-term=\"177\">\n\t<div class=\"filtered-posts\"><div class=\"post-grid\"><p>Chargement des projets...<\/p><\/div><\/div><\/div>\n\n\n<div style=\"height:100px\" aria-hidden=\"true\" class=\"wp-block-spacer is-style-entry-space\"><\/div>","protected":false},"excerpt":{"rendered":"<p>Mass Timber From large footprint to multi-storey mass timber facilities, Bird has an impressive resume of wood projects from coast-to-coast. Bird is a North American leader in wood construction with un-matched expertise, experience, and supply chain knowledge. We are investing in low-carbon building solutions to reduce the environmental impact of the construction industry. We have [&hellip;]<\/p>\n","protected":false},"author":1,"featured_media":7086,"parent":18,"menu_order":0,"comment_status":"closed","ping_status":"closed","template":"","meta":{"_acf_changed":false,"footnotes":""},"class_list":["post-920","page","type-page","status-publish","has-post-thumbnail","hentry"],"acf":[],"yoast_head":"<!-- This site is optimized with the Yoast SEO Premium plugin v24.6 (Yoast SEO v27.3) - https:\/\/yoast.com\/product\/yoast-seo-premium-wordpress\/ -->\n<title>Mass Timber | Bird Construction<\/title>\n<meta name=\"description\" content=\"Mass Timber From large footprint to multi-storey mass timber facilities, Bird has an impressive resume of wood projects from coast-to-coast. Bird is a\" \/>\n<meta name=\"robots\" content=\"index, follow, max-snippet:-1, max-image-preview:large, max-video-preview:-1\" \/>\n<link rel=\"canonical\" href=\"https:\/\/www.bird.ca\/fr\/ce-que-nous-faisons\/bois-de-masse\/\" \/>\n<meta property=\"og:locale\" content=\"fr_CA\" \/>\n<meta property=\"og:type\" content=\"article\" \/>\n<meta property=\"og:title\" content=\"Mass Timber | Bird Construction\" \/>\n<meta property=\"og:description\" content=\"Bird Construction has been providing construction services to a long list of new and repeat clients since 1920.\" \/>\n<meta property=\"og:url\" content=\"https:\/\/www.bird.ca\/fr\/ce-que-nous-faisons\/bois-de-masse\/\" \/>\n<meta property=\"og:site_name\" content=\"Bird Construction\" \/>\n<meta property=\"article:publisher\" content=\"https:\/\/www.facebook.com\/people\/Bird-Construction-Inc\/100064108594609\/\" \/>\n<meta property=\"article:modified_time\" content=\"2025-06-17T19:03:22+00:00\" \/>\n<meta property=\"og:image\" content=\"https:\/\/cdn.bird.ca\/2025\/05\/05171204\/Mass-Timber-Banner-1500x600-1.jpg\" \/>\n\t<meta property=\"og:image:width\" content=\"1500\" \/>\n\t<meta property=\"og:image:height\" content=\"600\" \/>\n\t<meta property=\"og:image:type\" content=\"image\/jpeg\" \/>\n<meta name=\"twitter:card\" content=\"summary_large_image\" \/>\n<meta name=\"twitter:label1\" content=\"Estimation du temps de lecture\" \/>\n\t<meta name=\"twitter:data1\" content=\"2 minutes\" \/>\n<script type=\"application\/ld+json\" class=\"yoast-schema-graph\">{\"@context\":\"https:\\\/\\\/schema.org\",\"@graph\":[{\"@type\":\"WebPage\",\"@id\":\"https:\\\/\\\/www.bird.ca\\\/what-we-do\\\/mass-timber\\\/\",\"url\":\"https:\\\/\\\/www.bird.ca\\\/what-we-do\\\/mass-timber\\\/\",\"name\":\"Mass Timber | Bird Construction\",\"isPartOf\":{\"@id\":\"https:\\\/\\\/www.bird.ca\\\/#website\"},\"primaryImageOfPage\":{\"@id\":\"https:\\\/\\\/www.bird.ca\\\/what-we-do\\\/mass-timber\\\/#primaryimage\"},\"image\":{\"@id\":\"https:\\\/\\\/www.bird.ca\\\/what-we-do\\\/mass-timber\\\/#primaryimage\"},\"thumbnailUrl\":\"https:\\\/\\\/cdn.bird.ca\\\/2025\\\/05\\\/05171204\\\/Mass-Timber-Banner-1500x600-1.jpg\",\"datePublished\":\"2025-02-04T16:19:19+00:00\",\"dateModified\":\"2025-06-17T19:03:22+00:00\",\"description\":\"Mass Timber From large footprint to multi-storey mass timber facilities, Bird has an impressive resume of wood projects from coast-to-coast. Bird is a\",\"breadcrumb\":{\"@id\":\"https:\\\/\\\/www.bird.ca\\\/what-we-do\\\/mass-timber\\\/#breadcrumb\"},\"inLanguage\":\"fr-CA\",\"potentialAction\":[{\"@type\":\"ReadAction\",\"target\":[\"https:\\\/\\\/www.bird.ca\\\/what-we-do\\\/mass-timber\\\/\"]}]},{\"@type\":\"ImageObject\",\"inLanguage\":\"fr-CA\",\"@id\":\"https:\\\/\\\/www.bird.ca\\\/what-we-do\\\/mass-timber\\\/#primaryimage\",\"url\":\"https:\\\/\\\/cdn.bird.ca\\\/2025\\\/05\\\/05171204\\\/Mass-Timber-Banner-1500x600-1.jpg\",\"contentUrl\":\"https:\\\/\\\/cdn.bird.ca\\\/2025\\\/05\\\/05171204\\\/Mass-Timber-Banner-1500x600-1.jpg\",\"width\":1500,\"height\":600,\"caption\":\"A modern building interior with tall wood beams, a wooden ceiling, large glass windows, and a glass staircase, creating a bright, airy atmosphere with natural light.\"},{\"@type\":\"BreadcrumbList\",\"@id\":\"https:\\\/\\\/www.bird.ca\\\/what-we-do\\\/mass-timber\\\/#breadcrumb\",\"itemListElement\":[{\"@type\":\"ListItem\",\"position\":1,\"name\":\"Home\",\"item\":\"https:\\\/\\\/www.bird.ca\\\/\"},{\"@type\":\"ListItem\",\"position\":2,\"name\":\"What We Do\",\"item\":\"https:\\\/\\\/www.bird.ca\\\/what-we-do\\\/\"},{\"@type\":\"ListItem\",\"position\":3,\"name\":\"Mass Timber\"}]},{\"@type\":\"WebSite\",\"@id\":\"https:\\\/\\\/www.bird.ca\\\/#website\",\"url\":\"https:\\\/\\\/www.bird.ca\\\/\",\"name\":\"Bird Construction\",\"description\":\"\",\"publisher\":{\"@id\":\"https:\\\/\\\/www.bird.ca\\\/#organization\"},\"potentialAction\":[{\"@type\":\"SearchAction\",\"target\":{\"@type\":\"EntryPoint\",\"urlTemplate\":\"https:\\\/\\\/www.bird.ca\\\/?s={search_term_string}\"},\"query-input\":{\"@type\":\"PropertyValueSpecification\",\"valueRequired\":true,\"valueName\":\"search_term_string\"}}],\"inLanguage\":\"fr-CA\"},{\"@type\":\"Organization\",\"@id\":\"https:\\\/\\\/www.bird.ca\\\/#organization\",\"name\":\"Bird Construction\",\"url\":\"https:\\\/\\\/www.bird.ca\\\/\",\"logo\":{\"@type\":\"ImageObject\",\"inLanguage\":\"fr-CA\",\"@id\":\"https:\\\/\\\/www.bird.ca\\\/#\\\/schema\\\/logo\\\/image\\\/\",\"url\":\"https:\\\/\\\/cdn.bird.ca\\\/2025\\\/01\\\/20212041\\\/bird-logo-RGB-e1739411338652.png\",\"contentUrl\":\"https:\\\/\\\/cdn.bird.ca\\\/2025\\\/01\\\/20212041\\\/bird-logo-RGB-e1739411338652.png\",\"width\":865,\"height\":366,\"caption\":\"Bird Construction\"},\"image\":{\"@id\":\"https:\\\/\\\/www.bird.ca\\\/#\\\/schema\\\/logo\\\/image\\\/\"},\"sameAs\":[\"https:\\\/\\\/www.facebook.com\\\/people\\\/Bird-Construction-Inc\\\/100064108594609\\\/\",\"https:\\\/\\\/www.instagram.com\\\/birdconstructioninc\\\/\",\"https:\\\/\\\/ca.linkedin.com\\\/company\\\/bird-construction-inc\"]}]}<\/script>\n<!-- \/ Yoast SEO Premium plugin. -->","yoast_head_json":{"title":"Mass Timber | Bird Construction","description":"Bois de masse Qu'il s'agisse d'installations \u00e0 grande surface ou d'installations \u00e0 plusieurs \u00e9tages en bois de masse, Bird a une liste impressionnante de projets en bois d'un bout \u00e0 l'autre du pays. Bird est un","robots":{"index":"index","follow":"follow","max-snippet":"max-snippet:-1","max-image-preview":"max-image-preview:large","max-video-preview":"max-video-preview:-1"},"canonical":"https:\/\/www.bird.ca\/fr\/ce-que-nous-faisons\/bois-de-masse\/","og_locale":"fr_CA","og_type":"article","og_title":"Mass Timber | Bird Construction","og_description":"Bird Construction has been providing construction services to a long list of new and repeat clients since 1920.","og_url":"https:\/\/www.bird.ca\/fr\/ce-que-nous-faisons\/bois-de-masse\/","og_site_name":"Bird Construction","article_publisher":"https:\/\/www.facebook.com\/people\/Bird-Construction-Inc\/100064108594609\/","article_modified_time":"2025-06-17T19:03:22+00:00","og_image":[{"width":1500,"height":600,"url":"https:\/\/cdn.bird.ca\/2025\/05\/05171204\/Mass-Timber-Banner-1500x600-1.jpg","type":"image\/jpeg"}],"twitter_card":"summary_large_image","twitter_misc":{"Estimation du temps de lecture":"2 minutes"},"schema":{"@context":"https:\/\/schema.org","@graph":[{"@type":"WebPage","@id":"https:\/\/www.bird.ca\/what-we-do\/mass-timber\/","url":"https:\/\/www.bird.ca\/what-we-do\/mass-timber\/","name":"Mass Timber | Bird Construction","isPartOf":{"@id":"https:\/\/www.bird.ca\/#website"},"primaryImageOfPage":{"@id":"https:\/\/www.bird.ca\/what-we-do\/mass-timber\/#primaryimage"},"image":{"@id":"https:\/\/www.bird.ca\/what-we-do\/mass-timber\/#primaryimage"},"thumbnailUrl":"https:\/\/cdn.bird.ca\/2025\/05\/05171204\/Mass-Timber-Banner-1500x600-1.jpg","datePublished":"2025-02-04T16:19:19+00:00","dateModified":"2025-06-17T19:03:22+00:00","description":"Bois de masse Qu'il s'agisse d'installations \u00e0 grande surface ou d'installations \u00e0 plusieurs \u00e9tages en bois de masse, Bird a une liste impressionnante de projets en bois d'un bout \u00e0 l'autre du pays. Bird est un","breadcrumb":{"@id":"https:\/\/www.bird.ca\/what-we-do\/mass-timber\/#breadcrumb"},"inLanguage":"fr-CA","potentialAction":[{"@type":"ReadAction","target":["https:\/\/www.bird.ca\/what-we-do\/mass-timber\/"]}]},{"@type":"ImageObject","inLanguage":"fr-CA","@id":"https:\/\/www.bird.ca\/what-we-do\/mass-timber\/#primaryimage","url":"https:\/\/cdn.bird.ca\/2025\/05\/05171204\/Mass-Timber-Banner-1500x600-1.jpg","contentUrl":"https:\/\/cdn.bird.ca\/2025\/05\/05171204\/Mass-Timber-Banner-1500x600-1.jpg","width":1500,"height":600,"caption":"A modern building interior with tall wood beams, a wooden ceiling, large glass windows, and a glass staircase, creating a bright, airy atmosphere with natural light."},{"@type":"BreadcrumbList","@id":"https:\/\/www.bird.ca\/what-we-do\/mass-timber\/#breadcrumb","itemListElement":[{"@type":"ListItem","position":1,"name":"Home","item":"https:\/\/www.bird.ca\/"},{"@type":"ListItem","position":2,"name":"What We Do","item":"https:\/\/www.bird.ca\/what-we-do\/"},{"@type":"ListItem","position":3,"name":"Mass Timber"}]},{"@type":"WebSite","@id":"https:\/\/www.bird.ca\/#website","url":"https:\/\/www.bird.ca\/","name":"Bird Construction","description":"","publisher":{"@id":"https:\/\/www.bird.ca\/#organization"},"potentialAction":[{"@type":"SearchAction","target":{"@type":"EntryPoint","urlTemplate":"https:\/\/www.bird.ca\/?s={search_term_string}"},"query-input":{"@type":"PropertyValueSpecification","valueRequired":true,"valueName":"search_term_string"}}],"inLanguage":"fr-CA"},{"@type":"Organization","@id":"https:\/\/www.bird.ca\/#organization","name":"Bird Construction","url":"https:\/\/www.bird.ca\/","logo":{"@type":"ImageObject","inLanguage":"fr-CA","@id":"https:\/\/www.bird.ca\/#\/schema\/logo\/image\/","url":"https:\/\/cdn.bird.ca\/2025\/01\/20212041\/bird-logo-RGB-e1739411338652.png","contentUrl":"https:\/\/cdn.bird.ca\/2025\/01\/20212041\/bird-logo-RGB-e1739411338652.png","width":865,"height":366,"caption":"Bird Construction"},"image":{"@id":"https:\/\/www.bird.ca\/#\/schema\/logo\/image\/"},"sameAs":["https:\/\/www.facebook.com\/people\/Bird-Construction-Inc\/100064108594609\/","https:\/\/www.instagram.com\/birdconstructioninc\/","https:\/\/ca.linkedin.com\/company\/bird-construction-inc"]}]}},"_links":{"self":[{"href":"https:\/\/www.bird.ca\/fr\/wp-json\/wp\/v2\/pages\/920","targetHints":{"allow":["GET"]}}],"collection":[{"href":"https:\/\/www.bird.ca\/fr\/wp-json\/wp\/v2\/pages"}],"about":[{"href":"https:\/\/www.bird.ca\/fr\/wp-json\/wp\/v2\/types\/page"}],"author":[{"embeddable":true,"href":"https:\/\/www.bird.ca\/fr\/wp-json\/wp\/v2\/users\/1"}],"replies":[{"embeddable":true,"href":"https:\/\/www.bird.ca\/fr\/wp-json\/wp\/v2\/comments?post=920"}],"version-history":[{"count":9,"href":"https:\/\/www.bird.ca\/fr\/wp-json\/wp\/v2\/pages\/920\/revisions"}],"predecessor-version":[{"id":9177,"href":"https:\/\/www.bird.ca\/fr\/wp-json\/wp\/v2\/pages\/920\/revisions\/9177"}],"up":[{"embeddable":true,"href":"https:\/\/www.bird.ca\/fr\/wp-json\/wp\/v2\/pages\/18"}],"wp:featuredmedia":[{"embeddable":true,"href":"https:\/\/www.bird.ca\/fr\/wp-json\/wp\/v2\/media\/7086"}],"wp:attachment":[{"href":"https:\/\/www.bird.ca\/fr\/wp-json\/wp\/v2\/media?parent=920"}],"curies":[{"name":"wp","href":"https:\/\/api.w.org\/{rel}","templated":true}]}}