{"id":924,"date":"2025-02-04T16:20:10","date_gmt":"2025-02-04T16:20:10","guid":{"rendered":"https:\/\/www.bird.ca\/?page_id=924"},"modified":"2025-06-17T19:03:24","modified_gmt":"2025-06-17T19:03:24","slug":"services-de-pre-construction","status":"publish","type":"page","link":"https:\/\/www.bird.ca\/fr\/what-we-do\/pre-construction-services\/","title":{"rendered":"Services de pr\u00e9construction"},"content":{"rendered":"<div class=\"wp-block-create-block-hero-static\">\n\t<div class=\"hero-banner\">\n\t\t\t\t\t<img loading=\"lazy\" decoding=\"async\" width=\"1500\" height=\"600\" src=\"https:\/\/cdn.bird.ca\/2025\/05\/05171203\/PreCon-Banner-1500x600-1.jpg\" class=\"attachment-banner-size size-banner-size\" alt=\"Deux ouvriers du b\u00e2timent en tenue de s\u00e9curit\u00e9 et casqu\u00e9s se tiennent sur un \u00e9l\u00e9vateur bleu \u00e0 c\u00f4t\u00e9 d&#039;un b\u00e2timent moderne, l&#039;un d&#039;eux pointant du doigt l&#039;ext\u00e9rieur du b\u00e2timent en panneaux gris.\" sizes=\"auto, 100vw\" \/>\n\t\t\t\t\t\t\t<div class=\"hero-banner__overlay\"><\/div>\n\t\t\t\n\t\t\t\t\t\t\t<div class=\"hero-banner__content\">\n\t\t\t\t\t<h1 class=\"hero-banner__title\">Services de pr\u00e9construction<\/h1>\n\t\t\t\t<\/div>\n\t\t\t\t\t\t<\/div>\n<\/div>\n\n\n<div style=\"height:100px\" aria-hidden=\"true\" class=\"wp-block-spacer is-style-entry-space\"><\/div>\n\n\n<div class=\"breadcrumb-block wp-block-create-block-breadcrumb-block\">\n\t\t\t\t\t<nav class=\"breadcrumb\" aria-label=\"Fil d&#039;Ariane\">\n\t\t\t<ol class=\"breadcrumb-list\">\n\t\t\t\t\t\t\t\t\t<li class=\"breadcrumb-item\"><a href=\"https:\/\/www.bird.ca\/fr\/\">Accueil<\/a><\/li>\t\t\t\t\t\t\t<\/ol>\n\t\t<\/nav>\n\t<\/div>\n\n\n<div style=\"height:30px\" aria-hidden=\"true\" class=\"wp-block-spacer\"><\/div>\n\n\n\n<div class=\"wp-block-group is-vertical is-layout-flex wp-container-core-group-is-layout-41fdfdc5 wp-block-group-is-layout-flex\">\n<h1 class=\"wp-block-heading has-text-align-left is-style-bird-h2\">Services de pr\u00e9-construction et de participation pr\u00e9coce des entrepreneurs<\/h1>\n\n\n\n<div class=\"wp-block-columns gap: 100px; is-style-card-column is-layout-flex wp-container-core-columns-is-layout-28f84493 wp-block-columns-is-layout-flex\">\n<div class=\"wp-block-column is-vertically-aligned-top is-layout-flow wp-block-column-is-layout-flow\">\n<p class=\"is-style-callout-paragraph\">Notre longue exp\u00e9rience en mati\u00e8re d'estimation et de programmation de projets sur divers march\u00e9s \u00e0 travers le pays nous a permis de constituer une vaste base de donn\u00e9es sur les tendances historiques, actuelles et pr\u00e9visionnelles du march\u00e9.<\/p>\n\n\n\n<p class=\"has-text-align-left is-style-bird-body\">La conception-construction repr\u00e9sente la moiti\u00e9 de nos contrats annuels. Gr\u00e2ce \u00e0 cette exp\u00e9rience, notre personnel poss\u00e8de les comp\u00e9tences n\u00e9cessaires pour vous aider \u00e0 g\u00e9rer votre budget, tout en prot\u00e9geant l'intention de conception de votre projet. Bird fournit des conseils et une assistance pendant la phase de pr\u00e9construction dans plusieurs domaines cl\u00e9s :<\/p>\n\n\n\n<ul class=\"wp-block-list font-light\">\n<li>Services de logistique et d'approvisionnement<\/li>\n\n\n\n<li>le calendrier du projet et l'int\u00e9gration des \u00e9tapes et des phases du projet<\/li>\n\n\n\n<li>R\u00e9duction des risques et acc\u00e8s \u00e0 l'expertise du secteur sur les questions d'assurance et de cautionnement<\/li>\n\n\n\n<li>\u00c9laboration et gestion du budget du projet<\/li>\n<\/ul>\n<\/div>\n\n\n\n<div class=\"wp-block-column is-layout-flow wp-block-column-is-layout-flow\" style=\"flex-basis:40%\">\n<figure class=\"wp-block-image size-full is-style-image-shadow-right\"><img loading=\"lazy\" decoding=\"async\" width=\"900\" height=\"900\" src=\"https:\/\/cdn.bird.ca\/2025\/02\/20211716\/winnipeg-staff-1.jpg\" alt=\"Deux personnes se tiennent c\u00f4te \u00e0 c\u00f4te devant une table blanche, regardant et discutant d&#039;un ensemble de documents ou de plans d&#039;architecture. L&#039;une des personnes pointe du doigt les documents tandis que l&#039;autre les regarde attentivement.\" class=\"wp-image-1506\" srcset=\"https:\/\/cdn.bird.ca\/2025\/02\/20211716\/winnipeg-staff-1.jpg 900w, https:\/\/cdn.bird.ca\/2025\/02\/20211716\/winnipeg-staff-1-300x300.jpg 300w, https:\/\/cdn.bird.ca\/2025\/02\/20211716\/winnipeg-staff-1-150x150.jpg 150w, https:\/\/cdn.bird.ca\/2025\/02\/20211716\/winnipeg-staff-1-768x768.jpg 768w\" sizes=\"auto, (max-width: 900px) 100vw, 900px\" \/><\/figure>\n<\/div>\n<\/div>\n<\/div>\n\n\n\n<div style=\"height:100px\" aria-hidden=\"true\" class=\"wp-block-spacer is-style-entry-space\"><\/div>\n\n\n\n<h2 class=\"wp-block-heading\" id=\"h-explore-our-pre-construction-services-projects\">D\u00e9couvrez nos projets de services de pr\u00e9construction<\/h2>\n\n\n<div class=\"post-list-filters-block wp-block-create-block-post-list-filters\"\tdata-post-type=\"projects\" data-button-taxonomy=\"service\"\n\tdata-button-parent-term=\"179\">\n\t<div class=\"filtered-posts\"><div class=\"post-grid\"><p>Chargement des projets...<\/p><\/div><\/div><\/div>\n\n\n<div style=\"height:100px\" aria-hidden=\"true\" class=\"wp-block-spacer is-style-entry-space\"><\/div>","protected":false},"excerpt":{"rendered":"<p>Pre-Construction\/Early Contractor Involvement Services Our long history of estimating and scheduling projects in a variety of markets throughout the country has yielded an extensive database of information on historic, current, and projected market trends. Design-build accounts for half of our contracted work annually. The result of this experience provides our staff with the skills to [&hellip;]<\/p>\n","protected":false},"author":1,"featured_media":7088,"parent":18,"menu_order":0,"comment_status":"closed","ping_status":"closed","template":"","meta":{"_acf_changed":false,"footnotes":""},"class_list":["post-924","page","type-page","status-publish","has-post-thumbnail","hentry"],"acf":[],"yoast_head":"<!-- This site is optimized with the Yoast SEO Premium plugin v24.6 (Yoast SEO v27.3) - https:\/\/yoast.com\/product\/yoast-seo-premium-wordpress\/ -->\n<title>Pre-Construction Services | Bird Construction<\/title>\n<meta name=\"description\" content=\"Pre-Construction\/Early Contractor Involvement Services Our long history of estimating and scheduling projects in a variety of markets throughout the\" \/>\n<meta name=\"robots\" content=\"index, follow, max-snippet:-1, max-image-preview:large, max-video-preview:-1\" \/>\n<link rel=\"canonical\" href=\"https:\/\/www.bird.ca\/fr\/ce-que-nous-faisons\/services-de-pre-construction\/\" \/>\n<meta property=\"og:locale\" content=\"fr_CA\" \/>\n<meta property=\"og:type\" content=\"article\" \/>\n<meta property=\"og:title\" content=\"Pre-Construction Services | Bird Construction\" \/>\n<meta property=\"og:description\" content=\"Bird Construction has been providing construction services to a long list of new and repeat clients since 1920.\" \/>\n<meta property=\"og:url\" content=\"https:\/\/www.bird.ca\/fr\/ce-que-nous-faisons\/services-de-pre-construction\/\" \/>\n<meta property=\"og:site_name\" content=\"Bird Construction\" \/>\n<meta property=\"article:publisher\" content=\"https:\/\/www.facebook.com\/people\/Bird-Construction-Inc\/100064108594609\/\" \/>\n<meta property=\"article:modified_time\" content=\"2025-06-17T19:03:24+00:00\" \/>\n<meta property=\"og:image\" content=\"https:\/\/cdn.bird.ca\/2025\/05\/05171203\/PreCon-Banner-1500x600-1.jpg\" \/>\n\t<meta property=\"og:image:width\" content=\"1500\" \/>\n\t<meta property=\"og:image:height\" content=\"600\" \/>\n\t<meta property=\"og:image:type\" content=\"image\/jpeg\" \/>\n<meta name=\"twitter:card\" content=\"summary_large_image\" \/>\n<meta name=\"twitter:label1\" content=\"Estimation du temps de lecture\" \/>\n\t<meta name=\"twitter:data1\" content=\"1 minute\" \/>\n<script type=\"application\/ld+json\" class=\"yoast-schema-graph\">{\"@context\":\"https:\\\/\\\/schema.org\",\"@graph\":[{\"@type\":\"WebPage\",\"@id\":\"https:\\\/\\\/www.bird.ca\\\/what-we-do\\\/pre-construction-services\\\/\",\"url\":\"https:\\\/\\\/www.bird.ca\\\/what-we-do\\\/pre-construction-services\\\/\",\"name\":\"Pre-Construction Services | Bird Construction\",\"isPartOf\":{\"@id\":\"https:\\\/\\\/www.bird.ca\\\/#website\"},\"primaryImageOfPage\":{\"@id\":\"https:\\\/\\\/www.bird.ca\\\/what-we-do\\\/pre-construction-services\\\/#primaryimage\"},\"image\":{\"@id\":\"https:\\\/\\\/www.bird.ca\\\/what-we-do\\\/pre-construction-services\\\/#primaryimage\"},\"thumbnailUrl\":\"https:\\\/\\\/cdn.bird.ca\\\/2025\\\/05\\\/05171203\\\/PreCon-Banner-1500x600-1.jpg\",\"datePublished\":\"2025-02-04T16:20:10+00:00\",\"dateModified\":\"2025-06-17T19:03:24+00:00\",\"description\":\"Pre-Construction\\\/Early Contractor Involvement Services Our long history of estimating and scheduling projects in a variety of markets throughout the\",\"breadcrumb\":{\"@id\":\"https:\\\/\\\/www.bird.ca\\\/what-we-do\\\/pre-construction-services\\\/#breadcrumb\"},\"inLanguage\":\"fr-CA\",\"potentialAction\":[{\"@type\":\"ReadAction\",\"target\":[\"https:\\\/\\\/www.bird.ca\\\/what-we-do\\\/pre-construction-services\\\/\"]}]},{\"@type\":\"ImageObject\",\"inLanguage\":\"fr-CA\",\"@id\":\"https:\\\/\\\/www.bird.ca\\\/what-we-do\\\/pre-construction-services\\\/#primaryimage\",\"url\":\"https:\\\/\\\/cdn.bird.ca\\\/2025\\\/05\\\/05171203\\\/PreCon-Banner-1500x600-1.jpg\",\"contentUrl\":\"https:\\\/\\\/cdn.bird.ca\\\/2025\\\/05\\\/05171203\\\/PreCon-Banner-1500x600-1.jpg\",\"width\":1500,\"height\":600,\"caption\":\"Two construction workers in safety gear and helmets stand on a blue lift beside a modern building, with one pointing toward the building\u2019s gray paneled exterior.\"},{\"@type\":\"BreadcrumbList\",\"@id\":\"https:\\\/\\\/www.bird.ca\\\/what-we-do\\\/pre-construction-services\\\/#breadcrumb\",\"itemListElement\":[{\"@type\":\"ListItem\",\"position\":1,\"name\":\"Home\",\"item\":\"https:\\\/\\\/www.bird.ca\\\/\"},{\"@type\":\"ListItem\",\"position\":2,\"name\":\"What We Do\",\"item\":\"https:\\\/\\\/www.bird.ca\\\/what-we-do\\\/\"},{\"@type\":\"ListItem\",\"position\":3,\"name\":\"Pre-Construction Services\"}]},{\"@type\":\"WebSite\",\"@id\":\"https:\\\/\\\/www.bird.ca\\\/#website\",\"url\":\"https:\\\/\\\/www.bird.ca\\\/\",\"name\":\"Bird Construction\",\"description\":\"\",\"publisher\":{\"@id\":\"https:\\\/\\\/www.bird.ca\\\/#organization\"},\"potentialAction\":[{\"@type\":\"SearchAction\",\"target\":{\"@type\":\"EntryPoint\",\"urlTemplate\":\"https:\\\/\\\/www.bird.ca\\\/?s={search_term_string}\"},\"query-input\":{\"@type\":\"PropertyValueSpecification\",\"valueRequired\":true,\"valueName\":\"search_term_string\"}}],\"inLanguage\":\"fr-CA\"},{\"@type\":\"Organization\",\"@id\":\"https:\\\/\\\/www.bird.ca\\\/#organization\",\"name\":\"Bird Construction\",\"url\":\"https:\\\/\\\/www.bird.ca\\\/\",\"logo\":{\"@type\":\"ImageObject\",\"inLanguage\":\"fr-CA\",\"@id\":\"https:\\\/\\\/www.bird.ca\\\/#\\\/schema\\\/logo\\\/image\\\/\",\"url\":\"https:\\\/\\\/cdn.bird.ca\\\/2025\\\/01\\\/20212041\\\/bird-logo-RGB-e1739411338652.png\",\"contentUrl\":\"https:\\\/\\\/cdn.bird.ca\\\/2025\\\/01\\\/20212041\\\/bird-logo-RGB-e1739411338652.png\",\"width\":865,\"height\":366,\"caption\":\"Bird Construction\"},\"image\":{\"@id\":\"https:\\\/\\\/www.bird.ca\\\/#\\\/schema\\\/logo\\\/image\\\/\"},\"sameAs\":[\"https:\\\/\\\/www.facebook.com\\\/people\\\/Bird-Construction-Inc\\\/100064108594609\\\/\",\"https:\\\/\\\/www.instagram.com\\\/birdconstructioninc\\\/\",\"https:\\\/\\\/ca.linkedin.com\\\/company\\\/bird-construction-inc\"]}]}<\/script>\n<!-- \/ Yoast SEO Premium plugin. -->","yoast_head_json":{"title":"Services de pr\u00e9-construction | Bird Construction","description":"Services de pr\u00e9-construction et de participation pr\u00e9coce des entrepreneurs Notre longue exp\u00e9rience en mati\u00e8re d'estimation et de programmation de projets sur divers march\u00e9s dans l'ensemble de l'Union europ\u00e9enne nous permet d'offrir des services de pr\u00e9-construction et de participation pr\u00e9coce des entrepreneurs.","robots":{"index":"index","follow":"follow","max-snippet":"max-snippet:-1","max-image-preview":"max-image-preview:large","max-video-preview":"max-video-preview:-1"},"canonical":"https:\/\/www.bird.ca\/fr\/ce-que-nous-faisons\/services-de-pre-construction\/","og_locale":"fr_CA","og_type":"article","og_title":"Pre-Construction Services | Bird Construction","og_description":"Bird Construction has been providing construction services to a long list of new and repeat clients since 1920.","og_url":"https:\/\/www.bird.ca\/fr\/ce-que-nous-faisons\/services-de-pre-construction\/","og_site_name":"Bird Construction","article_publisher":"https:\/\/www.facebook.com\/people\/Bird-Construction-Inc\/100064108594609\/","article_modified_time":"2025-06-17T19:03:24+00:00","og_image":[{"width":1500,"height":600,"url":"https:\/\/cdn.bird.ca\/2025\/05\/05171203\/PreCon-Banner-1500x600-1.jpg","type":"image\/jpeg"}],"twitter_card":"summary_large_image","twitter_misc":{"Estimation du temps de lecture":"1 minute"},"schema":{"@context":"https:\/\/schema.org","@graph":[{"@type":"WebPage","@id":"https:\/\/www.bird.ca\/what-we-do\/pre-construction-services\/","url":"https:\/\/www.bird.ca\/what-we-do\/pre-construction-services\/","name":"Services de pr\u00e9-construction | Bird Construction","isPartOf":{"@id":"https:\/\/www.bird.ca\/#website"},"primaryImageOfPage":{"@id":"https:\/\/www.bird.ca\/what-we-do\/pre-construction-services\/#primaryimage"},"image":{"@id":"https:\/\/www.bird.ca\/what-we-do\/pre-construction-services\/#primaryimage"},"thumbnailUrl":"https:\/\/cdn.bird.ca\/2025\/05\/05171203\/PreCon-Banner-1500x600-1.jpg","datePublished":"2025-02-04T16:20:10+00:00","dateModified":"2025-06-17T19:03:24+00:00","description":"Services de pr\u00e9-construction et de participation pr\u00e9coce des entrepreneurs Notre longue exp\u00e9rience en mati\u00e8re d'estimation et de programmation de projets sur divers march\u00e9s dans l'ensemble de l'Union europ\u00e9enne nous permet d'offrir des services de pr\u00e9-construction et de participation pr\u00e9coce des entrepreneurs.","breadcrumb":{"@id":"https:\/\/www.bird.ca\/what-we-do\/pre-construction-services\/#breadcrumb"},"inLanguage":"fr-CA","potentialAction":[{"@type":"ReadAction","target":["https:\/\/www.bird.ca\/what-we-do\/pre-construction-services\/"]}]},{"@type":"ImageObject","inLanguage":"fr-CA","@id":"https:\/\/www.bird.ca\/what-we-do\/pre-construction-services\/#primaryimage","url":"https:\/\/cdn.bird.ca\/2025\/05\/05171203\/PreCon-Banner-1500x600-1.jpg","contentUrl":"https:\/\/cdn.bird.ca\/2025\/05\/05171203\/PreCon-Banner-1500x600-1.jpg","width":1500,"height":600,"caption":"Two construction workers in safety gear and helmets stand on a blue lift beside a modern building, with one pointing toward the building\u2019s gray paneled exterior."},{"@type":"BreadcrumbList","@id":"https:\/\/www.bird.ca\/what-we-do\/pre-construction-services\/#breadcrumb","itemListElement":[{"@type":"ListItem","position":1,"name":"Home","item":"https:\/\/www.bird.ca\/"},{"@type":"ListItem","position":2,"name":"What We Do","item":"https:\/\/www.bird.ca\/what-we-do\/"},{"@type":"ListItem","position":3,"name":"Pre-Construction Services"}]},{"@type":"WebSite","@id":"https:\/\/www.bird.ca\/#website","url":"https:\/\/www.bird.ca\/","name":"Bird Construction","description":"","publisher":{"@id":"https:\/\/www.bird.ca\/#organization"},"potentialAction":[{"@type":"SearchAction","target":{"@type":"EntryPoint","urlTemplate":"https:\/\/www.bird.ca\/?s={search_term_string}"},"query-input":{"@type":"PropertyValueSpecification","valueRequired":true,"valueName":"search_term_string"}}],"inLanguage":"fr-CA"},{"@type":"Organization","@id":"https:\/\/www.bird.ca\/#organization","name":"Bird Construction","url":"https:\/\/www.bird.ca\/","logo":{"@type":"ImageObject","inLanguage":"fr-CA","@id":"https:\/\/www.bird.ca\/#\/schema\/logo\/image\/","url":"https:\/\/cdn.bird.ca\/2025\/01\/20212041\/bird-logo-RGB-e1739411338652.png","contentUrl":"https:\/\/cdn.bird.ca\/2025\/01\/20212041\/bird-logo-RGB-e1739411338652.png","width":865,"height":366,"caption":"Bird Construction"},"image":{"@id":"https:\/\/www.bird.ca\/#\/schema\/logo\/image\/"},"sameAs":["https:\/\/www.facebook.com\/people\/Bird-Construction-Inc\/100064108594609\/","https:\/\/www.instagram.com\/birdconstructioninc\/","https:\/\/ca.linkedin.com\/company\/bird-construction-inc"]}]}},"_links":{"self":[{"href":"https:\/\/www.bird.ca\/fr\/wp-json\/wp\/v2\/pages\/924","targetHints":{"allow":["GET"]}}],"collection":[{"href":"https:\/\/www.bird.ca\/fr\/wp-json\/wp\/v2\/pages"}],"about":[{"href":"https:\/\/www.bird.ca\/fr\/wp-json\/wp\/v2\/types\/page"}],"author":[{"embeddable":true,"href":"https:\/\/www.bird.ca\/fr\/wp-json\/wp\/v2\/users\/1"}],"replies":[{"embeddable":true,"href":"https:\/\/www.bird.ca\/fr\/wp-json\/wp\/v2\/comments?post=924"}],"version-history":[{"count":12,"href":"https:\/\/www.bird.ca\/fr\/wp-json\/wp\/v2\/pages\/924\/revisions"}],"predecessor-version":[{"id":9179,"href":"https:\/\/www.bird.ca\/fr\/wp-json\/wp\/v2\/pages\/924\/revisions\/9179"}],"up":[{"embeddable":true,"href":"https:\/\/www.bird.ca\/fr\/wp-json\/wp\/v2\/pages\/18"}],"wp:featuredmedia":[{"embeddable":true,"href":"https:\/\/www.bird.ca\/fr\/wp-json\/wp\/v2\/media\/7088"}],"wp:attachment":[{"href":"https:\/\/www.bird.ca\/fr\/wp-json\/wp\/v2\/media?parent=924"}],"curies":[{"name":"wp","href":"https:\/\/api.w.org\/{rel}","templated":true}]}}