{"id":926,"date":"2025-02-04T16:20:24","date_gmt":"2025-02-04T16:20:24","guid":{"rendered":"https:\/\/www.bird.ca\/?page_id=926"},"modified":"2025-06-17T19:03:25","modified_gmt":"2025-06-17T19:03:25","slug":"qualite","status":"publish","type":"page","link":"https:\/\/www.bird.ca\/fr\/what-we-do\/quality\/","title":{"rendered":"Qualit\u00e9"},"content":{"rendered":"<div class=\"wp-block-create-block-hero-static\">\n\t<div class=\"hero-banner\">\n\t\t\t\t\t<img loading=\"lazy\" decoding=\"async\" width=\"1500\" height=\"600\" src=\"https:\/\/cdn.bird.ca\/2025\/05\/05171203\/Quality-Banner-1500x600-1.jpg\" class=\"attachment-banner-size size-banner-size\" alt=\"Trois ouvriers du b\u00e2timent portant des \u00e9quipements de s\u00e9curit\u00e9 et des casques de protection examinent des plans sur un chantier de construction, avec des murs en b\u00e9ton et des mat\u00e9riaux de construction visibles \u00e0 l&#039;arri\u00e8re-plan.\" sizes=\"auto, 100vw\" \/>\n\t\t\t\t\t\t\t<div class=\"hero-banner__overlay\"><\/div>\n\t\t\t\n\t\t\t\t\t\t\t<div class=\"hero-banner__content\">\n\t\t\t\t\t<h1 class=\"hero-banner__title\">Qualit\u00e9<\/h1>\n\t\t\t\t<\/div>\n\t\t\t\t\t\t<\/div>\n<\/div>\n\n\n<div style=\"height:100px\" aria-hidden=\"true\" class=\"wp-block-spacer is-style-entry-space\"><\/div>\n\n\n<div class=\"breadcrumb-block wp-block-create-block-breadcrumb-block\">\n\t\t\t\t\t<nav class=\"breadcrumb\" aria-label=\"Fil d&#039;Ariane\">\n\t\t\t<ol class=\"breadcrumb-list\">\n\t\t\t\t\t\t\t\t\t<li class=\"breadcrumb-item\"><a href=\"https:\/\/www.bird.ca\/fr\/\">Accueil<\/a><\/li>\t\t\t\t\t\t\t<\/ol>\n\t\t<\/nav>\n\t<\/div>\n\n\n<div style=\"height:30px\" aria-hidden=\"true\" class=\"wp-block-spacer\"><\/div>\n\n\n\n<div class=\"wp-block-group is-vertical is-layout-flex wp-container-core-group-is-layout-41fdfdc5 wp-block-group-is-layout-flex\">\n<h1 class=\"wp-block-heading has-text-align-left is-style-bird-h2\" id=\"h-quality\">Qualit\u00e9<\/h1>\n\n\n\n<div class=\"wp-block-columns gap: 100px; is-style-card-column is-layout-flex wp-container-core-columns-is-layout-28f84493 wp-block-columns-is-layout-flex\">\n<div class=\"wp-block-column is-vertically-aligned-top is-layout-flow wp-block-column-is-layout-flow\">\n<p class=\"is-style-callout-paragraph\">Nous garantissons la qualit\u00e9 de votre projet en veillant \u00e0 ce qu'il soit ex\u00e9cut\u00e9 de mani\u00e8re rentable, rapide et s\u00fbre, conform\u00e9ment \u00e0 vos attentes lors des phases initiales du projet.<\/p>\n\n\n\n<p class=\"has-text-align-left is-style-bird-body\">L'ex\u00e9cution de qualit\u00e9 fait partie de la culture de Bird. Le personnel dispose des outils n\u00e9cessaires pour suivre de pr\u00e8s les activit\u00e9s de construction et y r\u00e9pondre. Les \u00e9quipes de Bird \u00e9tablissent des programmes de contr\u00f4le de la qualit\u00e9 efficaces, efficients et sp\u00e9cifiques aux travaux avant la construction, qui sont rigoureusement maintenus tout au long du cycle de vie du projet de construction. Notre syst\u00e8me de gestion de la qualit\u00e9 d\u00e9crit les proc\u00e9dures utilis\u00e9es pour garantir la qualit\u00e9 des produits livr\u00e9s sur chaque projet. Nos multiples divisions sont certifi\u00e9es ISO 9001:2015.&nbsp;<\/p>\n\n\n\n<p>Notre attachement \u00e0 la qualit\u00e9, nos proc\u00e9dures d'assurance qualit\u00e9 bien d\u00e9finies, le soutien solide de l'entreprise, l'organisation et les ressources strat\u00e9giques sur place contribuent aux normes \u00e9lev\u00e9es que nos clients sont en droit d'attendre de nos projets. Le fait de bien faire les choses d\u00e8s la premi\u00e8re fois am\u00e9liore la qualit\u00e9 du travail et r\u00e9duit les risques li\u00e9s \u00e0 la programmation.<\/p>\n\n\n\n<p class=\"has-text-align-left is-style-bird-body\">Le programme de qualit\u00e9 couvre l'ensemble de nos activit\u00e9s de fabrication, y compris le soudage de l'acier au carbone, de l'acier inoxydable, de l'aluminium et d'autres alliages. Nos proc\u00e9dures de soudage de tuyauterie couvrent toutes les tailles, qualit\u00e9s et processus, y compris des proc\u00e9dures innovantes de recouvrement\/cladding.&nbsp;<\/p>\n<\/div>\n\n\n\n<div class=\"wp-block-column is-layout-flow wp-block-column-is-layout-flow\" style=\"flex-basis:40%\">\n<figure class=\"wp-block-image size-full is-style-image-shadow-right\"><img loading=\"lazy\" decoding=\"async\" width=\"1000\" height=\"668\" src=\"https:\/\/cdn.bird.ca\/2025\/05\/05171202\/Quality-Feature-Image.jpg\" alt=\"Des ouvriers de la construction en tenue de s\u00e9curit\u00e9 orange travaillent sur une voie ferr\u00e9e, entour\u00e9e de gravier et de machines, avec des arbres et des b\u00e2timents visibles \u00e0 l&#039;arri\u00e8re-plan, sous un ciel d\u00e9gag\u00e9.\" class=\"wp-image-7104\"\/><\/figure>\n<\/div>\n<\/div>\n<\/div>\n\n\n\n<div style=\"height:100px\" aria-hidden=\"true\" class=\"wp-block-spacer\"><\/div>\n\n\n\n<h1 class=\"wp-block-heading has-text-align-center\" id=\"h-quality-certifications\" style=\"padding-top:0;padding-bottom:var(--wp--preset--spacing--80)\">Certifications de qualit\u00e9<\/h1>\n\n\n\n<div class=\"wp-block-group gap-8 is-content-justification-space-between is-layout-flex wp-container-core-group-is-layout-e81ed2ed wp-block-group-is-layout-flex\">\n<figure class=\"wp-block-image size-full\"><img loading=\"lazy\" decoding=\"async\" width=\"80\" height=\"73\" src=\"https:\/\/cdn.bird.ca\/2025\/02\/20211541\/iso-logo.png\" alt=\"Texte ISO blanc sur fond rouge, avec le contour blanc d&#039;un globe derri\u00e8re les lettres, repr\u00e9sentant le logo de l&#039;Organisation internationale de normalisation.\" class=\"wp-image-1857\" style=\"object-fit:cover\"\/><\/figure>\n\n\n\n<figure class=\"wp-block-image size-full\"><img loading=\"lazy\" decoding=\"async\" width=\"160\" height=\"48\" src=\"https:\/\/cdn.bird.ca\/2025\/02\/20211539\/tsask-logo.png\" alt=\"\" class=\"wp-image-1859\" style=\"object-fit:cover\"\/><\/figure>\n\n\n\n<figure class=\"wp-block-image size-full\"><img loading=\"lazy\" decoding=\"async\" width=\"80\" height=\"46\" src=\"https:\/\/cdn.bird.ca\/2025\/02\/20211542\/absa-logo.png\" alt=\"\" class=\"wp-image-1854\" style=\"object-fit:cover\"\/><\/figure>\n\n\n\n<figure class=\"wp-block-image size-full\"><img loading=\"lazy\" decoding=\"async\" width=\"160\" height=\"44\" src=\"https:\/\/cdn.bird.ca\/2025\/02\/20211539\/tsbc-logo.png\" alt=\"\" class=\"wp-image-1860\" style=\"object-fit:cover\"\/><\/figure>\n\n\n\n<figure class=\"wp-block-image size-full\"><img loading=\"lazy\" decoding=\"async\" width=\"80\" height=\"80\" src=\"https:\/\/cdn.bird.ca\/2025\/02\/20211539\/tssa-logo.png\" alt=\"Logo circulaire rouge avec les mots Technical Standards &amp; Safety Authority autour du bord ext\u00e9rieur et TSSA en lettres grasses au centre.\" class=\"wp-image-1861\" style=\"object-fit:cover\"\/><\/figure>\n\n\n\n<figure class=\"wp-block-image size-full\"><img loading=\"lazy\" decoding=\"async\" width=\"160\" height=\"82\" src=\"https:\/\/cdn.bird.ca\/2025\/02\/20211542\/cwbreg-english-csa_a660_certified-black.jpg\" alt=\"Logo noir et blanc avec la CCB en forme de diamant, et le texte CERTIFIED CSA A660 \u00e0 c\u00f4t\u00e9. Au-dessus, on peut lire cwbregistration.\" class=\"wp-image-1856\" style=\"object-fit:cover\"\/><\/figure>\n\n\n\n<figure class=\"wp-block-image size-full wp-container-content-69bc4bdf\"><img loading=\"lazy\" decoding=\"async\" width=\"80\" height=\"80\" src=\"https:\/\/cdn.bird.ca\/2025\/02\/20211542\/cwb_group_logo.jpg\" alt=\"Un cercle bleu avec les lettres blanches CWB \u00e0 l&#039;int\u00e9rieur, centr\u00e9 dans un losange bleu sur fond blanc.\" class=\"wp-image-1855\" style=\"object-fit:cover\"\/><\/figure>\n<\/div>\n\n\n\n<div style=\"height:100px;width:0px\" aria-hidden=\"true\" class=\"wp-block-spacer\"><\/div>\n\n\n\n<div style=\"height:100px;width:0px\" aria-hidden=\"true\" class=\"wp-block-spacer\"><\/div>","protected":false},"excerpt":{"rendered":"<p>Quality We deliver on quality to ensure your project is executed in a cost-effective, time efficient, and safe manner, according to your expectations in the initial phases of the project. Quality execution is part of the Bird culture. Staff are given the tools they need to closely monitor and respond to construction activities. Bird teams [&hellip;]<\/p>\n","protected":false},"author":1,"featured_media":7102,"parent":18,"menu_order":0,"comment_status":"closed","ping_status":"closed","template":"","meta":{"_acf_changed":false,"footnotes":""},"class_list":["post-926","page","type-page","status-publish","has-post-thumbnail","hentry"],"acf":[],"yoast_head":"<!-- This site is optimized with the Yoast SEO Premium plugin v24.6 (Yoast SEO v27.3) - https:\/\/yoast.com\/product\/yoast-seo-premium-wordpress\/ -->\n<title>Quality | Bird Construction<\/title>\n<meta name=\"description\" content=\"Quality We deliver on quality to ensure your project is executed in a cost-effective, time efficient, and safe manner, according to your expectations in\" \/>\n<meta name=\"robots\" content=\"index, follow, max-snippet:-1, max-image-preview:large, max-video-preview:-1\" \/>\n<link rel=\"canonical\" href=\"https:\/\/www.bird.ca\/fr\/ce-que-nous-faisons\/qualite\/\" \/>\n<meta property=\"og:locale\" content=\"fr_CA\" \/>\n<meta property=\"og:type\" content=\"article\" \/>\n<meta property=\"og:title\" content=\"Quality | Bird Construction\" \/>\n<meta property=\"og:description\" content=\"Bird Construction has been providing construction services to a long list of new and repeat clients since 1920.\" \/>\n<meta property=\"og:url\" content=\"https:\/\/www.bird.ca\/fr\/ce-que-nous-faisons\/qualite\/\" \/>\n<meta property=\"og:site_name\" content=\"Bird Construction\" \/>\n<meta property=\"article:publisher\" content=\"https:\/\/www.facebook.com\/people\/Bird-Construction-Inc\/100064108594609\/\" \/>\n<meta property=\"article:modified_time\" content=\"2025-06-17T19:03:25+00:00\" \/>\n<meta property=\"og:image\" content=\"https:\/\/cdn.bird.ca\/2025\/05\/05171203\/Quality-Banner-1500x600-1.jpg\" \/>\n\t<meta property=\"og:image:width\" content=\"1500\" \/>\n\t<meta property=\"og:image:height\" content=\"600\" \/>\n\t<meta property=\"og:image:type\" content=\"image\/jpeg\" \/>\n<meta name=\"twitter:card\" content=\"summary_large_image\" \/>\n<meta name=\"twitter:label1\" content=\"Estimation du temps de lecture\" \/>\n\t<meta name=\"twitter:data1\" content=\"3 minutes\" \/>\n<script type=\"application\/ld+json\" class=\"yoast-schema-graph\">{\"@context\":\"https:\\\/\\\/schema.org\",\"@graph\":[{\"@type\":\"WebPage\",\"@id\":\"https:\\\/\\\/www.bird.ca\\\/what-we-do\\\/quality\\\/\",\"url\":\"https:\\\/\\\/www.bird.ca\\\/what-we-do\\\/quality\\\/\",\"name\":\"Quality | Bird Construction\",\"isPartOf\":{\"@id\":\"https:\\\/\\\/www.bird.ca\\\/#website\"},\"primaryImageOfPage\":{\"@id\":\"https:\\\/\\\/www.bird.ca\\\/what-we-do\\\/quality\\\/#primaryimage\"},\"image\":{\"@id\":\"https:\\\/\\\/www.bird.ca\\\/what-we-do\\\/quality\\\/#primaryimage\"},\"thumbnailUrl\":\"https:\\\/\\\/cdn.bird.ca\\\/2025\\\/05\\\/05171203\\\/Quality-Banner-1500x600-1.jpg\",\"datePublished\":\"2025-02-04T16:20:24+00:00\",\"dateModified\":\"2025-06-17T19:03:25+00:00\",\"description\":\"Quality We deliver on quality to ensure your project is executed in a cost-effective, time efficient, and safe manner, according to your expectations in\",\"breadcrumb\":{\"@id\":\"https:\\\/\\\/www.bird.ca\\\/what-we-do\\\/quality\\\/#breadcrumb\"},\"inLanguage\":\"fr-CA\",\"potentialAction\":[{\"@type\":\"ReadAction\",\"target\":[\"https:\\\/\\\/www.bird.ca\\\/what-we-do\\\/quality\\\/\"]}]},{\"@type\":\"ImageObject\",\"inLanguage\":\"fr-CA\",\"@id\":\"https:\\\/\\\/www.bird.ca\\\/what-we-do\\\/quality\\\/#primaryimage\",\"url\":\"https:\\\/\\\/cdn.bird.ca\\\/2025\\\/05\\\/05171203\\\/Quality-Banner-1500x600-1.jpg\",\"contentUrl\":\"https:\\\/\\\/cdn.bird.ca\\\/2025\\\/05\\\/05171203\\\/Quality-Banner-1500x600-1.jpg\",\"width\":1500,\"height\":600,\"caption\":\"Three construction workers wearing safety gear and hard hats examine plans at a construction site, with concrete walls and building materials visible in the background.\"},{\"@type\":\"BreadcrumbList\",\"@id\":\"https:\\\/\\\/www.bird.ca\\\/what-we-do\\\/quality\\\/#breadcrumb\",\"itemListElement\":[{\"@type\":\"ListItem\",\"position\":1,\"name\":\"Home\",\"item\":\"https:\\\/\\\/www.bird.ca\\\/\"},{\"@type\":\"ListItem\",\"position\":2,\"name\":\"What We Do\",\"item\":\"https:\\\/\\\/www.bird.ca\\\/what-we-do\\\/\"},{\"@type\":\"ListItem\",\"position\":3,\"name\":\"Quality\"}]},{\"@type\":\"WebSite\",\"@id\":\"https:\\\/\\\/www.bird.ca\\\/#website\",\"url\":\"https:\\\/\\\/www.bird.ca\\\/\",\"name\":\"Bird Construction\",\"description\":\"\",\"publisher\":{\"@id\":\"https:\\\/\\\/www.bird.ca\\\/#organization\"},\"potentialAction\":[{\"@type\":\"SearchAction\",\"target\":{\"@type\":\"EntryPoint\",\"urlTemplate\":\"https:\\\/\\\/www.bird.ca\\\/?s={search_term_string}\"},\"query-input\":{\"@type\":\"PropertyValueSpecification\",\"valueRequired\":true,\"valueName\":\"search_term_string\"}}],\"inLanguage\":\"fr-CA\"},{\"@type\":\"Organization\",\"@id\":\"https:\\\/\\\/www.bird.ca\\\/#organization\",\"name\":\"Bird Construction\",\"url\":\"https:\\\/\\\/www.bird.ca\\\/\",\"logo\":{\"@type\":\"ImageObject\",\"inLanguage\":\"fr-CA\",\"@id\":\"https:\\\/\\\/www.bird.ca\\\/#\\\/schema\\\/logo\\\/image\\\/\",\"url\":\"https:\\\/\\\/cdn.bird.ca\\\/2025\\\/01\\\/20212041\\\/bird-logo-RGB-e1739411338652.png\",\"contentUrl\":\"https:\\\/\\\/cdn.bird.ca\\\/2025\\\/01\\\/20212041\\\/bird-logo-RGB-e1739411338652.png\",\"width\":865,\"height\":366,\"caption\":\"Bird Construction\"},\"image\":{\"@id\":\"https:\\\/\\\/www.bird.ca\\\/#\\\/schema\\\/logo\\\/image\\\/\"},\"sameAs\":[\"https:\\\/\\\/www.facebook.com\\\/people\\\/Bird-Construction-Inc\\\/100064108594609\\\/\",\"https:\\\/\\\/www.instagram.com\\\/birdconstructioninc\\\/\",\"https:\\\/\\\/ca.linkedin.com\\\/company\\\/bird-construction-inc\"]}]}<\/script>\n<!-- \/ Yoast SEO Premium plugin. -->","yoast_head_json":{"title":"Quality | Bird Construction","description":"Qualit\u00e9 Nous garantissons la qualit\u00e9 pour que votre projet soit ex\u00e9cut\u00e9 de mani\u00e8re rentable, efficace et s\u00fbre, conform\u00e9ment \u00e0 vos attentes.","robots":{"index":"index","follow":"follow","max-snippet":"max-snippet:-1","max-image-preview":"max-image-preview:large","max-video-preview":"max-video-preview:-1"},"canonical":"https:\/\/www.bird.ca\/fr\/ce-que-nous-faisons\/qualite\/","og_locale":"fr_CA","og_type":"article","og_title":"Quality | Bird Construction","og_description":"Bird Construction has been providing construction services to a long list of new and repeat clients since 1920.","og_url":"https:\/\/www.bird.ca\/fr\/ce-que-nous-faisons\/qualite\/","og_site_name":"Bird Construction","article_publisher":"https:\/\/www.facebook.com\/people\/Bird-Construction-Inc\/100064108594609\/","article_modified_time":"2025-06-17T19:03:25+00:00","og_image":[{"width":1500,"height":600,"url":"https:\/\/cdn.bird.ca\/2025\/05\/05171203\/Quality-Banner-1500x600-1.jpg","type":"image\/jpeg"}],"twitter_card":"summary_large_image","twitter_misc":{"Estimation du temps de lecture":"3 minutes"},"schema":{"@context":"https:\/\/schema.org","@graph":[{"@type":"WebPage","@id":"https:\/\/www.bird.ca\/what-we-do\/quality\/","url":"https:\/\/www.bird.ca\/what-we-do\/quality\/","name":"Quality | Bird Construction","isPartOf":{"@id":"https:\/\/www.bird.ca\/#website"},"primaryImageOfPage":{"@id":"https:\/\/www.bird.ca\/what-we-do\/quality\/#primaryimage"},"image":{"@id":"https:\/\/www.bird.ca\/what-we-do\/quality\/#primaryimage"},"thumbnailUrl":"https:\/\/cdn.bird.ca\/2025\/05\/05171203\/Quality-Banner-1500x600-1.jpg","datePublished":"2025-02-04T16:20:24+00:00","dateModified":"2025-06-17T19:03:25+00:00","description":"Qualit\u00e9 Nous garantissons la qualit\u00e9 pour que votre projet soit ex\u00e9cut\u00e9 de mani\u00e8re rentable, efficace et s\u00fbre, conform\u00e9ment \u00e0 vos attentes.","breadcrumb":{"@id":"https:\/\/www.bird.ca\/what-we-do\/quality\/#breadcrumb"},"inLanguage":"fr-CA","potentialAction":[{"@type":"ReadAction","target":["https:\/\/www.bird.ca\/what-we-do\/quality\/"]}]},{"@type":"ImageObject","inLanguage":"fr-CA","@id":"https:\/\/www.bird.ca\/what-we-do\/quality\/#primaryimage","url":"https:\/\/cdn.bird.ca\/2025\/05\/05171203\/Quality-Banner-1500x600-1.jpg","contentUrl":"https:\/\/cdn.bird.ca\/2025\/05\/05171203\/Quality-Banner-1500x600-1.jpg","width":1500,"height":600,"caption":"Three construction workers wearing safety gear and hard hats examine plans at a construction site, with concrete walls and building materials visible in the background."},{"@type":"BreadcrumbList","@id":"https:\/\/www.bird.ca\/what-we-do\/quality\/#breadcrumb","itemListElement":[{"@type":"ListItem","position":1,"name":"Home","item":"https:\/\/www.bird.ca\/"},{"@type":"ListItem","position":2,"name":"What We Do","item":"https:\/\/www.bird.ca\/what-we-do\/"},{"@type":"ListItem","position":3,"name":"Quality"}]},{"@type":"WebSite","@id":"https:\/\/www.bird.ca\/#website","url":"https:\/\/www.bird.ca\/","name":"Bird Construction","description":"","publisher":{"@id":"https:\/\/www.bird.ca\/#organization"},"potentialAction":[{"@type":"SearchAction","target":{"@type":"EntryPoint","urlTemplate":"https:\/\/www.bird.ca\/?s={search_term_string}"},"query-input":{"@type":"PropertyValueSpecification","valueRequired":true,"valueName":"search_term_string"}}],"inLanguage":"fr-CA"},{"@type":"Organization","@id":"https:\/\/www.bird.ca\/#organization","name":"Bird Construction","url":"https:\/\/www.bird.ca\/","logo":{"@type":"ImageObject","inLanguage":"fr-CA","@id":"https:\/\/www.bird.ca\/#\/schema\/logo\/image\/","url":"https:\/\/cdn.bird.ca\/2025\/01\/20212041\/bird-logo-RGB-e1739411338652.png","contentUrl":"https:\/\/cdn.bird.ca\/2025\/01\/20212041\/bird-logo-RGB-e1739411338652.png","width":865,"height":366,"caption":"Bird Construction"},"image":{"@id":"https:\/\/www.bird.ca\/#\/schema\/logo\/image\/"},"sameAs":["https:\/\/www.facebook.com\/people\/Bird-Construction-Inc\/100064108594609\/","https:\/\/www.instagram.com\/birdconstructioninc\/","https:\/\/ca.linkedin.com\/company\/bird-construction-inc"]}]}},"_links":{"self":[{"href":"https:\/\/www.bird.ca\/fr\/wp-json\/wp\/v2\/pages\/926","targetHints":{"allow":["GET"]}}],"collection":[{"href":"https:\/\/www.bird.ca\/fr\/wp-json\/wp\/v2\/pages"}],"about":[{"href":"https:\/\/www.bird.ca\/fr\/wp-json\/wp\/v2\/types\/page"}],"author":[{"embeddable":true,"href":"https:\/\/www.bird.ca\/fr\/wp-json\/wp\/v2\/users\/1"}],"replies":[{"embeddable":true,"href":"https:\/\/www.bird.ca\/fr\/wp-json\/wp\/v2\/comments?post=926"}],"version-history":[{"count":16,"href":"https:\/\/www.bird.ca\/fr\/wp-json\/wp\/v2\/pages\/926\/revisions"}],"predecessor-version":[{"id":9180,"href":"https:\/\/www.bird.ca\/fr\/wp-json\/wp\/v2\/pages\/926\/revisions\/9180"}],"up":[{"embeddable":true,"href":"https:\/\/www.bird.ca\/fr\/wp-json\/wp\/v2\/pages\/18"}],"wp:featuredmedia":[{"embeddable":true,"href":"https:\/\/www.bird.ca\/fr\/wp-json\/wp\/v2\/media\/7102"}],"wp:attachment":[{"href":"https:\/\/www.bird.ca\/fr\/wp-json\/wp\/v2\/media?parent=926"}],"curies":[{"name":"wp","href":"https:\/\/api.w.org\/{rel}","templated":true}]}}