{"id":928,"date":"2025-02-04T16:20:43","date_gmt":"2025-02-04T16:20:43","guid":{"rendered":"https:\/\/www.bird.ca\/?page_id=928"},"modified":"2025-06-17T19:03:25","modified_gmt":"2025-06-17T19:03:25","slug":"sauto-executer","status":"publish","type":"page","link":"https:\/\/www.bird.ca\/fr\/what-we-do\/self-perform\/","title":{"rendered":"Auto-ex\u00e9cution"},"content":{"rendered":"<div class=\"wp-block-create-block-hero-static\">\n\t<div class=\"hero-banner\">\n\t\t\t\t\t<img loading=\"lazy\" decoding=\"async\" width=\"2560\" height=\"600\" src=\"https:\/\/cdn.bird.ca\/2025\/02\/20211736\/calgary-library2-2600x600-banner-2560x600.jpg\" class=\"attachment-banner-size size-banner-size\" alt=\"Un int\u00e9rieur moderne et spacieux avec des escaliers en bois courbes, un plancher en bois et une sculpture de bison faite de plaques de m\u00e9tal au centre. Un \u00e9clairage doux et chaleureux met en valeur l&#039;architecture contemporaine.\" sizes=\"auto, 100vw\" srcset=\"https:\/\/cdn.bird.ca\/2025\/02\/20211736\/calgary-library2-2600x600-banner-2560x600.jpg 2560w, https:\/\/cdn.bird.ca\/2025\/02\/20211736\/calgary-library2-2600x600-banner-300x69.jpg 300w\" \/>\n\t\t\t\t\t\t\t<div class=\"hero-banner__overlay\"><\/div>\n\t\t\t\n\t\t\t\t\t\t\t<div class=\"hero-banner__content\">\n\t\t\t\t\t<h1 class=\"hero-banner__title\">Auto-ex\u00e9cution<\/h1>\n\t\t\t\t<\/div>\n\t\t\t\t\t\t<\/div>\n<\/div>\n\n\n<div style=\"height:100px\" aria-hidden=\"true\" class=\"wp-block-spacer is-style-entry-space\"><\/div>\n\n\n<div class=\"breadcrumb-block wp-block-create-block-breadcrumb-block\">\n\t\t\t\t\t<nav class=\"breadcrumb\" aria-label=\"Fil d&#039;Ariane\">\n\t\t\t<ol class=\"breadcrumb-list\">\n\t\t\t\t\t\t\t\t\t<li class=\"breadcrumb-item\"><a href=\"https:\/\/www.bird.ca\/fr\/\">Accueil<\/a><\/li>\t\t\t\t\t\t\t<\/ol>\n\t\t<\/nav>\n\t<\/div>\n\n\n<div style=\"height:30px\" aria-hidden=\"true\" class=\"wp-block-spacer\"><\/div>\n\n\n\n<div class=\"wp-block-group is-vertical is-layout-flex wp-container-core-group-is-layout-41fdfdc5 wp-block-group-is-layout-flex\">\n<h1 class=\"wp-block-heading has-text-align-left is-style-bird-h2\">Auto-ex\u00e9cution<\/h1>\n\n\n\n<div class=\"wp-block-columns gap: 100px; is-style-card-column is-layout-flex wp-container-core-columns-is-layout-28f84493 wp-block-columns-is-layout-flex\">\n<div class=\"wp-block-column is-vertically-aligned-stretch is-layout-flow wp-container-core-column-is-layout-0ab540ad wp-block-column-is-layout-flow\">\n<p>Votre projet b\u00e9n\u00e9ficiera d'un meilleur contr\u00f4le du calendrier, des co\u00fbts et de la qualit\u00e9 gr\u00e2ce \u00e0 notre capacit\u00e9 \u00e0 r\u00e9aliser nous-m\u00eames de nombreux travaux. Nous r\u00e9alisons nous-m\u00eames des travaux tels que le terrassement, le b\u00e9ton, la m\u00e9canique des proc\u00e9d\u00e9s, l'\u00e9lectricit\u00e9 et l'instrumentation, ainsi que la fabrication (modulaire de masse, modulaire sp\u00e9cialis\u00e9e, tuyaux, m\u00e9tal).<\/p>\n<\/div>\n\n\n\n<div class=\"wp-block-column is-layout-flow wp-block-column-is-layout-flow\" style=\"flex-basis:40%\">\n<figure class=\"wp-block-image size-full is-style-image-shadow-right\"><img loading=\"lazy\" decoding=\"async\" width=\"900\" height=\"900\" src=\"https:\/\/cdn.bird.ca\/2025\/02\/20211717\/winnipeg-sp-2.jpg\" alt=\"Un ouvrier de la construction portant un \u00e9quipement de s\u00e9curit\u00e9 et un casque se penche sur une structure en b\u00e9ton avec des barres d&#039;armature expos\u00e9es sur un chantier de construction.\" class=\"wp-image-1505\" style=\"aspect-ratio:1;object-fit:cover\" srcset=\"https:\/\/cdn.bird.ca\/2025\/02\/20211717\/winnipeg-sp-2.jpg 900w, https:\/\/cdn.bird.ca\/2025\/02\/20211717\/winnipeg-sp-2-300x300.jpg 300w, https:\/\/cdn.bird.ca\/2025\/02\/20211717\/winnipeg-sp-2-150x150.jpg 150w, https:\/\/cdn.bird.ca\/2025\/02\/20211717\/winnipeg-sp-2-768x768.jpg 768w\" sizes=\"auto, (max-width: 900px) 100vw, 900px\" \/><\/figure>\n<\/div>\n<\/div>\n<\/div>\n\n\n\n<div style=\"height:100px\" aria-hidden=\"true\" class=\"wp-block-spacer\"><\/div>","protected":false},"excerpt":{"rendered":"<p>Auto-ex\u00e9cution Votre projet b\u00e9n\u00e9ficiera d'un meilleur contr\u00f4le du calendrier, des co\u00fbts et de la qualit\u00e9 gr\u00e2ce \u00e0 notre capacit\u00e9 \u00e0 auto-ex\u00e9cuter de nombreux travaux. Nous r\u00e9alisons nous-m\u00eames des travaux tels que le terrassement, le b\u00e9ton, la m\u00e9canique des proc\u00e9d\u00e9s, l'\u00e9lectricit\u00e9 et l'instrumentation, ainsi que la fabrication (modulaire de masse, modulaire sp\u00e9cialis\u00e9e, tuyauterie, m\u00e9tal).<\/p>","protected":false},"author":1,"featured_media":1491,"parent":18,"menu_order":0,"comment_status":"closed","ping_status":"closed","template":"","meta":{"_acf_changed":false,"footnotes":""},"class_list":["post-928","page","type-page","status-publish","has-post-thumbnail","hentry"],"acf":[],"yoast_head":"<!-- This site is optimized with the Yoast SEO Premium plugin v24.6 (Yoast SEO v27.3) - https:\/\/yoast.com\/product\/yoast-seo-premium-wordpress\/ -->\n<title>Self-Perform | Bird Construction<\/title>\n<meta name=\"description\" content=\"Self-Perform Your project will benefit from better control of the schedule, costs, and quality through our ability to self-perform many of the trades\" \/>\n<meta name=\"robots\" content=\"index, follow, max-snippet:-1, max-image-preview:large, max-video-preview:-1\" \/>\n<link rel=\"canonical\" href=\"https:\/\/www.bird.ca\/fr\/ce-que-nous-faisons\/sauto-executer\/\" \/>\n<meta property=\"og:locale\" content=\"fr_CA\" \/>\n<meta property=\"og:type\" content=\"article\" \/>\n<meta property=\"og:title\" content=\"Self-Perform | Bird Construction\" \/>\n<meta property=\"og:description\" content=\"Bird Construction has been providing construction services to a long list of new and repeat clients since 1920.\" \/>\n<meta property=\"og:url\" content=\"https:\/\/www.bird.ca\/fr\/ce-que-nous-faisons\/sauto-executer\/\" \/>\n<meta property=\"og:site_name\" content=\"Bird Construction\" \/>\n<meta property=\"article:publisher\" content=\"https:\/\/www.facebook.com\/people\/Bird-Construction-Inc\/100064108594609\/\" \/>\n<meta property=\"article:modified_time\" content=\"2025-06-17T19:03:25+00:00\" \/>\n<meta property=\"og:image\" content=\"https:\/\/cdn.bird.ca\/2025\/02\/20211736\/calgary-library2-2600x600-banner-scaled.jpg\" \/>\n\t<meta property=\"og:image:width\" content=\"2560\" \/>\n\t<meta property=\"og:image:height\" content=\"591\" \/>\n\t<meta property=\"og:image:type\" content=\"image\/jpeg\" \/>\n<meta name=\"twitter:card\" content=\"summary_large_image\" \/>\n<meta name=\"twitter:label1\" content=\"Estimation du temps de lecture\" \/>\n\t<meta name=\"twitter:data1\" content=\"1 minute\" \/>\n<script type=\"application\/ld+json\" class=\"yoast-schema-graph\">{\"@context\":\"https:\\\/\\\/schema.org\",\"@graph\":[{\"@type\":\"WebPage\",\"@id\":\"https:\\\/\\\/www.bird.ca\\\/what-we-do\\\/self-perform\\\/\",\"url\":\"https:\\\/\\\/www.bird.ca\\\/what-we-do\\\/self-perform\\\/\",\"name\":\"Self-Perform | Bird Construction\",\"isPartOf\":{\"@id\":\"https:\\\/\\\/www.bird.ca\\\/#website\"},\"primaryImageOfPage\":{\"@id\":\"https:\\\/\\\/www.bird.ca\\\/what-we-do\\\/self-perform\\\/#primaryimage\"},\"image\":{\"@id\":\"https:\\\/\\\/www.bird.ca\\\/what-we-do\\\/self-perform\\\/#primaryimage\"},\"thumbnailUrl\":\"https:\\\/\\\/cdn.bird.ca\\\/2025\\\/02\\\/20211736\\\/calgary-library2-2600x600-banner-scaled.jpg\",\"datePublished\":\"2025-02-04T16:20:43+00:00\",\"dateModified\":\"2025-06-17T19:03:25+00:00\",\"description\":\"Self-Perform Your project will benefit from better control of the schedule, costs, and quality through our ability to self-perform many of the trades\",\"breadcrumb\":{\"@id\":\"https:\\\/\\\/www.bird.ca\\\/what-we-do\\\/self-perform\\\/#breadcrumb\"},\"inLanguage\":\"fr-CA\",\"potentialAction\":[{\"@type\":\"ReadAction\",\"target\":[\"https:\\\/\\\/www.bird.ca\\\/what-we-do\\\/self-perform\\\/\"]}]},{\"@type\":\"ImageObject\",\"inLanguage\":\"fr-CA\",\"@id\":\"https:\\\/\\\/www.bird.ca\\\/what-we-do\\\/self-perform\\\/#primaryimage\",\"url\":\"https:\\\/\\\/cdn.bird.ca\\\/2025\\\/02\\\/20211736\\\/calgary-library2-2600x600-banner-scaled.jpg\",\"contentUrl\":\"https:\\\/\\\/cdn.bird.ca\\\/2025\\\/02\\\/20211736\\\/calgary-library2-2600x600-banner-scaled.jpg\",\"width\":2560,\"height\":591,\"caption\":\"A modern, spacious interior with curving wooden staircases, a wooden floor, and a sculpture of a bison made from metal plates in the center. Soft, warm lighting enhances the contemporary architectural design.\"},{\"@type\":\"BreadcrumbList\",\"@id\":\"https:\\\/\\\/www.bird.ca\\\/what-we-do\\\/self-perform\\\/#breadcrumb\",\"itemListElement\":[{\"@type\":\"ListItem\",\"position\":1,\"name\":\"Home\",\"item\":\"https:\\\/\\\/www.bird.ca\\\/\"},{\"@type\":\"ListItem\",\"position\":2,\"name\":\"What We Do\",\"item\":\"https:\\\/\\\/www.bird.ca\\\/what-we-do\\\/\"},{\"@type\":\"ListItem\",\"position\":3,\"name\":\"Self-Perform\"}]},{\"@type\":\"WebSite\",\"@id\":\"https:\\\/\\\/www.bird.ca\\\/#website\",\"url\":\"https:\\\/\\\/www.bird.ca\\\/\",\"name\":\"Bird Construction\",\"description\":\"\",\"publisher\":{\"@id\":\"https:\\\/\\\/www.bird.ca\\\/#organization\"},\"potentialAction\":[{\"@type\":\"SearchAction\",\"target\":{\"@type\":\"EntryPoint\",\"urlTemplate\":\"https:\\\/\\\/www.bird.ca\\\/?s={search_term_string}\"},\"query-input\":{\"@type\":\"PropertyValueSpecification\",\"valueRequired\":true,\"valueName\":\"search_term_string\"}}],\"inLanguage\":\"fr-CA\"},{\"@type\":\"Organization\",\"@id\":\"https:\\\/\\\/www.bird.ca\\\/#organization\",\"name\":\"Bird Construction\",\"url\":\"https:\\\/\\\/www.bird.ca\\\/\",\"logo\":{\"@type\":\"ImageObject\",\"inLanguage\":\"fr-CA\",\"@id\":\"https:\\\/\\\/www.bird.ca\\\/#\\\/schema\\\/logo\\\/image\\\/\",\"url\":\"https:\\\/\\\/cdn.bird.ca\\\/2025\\\/01\\\/20212041\\\/bird-logo-RGB-e1739411338652.png\",\"contentUrl\":\"https:\\\/\\\/cdn.bird.ca\\\/2025\\\/01\\\/20212041\\\/bird-logo-RGB-e1739411338652.png\",\"width\":865,\"height\":366,\"caption\":\"Bird Construction\"},\"image\":{\"@id\":\"https:\\\/\\\/www.bird.ca\\\/#\\\/schema\\\/logo\\\/image\\\/\"},\"sameAs\":[\"https:\\\/\\\/www.facebook.com\\\/people\\\/Bird-Construction-Inc\\\/100064108594609\\\/\",\"https:\\\/\\\/www.instagram.com\\\/birdconstructioninc\\\/\",\"https:\\\/\\\/ca.linkedin.com\\\/company\\\/bird-construction-inc\"]}]}<\/script>\n<!-- \/ Yoast SEO Premium plugin. -->","yoast_head_json":{"title":"Construction d'oiseaux autoportants","description":"Auto-ex\u00e9cution Votre projet b\u00e9n\u00e9ficiera d'un meilleur contr\u00f4le du calendrier, des co\u00fbts et de la qualit\u00e9 gr\u00e2ce \u00e0 notre capacit\u00e9 d'auto-ex\u00e9cution de nombreux corps de m\u00e9tier.","robots":{"index":"index","follow":"follow","max-snippet":"max-snippet:-1","max-image-preview":"max-image-preview:large","max-video-preview":"max-video-preview:-1"},"canonical":"https:\/\/www.bird.ca\/fr\/ce-que-nous-faisons\/sauto-executer\/","og_locale":"fr_CA","og_type":"article","og_title":"Self-Perform | Bird Construction","og_description":"Bird Construction has been providing construction services to a long list of new and repeat clients since 1920.","og_url":"https:\/\/www.bird.ca\/fr\/ce-que-nous-faisons\/sauto-executer\/","og_site_name":"Bird Construction","article_publisher":"https:\/\/www.facebook.com\/people\/Bird-Construction-Inc\/100064108594609\/","article_modified_time":"2025-06-17T19:03:25+00:00","og_image":[{"width":2560,"height":591,"url":"https:\/\/cdn.bird.ca\/2025\/02\/20211736\/calgary-library2-2600x600-banner-scaled.jpg","type":"image\/jpeg"}],"twitter_card":"summary_large_image","twitter_misc":{"Estimation du temps de lecture":"1 minute"},"schema":{"@context":"https:\/\/schema.org","@graph":[{"@type":"WebPage","@id":"https:\/\/www.bird.ca\/what-we-do\/self-perform\/","url":"https:\/\/www.bird.ca\/what-we-do\/self-perform\/","name":"Construction d'oiseaux autoportants","isPartOf":{"@id":"https:\/\/www.bird.ca\/#website"},"primaryImageOfPage":{"@id":"https:\/\/www.bird.ca\/what-we-do\/self-perform\/#primaryimage"},"image":{"@id":"https:\/\/www.bird.ca\/what-we-do\/self-perform\/#primaryimage"},"thumbnailUrl":"https:\/\/cdn.bird.ca\/2025\/02\/20211736\/calgary-library2-2600x600-banner-scaled.jpg","datePublished":"2025-02-04T16:20:43+00:00","dateModified":"2025-06-17T19:03:25+00:00","description":"Auto-ex\u00e9cution Votre projet b\u00e9n\u00e9ficiera d'un meilleur contr\u00f4le du calendrier, des co\u00fbts et de la qualit\u00e9 gr\u00e2ce \u00e0 notre capacit\u00e9 d'auto-ex\u00e9cution de nombreux corps de m\u00e9tier.","breadcrumb":{"@id":"https:\/\/www.bird.ca\/what-we-do\/self-perform\/#breadcrumb"},"inLanguage":"fr-CA","potentialAction":[{"@type":"ReadAction","target":["https:\/\/www.bird.ca\/what-we-do\/self-perform\/"]}]},{"@type":"ImageObject","inLanguage":"fr-CA","@id":"https:\/\/www.bird.ca\/what-we-do\/self-perform\/#primaryimage","url":"https:\/\/cdn.bird.ca\/2025\/02\/20211736\/calgary-library2-2600x600-banner-scaled.jpg","contentUrl":"https:\/\/cdn.bird.ca\/2025\/02\/20211736\/calgary-library2-2600x600-banner-scaled.jpg","width":2560,"height":591,"caption":"A modern, spacious interior with curving wooden staircases, a wooden floor, and a sculpture of a bison made from metal plates in the center. Soft, warm lighting enhances the contemporary architectural design."},{"@type":"BreadcrumbList","@id":"https:\/\/www.bird.ca\/what-we-do\/self-perform\/#breadcrumb","itemListElement":[{"@type":"ListItem","position":1,"name":"Home","item":"https:\/\/www.bird.ca\/"},{"@type":"ListItem","position":2,"name":"What We Do","item":"https:\/\/www.bird.ca\/what-we-do\/"},{"@type":"ListItem","position":3,"name":"Self-Perform"}]},{"@type":"WebSite","@id":"https:\/\/www.bird.ca\/#website","url":"https:\/\/www.bird.ca\/","name":"Bird Construction","description":"","publisher":{"@id":"https:\/\/www.bird.ca\/#organization"},"potentialAction":[{"@type":"SearchAction","target":{"@type":"EntryPoint","urlTemplate":"https:\/\/www.bird.ca\/?s={search_term_string}"},"query-input":{"@type":"PropertyValueSpecification","valueRequired":true,"valueName":"search_term_string"}}],"inLanguage":"fr-CA"},{"@type":"Organization","@id":"https:\/\/www.bird.ca\/#organization","name":"Bird Construction","url":"https:\/\/www.bird.ca\/","logo":{"@type":"ImageObject","inLanguage":"fr-CA","@id":"https:\/\/www.bird.ca\/#\/schema\/logo\/image\/","url":"https:\/\/cdn.bird.ca\/2025\/01\/20212041\/bird-logo-RGB-e1739411338652.png","contentUrl":"https:\/\/cdn.bird.ca\/2025\/01\/20212041\/bird-logo-RGB-e1739411338652.png","width":865,"height":366,"caption":"Bird Construction"},"image":{"@id":"https:\/\/www.bird.ca\/#\/schema\/logo\/image\/"},"sameAs":["https:\/\/www.facebook.com\/people\/Bird-Construction-Inc\/100064108594609\/","https:\/\/www.instagram.com\/birdconstructioninc\/","https:\/\/ca.linkedin.com\/company\/bird-construction-inc"]}]}},"_links":{"self":[{"href":"https:\/\/www.bird.ca\/fr\/wp-json\/wp\/v2\/pages\/928","targetHints":{"allow":["GET"]}}],"collection":[{"href":"https:\/\/www.bird.ca\/fr\/wp-json\/wp\/v2\/pages"}],"about":[{"href":"https:\/\/www.bird.ca\/fr\/wp-json\/wp\/v2\/types\/page"}],"author":[{"embeddable":true,"href":"https:\/\/www.bird.ca\/fr\/wp-json\/wp\/v2\/users\/1"}],"replies":[{"embeddable":true,"href":"https:\/\/www.bird.ca\/fr\/wp-json\/wp\/v2\/comments?post=928"}],"version-history":[{"count":25,"href":"https:\/\/www.bird.ca\/fr\/wp-json\/wp\/v2\/pages\/928\/revisions"}],"predecessor-version":[{"id":9181,"href":"https:\/\/www.bird.ca\/fr\/wp-json\/wp\/v2\/pages\/928\/revisions\/9181"}],"up":[{"embeddable":true,"href":"https:\/\/www.bird.ca\/fr\/wp-json\/wp\/v2\/pages\/18"}],"wp:featuredmedia":[{"embeddable":true,"href":"https:\/\/www.bird.ca\/fr\/wp-json\/wp\/v2\/media\/1491"}],"wp:attachment":[{"href":"https:\/\/www.bird.ca\/fr\/wp-json\/wp\/v2\/media?parent=928"}],"curies":[{"name":"wp","href":"https:\/\/api.w.org\/{rel}","templated":true}]}}