{"id":9349,"date":"2025-08-21T17:20:32","date_gmt":"2025-08-21T17:20:32","guid":{"rendered":"https:\/\/www.bird.ca\/?page_id=9349"},"modified":"2025-08-21T17:20:34","modified_gmt":"2025-08-21T17:20:34","slug":"carte-de-partenariat","status":"publish","type":"page","link":"https:\/\/www.bird.ca\/fr\/partnership-map\/","title":{"rendered":"Carte de partenariat"},"content":{"rendered":"<div class=\"wp-block-group is-nowrap is-layout-flex wp-container-core-group-is-layout-6c531013 wp-block-group-is-layout-flex\">\n<h2 class=\"wp-block-heading is-style-number-item\" id=\"h-partnership-map\">Carte de partenariat<\/h2>\n\n\n\n<div style=\"height:100px;width:0px\" aria-hidden=\"true\" class=\"wp-block-spacer wp-container-content-6388d5dc\"><\/div>\n<\/div>\n\n\n\n<div style=\"height:45px\" aria-hidden=\"true\" class=\"wp-block-spacer\"><\/div>\n\n\n\n<div class=\"wp-block-columns has-border-color has-cyan-bluish-gray-border-color is-layout-flex wp-container-core-columns-is-layout-ec2e7a44 wp-block-columns-is-layout-flex\" style=\"border-width:1px;padding-top:0;padding-bottom:0\">\n<div class=\"wp-block-column is-layout-flow wp-block-column-is-layout-flow\" style=\"padding-top:var(--wp--preset--spacing--60);padding-right:var(--wp--preset--spacing--40);padding-bottom:var(--wp--preset--spacing--60);padding-left:var(--wp--preset--spacing--40);flex-basis:25%\">\n<details class=\"wp-block-details has-primary-color has-text-color has-link-color has-large-font-size wp-elements-510cd48c62a4c2211cd7031492cd2d11 is-layout-flow wp-block-details-is-layout-flow\"><summary>Colombie-Britannique<\/summary>\n<p>Salish de la c\u00f4te, Lkwungen, Malahat, Pacheedaht, Scia'new, T'Souke, WS\u00c1NE\u0106, Lheidli T'enneh, Tsleil-Waututh, Squamish, St\u00f3 :lo, Stz'uminus, Musqueam, Nlaka'pamux, Okanagan, Snuneymuxw, Semiahmoo, Kwantlen, Nooksack, Secw\u00e9pemc, Katzie, Tsawwassen, Hul'qumi'num Treaty Group, Tsimshian, Kitsumkalum, Lax Kw'Alaams, Gitxaa\u0142a, D\u00ebn\u00e9ndeh, Beaver, Secw\u00e9pemc, et la patrie des M\u00e9tis.<\/p>\n<\/details>\n\n\n\n<details class=\"wp-block-details has-primary-color has-text-color has-link-color has-large-font-size wp-elements-cf28fe72bb3ba993c3ad2f53caafb7c0 is-layout-flow wp-block-details-is-layout-flow\"><summary>Alberta<\/summary>\n<p>Cris, D\u00e9n\u00e9s, Sioux Stoney Nakota, Anishinaabe, Ojibwe, Pieds-Noirs, Conf\u00e9d\u00e9ration des Pieds-Noirs, Saulteux, Sioux, Danezaa, et le territoire des M\u00e9tis.<\/p>\n<\/details>\n\n\n\n<details class=\"wp-block-details has-primary-color has-text-color has-link-color has-large-font-size wp-elements-eaf100808421a045c68adbbada32c547 is-layout-flow wp-block-details-is-layout-flow\"><summary>Saskatchewan<\/summary>\n<p>Anishinabek, Swampy Cree, Cree, Ojibwe, Saulteaux, Dakota, Nakota, Lakota, Dene, et la patrie des M\u00e9tis.<\/p>\n<\/details>\n\n\n\n<details class=\"wp-block-details has-primary-color has-text-color has-link-color has-large-font-size wp-elements-7aa45c9017538234e19db108bb717eb9 is-layout-flow wp-block-details-is-layout-flow\"><summary>Manitoba<\/summary>\n<p>Anishinaabeg, Ininewuk, Anish-Ininewuk (Oji-Cree), Denesuline, Dakota Nations, Inuit et la patrie des M\u00e9tis.<\/p>\n<\/details>\n<\/div>\n\n\n\n<div class=\"wp-block-column is-layout-flow wp-block-column-is-layout-flow\" style=\"flex-basis:66.66%\">\n<figure class=\"wp-block-image size-full\"><img loading=\"lazy\" decoding=\"async\" width=\"868\" height=\"559\" src=\"https:\/\/cdn.bird.ca\/2025\/08\/19214514\/Partnerships.png\" alt=\"Carte du Canada montrant les emplacements des accords commerciaux autochtones officiels, marqu\u00e9s par des points de couleur et les logos des partenaires. La l\u00e9gende indique les types d&#039;entreprises : communautaires, incorpor\u00e9es, priv\u00e9es et autres accords.\" class=\"wp-image-9443\" srcset=\"https:\/\/cdn.bird.ca\/2025\/08\/19214514\/Partnerships.png 868w, https:\/\/cdn.bird.ca\/2025\/08\/19214514\/Partnerships-300x193.png 300w, https:\/\/cdn.bird.ca\/2025\/08\/19214514\/Partnerships-768x495.png 768w, https:\/\/cdn.bird.ca\/2025\/08\/19214514\/Partnerships-18x12.png 18w\" sizes=\"auto, (max-width: 868px) 100vw, 868px\" \/><\/figure>\n<\/div>\n<\/div>\n\n\n\n<p><\/p>","protected":false},"excerpt":{"rendered":"<p>Carte de partenariat<\/p>","protected":false},"author":2,"featured_media":0,"parent":0,"menu_order":0,"comment_status":"closed","ping_status":"closed","template":"","meta":{"_acf_changed":false,"footnotes":""},"class_list":["post-9349","page","type-page","status-publish","hentry"],"acf":[],"yoast_head":"<!-- This site is optimized with the Yoast SEO Premium plugin v24.6 (Yoast SEO v27.3) - https:\/\/yoast.com\/product\/yoast-seo-premium-wordpress\/ -->\n<title>Partnership Map | Bird Construction<\/title>\n<meta name=\"description\" content=\"Partnership Map British Columbia Coast Salish, Lkwungen, Malahat, Pacheedaht, Scia\u2019new, T\u2019Souke,\u00a0 WS\u00c1NE\u0106, Lheidli T\u2019enneh, Tsleil-Waututh, Squamish,\" \/>\n<meta name=\"robots\" content=\"index, follow, max-snippet:-1, max-image-preview:large, max-video-preview:-1\" \/>\n<link rel=\"canonical\" href=\"https:\/\/www.bird.ca\/fr\/carte-de-partenariat\/\" \/>\n<meta property=\"og:locale\" content=\"fr_CA\" \/>\n<meta property=\"og:type\" content=\"article\" \/>\n<meta property=\"og:title\" content=\"Partnership Map | Bird Construction\" \/>\n<meta property=\"og:description\" content=\"Bird Construction has been providing construction services to a long list of new and repeat clients since 1920.\" \/>\n<meta property=\"og:url\" content=\"https:\/\/www.bird.ca\/fr\/carte-de-partenariat\/\" \/>\n<meta property=\"og:site_name\" content=\"Bird Construction\" \/>\n<meta property=\"article:publisher\" content=\"https:\/\/www.facebook.com\/people\/Bird-Construction-Inc\/100064108594609\/\" \/>\n<meta property=\"article:modified_time\" content=\"2025-08-21T17:20:34+00:00\" \/>\n<meta property=\"og:image\" content=\"https:\/\/www.bird.ca\/wp-content\/uploads\/2025\/08\/Partnerships.png\" \/>\n<meta name=\"twitter:card\" content=\"summary_large_image\" \/>\n<meta name=\"twitter:label1\" content=\"Estimation du temps de lecture\" \/>\n\t<meta name=\"twitter:data1\" content=\"1 minute\" \/>\n<script type=\"application\/ld+json\" class=\"yoast-schema-graph\">{\"@context\":\"https:\\\/\\\/schema.org\",\"@graph\":[{\"@type\":\"WebPage\",\"@id\":\"https:\\\/\\\/www.bird.ca\\\/partnership-map\\\/\",\"url\":\"https:\\\/\\\/www.bird.ca\\\/partnership-map\\\/\",\"name\":\"Partnership Map | Bird Construction\",\"isPartOf\":{\"@id\":\"https:\\\/\\\/www.bird.ca\\\/#website\"},\"primaryImageOfPage\":{\"@id\":\"https:\\\/\\\/www.bird.ca\\\/partnership-map\\\/#primaryimage\"},\"image\":{\"@id\":\"https:\\\/\\\/www.bird.ca\\\/partnership-map\\\/#primaryimage\"},\"thumbnailUrl\":\"https:\\\/\\\/www.bird.ca\\\/wp-content\\\/uploads\\\/2025\\\/08\\\/Partnerships.png\",\"datePublished\":\"2025-08-21T17:20:32+00:00\",\"dateModified\":\"2025-08-21T17:20:34+00:00\",\"description\":\"Partnership Map British Columbia Coast Salish, Lkwungen, Malahat, Pacheedaht, Scia\u2019new, T\u2019Souke,\u00a0 WS\u00c1NE\u0106, Lheidli T\u2019enneh, Tsleil-Waututh, Squamish,\",\"breadcrumb\":{\"@id\":\"https:\\\/\\\/www.bird.ca\\\/partnership-map\\\/#breadcrumb\"},\"inLanguage\":\"fr-CA\",\"potentialAction\":[{\"@type\":\"ReadAction\",\"target\":[\"https:\\\/\\\/www.bird.ca\\\/partnership-map\\\/\"]}]},{\"@type\":\"ImageObject\",\"inLanguage\":\"fr-CA\",\"@id\":\"https:\\\/\\\/www.bird.ca\\\/partnership-map\\\/#primaryimage\",\"url\":\"https:\\\/\\\/www.bird.ca\\\/wp-content\\\/uploads\\\/2025\\\/08\\\/Partnerships.png\",\"contentUrl\":\"https:\\\/\\\/www.bird.ca\\\/wp-content\\\/uploads\\\/2025\\\/08\\\/Partnerships.png\"},{\"@type\":\"BreadcrumbList\",\"@id\":\"https:\\\/\\\/www.bird.ca\\\/partnership-map\\\/#breadcrumb\",\"itemListElement\":[{\"@type\":\"ListItem\",\"position\":1,\"name\":\"Home\",\"item\":\"https:\\\/\\\/www.bird.ca\\\/\"},{\"@type\":\"ListItem\",\"position\":2,\"name\":\"Partnership Map\"}]},{\"@type\":\"WebSite\",\"@id\":\"https:\\\/\\\/www.bird.ca\\\/#website\",\"url\":\"https:\\\/\\\/www.bird.ca\\\/\",\"name\":\"Bird Construction\",\"description\":\"\",\"publisher\":{\"@id\":\"https:\\\/\\\/www.bird.ca\\\/#organization\"},\"potentialAction\":[{\"@type\":\"SearchAction\",\"target\":{\"@type\":\"EntryPoint\",\"urlTemplate\":\"https:\\\/\\\/www.bird.ca\\\/?s={search_term_string}\"},\"query-input\":{\"@type\":\"PropertyValueSpecification\",\"valueRequired\":true,\"valueName\":\"search_term_string\"}}],\"inLanguage\":\"fr-CA\"},{\"@type\":\"Organization\",\"@id\":\"https:\\\/\\\/www.bird.ca\\\/#organization\",\"name\":\"Bird Construction\",\"url\":\"https:\\\/\\\/www.bird.ca\\\/\",\"logo\":{\"@type\":\"ImageObject\",\"inLanguage\":\"fr-CA\",\"@id\":\"https:\\\/\\\/www.bird.ca\\\/#\\\/schema\\\/logo\\\/image\\\/\",\"url\":\"https:\\\/\\\/cdn.bird.ca\\\/2025\\\/01\\\/20212041\\\/bird-logo-RGB-e1739411338652.png\",\"contentUrl\":\"https:\\\/\\\/cdn.bird.ca\\\/2025\\\/01\\\/20212041\\\/bird-logo-RGB-e1739411338652.png\",\"width\":865,\"height\":366,\"caption\":\"Bird Construction\"},\"image\":{\"@id\":\"https:\\\/\\\/www.bird.ca\\\/#\\\/schema\\\/logo\\\/image\\\/\"},\"sameAs\":[\"https:\\\/\\\/www.facebook.com\\\/people\\\/Bird-Construction-Inc\\\/100064108594609\\\/\",\"https:\\\/\\\/www.instagram.com\\\/birdconstructioninc\\\/\",\"https:\\\/\\\/ca.linkedin.com\\\/company\\\/bird-construction-inc\"]}]}<\/script>\n<!-- \/ Yoast SEO Premium plugin. -->","yoast_head_json":{"title":"Carte de partenariat | Bird Construction","description":"Carte du partenariat Colombie-Britannique Coast Salish, Lkwungen, Malahat, Pacheedaht, Scia'new, T'Souke, WS\u00c1NE\u0106, Lheidli T'enneh, Tsleil-Waututh, Squamish,","robots":{"index":"index","follow":"follow","max-snippet":"max-snippet:-1","max-image-preview":"max-image-preview:large","max-video-preview":"max-video-preview:-1"},"canonical":"https:\/\/www.bird.ca\/fr\/carte-de-partenariat\/","og_locale":"fr_CA","og_type":"article","og_title":"Partnership Map | Bird Construction","og_description":"Bird Construction has been providing construction services to a long list of new and repeat clients since 1920.","og_url":"https:\/\/www.bird.ca\/fr\/carte-de-partenariat\/","og_site_name":"Bird Construction","article_publisher":"https:\/\/www.facebook.com\/people\/Bird-Construction-Inc\/100064108594609\/","article_modified_time":"2025-08-21T17:20:34+00:00","og_image":[{"url":"https:\/\/www.bird.ca\/wp-content\/uploads\/2025\/08\/Partnerships.png","type":"","width":"","height":""}],"twitter_card":"summary_large_image","twitter_misc":{"Estimation du temps de lecture":"1 minute"},"schema":{"@context":"https:\/\/schema.org","@graph":[{"@type":"WebPage","@id":"https:\/\/www.bird.ca\/partnership-map\/","url":"https:\/\/www.bird.ca\/partnership-map\/","name":"Carte de partenariat | Bird Construction","isPartOf":{"@id":"https:\/\/www.bird.ca\/#website"},"primaryImageOfPage":{"@id":"https:\/\/www.bird.ca\/partnership-map\/#primaryimage"},"image":{"@id":"https:\/\/www.bird.ca\/partnership-map\/#primaryimage"},"thumbnailUrl":"https:\/\/www.bird.ca\/wp-content\/uploads\/2025\/08\/Partnerships.png","datePublished":"2025-08-21T17:20:32+00:00","dateModified":"2025-08-21T17:20:34+00:00","description":"Carte du partenariat Colombie-Britannique Coast Salish, Lkwungen, Malahat, Pacheedaht, Scia'new, T'Souke, WS\u00c1NE\u0106, Lheidli T'enneh, Tsleil-Waututh, Squamish,","breadcrumb":{"@id":"https:\/\/www.bird.ca\/partnership-map\/#breadcrumb"},"inLanguage":"fr-CA","potentialAction":[{"@type":"ReadAction","target":["https:\/\/www.bird.ca\/partnership-map\/"]}]},{"@type":"ImageObject","inLanguage":"fr-CA","@id":"https:\/\/www.bird.ca\/partnership-map\/#primaryimage","url":"https:\/\/www.bird.ca\/wp-content\/uploads\/2025\/08\/Partnerships.png","contentUrl":"https:\/\/www.bird.ca\/wp-content\/uploads\/2025\/08\/Partnerships.png"},{"@type":"BreadcrumbList","@id":"https:\/\/www.bird.ca\/partnership-map\/#breadcrumb","itemListElement":[{"@type":"ListItem","position":1,"name":"Home","item":"https:\/\/www.bird.ca\/"},{"@type":"ListItem","position":2,"name":"Partnership Map"}]},{"@type":"WebSite","@id":"https:\/\/www.bird.ca\/#website","url":"https:\/\/www.bird.ca\/","name":"Bird Construction","description":"","publisher":{"@id":"https:\/\/www.bird.ca\/#organization"},"potentialAction":[{"@type":"SearchAction","target":{"@type":"EntryPoint","urlTemplate":"https:\/\/www.bird.ca\/?s={search_term_string}"},"query-input":{"@type":"PropertyValueSpecification","valueRequired":true,"valueName":"search_term_string"}}],"inLanguage":"fr-CA"},{"@type":"Organization","@id":"https:\/\/www.bird.ca\/#organization","name":"Bird Construction","url":"https:\/\/www.bird.ca\/","logo":{"@type":"ImageObject","inLanguage":"fr-CA","@id":"https:\/\/www.bird.ca\/#\/schema\/logo\/image\/","url":"https:\/\/cdn.bird.ca\/2025\/01\/20212041\/bird-logo-RGB-e1739411338652.png","contentUrl":"https:\/\/cdn.bird.ca\/2025\/01\/20212041\/bird-logo-RGB-e1739411338652.png","width":865,"height":366,"caption":"Bird Construction"},"image":{"@id":"https:\/\/www.bird.ca\/#\/schema\/logo\/image\/"},"sameAs":["https:\/\/www.facebook.com\/people\/Bird-Construction-Inc\/100064108594609\/","https:\/\/www.instagram.com\/birdconstructioninc\/","https:\/\/ca.linkedin.com\/company\/bird-construction-inc"]}]}},"_links":{"self":[{"href":"https:\/\/www.bird.ca\/fr\/wp-json\/wp\/v2\/pages\/9349","targetHints":{"allow":["GET"]}}],"collection":[{"href":"https:\/\/www.bird.ca\/fr\/wp-json\/wp\/v2\/pages"}],"about":[{"href":"https:\/\/www.bird.ca\/fr\/wp-json\/wp\/v2\/types\/page"}],"author":[{"embeddable":true,"href":"https:\/\/www.bird.ca\/fr\/wp-json\/wp\/v2\/users\/2"}],"replies":[{"embeddable":true,"href":"https:\/\/www.bird.ca\/fr\/wp-json\/wp\/v2\/comments?post=9349"}],"version-history":[{"count":11,"href":"https:\/\/www.bird.ca\/fr\/wp-json\/wp\/v2\/pages\/9349\/revisions"}],"predecessor-version":[{"id":9681,"href":"https:\/\/www.bird.ca\/fr\/wp-json\/wp\/v2\/pages\/9349\/revisions\/9681"}],"wp:attachment":[{"href":"https:\/\/www.bird.ca\/fr\/wp-json\/wp\/v2\/media?parent=9349"}],"curies":[{"name":"wp","href":"https:\/\/api.w.org\/{rel}","templated":true}]}}